{"id":1518,"date":"2023-02-20T11:59:02","date_gmt":"2023-02-20T11:59:02","guid":{"rendered":"https:\/\/reciclajesmoa.com\/?page_id=1518"},"modified":"2024-03-21T10:04:44","modified_gmt":"2024-03-21T10:04:44","slug":"aviso-legal-politica-de-privacidad","status":"publish","type":"page","link":"https:\/\/reciclajesmoa.com\/ca\/aviso-legal-politica-de-privacidad\/","title":{"rendered":"Av\u00eds legal \u2013 Pol\u00edtica de privadesa"},"content":{"rendered":"<div class=\"wpb-content-wrapper\"><div class=\"vc_row wpb_row vc_row-fluid\"><div class=\"wpb_column vc_column_container vc_col-sm-12\"><div class=\"vc_column-inner\"><div class=\"wpb_wrapper\"><div class=\"vc_empty_space\"   style=\"height: 62px\"><span class=\"vc_empty_space_inner\"><\/span><\/div>\n\t<div class=\"wpb_text_column wpb_content_element\" >\n\t\t<div class=\"wpb_wrapper\">\n\t\t\t<p><strong>RESPONSABLE DEL TRACTAMENT DE LES DADES<\/strong><\/p>\n<p>En compliment del deure informaci\u00f3 que estableix la Llei La 34\/2002, d&#039;11 de juliol, de Serveis de la Societat de la Informaci\u00f3 i del Comer\u00e7 Electr\u00f2nic, us comuniquem que aquesta web \u00e9s titularitat de:<\/p>\n<p>Denominaci\u00f3 Social:\u00a0<strong>RECICLATGES MOA SLU<\/strong><strong>\u00a0<\/strong>\u00a0(D&#039;ara endavant El Responsable)<\/p>\n<p>CIF \/ NIF:\u00a0<strong>B66080565<\/strong><\/p>\n<p>Domicili Social:\u00a0<strong>AVDA\/ TORRE D&#039;EN MATEU, 86 BARBER\u00c0 DEL VALL\u00c9S (BARCELONA)<\/strong><\/p>\n<p>Tel\u00e8fons: <strong>937197971<\/strong><\/p>\n<p>e-Mail: <strong>info@reciclajesmoa.com<\/strong><\/p>\n<p>Nom de dominis:\u00a0<strong>reciclajesmoa.com\u00a0<\/strong>(D&#039;ara endavant El lloc web)<\/p>\n<p>&nbsp;<\/p>\n<p><strong>OBJECTE<\/strong><\/p>\n<p>El Responsable posa a disposici\u00f3 dels usuaris aquest document amb qu\u00e8 pret\u00e9n donar compliment del que disposa la normativa vigent en mat\u00e8ria de protecci\u00f3 de dades, i en el context del nou marc normatiu establert en virtut del que disposa el Reglament (UE ) 2016\/679 del Parlament Europeu i del Consell, de 27 d&#039;abril de 2016, relatiu a la protecci\u00f3 de les persones f\u00edsiques pel que fa al tractament de dades personals ia la lliure circulaci\u00f3 d&#039;aquestes dades (d&#039;ara endavant, el \u201cRGPD\u201d ), i la normativa nacional en mat\u00e8ria de protecci\u00f3 de dades de car\u00e0cter personal, aix\u00ed com informar tots els usuaris del lloc web respecte a quines s\u00f3n les condicions d&#039;\u00fas del mateix.<\/p>\n<p>Tota persona que accedeixi a aquest lloc web assumeix el paper d&#039;usuari, comprometent-se a l&#039;observan\u00e7a i el compliment rigor\u00f3s de les disposicions aqu\u00ed disposades, aix\u00ed com a qualsevol altra disposici\u00f3 legal que sigui aplicable.<\/p>\n<p>El Responsable es reserva el dret a modificar qualsevol tipus d&#039;informaci\u00f3 que pogu\u00e9s apar\u00e8ixer al lloc web, sense que hi hagi obligaci\u00f3 de preavisar o posar en coneixement dels usuaris aquestes obligacions, entenent-se com a suficient amb la publicaci\u00f3 al lloc web del Responsable.<\/p>\n<p><strong>\u00a0<\/strong><\/p>\n<p><strong>RESPONSABILITAT<\/strong><\/p>\n<p>El Responsable s&#039;eximeix de qualsevol tipus de responsabilitat derivada de la informaci\u00f3 publicada al vostre lloc web, sempre que aquesta informaci\u00f3 hagi estat manipulada o introdu\u00efda per un tercer ali\u00e8 al mateix.<\/p>\n<p><strong>ADRECES IP<\/strong><\/p>\n<p>Els servidors del lloc web podran detectar autom\u00e0ticament l&#039;adre\u00e7a IP i el nom de domini utilitzats per l&#039;usuari.<\/p>\n<p>Una adre\u00e7a IP \u00e9s un n\u00famero assignat autom\u00e0ticament a un ordinador quan aquest es connecta a Internet. Tota aquesta informaci\u00f3 \u00e9s registrada en un fitxer d&#039;activitat del servidor, degudament inscrit, que permet el processament posterior de les dades per tal d&#039;obtenir mesures \u00fanicament estad\u00edstiques que permetin con\u00e8ixer el nombre d&#039;impressions de p\u00e0gines, el nombre de visites realitzades als servidors web, ordre de visites, punt d&#039;acc\u00e9s, etc.<\/p>\n<p><strong>\u00a0<\/strong><\/p>\n<p><strong>POL\u00cdTICA D&#039;ENLLA\u00c7OS<\/strong><\/p>\n<p>Des del present lloc web \u00e9s possible que es redirigeixi a continguts de tercers llocs web. At\u00e8s que El Responsable no pot controlar sempre els continguts introdu\u00efts pels tercers als seus llocs web, aquest no assumeix cap mena de responsabilitat respecte a aquests continguts. En tot cas, El Responsable manifesta que procedir\u00e0 a la retirada immediata de qualsevol contingut que pogu\u00e9s contravenir la legislaci\u00f3 nacional o internacional, la moral o l&#039;ordre p\u00fablic, procedint a la retirada immediata de la redirecci\u00f3 a aquest lloc web, posant en coneixement de les autoritats competents el contingut en q\u00fcesti\u00f3.<\/p>\n<p>El Responsable no es fa responsable de la informaci\u00f3 i continguts emmagatzemats, a t\u00edtol enunciatiu per\u00f2 no limitatiu, en f\u00f2rums, xats, generadors de blocs, comentaris, xarxes socials o qualsevol altre mitj\u00e0 que permeti a tercers publicar continguts de forma independent a la p\u00e0gina web del Responsable. No obstant aix\u00f2 i en compliment del que disposa l&#039;art. 11 i 16 de la LSSICE, El Responsable es posa a disposici\u00f3 de tots els usuaris, autoritats i forces de seguretat, col\u00b7laborant de forma activa en la retirada o si \u00e9s el cas bloqueig de tots aquells continguts que poguessin afectar o contravenir la legislaci\u00f3 nacional, o internacional, drets de tercers o la moral i lordre p\u00fablic. En cas que l&#039;usuari consideri que hi ha al lloc web algun contingut que pogu\u00e9s ser susceptible d&#039;aquesta classificaci\u00f3, es prega que ho notifiqui de manera immediata a l&#039;administrador del lloc web.<\/p>\n<p>Aquest lloc web ha estat revisat i provat perqu\u00e8 funcioni correctament. En principi, es pot garantir el funcionament correcte els 365 dies de l&#039;any, 24 hores al dia. Tot i aix\u00f2, El Responsable no descarta la possibilitat que hi hagi certs errors de programaci\u00f3, o que esdevinguin causes de for\u00e7a major, cat\u00e0strofes naturals, vagues, o circumst\u00e0ncies semblants que facin impossible l&#039;acc\u00e9s a la p\u00e0gina web.<\/p>\n<p><strong>\u00a0<\/strong><\/p>\n<p><strong>PROTECCI\u00d3 DE DADES<\/strong><\/p>\n<p>El Responsable es troba profundament comprom\u00e8s en el compliment del que disposa la normativa vigent en mat\u00e8ria de protecci\u00f3 de dades, i en el context del nou marc normatiu establert en virtut del que disposa el Reglament (UE) 2016\/679 del Parlament Europeu i del Consell, de 27 d&#039;abril de 2016, relatiu a la protecci\u00f3 de les persones f\u00edsiques pel que fa al tractament de dades personals ia la lliure circulaci\u00f3 d&#039;aquestes dades (d&#039;ara endavant, el RGPD), i la normativa nacional en mat\u00e8ria de protecci\u00f3 de dades de car\u00e0cter personal.<\/p>\n<p>Aix\u00ed mateix, El Responsable informa que d\u00f3na compliment a la Llei 34\/2002 d&#039;11 de juliol, de Serveis de la Societat de la Informaci\u00f3 i el Comer\u00e7 Electr\u00f2nic i us sol\u00b7licitar\u00e0 el consentiment al tractament de les vostres dades amb fins comercials en cada moment.<\/p>\n<p><strong>\u00a0<\/strong><\/p>\n<p><strong>PROPIETAT INTEL\u00b7LECTUAL I INDUSTRIAL<\/strong><\/p>\n<p>El lloc web, incloent-hi a t\u00edtol enunciatiu per\u00f2 no limitatiu la seva programaci\u00f3, edici\u00f3, compilaci\u00f3 i altres elements necessaris per al seu funcionament, els dissenys, logotips, text i\/o gr\u00e0fics s\u00f3n propietat del Responsable o si escau disposa de llic\u00e8ncia o autoritzaci\u00f3 expressa per part dels autors.<\/p>\n<p>Tots els continguts del lloc web estan degudament protegits per la normativa de propietat intel\u00b7lectual i industrial.<\/p>\n<p>Independentment de la finalitat per a la qual fossin destinats, la reproducci\u00f3 total o parcial, \u00fas, explotaci\u00f3, distribuci\u00f3 i comercialitzaci\u00f3 requereix en tot cas l&#039;autoritzaci\u00f3 escrita pr\u00e8via per part del Responsable. Qualsevol \u00fas no autoritzat pr\u00e8viament per part del responsable ser\u00e0 considerat un incompliment greu dels drets de propietat intel\u00b7lectual o industrial de l&#039;autor.<\/p>\n<p>Els dissenys, logotips, text i\/o gr\u00e0fics aliens al prestador i que poguessin apar\u00e8ixer al lloc web, pertanyen als seus respectius propietaris, sent ells mateixos responsables de qualsevol possible controv\u00e8rsia que pogu\u00e9s suscitar-se respecte a aquests. En tot cas, El Responsable compta amb lautoritzaci\u00f3 expressa i pr\u00e8via per part dels mateixos.<\/p>\n<p>El Responsable autoritza expressament que tercers puguin redirigir directament als continguts concrets del lloc web, i en tot cas ha de redirigir a la p\u00e0gina principal del lloc web del Responsable.<\/p>\n<p>El Responsable reconeix a favor dels seus titulars els corresponents drets de propietat intel\u00b7lectual i industrial, no implicant la seva sola menci\u00f3 o aparici\u00f3 al lloc web l&#039;exist\u00e8ncia de drets o responsabilitat del Responsable sobre aquests, com tampoc el suport, patrocini o recomanaci\u00f3 per la seva part.<\/p>\n<p>Per a totes aquelles imatges en qu\u00e8 el programari de disseny ho permet, s&#039;han incl\u00f2s les refer\u00e8ncies corresponents a l&#039;autoria i la llic\u00e8ncia corresponent.<\/p>\n<p>Per realitzar qualsevol tipus d&#039;observaci\u00f3 respecte a possibles incompliments dels drets de propietat intel\u00b7lectual o industrial, aix\u00ed com sobre qualsevol dels continguts del lloc web, podeu fer-ho a trav\u00e9s del correu electr\u00f2nic seg\u00fcent: info@reciclajesmoa.com<\/p>\n<p>&nbsp;<\/p>\n<p><strong>POL\u00cdTICA DE PRIVACITAT<\/strong><\/p>\n<p><strong>1.- Informaci\u00f3 a l&#039;Usuari<\/strong><\/p>\n<p><strong>RECICLATGES MOA SLU<\/strong> informa els usuaris del lloc web sobre la seva pol\u00edtica respecte del tractament i protecci\u00f3 de les dades de car\u00e0cter personal dels usuaris i clients que puguin ser demanats per la navegaci\u00f3 a trav\u00e9s del seu lloc web.<\/p>\n<p><strong>RECICLATGES MOA SLU<\/strong> \u00e9s el Responsable del tractament de les dades personals de l&#039;Usuari, per la qual cosa se us facilita la informaci\u00f3 seg\u00fcent referent al tractament de les vostres dades:<\/p>\n<p><strong>Criteris de conservaci\u00f3 de les dades:<\/strong>\u00a0Les dades personals proporcionades es conservaran fins que no se sol\u00b7liciti la suspensi\u00f3 per part de l&#039;interessat, exercint els seus drets sobre les dades, i en qualsevol cas en compliment de terminis legals de prescripci\u00f3 que li siguin aplicables.<\/p>\n<p><strong>Drets dels interessats:<\/strong><\/p>\n<ul>\n<li>Dret a retirar el consentiment en qualsevol moment.<\/li>\n<li>Dret d&#039;acc\u00e9s, rectificaci\u00f3, supressi\u00f3, portabilitat de les vostres dades ia la limitaci\u00f3 o oposici\u00f3 del vostre tractament, aix\u00ed com no ser objecte de decisions individuals automatitzades.<\/li>\n<\/ul>\n<p>Dades de contacte per exercir els seus drets:<\/p>\n<p>S&#039;ha d&#039;identificar degudament i sol\u00b7licitar clarament el dret d&#039;exercir.<\/p>\n<ul>\n<li><strong>Adre\u00e7a postal: RECICLATGES MOA SLU, AVDA\/ TORRE D&#039;EN MATEU, 86 BARBER\u00c0 DEL VALL\u00c9S (BARCELONA)<\/strong><\/li>\n<li><strong>Adre\u00e7a electr\u00f2nica: info@reciclajesmoa.com<\/strong><\/li>\n<\/ul>\n<p><strong>2.- Informaci\u00f3 facilitada per l&#039;usuari<\/strong><\/p>\n<p>Si sou menors de 18 anys no est\u00e0 perm\u00e8s l&#039;\u00fas de formularis a la nostra web.<\/p>\n<p>Els Usuaris, introduint les seves dades als formularis de contacte o presentats en formularis de desc\u00e0rrega, accepten expressament i de forma lliure i inequ\u00edvoca, que les seves dades s\u00f3n necess\u00e0ries per atendre la seva petici\u00f3, per part del Responsable, sent volunt\u00e0ria la inclusi\u00f3 de dades als camps restants.<\/p>\n<p>L&#039;Usuari garanteix que les dades personals facilitades s\u00f3n veraces i es fa responsable de comunicar-ne qualsevol modificaci\u00f3.<\/p>\n<p>Totes les dades sol\u00b7licitades a trav\u00e9s del lloc web s\u00f3n necess\u00e0ries per prestar un servei \u00f2ptim a l&#039;Usuari. En cas que no siguin facilitades totes les dades, no es garanteix que la informaci\u00f3 i els serveis que El Responsable li faciliti, siguin completament ajustats a les seves necessitats.<\/p>\n<ol start=\"3\">\n<li><strong>Mesures de seguretat<\/strong><\/li>\n<\/ol>\n<p>Que de conformitat amb el que disposen les normatives vigents en mat\u00e8ria de protecci\u00f3 de dades personals, El Responsable est\u00e0 complint amb totes les disposicions de les normatives RGPD i LOPD per al tractament de les dades personals de la seva responsabilitat, les quals s\u00f3n tractades de manera l\u00edcita , lleial i transparent en relaci\u00f3 amb linteressat i adequats, pertinents i limitats al necessari en relaci\u00f3 amb els fins per als quals s\u00f3n tractats.<\/p>\n<p>El Responsable garanteix que ha implementat pol\u00edtiques t\u00e8cniques i organitzatives apropiades per aplicar les mesures de seguretat que estableixen el RGPD i la LOPD per tal de protegir els drets i les llibertats dels Usuaris i els ha comunicat la informaci\u00f3 adequada perqu\u00e8 puguin exercir-los.<\/p>\n<ol start=\"4\">\n<li><strong>Bretxes de Seguretat<\/strong><\/li>\n<\/ol>\n<p>El Responsable informar\u00e0 sobre qualsevol bretxa de seguretat que afecti la base de dades que utilitza aquest lloc web, o que afecti qualsevol dels nostres serveis de tercers, totes i cadascuna de les persones, dades de les quals puguin haver estat afectades, i autoritats, dins de les 72 hores seg\u00fcents a la detecci\u00f3 de la bretxa.<\/p>\n<p><strong>\u00a0<\/strong><\/p>\n<p><strong>LEGISLACI\u00d3 APLICABLE I JURISDICCI\u00d3<\/strong><\/p>\n<p>Per a la resoluci\u00f3 de totes les controv\u00e8rsies o q\u00fcestions relacionades amb el present lloc web o de les activitats que s&#039;hi desenvolupin, ser\u00e0 aplicable la legislaci\u00f3 espanyola, a la qual se sotmeten expressament les parts, sent competents per a la resoluci\u00f3 de tots els conflictes derivats o relacionats amb l&#039;\u00fas dels Jutjats i Tribunals de Barcelona.<\/p>\n\n\t\t<\/div>\n\t<\/div>\n<\/div><\/div><\/div><\/div><div class=\"vc_row wpb_row vc_row-fluid\"><div class=\"wpb_column vc_column_container vc_col-sm-12\"><div class=\"vc_column-inner\"><div class=\"wpb_wrapper\"><div class=\"vc_empty_space\"   style=\"height: 32px\"><span class=\"vc_empty_space_inner\"><\/span><\/div><\/div><\/div><\/div><\/div>\n<\/div>","protected":false},"excerpt":{"rendered":"RESPONSABLE DEL TRATAMIENTO DE LOS DATOS En cumplimiento del deber de informaci\u00f3n que establece la Ley La 34\/2002, de 11 de julio, de Servicios de la Sociedad de la Informaci\u00f3n y del Comercio Electr\u00f3nico, le comunicamos que la presente web es titularidad de: Denominaci\u00f3n Social:\u00a0RECICLATJES MOA SLU\u00a0\u00a0(En adelante El Responsable) CIF \/ NIF:\u00a0B66080565 Domicilio Social:\u00a0AVDA\/\u00a0TORRE<a href=\"https:\/\/reciclajesmoa.com\/ca\/aviso-legal-politica-de-privacidad\/\" class=\"\" rel=\"bookmark\">Llegiu m\u00e9s &raquo;<span class=\"screen-reader-text\">Av\u00eds legal \u2013 Pol\u00edtica de privadesa<\/span><\/a>","protected":false},"author":1,"featured_media":0,"parent":0,"menu_order":0,"comment_status":"closed","ping_status":"closed","template":"","meta":{"neve_meta_sidebar":"","neve_meta_container":"","neve_meta_enable_content_width":"off","neve_meta_content_width":100,"neve_meta_title_alignment":"","neve_meta_author_avatar":"","neve_post_elements_order":"","neve_meta_disable_header":"","neve_meta_disable_footer":"","neve_meta_disable_title":"","neve_meta_reading_time":"","footnotes":""},"class_list":["post-1518","page","type-page","status-publish","hentry"],"yoast_head":"<!-- This site is optimized with the Yoast SEO plugin v22.2 - https:\/\/yoast.com\/wordpress\/plugins\/seo\/ -->\n<title>Aviso legal - Pol\u00edtica de privacidad<\/title>\n<meta name=\"description\" content=\"Aviso legal \u2013 Pol\u00edtica de privacidad.\" \/>\n<meta name=\"robots\" content=\"index, follow, max-snippet:-1, max-image-preview:large, max-video-preview:-1\" \/>\n<link rel=\"canonical\" href=\"https:\/\/reciclajesmoa.com\/ca\/aviso-legal-politica-de-privacidad\/\" \/>\n<meta property=\"og:locale\" content=\"ca_ES\" \/>\n<meta property=\"og:type\" content=\"article\" \/>\n<meta property=\"og:title\" content=\"Aviso legal - Pol\u00edtica de privacidad\" \/>\n<meta property=\"og:description\" content=\"Aviso legal \u2013 Pol\u00edtica de privacidad.\" \/>\n<meta property=\"og:url\" content=\"https:\/\/reciclajesmoa.com\/ca\/aviso-legal-politica-de-privacidad\/\" \/>\n<meta property=\"og:site_name\" content=\"Reciclajes Moa - Palets Barcelona\" \/>\n<meta property=\"article:modified_time\" content=\"2024-03-21T10:04:44+00:00\" \/>\n<meta name=\"twitter:card\" content=\"summary_large_image\" \/>\n<meta name=\"twitter:label1\" content=\"Temps estimat de lectura\" \/>\n\t<meta name=\"twitter:data1\" content=\"9 minuts\" \/>\n<script type=\"application\/ld+json\" class=\"yoast-schema-graph\">{\"@context\":\"https:\/\/schema.org\",\"@graph\":[{\"@type\":\"WebPage\",\"@id\":\"https:\/\/reciclajesmoa.com\/aviso-legal-politica-de-privacidad\/\",\"url\":\"https:\/\/reciclajesmoa.com\/aviso-legal-politica-de-privacidad\/\",\"name\":\"Aviso legal - Pol\u00edtica de privacidad\",\"isPartOf\":{\"@id\":\"https:\/\/reciclajesmoa.com\/#website\"},\"datePublished\":\"2023-02-20T11:59:02+00:00\",\"dateModified\":\"2024-03-21T10:04:44+00:00\",\"description\":\"Aviso legal \u2013 Pol\u00edtica de privacidad.\",\"breadcrumb\":{\"@id\":\"https:\/\/reciclajesmoa.com\/aviso-legal-politica-de-privacidad\/#breadcrumb\"},\"inLanguage\":\"ca\",\"potentialAction\":[{\"@type\":\"ReadAction\",\"target\":[\"https:\/\/reciclajesmoa.com\/aviso-legal-politica-de-privacidad\/\"]}]},{\"@type\":\"BreadcrumbList\",\"@id\":\"https:\/\/reciclajesmoa.com\/aviso-legal-politica-de-privacidad\/#breadcrumb\",\"itemListElement\":[{\"@type\":\"ListItem\",\"position\":1,\"name\":\"Portada\",\"item\":\"https:\/\/reciclajesmoa.com\/\"},{\"@type\":\"ListItem\",\"position\":2,\"name\":\"Aviso legal &#8211; Pol\u00edtica de privacidad\"}]},{\"@type\":\"WebSite\",\"@id\":\"https:\/\/reciclajesmoa.com\/#website\",\"url\":\"https:\/\/reciclajesmoa.com\/\",\"name\":\"Reciclajes Moa - Palets Barcelona\",\"description\":\"\",\"potentialAction\":[{\"@type\":\"SearchAction\",\"target\":{\"@type\":\"EntryPoint\",\"urlTemplate\":\"https:\/\/reciclajesmoa.com\/?s={search_term_string}\"},\"query-input\":\"required name=search_term_string\"}],\"inLanguage\":\"ca\"}]}<\/script>\n<!-- \/ Yoast SEO plugin. -->","yoast_head_json":{"title":"Aviso legal - Pol\u00edtica de privacidad","description":"Aviso legal \u2013 Pol\u00edtica de privacidad.","robots":{"index":"index","follow":"follow","max-snippet":"max-snippet:-1","max-image-preview":"max-image-preview:large","max-video-preview":"max-video-preview:-1"},"canonical":"https:\/\/reciclajesmoa.com\/ca\/aviso-legal-politica-de-privacidad\/","og_locale":"ca_ES","og_type":"article","og_title":"Aviso legal - Pol\u00edtica de privacidad","og_description":"Aviso legal \u2013 Pol\u00edtica de privacidad.","og_url":"https:\/\/reciclajesmoa.com\/ca\/aviso-legal-politica-de-privacidad\/","og_site_name":"Reciclajes Moa - Palets Barcelona","article_modified_time":"2024-03-21T10:04:44+00:00","twitter_card":"summary_large_image","twitter_misc":{"Temps estimat de lectura":"9 minuts"},"schema":{"@context":"https:\/\/schema.org","@graph":[{"@type":"WebPage","@id":"https:\/\/reciclajesmoa.com\/aviso-legal-politica-de-privacidad\/","url":"https:\/\/reciclajesmoa.com\/aviso-legal-politica-de-privacidad\/","name":"Aviso legal - Pol\u00edtica de privacidad","isPartOf":{"@id":"https:\/\/reciclajesmoa.com\/#website"},"datePublished":"2023-02-20T11:59:02+00:00","dateModified":"2024-03-21T10:04:44+00:00","description":"Aviso legal \u2013 Pol\u00edtica de privacidad.","breadcrumb":{"@id":"https:\/\/reciclajesmoa.com\/aviso-legal-politica-de-privacidad\/#breadcrumb"},"inLanguage":"ca","potentialAction":[{"@type":"ReadAction","target":["https:\/\/reciclajesmoa.com\/aviso-legal-politica-de-privacidad\/"]}]},{"@type":"BreadcrumbList","@id":"https:\/\/reciclajesmoa.com\/aviso-legal-politica-de-privacidad\/#breadcrumb","itemListElement":[{"@type":"ListItem","position":1,"name":"Portada","item":"https:\/\/reciclajesmoa.com\/"},{"@type":"ListItem","position":2,"name":"Aviso legal &#8211; Pol\u00edtica de privacidad"}]},{"@type":"WebSite","@id":"https:\/\/reciclajesmoa.com\/#website","url":"https:\/\/reciclajesmoa.com\/","name":"Reciclajes Moa - Palets Barcelona","description":"","potentialAction":[{"@type":"SearchAction","target":{"@type":"EntryPoint","urlTemplate":"https:\/\/reciclajesmoa.com\/?s={search_term_string}"},"query-input":"required name=search_term_string"}],"inLanguage":"ca"}]}},"_links":{"self":[{"href":"https:\/\/reciclajesmoa.com\/ca\/wp-json\/wp\/v2\/pages\/1518","targetHints":{"allow":["GET"]}}],"collection":[{"href":"https:\/\/reciclajesmoa.com\/ca\/wp-json\/wp\/v2\/pages"}],"about":[{"href":"https:\/\/reciclajesmoa.com\/ca\/wp-json\/wp\/v2\/types\/page"}],"author":[{"embeddable":true,"href":"https:\/\/reciclajesmoa.com\/ca\/wp-json\/wp\/v2\/users\/1"}],"replies":[{"embeddable":true,"href":"https:\/\/reciclajesmoa.com\/ca\/wp-json\/wp\/v2\/comments?post=1518"}],"version-history":[{"count":2,"href":"https:\/\/reciclajesmoa.com\/ca\/wp-json\/wp\/v2\/pages\/1518\/revisions"}],"predecessor-version":[{"id":2045,"href":"https:\/\/reciclajesmoa.com\/ca\/wp-json\/wp\/v2\/pages\/1518\/revisions\/2045"}],"wp:attachment":[{"href":"https:\/\/reciclajesmoa.com\/ca\/wp-json\/wp\/v2\/media?parent=1518"}],"curies":[{"name":"wp","href":"https:\/\/api.w.org\/{rel}","templated":true}]}}