{"id":1525,"date":"2023-02-20T12:04:10","date_gmt":"2023-02-20T12:04:10","guid":{"rendered":"https:\/\/reciclajesmoa.com\/?page_id=1525"},"modified":"2023-02-20T12:06:03","modified_gmt":"2023-02-20T12:06:03","slug":"mapa-del-sitio","status":"publish","type":"page","link":"https:\/\/reciclajesmoa.com\/ca\/mapa-del-sitio\/","title":{"rendered":"Mapa del lloc"},"content":{"rendered":"<div class=\"wpb-content-wrapper\"><div class=\"vc_row wpb_row vc_row-fluid\"><div class=\"wpb_column vc_column_container vc_col-sm-12\"><div class=\"vc_column-inner\"><div class=\"wpb_wrapper\"><div class=\"vc_empty_space\"   style=\"height: 62px\"><span class=\"vc_empty_space_inner\"><\/span><\/div>\n\t<div class=\"wpb_text_column wpb_content_element\" >\n\t\t<div class=\"wpb_wrapper\">\n\t\t\t<div class=\"wsp-container\"><h2 class=\"wsp-pages-title\">P\u00e0gines<\/h2>\n<ul class=\"wsp-pages-list\">\n<li class=\"page_item page-item-1518\"><a href=\"https:\/\/reciclajesmoa.com\/ca\/aviso-legal-politica-de-privacidad\/\">Av\u00eds legal \u2013 Pol\u00edtica de privadesa<\/a><\/li>\n<li class=\"page_item page-item-40 current_page_parent\"><a href=\"https:\/\/reciclajesmoa.com\/ca\/blog\/\">Blog<\/a><\/li>\n<li class=\"page_item page-item-34\"><a href=\"https:\/\/reciclajesmoa.com\/ca\/catalogo\/\">Cat\u00e0leg<\/a><\/li>\n<li class=\"page_item page-item-355 page_item_has_children\"><a href=\"https:\/\/reciclajesmoa.com\/ca\/compra-venta-de-palets\/\">Compra venda de palets<\/a>\n<ul class='children'>\n\t<li class=\"page_item page-item-345\"><a href=\"https:\/\/reciclajesmoa.com\/ca\/compra-venta-de-palets\/compra-venta-de-palets-barcelona\/\">Compra venda de palets Barcelona<\/a><\/li>\n\t<li class=\"page_item page-item-359\"><a href=\"https:\/\/reciclajesmoa.com\/ca\/compra-venta-de-palets\/compra-venta-de-palets-montcada\/\">Compra venda de palets Montcada<\/a><\/li>\n\t<li class=\"page_item page-item-363\"><a href=\"https:\/\/reciclajesmoa.com\/ca\/compra-venta-de-palets\/compra-venta-de-palets-sabadell\/\">Compra venda de palets Sabadell<\/a><\/li>\n\t<li class=\"page_item page-item-365\"><a href=\"https:\/\/reciclajesmoa.com\/ca\/compra-venta-de-palets\/compra-venta-palets-mollet\/\">Compra venda palets Mollet<\/a><\/li>\n<\/ul>\n<\/li>\n<li class=\"page_item page-item-369 page_item_has_children\"><a href=\"https:\/\/reciclajesmoa.com\/ca\/comprar-palets\/\">Comprar palets<\/a>\n<ul class='children'>\n\t<li class=\"page_item page-item-2463\"><a href=\"https:\/\/reciclajesmoa.com\/ca\/comprar-palets\/compra-venta-de-palets-en-badalona\/\">Compra venta de palets en Badalona<\/a><\/li>\n\t<li class=\"page_item page-item-2454\"><a href=\"https:\/\/reciclajesmoa.com\/ca\/comprar-palets\/compra-venta-de-palets-en-cerdanyola\/\">Compra venta de palets en Cerdanyola<\/a><\/li>\n\t<li class=\"page_item page-item-2464\"><a href=\"https:\/\/reciclajesmoa.com\/ca\/comprar-palets\/compra-venta-de-palets-en-granollers\/\">Compra venta de palets en Granollers<\/a><\/li>\n\t<li class=\"page_item page-item-2462\"><a href=\"https:\/\/reciclajesmoa.com\/ca\/comprar-palets\/compra-venta-de-palets-en-manresa\/\">Compra venta de palets en Manresa<\/a><\/li>\n\t<li class=\"page_item page-item-2455\"><a href=\"https:\/\/reciclajesmoa.com\/ca\/comprar-palets\/compra-venta-de-palets-en-rubi\/\">Compra venta de palets en Rub\u00ed<\/a><\/li>\n\t<li class=\"page_item page-item-2453\"><a href=\"https:\/\/reciclajesmoa.com\/ca\/comprar-palets\/compra-venta-de-palets-en-terrassa\/\">Compra venta de palets en Terrassa<\/a><\/li>\n\t<li class=\"page_item page-item-2392\"><a href=\"https:\/\/reciclajesmoa.com\/ca\/comprar-palets\/comprar-palets-badalona\/\">Comprar palets Badalona<\/a><\/li>\n\t<li class=\"page_item page-item-371\"><a href=\"https:\/\/reciclajesmoa.com\/ca\/comprar-palets\/comprar-palets-barcelona\/\">Comprar palets Barcelona<\/a><\/li>\n\t<li class=\"page_item page-item-2402\"><a href=\"https:\/\/reciclajesmoa.com\/ca\/comprar-palets\/comprar-palets-castelldefels\/\">Comprar palets Castelldefels<\/a><\/li>\n\t<li class=\"page_item page-item-2417\"><a href=\"https:\/\/reciclajesmoa.com\/ca\/comprar-palets\/comprar-palets-cerdanyola\/\">Comprar palets Cerdanyola<\/a><\/li>\n\t<li class=\"page_item page-item-2405\"><a href=\"https:\/\/reciclajesmoa.com\/ca\/comprar-palets\/comprar-palets-gava\/\">Comprar palets Gav\u00e1<\/a><\/li>\n\t<li class=\"page_item page-item-373\"><a href=\"https:\/\/reciclajesmoa.com\/ca\/comprar-palets\/comprar-palets-granollers\/\">Comprar palets Granollers<\/a><\/li>\n\t<li class=\"page_item page-item-2413\"><a href=\"https:\/\/reciclajesmoa.com\/ca\/comprar-palets\/comprar-palets-manresa\/\">Comprar palets Manresa<\/a><\/li>\n\t<li class=\"page_item page-item-2420\"><a href=\"https:\/\/reciclajesmoa.com\/ca\/comprar-palets\/comprar-palets-martorell\/\">Comprar palets Martorell<\/a><\/li>\n\t<li class=\"page_item page-item-2423\"><a href=\"https:\/\/reciclajesmoa.com\/ca\/comprar-palets\/comprar-palets-masnou\/\">Comprar palets Masnou<\/a><\/li>\n\t<li class=\"page_item page-item-375\"><a href=\"https:\/\/reciclajesmoa.com\/ca\/comprar-palets\/comprar-palets-mollet\/\">Comprar Palets Mollet<\/a><\/li>\n\t<li class=\"page_item page-item-2396\"><a href=\"https:\/\/reciclajesmoa.com\/ca\/comprar-palets\/comprar-palets-rubi\/\">Comprar palets Rub\u00ed<\/a><\/li>\n\t<li class=\"page_item page-item-378\"><a href=\"https:\/\/reciclajesmoa.com\/ca\/comprar-palets\/comprar-palets-sabadell\/\">Comprar palets Sabadell<\/a><\/li>\n\t<li class=\"page_item page-item-2399\"><a href=\"https:\/\/reciclajesmoa.com\/ca\/comprar-palets\/comprar-palets-sant-cugat\/\">Comprar palets Sant Cugat<\/a><\/li>\n\t<li class=\"page_item page-item-2410\"><a href=\"https:\/\/reciclajesmoa.com\/ca\/comprar-palets\/comprar-palets-terrassa\/\">Comprar palets Terrassa<\/a><\/li>\n\t<li class=\"page_item page-item-2472\"><a href=\"https:\/\/reciclajesmoa.com\/ca\/comprar-palets\/reciclajes-de-palets-barcelona\/\">Reciclajes de palets Barcelona<\/a><\/li>\n\t<li class=\"page_item page-item-2499\"><a href=\"https:\/\/reciclajesmoa.com\/ca\/comprar-palets\/reciclajes-de-palets-en-badalona\/\">Reciclajes de palets en Badalona<\/a><\/li>\n\t<li class=\"page_item page-item-2520\"><a href=\"https:\/\/reciclajesmoa.com\/ca\/comprar-palets\/reciclajes-de-palets-en-castellar-del-valles\/\">Reciclajes de palets en Castellar del Valles<\/a><\/li>\n\t<li class=\"page_item page-item-2508\"><a href=\"https:\/\/reciclajesmoa.com\/ca\/comprar-palets\/reciclajes-de-palets-en-castelldefels\/\">Reciclajes de palets en Castelldefels<\/a><\/li>\n\t<li class=\"page_item page-item-2484\"><a href=\"https:\/\/reciclajesmoa.com\/ca\/comprar-palets\/reciclajes-de-palets-en-cerdanyola\/\">Reciclajes de palets en Cerdanyola<\/a><\/li>\n\t<li class=\"page_item page-item-2511\"><a href=\"https:\/\/reciclajesmoa.com\/ca\/comprar-palets\/reciclajes-de-palets-en-gava\/\">Reciclajes de palets en Gav\u00e1<\/a><\/li>\n\t<li class=\"page_item page-item-2490\"><a href=\"https:\/\/reciclajesmoa.com\/ca\/comprar-palets\/reciclajes-de-palets-en-granollers\/\">Reciclajes de palets en Granollers<\/a><\/li>\n\t<li class=\"page_item page-item-2487\"><a href=\"https:\/\/reciclajesmoa.com\/ca\/comprar-palets\/reciclajes-de-palets-en-manresa\/\">Reciclajes de palets en Manresa<\/a><\/li>\n\t<li class=\"page_item page-item-2514\"><a href=\"https:\/\/reciclajesmoa.com\/ca\/comprar-palets\/reciclajes-de-palets-en-martorell\/\">Reciclajes de palets en Martorell<\/a><\/li>\n\t<li class=\"page_item page-item-2493\"><a href=\"https:\/\/reciclajesmoa.com\/ca\/comprar-palets\/reciclajes-de-palets-en-mollet\/\">Reciclajes de palets en Mollet<\/a><\/li>\n\t<li class=\"page_item page-item-2496\"><a href=\"https:\/\/reciclajesmoa.com\/ca\/comprar-palets\/reciclajes-de-palets-en-montcada\/\">Reciclajes de palets en Montcada<\/a><\/li>\n\t<li class=\"page_item page-item-2517\"><a href=\"https:\/\/reciclajesmoa.com\/ca\/comprar-palets\/reciclajes-de-palets-en-montornes\/\">Reciclajes de palets en Montorn\u00e9s<\/a><\/li>\n\t<li class=\"page_item page-item-2502\"><a href=\"https:\/\/reciclajesmoa.com\/ca\/comprar-palets\/reciclajes-de-palets-en-rubi\/\">Reciclajes de palets en Rub\u00ed<\/a><\/li>\n\t<li class=\"page_item page-item-2505\"><a href=\"https:\/\/reciclajesmoa.com\/ca\/comprar-palets\/reciclajes-de-palets-en-sant-cugat\/\">Reciclajes de palets en Sant Cugat<\/a><\/li>\n\t<li class=\"page_item page-item-2481\"><a href=\"https:\/\/reciclajesmoa.com\/ca\/comprar-palets\/reciclajes-de-palets-rubi\/\">Reciclajes de palets Rub\u00ed<\/a><\/li>\n\t<li class=\"page_item page-item-2475\"><a href=\"https:\/\/reciclajesmoa.com\/ca\/comprar-palets\/reciclajes-de-palets-sabadell\/\">Reciclajes de palets Sabadell<\/a><\/li>\n\t<li class=\"page_item page-item-2478\"><a href=\"https:\/\/reciclajesmoa.com\/ca\/comprar-palets\/reciclajes-de-palets-terrassa\/\">Reciclajes de palets Terrassa<\/a><\/li>\n<\/ul>\n<\/li>\n<li class=\"page_item page-item-146\"><a href=\"https:\/\/reciclajesmoa.com\/ca\/contacto\/\">Contacte<\/a><\/li>\n<li class=\"page_item page-item-1594\"><a href=\"https:\/\/reciclajesmoa.com\/ca\/declaracion-de-accesibilidad\/\">Declaraci\u00f3 d&#039;accessibilitat<\/a><\/li>\n<li class=\"page_item page-item-383\"><a href=\"https:\/\/reciclajesmoa.com\/ca\/empresa-palets\/\">Empresa palets<\/a><\/li>\n<li class=\"page_item page-item-392\"><a href=\"https:\/\/reciclajesmoa.com\/ca\/empresa-palets-barcelona\/\">Empresa palets Barcelona<\/a><\/li>\n<li class=\"page_item page-item-387\"><a href=\"https:\/\/reciclajesmoa.com\/ca\/fabrica-de-palets-barcelona\/\">F\u00e0brica de palets Barcelona<\/a><\/li>\n<li class=\"page_item page-item-394\"><a href=\"https:\/\/reciclajesmoa.com\/ca\/fabrica-de-palets-en-mollet\/\">F\u00e0brica de palets a Mollet<\/a><\/li>\n<li class=\"page_item page-item-396\"><a href=\"https:\/\/reciclajesmoa.com\/ca\/fabrica-de-palets-hospitalet\/\">F\u00e0brica de palets Hospitalet<\/a><\/li>\n<li class=\"page_item page-item-398\"><a href=\"https:\/\/reciclajesmoa.com\/ca\/fabrica-de-palets-sabadell\/\">F\u00e0brica de palets Sabadell<\/a><\/li>\n<li class=\"page_item page-item-400\"><a href=\"https:\/\/reciclajesmoa.com\/ca\/fabrica-palets-granollers\/\">F\u00e0brica palets Granollers<\/a><\/li>\n<li class=\"page_item page-item-9\"><a href=\"https:\/\/reciclajesmoa.com\/ca\/\">Inici<\/a><\/li>\n<li class=\"page_item page-item-1525\"><a href=\"https:\/\/reciclajesmoa.com\/ca\/mapa-del-sitio\/\">Mapa del lloc<\/a><\/li>\n<li class=\"page_item page-item-32\"><a href=\"https:\/\/reciclajesmoa.com\/ca\/nosotros\/\">Nosaltres<\/a><\/li>\n<li class=\"page_item page-item-409\"><a href=\"https:\/\/reciclajesmoa.com\/ca\/palet-europeo\/\">Palet europeu<\/a><\/li>\n<li class=\"page_item page-item-1556\"><a href=\"https:\/\/reciclajesmoa.com\/ca\/palets-badalona-2\/\">Palets Badalona<\/a><\/li>\n<li class=\"page_item page-item-411\"><a href=\"https:\/\/reciclajesmoa.com\/ca\/palets-badalona\/\">Palets Badalona<\/a><\/li>\n<li class=\"page_item page-item-413\"><a href=\"https:\/\/reciclajesmoa.com\/ca\/palets-barbera-del-valles\/\">Palets Barber\u00e0 del Vall\u00e8s<\/a><\/li>\n<li class=\"page_item page-item-415\"><a href=\"https:\/\/reciclajesmoa.com\/ca\/palets-barcelona\/\">Palets Barcelona<\/a><\/li>\n<li class=\"page_item page-item-419\"><a href=\"https:\/\/reciclajesmoa.com\/ca\/palets-castellar-del-valles\/\">Palets Castellar del Vall\u00e8s<\/a><\/li>\n<li class=\"page_item page-item-421\"><a href=\"https:\/\/reciclajesmoa.com\/ca\/palets-cerdanyola\/\">Palets Cerdanyola<\/a><\/li>\n<li class=\"page_item page-item-423\"><a href=\"https:\/\/reciclajesmoa.com\/ca\/palets-de-madera\/\">Palets de fusta<\/a><\/li>\n<li class=\"page_item page-item-425\"><a href=\"https:\/\/reciclajesmoa.com\/ca\/palets-granollers\/\">Palets Granollers<\/a><\/li>\n<li class=\"page_item page-item-428\"><a href=\"https:\/\/reciclajesmoa.com\/ca\/palets-hospitalet\/\">Palets Hospitalet<\/a><\/li>\n<li class=\"page_item page-item-430\"><a href=\"https:\/\/reciclajesmoa.com\/ca\/palets-mollet\/\">Palets Mollet<\/a><\/li>\n<li class=\"page_item page-item-432\"><a href=\"https:\/\/reciclajesmoa.com\/ca\/palets-montmelo\/\">Palets Montmel\u00f3<\/a><\/li>\n<li class=\"page_item page-item-434\"><a href=\"https:\/\/reciclajesmoa.com\/ca\/palets-parets-del-valles\/\">Palets Parets del Vall\u00e8s<\/a><\/li>\n<li class=\"page_item page-item-436\"><a href=\"https:\/\/reciclajesmoa.com\/ca\/palets-rubi\/\">Palets Rub\u00ed<\/a><\/li>\n<li class=\"page_item page-item-1558\"><a href=\"https:\/\/reciclajesmoa.com\/ca\/palets-sabadell-2\/\">Palets Sabadell<\/a><\/li>\n<li class=\"page_item page-item-438\"><a href=\"https:\/\/reciclajesmoa.com\/ca\/palets-sabadell\/\">Palets Sabadell<\/a><\/li>\n<li class=\"page_item page-item-440\"><a href=\"https:\/\/reciclajesmoa.com\/ca\/palets-sant-boi-del-llobregat\/\">Palets Sant Boi del Llobregat<\/a><\/li>\n<li class=\"page_item page-item-442\"><a href=\"https:\/\/reciclajesmoa.com\/ca\/palets-sant-cugat\/\">Palets Sant Cugat<\/a><\/li>\n<li class=\"page_item page-item-444\"><a href=\"https:\/\/reciclajesmoa.com\/ca\/palets-sentmenat\/\">Palets Sentmenat<\/a><\/li>\n<li class=\"page_item page-item-446\"><a href=\"https:\/\/reciclajesmoa.com\/ca\/palets-terrassa\/\">Palets Terrassa<\/a><\/li>\n<li class=\"page_item page-item-1522\"><a href=\"https:\/\/reciclajesmoa.com\/ca\/politica-de-cookies\/\">Pol\u00edtica de cookies<\/a><\/li>\n<li class=\"page_item page-item-38\"><a href=\"https:\/\/reciclajesmoa.com\/ca\/politicas\/\">Pol\u00edtiques<\/a><\/li>\n<li class=\"page_item page-item-36\"><a href=\"https:\/\/reciclajesmoa.com\/ca\/servicios\/\">Serveis<\/a><\/li>\n<li class=\"page_item page-item-448 page_item_has_children\"><a href=\"https:\/\/reciclajesmoa.com\/ca\/venta-de-palets\/\">Venda de palets<\/a>\n<ul class='children'>\n\t<li class=\"page_item page-item-450\"><a href=\"https:\/\/reciclajesmoa.com\/ca\/venta-de-palets\/venta-de-palets-barcelona\/\">Venda de palets Barcelona<\/a><\/li>\n\t<li class=\"page_item page-item-454\"><a href=\"https:\/\/reciclajesmoa.com\/ca\/venta-de-palets\/venta-de-palets-castellar-del-valles\/\">Venda de palets Castellar del Vall\u00e8s<\/a><\/li>\n\t<li class=\"page_item page-item-456\"><a href=\"https:\/\/reciclajesmoa.com\/ca\/venta-de-palets\/venta-de-palets-granollers\/\">Venda de palets Granollers<\/a><\/li>\n\t<li class=\"page_item page-item-458\"><a href=\"https:\/\/reciclajesmoa.com\/ca\/venta-de-palets\/venta-de-palets-sabadell\/\">Venda de palets Sabadell<\/a><\/li>\n\t<li class=\"page_item page-item-460\"><a href=\"https:\/\/reciclajesmoa.com\/ca\/venta-de-palets\/venta-de-palets-sant-cugat\/\">Venda de palets Sant Cugat<\/a><\/li>\n\t<li class=\"page_item page-item-462\"><a href=\"https:\/\/reciclajesmoa.com\/ca\/venta-de-palets\/venta-de-palets-sentmenat\/\">Venda de palets Sentmenat<\/a><\/li>\n\t<li class=\"page_item page-item-464\"><a href=\"https:\/\/reciclajesmoa.com\/ca\/venta-de-palets\/venta-palets-cerdanyola\/\">Venda palets Cerdanyola<\/a><\/li>\n\t<li class=\"page_item page-item-466\"><a href=\"https:\/\/reciclajesmoa.com\/ca\/venta-de-palets\/venta-palets-terrassa\/\">Venda palets Terrassa<\/a><\/li>\n<\/ul>\n<\/li>\n<li class=\"page_item page-item-2097 page_item_has_children\"><a href=\"https:\/\/reciclajesmoa.com\/ca\/palets\/\">Venda de palets Barcelona<\/a>\n<ul class='children'>\n\t<li class=\"page_item page-item-2186\"><a href=\"https:\/\/reciclajesmoa.com\/ca\/palets\/venta-de-palets-vacarisses\/\">Venta de Palets Vacarisses<\/a><\/li>\n\t<li class=\"page_item page-item-2141\"><a href=\"https:\/\/reciclajesmoa.com\/ca\/palets\/venta-palets-badalona\/\">Venta Palets Badalona<\/a><\/li>\n\t<li class=\"page_item page-item-2180\"><a href=\"https:\/\/reciclajesmoa.com\/ca\/palets\/venta-palets-caldes-de-montbui\/\">Venta Palets Caldes de Montbui<\/a><\/li>\n\t<li class=\"page_item page-item-2168\"><a href=\"https:\/\/reciclajesmoa.com\/ca\/palets\/venta-palets-castellar-del-valles\/\">Venta Palets Castellar del Vall\u00e8s<\/a><\/li>\n\t<li class=\"page_item page-item-2159\"><a href=\"https:\/\/reciclajesmoa.com\/ca\/palets\/venta-palets-castelldefels\/\">Venta Palets Castelldefels<\/a><\/li>\n\t<li class=\"page_item page-item-2136\"><a href=\"https:\/\/reciclajesmoa.com\/ca\/palets\/venta-palets-cerdanyola\/\">Venta Palets Cerdanyola<\/a><\/li>\n\t<li class=\"page_item page-item-2162\"><a href=\"https:\/\/reciclajesmoa.com\/ca\/palets\/venta-palets-gava\/\">Venta Palets Gav\u00e0<\/a><\/li>\n\t<li class=\"page_item page-item-2127\"><a href=\"https:\/\/reciclajesmoa.com\/ca\/palets\/venta-palets-granollers\/\">Venta palets Granollers<\/a><\/li>\n\t<li class=\"page_item page-item-2144\"><a href=\"https:\/\/reciclajesmoa.com\/ca\/palets\/venta-palets-hospitalet\/\">Venta Palets Hospitalet<\/a><\/li>\n\t<li class=\"page_item page-item-2147\"><a href=\"https:\/\/reciclajesmoa.com\/ca\/palets\/venta-palets-llinars-del-valles\/\">Venta Palets Llinars del Vall\u00e8s<\/a><\/li>\n\t<li class=\"page_item page-item-2183\"><a href=\"https:\/\/reciclajesmoa.com\/ca\/palets\/venta-palets-manresa\/\">Venta Palets Manresa<\/a><\/li>\n\t<li class=\"page_item page-item-2153\"><a href=\"https:\/\/reciclajesmoa.com\/ca\/palets\/venta-palets-masnou\/\">Venta Palets Masnou<\/a><\/li>\n\t<li class=\"page_item page-item-2150\"><a href=\"https:\/\/reciclajesmoa.com\/ca\/palets\/venta-palets-mataro\/\">Venta palets Matar\u00f3<\/a><\/li>\n\t<li class=\"page_item page-item-2130\"><a href=\"https:\/\/reciclajesmoa.com\/ca\/palets\/venta-palets-mollet\/\">Venta Palets Mollet<\/a><\/li>\n\t<li class=\"page_item page-item-2156\"><a href=\"https:\/\/reciclajesmoa.com\/ca\/palets\/venta-palets-montcada\/\">Venta palets Montcada<\/a><\/li>\n\t<li class=\"page_item page-item-2174\"><a href=\"https:\/\/reciclajesmoa.com\/ca\/palets\/venta-palets-palau-de-plegamans\/\">Venta Palets Palau de Plegamans<\/a><\/li>\n\t<li class=\"page_item page-item-2133\"><a href=\"https:\/\/reciclajesmoa.com\/ca\/palets\/venta-palets-parets-del-valles\/\">Venta Palets Parets del Vall\u00e8s<\/a><\/li>\n\t<li class=\"page_item page-item-2177\"><a href=\"https:\/\/reciclajesmoa.com\/ca\/palets\/venta-palets-polinya\/\">Venta Palets Poliny\u00e0<\/a><\/li>\n\t<li class=\"page_item page-item-2139\"><a href=\"https:\/\/reciclajesmoa.com\/ca\/palets\/venta-palets-rubi\/\">Venta Palets Rub\u00ed<\/a><\/li>\n\t<li class=\"page_item page-item-2120\"><a href=\"https:\/\/reciclajesmoa.com\/ca\/palets\/venta-palets-sabadell\/\">Venda palets Sabadell<\/a><\/li>\n\t<li class=\"page_item page-item-2172\"><a href=\"https:\/\/reciclajesmoa.com\/ca\/palets\/venta-palets-sentmenat\/\">Venta Palets Sentmenat<\/a><\/li>\n\t<li class=\"page_item page-item-2124\"><a href=\"https:\/\/reciclajesmoa.com\/ca\/palets\/venta-palets-terrassa\/\">Venda palets Terrassa<\/a><\/li>\n\t<li class=\"page_item page-item-2165\"><a href=\"https:\/\/reciclajesmoa.com\/ca\/palets\/venta-palets-viladecans\/\">Venta Palets Viladecans<\/a><\/li>\n<\/ul>\n<\/li>\n<li class=\"page_item page-item-468\"><a href=\"https:\/\/reciclajesmoa.com\/ca\/venta-de-palets-para-empresas\/\">Venda de palets per a empreses<\/a><\/li>\n<li class=\"page_item page-item-470\"><a href=\"https:\/\/reciclajesmoa.com\/ca\/venta-palets-sabadell\/\">Venda palets Sabadell<\/a><\/li>\n<\/ul>\n<\/div>\n\n\t\t<\/div>\n\t<\/div>\n<\/div><\/div><\/div><\/div><div class=\"vc_row wpb_row vc_row-fluid\"><div class=\"wpb_column vc_column_container vc_col-sm-12\"><div class=\"vc_column-inner\"><div class=\"wpb_wrapper\"><div class=\"vc_empty_space\"   style=\"height: 32px\"><span class=\"vc_empty_space_inner\"><\/span><\/div><\/div><\/div><\/div><\/div>\n<\/div>","protected":false},"excerpt":{"rendered":"P\u00e0gines Aviso legal &#8211; Pol\u00edtica de privacidad Blog Cat\u00e1logo Compra venta de palets Compra venta de palets Barcelona Compra venta de palets Montcada Compra venta de palets Sabadell Compra venta palets Mollet Comprar palets Compra venta de palets en Badalona Compra venta de palets en Cerdanyola Compra venta de palets en Granollers Compra venta de<a href=\"https:\/\/reciclajesmoa.com\/ca\/mapa-del-sitio\/\" class=\"\" rel=\"bookmark\">Llegiu m\u00e9s &raquo;<span class=\"screen-reader-text\">Mapa del lloc<\/span><\/a>","protected":false},"author":1,"featured_media":0,"parent":0,"menu_order":0,"comment_status":"closed","ping_status":"closed","template":"","meta":{"neve_meta_sidebar":"","neve_meta_container":"","neve_meta_enable_content_width":"off","neve_meta_content_width":100,"neve_meta_title_alignment":"","neve_meta_author_avatar":"","neve_post_elements_order":"","neve_meta_disable_header":"","neve_meta_disable_footer":"","neve_meta_disable_title":"","neve_meta_reading_time":"","footnotes":""},"class_list":["post-1525","page","type-page","status-publish","hentry"],"yoast_head":"<!-- This site is optimized with the Yoast SEO plugin v22.2 - https:\/\/yoast.com\/wordpress\/plugins\/seo\/ -->\n<title>Mapa del sitio<\/title>\n<meta name=\"description\" content=\"Mapa del sitio.\" \/>\n<meta name=\"robots\" content=\"index, follow, max-snippet:-1, max-image-preview:large, max-video-preview:-1\" \/>\n<link rel=\"canonical\" href=\"https:\/\/reciclajesmoa.com\/ca\/mapa-del-sitio\/\" \/>\n<meta property=\"og:locale\" content=\"ca_ES\" \/>\n<meta property=\"og:type\" content=\"article\" \/>\n<meta property=\"og:title\" content=\"Mapa del sitio\" \/>\n<meta property=\"og:description\" content=\"Mapa del sitio.\" \/>\n<meta property=\"og:url\" content=\"https:\/\/reciclajesmoa.com\/ca\/mapa-del-sitio\/\" \/>\n<meta property=\"og:site_name\" content=\"Reciclajes Moa - Palets Barcelona\" \/>\n<meta property=\"article:modified_time\" content=\"2023-02-20T12:06:03+00:00\" \/>\n<meta name=\"twitter:card\" content=\"summary_large_image\" \/>\n<script type=\"application\/ld+json\" class=\"yoast-schema-graph\">{\"@context\":\"https:\/\/schema.org\",\"@graph\":[{\"@type\":\"WebPage\",\"@id\":\"https:\/\/reciclajesmoa.com\/mapa-del-sitio\/\",\"url\":\"https:\/\/reciclajesmoa.com\/mapa-del-sitio\/\",\"name\":\"Mapa del sitio\",\"isPartOf\":{\"@id\":\"https:\/\/reciclajesmoa.com\/#website\"},\"datePublished\":\"2023-02-20T12:04:10+00:00\",\"dateModified\":\"2023-02-20T12:06:03+00:00\",\"description\":\"Mapa del sitio.\",\"breadcrumb\":{\"@id\":\"https:\/\/reciclajesmoa.com\/mapa-del-sitio\/#breadcrumb\"},\"inLanguage\":\"ca\",\"potentialAction\":[{\"@type\":\"ReadAction\",\"target\":[\"https:\/\/reciclajesmoa.com\/mapa-del-sitio\/\"]}]},{\"@type\":\"BreadcrumbList\",\"@id\":\"https:\/\/reciclajesmoa.com\/mapa-del-sitio\/#breadcrumb\",\"itemListElement\":[{\"@type\":\"ListItem\",\"position\":1,\"name\":\"Portada\",\"item\":\"https:\/\/reciclajesmoa.com\/\"},{\"@type\":\"ListItem\",\"position\":2,\"name\":\"Mapa del sitio\"}]},{\"@type\":\"WebSite\",\"@id\":\"https:\/\/reciclajesmoa.com\/#website\",\"url\":\"https:\/\/reciclajesmoa.com\/\",\"name\":\"Reciclajes Moa - Palets Barcelona\",\"description\":\"\",\"potentialAction\":[{\"@type\":\"SearchAction\",\"target\":{\"@type\":\"EntryPoint\",\"urlTemplate\":\"https:\/\/reciclajesmoa.com\/?s={search_term_string}\"},\"query-input\":\"required name=search_term_string\"}],\"inLanguage\":\"ca\"}]}<\/script>\n<!-- \/ Yoast SEO plugin. -->","yoast_head_json":{"title":"Mapa del sitio","description":"Mapa del sitio.","robots":{"index":"index","follow":"follow","max-snippet":"max-snippet:-1","max-image-preview":"max-image-preview:large","max-video-preview":"max-video-preview:-1"},"canonical":"https:\/\/reciclajesmoa.com\/ca\/mapa-del-sitio\/","og_locale":"ca_ES","og_type":"article","og_title":"Mapa del sitio","og_description":"Mapa del sitio.","og_url":"https:\/\/reciclajesmoa.com\/ca\/mapa-del-sitio\/","og_site_name":"Reciclajes Moa - Palets Barcelona","article_modified_time":"2023-02-20T12:06:03+00:00","twitter_card":"summary_large_image","schema":{"@context":"https:\/\/schema.org","@graph":[{"@type":"WebPage","@id":"https:\/\/reciclajesmoa.com\/mapa-del-sitio\/","url":"https:\/\/reciclajesmoa.com\/mapa-del-sitio\/","name":"Mapa del sitio","isPartOf":{"@id":"https:\/\/reciclajesmoa.com\/#website"},"datePublished":"2023-02-20T12:04:10+00:00","dateModified":"2023-02-20T12:06:03+00:00","description":"Mapa del sitio.","breadcrumb":{"@id":"https:\/\/reciclajesmoa.com\/mapa-del-sitio\/#breadcrumb"},"inLanguage":"ca","potentialAction":[{"@type":"ReadAction","target":["https:\/\/reciclajesmoa.com\/mapa-del-sitio\/"]}]},{"@type":"BreadcrumbList","@id":"https:\/\/reciclajesmoa.com\/mapa-del-sitio\/#breadcrumb","itemListElement":[{"@type":"ListItem","position":1,"name":"Portada","item":"https:\/\/reciclajesmoa.com\/"},{"@type":"ListItem","position":2,"name":"Mapa del sitio"}]},{"@type":"WebSite","@id":"https:\/\/reciclajesmoa.com\/#website","url":"https:\/\/reciclajesmoa.com\/","name":"Reciclajes Moa - Palets Barcelona","description":"","potentialAction":[{"@type":"SearchAction","target":{"@type":"EntryPoint","urlTemplate":"https:\/\/reciclajesmoa.com\/?s={search_term_string}"},"query-input":"required name=search_term_string"}],"inLanguage":"ca"}]}},"_links":{"self":[{"href":"https:\/\/reciclajesmoa.com\/ca\/wp-json\/wp\/v2\/pages\/1525","targetHints":{"allow":["GET"]}}],"collection":[{"href":"https:\/\/reciclajesmoa.com\/ca\/wp-json\/wp\/v2\/pages"}],"about":[{"href":"https:\/\/reciclajesmoa.com\/ca\/wp-json\/wp\/v2\/types\/page"}],"author":[{"embeddable":true,"href":"https:\/\/reciclajesmoa.com\/ca\/wp-json\/wp\/v2\/users\/1"}],"replies":[{"embeddable":true,"href":"https:\/\/reciclajesmoa.com\/ca\/wp-json\/wp\/v2\/comments?post=1525"}],"version-history":[{"count":0,"href":"https:\/\/reciclajesmoa.com\/ca\/wp-json\/wp\/v2\/pages\/1525\/revisions"}],"wp:attachment":[{"href":"https:\/\/reciclajesmoa.com\/ca\/wp-json\/wp\/v2\/media?parent=1525"}],"curies":[{"name":"wp","href":"https:\/\/api.w.org\/{rel}","templated":true}]}}