{"id":1556,"date":"2023-02-21T08:30:22","date_gmt":"2023-02-21T08:30:22","guid":{"rendered":"https:\/\/reciclajesmoa.com\/?page_id=1556"},"modified":"2024-01-15T11:17:32","modified_gmt":"2024-01-15T11:17:32","slug":"palets-badalona-2","status":"publish","type":"page","link":"https:\/\/reciclajesmoa.com\/ca\/palets-badalona-2\/","title":{"rendered":"Palets Badalona"},"content":{"rendered":"<div class=\"wpb-content-wrapper\"><div data-vc-full-width=\"true\" data-vc-full-width-init=\"false\" data-vc-stretch-content=\"true\" data-vc-parallax=\"1.5\" data-vc-parallax-image=\"https:\/\/reciclajesmoa.com\/wp-content\/uploads\/2023\/02\/cabecera-reciclajes-moa.jpg\" class=\"vc_row wpb_row vc_row-fluid vc_row-has-fill vc_general vc_parallax vc_parallax-content-moving\"><div class=\"wpb_column vc_column_container vc_col-sm-12 vc_hidden-sm vc_hidden-xs vc_col-has-fill\"><div class=\"vc_column-inner vc_custom_1676279128938\"><div class=\"wpb_wrapper\"><div class=\"vc_empty_space\"   style=\"height: 150px\"><span class=\"vc_empty_space_inner\"><\/span><\/div>\n\t<div class=\"wpb_text_column wpb_content_element  vc_custom_1676279099784\" >\n\t\t<div class=\"wpb_wrapper\">\n\t\t\t<h1><span style=\"color: #ffffff;\">Palets Badalona<\/span><\/h1>\n\n\t\t<\/div>\n\t<\/div>\n<\/div><\/div><\/div><\/div><div class=\"vc_row-full-width vc_clearfix\"><\/div><div data-vc-full-width=\"true\" data-vc-full-width-init=\"false\" data-vc-stretch-content=\"true\" data-vc-parallax=\"1.5\" data-vc-parallax-image=\"https:\/\/reciclajesmoa.com\/wp-content\/uploads\/2023\/02\/cabecera-reciclajes-moa.jpg\" class=\"vc_row wpb_row vc_row-fluid vc_row-has-fill vc_general vc_parallax vc_parallax-content-moving\"><div class=\"wpb_column vc_column_container vc_col-sm-12 vc_hidden-lg vc_hidden-md vc_col-has-fill\"><div class=\"vc_column-inner vc_custom_1676279137834\"><div class=\"wpb_wrapper\"><div class=\"vc_empty_space\"   style=\"height: 120px\"><span class=\"vc_empty_space_inner\"><\/span><\/div>\n\t<div class=\"wpb_text_column wpb_content_element  vc_custom_1676279099784\" >\n\t\t<div class=\"wpb_wrapper\">\n\t\t\t<h1><span style=\"color: #ffffff;\">Palets Badalona<\/span><\/h1>\n\n\t\t<\/div>\n\t<\/div>\n<\/div><\/div><\/div><\/div><div class=\"vc_row-full-width vc_clearfix\"><\/div><div class=\"vc_row wpb_row vc_row-fluid\"><div class=\"wpb_column vc_column_container vc_col-sm-12\"><div class=\"vc_column-inner\"><div class=\"wpb_wrapper\"><div class=\"vc_empty_space\"   style=\"height: 32px\"><span class=\"vc_empty_space_inner\"><\/span><\/div><\/div><\/div><\/div><\/div><div class=\"vc_row wpb_row vc_row-fluid vc_column-gap-35\"><div class=\"wpb_column vc_column_container vc_col-sm-6\"><div class=\"vc_column-inner\"><div class=\"wpb_wrapper\">\n\t<div class=\"wpb_text_column wpb_content_element\" >\n\t\t<div class=\"wpb_wrapper\">\n\t\t\t<div class=\"wpb_text_column wpb_content_element texto\">\n<div class=\"wpb_wrapper\">\n<p style=\"text-align: justify;\">Si est\u00e0s buscant una empresa especialitzada en\u00a0<strong>Palets\u00a0<\/strong>a<strong>\u00a0Badalona<\/strong>\u00a0no dubtis en posar-te en contacte amb nosaltres, perqu\u00e8 a Reciclajes Moa t&#039;oferim un servei completament especialitzat en la fabricaci\u00f3, desenvolupament, instal\u00b7laci\u00f3, manteniment, reparaci\u00f3 i reciclatge de\u00a0<strong>palets<\/strong>\u00a0a\u00a0<strong>Badalona<\/strong>.<\/p>\n<p style=\"text-align: justify;\">Presentem un ampli i variat cat\u00e0leg de palets de fusta, perqu\u00e8 pugueu triar l&#039;opci\u00f3 que m\u00e9s s&#039;ajusti a les vostres necessitats, des d&#039;opcions m\u00e9s convencionals com el palet europeu o el palet americ\u00e0 i fins al palet CP1, el mig palet o el palet CP 3. De fet, som especialistes en la compra i venda de palets i tamb\u00e9 presentem l&#039;opci\u00f3 de crear palets de fusta a mida, perqu\u00e8 cada client trobe aquella estructura que m\u00e9s s&#039;ajusti a les seves necessitats, sense haver de limitar-se a una mida, dimensi\u00f3 o caracter\u00edstiques est\u00e0ndard.<\/p>\n<p>A Reciclatges Moa, a m\u00e9s d&#039;oferir tot tipus d&#039;opcions possibles al nostre cat\u00e0leg i opcions fetes a mida, tamb\u00e9 presentem un servei especialitzat en el reciclatge de\u00a0<strong>palets<\/strong>\u00a0a\u00a0<strong>Badalona<\/strong>, amb qu\u00e8 l&#039;empresa pot augmentar el seu comprom\u00eds ambiental i despreocupar-se de la gesti\u00f3 dels residus, ja que nosaltres ens ocupem d&#039;aquest proc\u00e9s d&#039;una manera professional i especialitzada, per reduir la contaminaci\u00f3 i aprofitar, al m\u00e0xim, els recursos.<\/p>\n<\/div>\n<\/div>\n\n\t\t<\/div>\n\t<\/div>\n<div class=\"vc_btn3-container vc_btn3-center\" ><a class=\"vc_general vc_btn3 vc_btn3-size-md vc_btn3-shape-rounded vc_btn3-style-modern vc_btn3-color-warning\" href=\"https:\/\/reciclajesmoa.com\/ca\/contacto\/\" title=\"Contacte\">CONTACTA AMB NOSALTRES<\/a><\/div>\n\t<div class=\"wpb_text_column wpb_content_element\" >\n\t\t<div class=\"wpb_wrapper\">\n\t\t\t<p style=\"text-align: justify;\">A Reciclatges Moa som especialistes i l\u00edders en la ind\u00fastria de\u00a0<strong>Palets<\/strong>\u00a0a\u00a0<strong>Badalona<\/strong>\u00a0ia tota la prov\u00edncia de Barcelona en la compra, venda i reciclatge, de manera que podrem ajudar-te i acompanyar-te des de la compra i fins a la venda dels palets, perqu\u00e8 puguis comptar amb la nostra ajuda i la nostra experi\u00e8ncia en cadascuna de les fases del proc\u00e9s.<\/p>\n<p style=\"text-align: justify;\">El nostre principal objectiu \u00e9s assegurar-nos que la nostra feina \u00e9s de la m\u00e0xima qualitat i que es realitza a m\u00e0 dels millors especialistes a cada camp i volem que tots els nostres clients puguin gaudir dels nostres productes i, per aquest motiu, oferim serveis integrals i fets completament a mida, amb l&#039;objectiu que cada client i cada empresa obtingui els\u00a0<strong>palets<\/strong>\u00a0a\u00a0<strong>Badalona<\/strong>\u00a0que estava buscant.<\/p>\n<p style=\"text-align: justify;\">A Reciclatges Moa, com a empresa de palets, aconseguim fabricar un palet de fusta a mida ajustant-lo a les necessitats dels clients, servim i transportem oferint la m\u00e0xima agilitat ia tota la prov\u00edncia de Barcelona, sempre a preus competitius per assegurar-nos que el servei log\u00edstic sigui rendible i que la qualitat dels productes que fabriquem i servim comptin amb totes les garanties i segueixen la normativa vigent.<\/p>\n<p style=\"text-align: justify;\">Si ho necessiteu, podeu posar-vos en contacte amb nosaltres omplint el formulari de contacte amb les vostres dades i el motiu de la vostra consulta, trucant al 937 197 791 o enviant un correu electr\u00f2nic a\u00a0<a href=\"mailto:info@reciclajesmoa.com\">info@reciclajesmoa.com<\/a><\/p>\n\n\t\t<\/div>\n\t<\/div>\n<\/div><\/div><\/div><div class=\"wpb_column vc_column_container vc_col-sm-6\"><div class=\"vc_column-inner\"><div class=\"wpb_wrapper\">\n\t<div class=\"wpb_text_column wpb_content_element\" >\n\t\t<div class=\"wpb_wrapper\">\n\t\t\t<h2>Contacta amb nosaltres<\/h2>\n\n\t\t<\/div>\n\t<\/div>\n\n\t<div class=\"wpb_text_column wpb_content_element\" >\n\t\t<div class=\"wpb_wrapper\">\n\t\t\t<blockquote>\n<h4><strong>Avinguda Torre d&#039;en Mateu, 86 <\/strong><br \/>\n<strong>08210 Barber\u00e0 del Vall\u00e8s<\/strong><\/h4>\n<h4><strong>937197971 <\/strong><br \/>\n<strong>info@reciclajesmoa.com<\/strong><\/h4>\n<\/blockquote>\n\n\t\t<\/div>\n\t<\/div>\n\n<div class=\"wpcf7 no-js\" id=\"wpcf7-f151-o1\" lang=\"es-ES\" dir=\"ltr\">\n<div class=\"screen-reader-response\"><p role=\"status\" aria-live=\"polite\" aria-atomic=\"true\"><\/p> <ul><\/ul><\/div>\n<form action=\"\/ca\/wp-json\/wp\/v2\/pages\/1556#wpcf7-f151-o1\" method=\"post\" class=\"wpcf7-form init\" aria-label=\"Formulario de contacto\" novalidate=\"novalidate\" data-status=\"init\" data-trp-original-action=\"\/ca\/wp-json\/wp\/v2\/pages\/1556#wpcf7-f151-o1\">\n<div style=\"display: none;\">\n<input type=\"hidden\" name=\"_wpcf7\" value=\"151\" \/>\n<input type=\"hidden\" name=\"_wpcf7_version\" value=\"5.9.2\" \/>\n<input type=\"hidden\" name=\"_wpcf7_locale\" value=\"es_ES\" \/>\n<input type=\"hidden\" name=\"_wpcf7_unit_tag\" value=\"wpcf7-f151-o1\" \/>\n<input type=\"hidden\" name=\"_wpcf7_container_post\" value=\"0\" \/>\n<input type=\"hidden\" name=\"_wpcf7_posted_data_hash\" value=\"\" \/>\n<input type=\"hidden\" name=\"_wpcf7_recaptcha_response\" value=\"\" \/>\n<\/div>\n<p><label><span class=\"wpcf7-form-control-wrap\" data-name=\"your-name\"><input size=\"40\" class=\"wpcf7-form-control wpcf7-text wpcf7-validates-as-required\" autocomplete=\"name\" aria-required=\"true\" aria-invalid=\"false\" placeholder=\"Nom*\" value=\"\" type=\"text\" name=\"your-name\" \/><\/span><\/label>\n<\/p>\n<p><label><span class=\"wpcf7-form-control-wrap\" data-name=\"your-email\"><input size=\"40\" class=\"wpcf7-form-control wpcf7-email wpcf7-validates-as-required wpcf7-text wpcf7-validates-as-email\" autocomplete=\"email\" aria-required=\"true\" aria-invalid=\"false\" placeholder=\"Email*\" value=\"\" type=\"email\" name=\"your-email\" \/><\/span><\/label>\n<\/p>\n<p><label><span class=\"wpcf7-form-control-wrap\" data-name=\"your-subject\"><input size=\"40\" class=\"wpcf7-form-control wpcf7-tel wpcf7-validates-as-required wpcf7-text wpcf7-validates-as-tel\" aria-required=\"true\" aria-invalid=\"false\" placeholder=\"Tel\u00e8fon*\" value=\"\" type=\"tel\" name=\"your-subject\" \/><\/span><\/label>\n<\/p>\n<p><label><span class=\"wpcf7-form-control-wrap\" data-name=\"your-message\"><textarea cols=\"40\" rows=\"2\" class=\"wpcf7-form-control wpcf7-textarea\" aria-invalid=\"false\" placeholder=\"Missatge (opcional)\" name=\"your-message\"><\/textarea><\/span><\/label>\n<\/p>\n<p><span class=\"wpcf7-form-control-wrap\" data-name=\"checkbox-816\"><span class=\"wpcf7-form-control wpcf7-checkbox wpcf7-validates-as-required\"><span class=\"wpcf7-list-item first last\"><input type=\"checkbox\" name=\"checkbox-816[]\" value=\"He aceptado y he le\u00eddo la\" \/><span class=\"wpcf7-list-item-label\">He acceptat i he llegit la<\/span><\/span><\/span><\/span><a href=\"https:\/\/reciclajesmoa.com\/ca\/aviso-legal-politica-de-privacidad\/\"> pol\u00edtica de privadesa<\/a>.\n<\/p>\n<p><span class=\"wpcf7-form-control-wrap\" data-name=\"checkbox-817\"><span class=\"wpcf7-form-control wpcf7-checkbox wpcf7-validates-as-required\"><span class=\"wpcf7-list-item first last\"><input type=\"checkbox\" name=\"checkbox-817[]\" value=\"Acepto el env\u00edo de informaci\u00f3n.\" \/><span class=\"wpcf7-list-item-label\">Accepto l\u00b4enviament d\u00b4informaci\u00f3.<\/span><\/span><\/span><\/span>\n<\/p>\n<p><input class=\"wpcf7-form-control wpcf7-submit has-spinner\" type=\"submit\" value=\"Enviar\" \/>\n<\/p><div class=\"wpcf7-response-output\" aria-hidden=\"true\"><\/div>\n<input type=\"hidden\" name=\"trp-form-language\" value=\"ca\"\/><\/form>\n<\/div>\n<\/div><\/div><\/div><\/div><div class=\"vc_row wpb_row vc_row-fluid\"><div class=\"wpb_column vc_column_container vc_col-sm-12\"><div class=\"vc_column-inner\"><div class=\"wpb_wrapper\"><div class=\"vc_empty_space\"   style=\"height: 32px\"><span class=\"vc_empty_space_inner\"><\/span><\/div><\/div><\/div><\/div><\/div>\n<\/div>","protected":false},"excerpt":{"rendered":"Palets Badalona Palets Badalona Si est\u00e1s buscando una empresa especializada en\u00a0Palets\u00a0en\u00a0Badalona\u00a0no dudes en ponerte en contacto con nosotros, porque en Reciclajes Moa te ofrecemos un servicio completamente especializado en la fabricaci\u00f3n, desarrollo, instalaci\u00f3n, mantenimiento, reparaci\u00f3n y reciclaje de\u00a0palets\u00a0en\u00a0Badalona. Presentamos un amplio y variado cat\u00e1logo de palets de madera, para que puedas elegir la opci\u00f3n que<a href=\"https:\/\/reciclajesmoa.com\/ca\/palets-badalona-2\/\" class=\"\" rel=\"bookmark\">Llegiu m\u00e9s &raquo;<span class=\"screen-reader-text\">Palets Badalona<\/span><\/a>","protected":false},"author":1,"featured_media":0,"parent":0,"menu_order":0,"comment_status":"closed","ping_status":"closed","template":"","meta":{"neve_meta_sidebar":"","neve_meta_container":"","neve_meta_enable_content_width":"off","neve_meta_content_width":100,"neve_meta_title_alignment":"","neve_meta_author_avatar":"","neve_post_elements_order":"","neve_meta_disable_header":"","neve_meta_disable_footer":"","neve_meta_disable_title":"on","neve_meta_reading_time":"","footnotes":""},"class_list":["post-1556","page","type-page","status-publish","hentry"],"yoast_head":"<!-- This site is optimized with the Yoast SEO plugin v22.2 - https:\/\/yoast.com\/wordpress\/plugins\/seo\/ -->\n<title>Palets Badalona<\/title>\n<meta name=\"description\" content=\"Ofrecemos un servicio en la fabricaci\u00f3n, desarrollo, instalaci\u00f3n, mantenimiento, reparaci\u00f3n y reciclaje de palets en Badalona.\" \/>\n<meta name=\"robots\" content=\"index, follow, max-snippet:-1, max-image-preview:large, max-video-preview:-1\" \/>\n<link rel=\"canonical\" href=\"https:\/\/reciclajesmoa.com\/ca\/palets-badalona-2\/\" \/>\n<meta property=\"og:locale\" content=\"ca_ES\" \/>\n<meta property=\"og:type\" content=\"article\" \/>\n<meta property=\"og:title\" content=\"Palets Badalona\" \/>\n<meta property=\"og:description\" content=\"Ofrecemos un servicio en la fabricaci\u00f3n, desarrollo, instalaci\u00f3n, mantenimiento, reparaci\u00f3n y reciclaje de palets en Badalona.\" \/>\n<meta property=\"og:url\" content=\"https:\/\/reciclajesmoa.com\/ca\/palets-badalona-2\/\" \/>\n<meta property=\"og:site_name\" content=\"Reciclajes Moa - Palets Barcelona\" \/>\n<meta property=\"article:modified_time\" content=\"2024-01-15T11:17:32+00:00\" \/>\n<meta name=\"twitter:card\" content=\"summary_large_image\" \/>\n<meta name=\"twitter:label1\" content=\"Temps estimat de lectura\" \/>\n\t<meta name=\"twitter:data1\" content=\"3 minuts\" \/>\n<script type=\"application\/ld+json\" class=\"yoast-schema-graph\">{\"@context\":\"https:\/\/schema.org\",\"@graph\":[{\"@type\":\"WebPage\",\"@id\":\"https:\/\/reciclajesmoa.com\/palets-badalona-2\/\",\"url\":\"https:\/\/reciclajesmoa.com\/palets-badalona-2\/\",\"name\":\"Palets Badalona\",\"isPartOf\":{\"@id\":\"https:\/\/reciclajesmoa.com\/#website\"},\"datePublished\":\"2023-02-21T08:30:22+00:00\",\"dateModified\":\"2024-01-15T11:17:32+00:00\",\"description\":\"Ofrecemos un servicio en la fabricaci\u00f3n, desarrollo, instalaci\u00f3n, mantenimiento, reparaci\u00f3n y reciclaje de palets en Badalona.\",\"breadcrumb\":{\"@id\":\"https:\/\/reciclajesmoa.com\/palets-badalona-2\/#breadcrumb\"},\"inLanguage\":\"ca\",\"potentialAction\":[{\"@type\":\"ReadAction\",\"target\":[\"https:\/\/reciclajesmoa.com\/palets-badalona-2\/\"]}]},{\"@type\":\"BreadcrumbList\",\"@id\":\"https:\/\/reciclajesmoa.com\/palets-badalona-2\/#breadcrumb\",\"itemListElement\":[{\"@type\":\"ListItem\",\"position\":1,\"name\":\"Portada\",\"item\":\"https:\/\/reciclajesmoa.com\/\"},{\"@type\":\"ListItem\",\"position\":2,\"name\":\"Palets Badalona\"}]},{\"@type\":\"WebSite\",\"@id\":\"https:\/\/reciclajesmoa.com\/#website\",\"url\":\"https:\/\/reciclajesmoa.com\/\",\"name\":\"Reciclajes Moa - Palets Barcelona\",\"description\":\"\",\"potentialAction\":[{\"@type\":\"SearchAction\",\"target\":{\"@type\":\"EntryPoint\",\"urlTemplate\":\"https:\/\/reciclajesmoa.com\/?s={search_term_string}\"},\"query-input\":\"required name=search_term_string\"}],\"inLanguage\":\"ca\"}]}<\/script>\n<!-- \/ Yoast SEO plugin. -->","yoast_head_json":{"title":"Palets Badalona","description":"Ofrecemos un servicio en la fabricaci\u00f3n, desarrollo, instalaci\u00f3n, mantenimiento, reparaci\u00f3n y reciclaje de palets en Badalona.","robots":{"index":"index","follow":"follow","max-snippet":"max-snippet:-1","max-image-preview":"max-image-preview:large","max-video-preview":"max-video-preview:-1"},"canonical":"https:\/\/reciclajesmoa.com\/ca\/palets-badalona-2\/","og_locale":"ca_ES","og_type":"article","og_title":"Palets Badalona","og_description":"Ofrecemos un servicio en la fabricaci\u00f3n, desarrollo, instalaci\u00f3n, mantenimiento, reparaci\u00f3n y reciclaje de palets en Badalona.","og_url":"https:\/\/reciclajesmoa.com\/ca\/palets-badalona-2\/","og_site_name":"Reciclajes Moa - Palets Barcelona","article_modified_time":"2024-01-15T11:17:32+00:00","twitter_card":"summary_large_image","twitter_misc":{"Temps estimat de lectura":"3 minuts"},"schema":{"@context":"https:\/\/schema.org","@graph":[{"@type":"WebPage","@id":"https:\/\/reciclajesmoa.com\/palets-badalona-2\/","url":"https:\/\/reciclajesmoa.com\/palets-badalona-2\/","name":"Palets Badalona","isPartOf":{"@id":"https:\/\/reciclajesmoa.com\/#website"},"datePublished":"2023-02-21T08:30:22+00:00","dateModified":"2024-01-15T11:17:32+00:00","description":"Ofrecemos un servicio en la fabricaci\u00f3n, desarrollo, instalaci\u00f3n, mantenimiento, reparaci\u00f3n y reciclaje de palets en Badalona.","breadcrumb":{"@id":"https:\/\/reciclajesmoa.com\/palets-badalona-2\/#breadcrumb"},"inLanguage":"ca","potentialAction":[{"@type":"ReadAction","target":["https:\/\/reciclajesmoa.com\/palets-badalona-2\/"]}]},{"@type":"BreadcrumbList","@id":"https:\/\/reciclajesmoa.com\/palets-badalona-2\/#breadcrumb","itemListElement":[{"@type":"ListItem","position":1,"name":"Portada","item":"https:\/\/reciclajesmoa.com\/"},{"@type":"ListItem","position":2,"name":"Palets Badalona"}]},{"@type":"WebSite","@id":"https:\/\/reciclajesmoa.com\/#website","url":"https:\/\/reciclajesmoa.com\/","name":"Reciclajes Moa - Palets Barcelona","description":"","potentialAction":[{"@type":"SearchAction","target":{"@type":"EntryPoint","urlTemplate":"https:\/\/reciclajesmoa.com\/?s={search_term_string}"},"query-input":"required name=search_term_string"}],"inLanguage":"ca"}]}},"_links":{"self":[{"href":"https:\/\/reciclajesmoa.com\/ca\/wp-json\/wp\/v2\/pages\/1556","targetHints":{"allow":["GET"]}}],"collection":[{"href":"https:\/\/reciclajesmoa.com\/ca\/wp-json\/wp\/v2\/pages"}],"about":[{"href":"https:\/\/reciclajesmoa.com\/ca\/wp-json\/wp\/v2\/types\/page"}],"author":[{"embeddable":true,"href":"https:\/\/reciclajesmoa.com\/ca\/wp-json\/wp\/v2\/users\/1"}],"replies":[{"embeddable":true,"href":"https:\/\/reciclajesmoa.com\/ca\/wp-json\/wp\/v2\/comments?post=1556"}],"version-history":[{"count":2,"href":"https:\/\/reciclajesmoa.com\/ca\/wp-json\/wp\/v2\/pages\/1556\/revisions"}],"predecessor-version":[{"id":1897,"href":"https:\/\/reciclajesmoa.com\/ca\/wp-json\/wp\/v2\/pages\/1556\/revisions\/1897"}],"wp:attachment":[{"href":"https:\/\/reciclajesmoa.com\/ca\/wp-json\/wp\/v2\/media?parent=1556"}],"curies":[{"name":"wp","href":"https:\/\/api.w.org\/{rel}","templated":true}]}}