{"id":2168,"date":"2024-05-30T13:07:42","date_gmt":"2024-05-30T13:07:42","guid":{"rendered":"https:\/\/reciclajesmoa.com\/?page_id=2168"},"modified":"2024-06-04T06:19:35","modified_gmt":"2024-06-04T06:19:35","slug":"venta-palets-castellar-del-valles","status":"publish","type":"page","link":"https:\/\/reciclajesmoa.com\/ca\/palets\/venta-palets-castellar-del-valles\/","title":{"rendered":"Venta Palets Castellar del Vall\u00e8s"},"content":{"rendered":"<div class=\"wpb-content-wrapper\"><div data-vc-full-width=\"true\" data-vc-full-width-init=\"false\" data-vc-stretch-content=\"true\" data-vc-parallax=\"1.5\" data-vc-parallax-image=\"https:\/\/reciclajesmoa.com\/wp-content\/uploads\/2023\/02\/cabecera-reciclajes-moa.jpg\" class=\"vc_row wpb_row vc_row-fluid vc_row-has-fill vc_general vc_parallax vc_parallax-content-moving\"><div class=\"wpb_column vc_column_container vc_col-sm-12 vc_hidden-sm vc_hidden-xs vc_col-has-fill\"><div class=\"vc_column-inner vc_custom_1676279128938\"><div class=\"wpb_wrapper\"><div class=\"vc_empty_space\"   style=\"height: 150px\"><span class=\"vc_empty_space_inner\"><\/span><\/div>\n\t<div class=\"wpb_text_column wpb_content_element  vc_custom_1716899272537\" >\n\t\t<div class=\"wpb_wrapper\">\n\t\t\t<h1><span style=\"color: #ffffff;\">Venta Palets Castellar del Vall\u00e8s<\/span><\/h1>\n\n\t\t<\/div>\n\t<\/div>\n<\/div><\/div><\/div><\/div><div class=\"vc_row-full-width vc_clearfix\"><\/div><div data-vc-full-width=\"true\" data-vc-full-width-init=\"false\" data-vc-stretch-content=\"true\" data-vc-parallax=\"1.5\" data-vc-parallax-image=\"https:\/\/reciclajesmoa.com\/wp-content\/uploads\/2023\/02\/cabecera-reciclajes-moa.jpg\" class=\"vc_row wpb_row vc_row-fluid vc_row-has-fill vc_general vc_parallax vc_parallax-content-moving\"><div class=\"wpb_column vc_column_container vc_col-sm-12 vc_hidden-lg vc_hidden-md vc_col-has-fill\"><div class=\"vc_column-inner vc_custom_1676279137834\"><div class=\"wpb_wrapper\"><div class=\"vc_empty_space\"   style=\"height: 120px\"><span class=\"vc_empty_space_inner\"><\/span><\/div>\n\t<div class=\"wpb_text_column wpb_content_element  vc_custom_1716899279896\" >\n\t\t<div class=\"wpb_wrapper\">\n\t\t\t<h1><span style=\"color: #ffffff;\">Venta Palets Castellar del Vall\u00e8s<\/span><\/h1>\n\n\t\t<\/div>\n\t<\/div>\n<\/div><\/div><\/div><\/div><div class=\"vc_row-full-width vc_clearfix\"><\/div><div class=\"vc_row wpb_row vc_row-fluid\"><div class=\"wpb_column vc_column_container vc_col-sm-12\"><div class=\"vc_column-inner\"><div class=\"wpb_wrapper\"><div class=\"vc_empty_space\"   style=\"height: 32px\"><span class=\"vc_empty_space_inner\"><\/span><\/div><\/div><\/div><\/div><\/div><div class=\"vc_row wpb_row vc_row-fluid vc_column-gap-35\"><div class=\"wpb_column vc_column_container vc_col-sm-6\"><div class=\"vc_column-inner\"><div class=\"wpb_wrapper\">\n\t<div class=\"wpb_text_column wpb_content_element\" >\n\t\t<div class=\"wpb_wrapper\">\n\t\t\t<div class=\"wpb_text_column wpb_content_element texto\">\n<div class=\"wpb_wrapper\">\n<h2>La mejor opci\u00f3n para adquirir palets en Castellar del Vall\u00e8s<\/h2>\n<p>En nuestra empresa, nos especializamos en la <strong>venta palets Castellar del Vall\u00e8s<\/strong>, ofreciendo soluciones de almacenamiento y transporte que se adaptan a las necesidades de diversos sectores industriales y comerciales. Nos comprometemos a proporcionar productos de alta calidad que cumplen con los est\u00e1ndares m\u00e1s rigurosos del mercado.<\/p>\n<h2><img loading=\"lazy\" decoding=\"async\" class=\"alignnone size-full wp-image-2203\" src=\"https:\/\/reciclajesmoa.com\/wp-content\/uploads\/2024\/06\/venta-de-palets-3.png\" alt=\"palets de madera\" width=\"2000\" height=\"1414\" srcset=\"https:\/\/reciclajesmoa.com\/wp-content\/uploads\/2024\/06\/venta-de-palets-3.png 2000w, https:\/\/reciclajesmoa.com\/wp-content\/uploads\/2024\/06\/venta-de-palets-3-300x212.png 300w, https:\/\/reciclajesmoa.com\/wp-content\/uploads\/2024\/06\/venta-de-palets-3-1024x724.png 1024w, https:\/\/reciclajesmoa.com\/wp-content\/uploads\/2024\/06\/venta-de-palets-3-768x543.png 768w, https:\/\/reciclajesmoa.com\/wp-content\/uploads\/2024\/06\/venta-de-palets-3-1536x1086.png 1536w, https:\/\/reciclajesmoa.com\/wp-content\/uploads\/2024\/06\/venta-de-palets-3-18x12.png 18w, https:\/\/reciclajesmoa.com\/wp-content\/uploads\/2024\/06\/venta-de-palets-3-500x354.png 500w, https:\/\/reciclajesmoa.com\/wp-content\/uploads\/2024\/06\/venta-de-palets-3-800x566.png 800w, https:\/\/reciclajesmoa.com\/wp-content\/uploads\/2024\/06\/venta-de-palets-3-1280x905.png 1280w, https:\/\/reciclajesmoa.com\/wp-content\/uploads\/2024\/06\/venta-de-palets-3-1920x1357.png 1920w\" sizes=\"auto, (max-width: 2000px) 100vw, 2000px\" \/><\/h2>\n<h2>Amplia variedad de palets disponibles<\/h2>\n<p>La nostra <strong>venta palets Castellar del Vall\u00e8s<\/strong> incluye una extensa gama de opciones para satisfacer cualquier requerimiento:<\/p>\n<ul>\n<li><strong>Palets de fusta<\/strong>: Reconocidos por su robustez y versatilidad, estos palets son ideales para transportar y almacenar productos pesados.<\/li>\n<li><strong>Palets de pl\u00e1stico<\/strong>: Son ligeros, higi\u00e9nicos y resistentes a la humedad, perfectos para industrias que requieren condiciones sanitarias estrictas.<\/li>\n<li><strong>Palets reciclados<\/strong>: Esta opci\u00f3n sostenible permite reutilizar materiales, contribuyendo a la protecci\u00f3n del medio ambiente y ofreciendo una alternativa econ\u00f3mica.<\/li>\n<\/ul>\n<h2><img loading=\"lazy\" decoding=\"async\" class=\"alignnone size-full wp-image-2204\" src=\"https:\/\/reciclajesmoa.com\/wp-content\/uploads\/2024\/06\/venta-de-palets-4.png\" alt=\"palets de madera apilados\" width=\"2000\" height=\"1414\" srcset=\"https:\/\/reciclajesmoa.com\/wp-content\/uploads\/2024\/06\/venta-de-palets-4.png 2000w, https:\/\/reciclajesmoa.com\/wp-content\/uploads\/2024\/06\/venta-de-palets-4-300x212.png 300w, https:\/\/reciclajesmoa.com\/wp-content\/uploads\/2024\/06\/venta-de-palets-4-1024x724.png 1024w, https:\/\/reciclajesmoa.com\/wp-content\/uploads\/2024\/06\/venta-de-palets-4-768x543.png 768w, https:\/\/reciclajesmoa.com\/wp-content\/uploads\/2024\/06\/venta-de-palets-4-1536x1086.png 1536w, https:\/\/reciclajesmoa.com\/wp-content\/uploads\/2024\/06\/venta-de-palets-4-18x12.png 18w, https:\/\/reciclajesmoa.com\/wp-content\/uploads\/2024\/06\/venta-de-palets-4-500x354.png 500w, https:\/\/reciclajesmoa.com\/wp-content\/uploads\/2024\/06\/venta-de-palets-4-800x566.png 800w, https:\/\/reciclajesmoa.com\/wp-content\/uploads\/2024\/06\/venta-de-palets-4-1280x905.png 1280w, https:\/\/reciclajesmoa.com\/wp-content\/uploads\/2024\/06\/venta-de-palets-4-1920x1357.png 1920w\" sizes=\"auto, (max-width: 2000px) 100vw, 2000px\" \/><\/h2>\n<h2>Ventajas de elegir nuestros palets<\/h2>\n<p>Optar por la <strong>venta palets Castellar del Vall\u00e8s<\/strong> con nosotros asegura m\u00faltiples beneficios. Nuestros palets est\u00e1n fabricados con materiales de la mejor calidad y pasan por controles de calidad rigurosos para garantizar su durabilidad y resistencia. Adem\u00e1s, ofrecemos precios competitivos y un servicio al cliente de primera clase, adapt\u00e1ndonos a las necesidades espec\u00edficas de cada cliente para proporcionar soluciones personalizadas.<\/p>\n<p>&nbsp;<\/p>\n<\/div>\n<div class=\"wpb_wrapper\">\n<h2><img loading=\"lazy\" decoding=\"async\" class=\"alignnone size-full wp-image-2205\" src=\"https:\/\/reciclajesmoa.com\/wp-content\/uploads\/2024\/06\/venta-de-palets-5.png\" alt=\"Palets apilados de diferentes colores\" width=\"2000\" height=\"1414\" srcset=\"https:\/\/reciclajesmoa.com\/wp-content\/uploads\/2024\/06\/venta-de-palets-5.png 2000w, https:\/\/reciclajesmoa.com\/wp-content\/uploads\/2024\/06\/venta-de-palets-5-300x212.png 300w, https:\/\/reciclajesmoa.com\/wp-content\/uploads\/2024\/06\/venta-de-palets-5-1024x724.png 1024w, https:\/\/reciclajesmoa.com\/wp-content\/uploads\/2024\/06\/venta-de-palets-5-768x543.png 768w, https:\/\/reciclajesmoa.com\/wp-content\/uploads\/2024\/06\/venta-de-palets-5-1536x1086.png 1536w, https:\/\/reciclajesmoa.com\/wp-content\/uploads\/2024\/06\/venta-de-palets-5-18x12.png 18w, https:\/\/reciclajesmoa.com\/wp-content\/uploads\/2024\/06\/venta-de-palets-5-500x354.png 500w, https:\/\/reciclajesmoa.com\/wp-content\/uploads\/2024\/06\/venta-de-palets-5-800x566.png 800w, https:\/\/reciclajesmoa.com\/wp-content\/uploads\/2024\/06\/venta-de-palets-5-1280x905.png 1280w, https:\/\/reciclajesmoa.com\/wp-content\/uploads\/2024\/06\/venta-de-palets-5-1920x1357.png 1920w\" sizes=\"auto, (max-width: 2000px) 100vw, 2000px\" \/><\/h2>\n<h2>Servicios adicionales que proporcionamos<\/h2>\n<p>A m\u00e9s de la <strong>venta palets Castellar del Vall\u00e8s<\/strong>, ofrecemos una gama de servicios adicionales para mejorar tu experiencia:<\/p>\n<ul>\n<li><strong>Reparaci\u00f3n de palets<\/strong>: Extendemos la vida \u00fatil de tus palets mediante servicios de reparaci\u00f3n que mantienen su funcionalidad y rendimiento.<\/li>\n<li><strong>Reciclatge de palets<\/strong>: Recogemos y reciclamos tus palets usados, ayud\u00e1ndote a reducir el impacto ambiental y promoviendo pr\u00e1cticas sostenibles.<\/li>\n<li><strong>Entrega r\u00e1pida y eficiente<\/strong>: Aseguramos que tus palets lleguen a tu ubicaci\u00f3n de manera r\u00e1pida y segura, facilitando tus operaciones log\u00edsticas.<\/li>\n<\/ul>\n<h2><img loading=\"lazy\" decoding=\"async\" class=\"alignnone size-full wp-image-2202\" src=\"https:\/\/reciclajesmoa.com\/wp-content\/uploads\/2024\/06\/venta-de-palets-2.png\" alt=\"palets de madera apilados\" width=\"2000\" height=\"1414\" srcset=\"https:\/\/reciclajesmoa.com\/wp-content\/uploads\/2024\/06\/venta-de-palets-2.png 2000w, https:\/\/reciclajesmoa.com\/wp-content\/uploads\/2024\/06\/venta-de-palets-2-300x212.png 300w, https:\/\/reciclajesmoa.com\/wp-content\/uploads\/2024\/06\/venta-de-palets-2-1024x724.png 1024w, https:\/\/reciclajesmoa.com\/wp-content\/uploads\/2024\/06\/venta-de-palets-2-768x543.png 768w, https:\/\/reciclajesmoa.com\/wp-content\/uploads\/2024\/06\/venta-de-palets-2-1536x1086.png 1536w, https:\/\/reciclajesmoa.com\/wp-content\/uploads\/2024\/06\/venta-de-palets-2-18x12.png 18w, https:\/\/reciclajesmoa.com\/wp-content\/uploads\/2024\/06\/venta-de-palets-2-500x354.png 500w, https:\/\/reciclajesmoa.com\/wp-content\/uploads\/2024\/06\/venta-de-palets-2-800x566.png 800w, https:\/\/reciclajesmoa.com\/wp-content\/uploads\/2024\/06\/venta-de-palets-2-1280x905.png 1280w, https:\/\/reciclajesmoa.com\/wp-content\/uploads\/2024\/06\/venta-de-palets-2-1920x1357.png 1920w\" sizes=\"auto, (max-width: 2000px) 100vw, 2000px\" \/><\/h2>\n<h2>C\u00f3mo contactarnos<\/h2>\n<p>Si est\u00e1s interesado en nuestra <strong>venta palets Castellar del Vall\u00e8s<\/strong>, no dudes en ponerte en contacto con nosotros. Nuestro equipo de expertos est\u00e1 listo para asesorarte y ayudarte a encontrar la soluci\u00f3n perfecta para tus necesidades. Ya sea que necesites palets para un proyecto puntual o para el uso diario en tu empresa, estamos aqu\u00ed para ofrecerte productos de alta calidad y un servicio excepcional.<\/p>\n<p>En resumen, la <strong>venta palets Castellar del Vall\u00e8s<\/strong> que ofrecemos es la mejor opci\u00f3n para aquellos que buscan palets de alta calidad a precios competitivos. Nuestro compromiso con la satisfacci\u00f3n del cliente y nuestra capacidad para adaptar nuestras soluciones a tus necesidades espec\u00edficas nos convierten en el proveedor ideal. No esperes m\u00e1s y contacta con nosotros hoy mismo para descubrir c\u00f3mo podemos ayudarte a mejorar tu log\u00edstica y manejo de mercanc\u00edas.<\/p>\n<p><img loading=\"lazy\" decoding=\"async\" class=\"alignnone size-full wp-image-2201\" src=\"https:\/\/reciclajesmoa.com\/wp-content\/uploads\/2024\/06\/venta-de-palets-1.png\" alt=\"palets de madera apilados en nave industrial\" width=\"2000\" height=\"1414\" srcset=\"https:\/\/reciclajesmoa.com\/wp-content\/uploads\/2024\/06\/venta-de-palets-1.png 2000w, https:\/\/reciclajesmoa.com\/wp-content\/uploads\/2024\/06\/venta-de-palets-1-300x212.png 300w, https:\/\/reciclajesmoa.com\/wp-content\/uploads\/2024\/06\/venta-de-palets-1-1024x724.png 1024w, https:\/\/reciclajesmoa.com\/wp-content\/uploads\/2024\/06\/venta-de-palets-1-768x543.png 768w, https:\/\/reciclajesmoa.com\/wp-content\/uploads\/2024\/06\/venta-de-palets-1-1536x1086.png 1536w, https:\/\/reciclajesmoa.com\/wp-content\/uploads\/2024\/06\/venta-de-palets-1-18x12.png 18w, https:\/\/reciclajesmoa.com\/wp-content\/uploads\/2024\/06\/venta-de-palets-1-500x354.png 500w, https:\/\/reciclajesmoa.com\/wp-content\/uploads\/2024\/06\/venta-de-palets-1-800x566.png 800w, https:\/\/reciclajesmoa.com\/wp-content\/uploads\/2024\/06\/venta-de-palets-1-1280x905.png 1280w, https:\/\/reciclajesmoa.com\/wp-content\/uploads\/2024\/06\/venta-de-palets-1-1920x1357.png 1920w\" sizes=\"auto, (max-width: 2000px) 100vw, 2000px\" \/><\/p>\n<\/div>\n<\/div>\n\n\t\t<\/div>\n\t<\/div>\n<div class=\"vc_btn3-container vc_btn3-center\" ><a class=\"vc_general vc_btn3 vc_btn3-size-md vc_btn3-shape-rounded vc_btn3-style-modern vc_btn3-color-warning\" href=\"https:\/\/reciclajesmoa.com\/ca\/contacto\/\" title=\"\">CONTACTA AMB NOSALTRES<\/a><\/div><\/div><\/div><\/div><div class=\"wpb_column vc_column_container vc_col-sm-6\"><div class=\"vc_column-inner\"><div class=\"wpb_wrapper\">\n\t<div class=\"wpb_text_column wpb_content_element\" >\n\t\t<div class=\"wpb_wrapper\">\n\t\t\t<h2>Contacta amb nosaltres<\/h2>\n\n\t\t<\/div>\n\t<\/div>\n\n\t<div class=\"wpb_text_column wpb_content_element\" >\n\t\t<div class=\"wpb_wrapper\">\n\t\t\t<blockquote>\n<h4><strong>Avinguda Torre d&#039;en Mateu, 86 <\/strong><br \/>\n<strong>08210 Barber\u00e0 del Vall\u00e8s<\/strong><\/h4>\n<h4><strong>937197971 <\/strong><br \/>\n<strong>info@reciclajesmoa.com<\/strong><\/h4>\n<\/blockquote>\n\n\t\t<\/div>\n\t<\/div>\n\n<div class=\"wpcf7 no-js\" id=\"wpcf7-f151-o1\" lang=\"es-ES\" dir=\"ltr\">\n<div class=\"screen-reader-response\"><p role=\"status\" aria-live=\"polite\" aria-atomic=\"true\"><\/p> <ul><\/ul><\/div>\n<form action=\"\/ca\/wp-json\/wp\/v2\/pages\/2168#wpcf7-f151-o1\" method=\"post\" class=\"wpcf7-form init\" aria-label=\"Formulario de contacto\" novalidate=\"novalidate\" data-status=\"init\" data-trp-original-action=\"\/ca\/wp-json\/wp\/v2\/pages\/2168#wpcf7-f151-o1\">\n<div style=\"display: none;\">\n<input type=\"hidden\" name=\"_wpcf7\" value=\"151\" \/>\n<input type=\"hidden\" name=\"_wpcf7_version\" value=\"5.9.2\" \/>\n<input type=\"hidden\" name=\"_wpcf7_locale\" value=\"es_ES\" \/>\n<input type=\"hidden\" name=\"_wpcf7_unit_tag\" value=\"wpcf7-f151-o1\" \/>\n<input type=\"hidden\" name=\"_wpcf7_container_post\" value=\"0\" \/>\n<input type=\"hidden\" name=\"_wpcf7_posted_data_hash\" value=\"\" \/>\n<input type=\"hidden\" name=\"_wpcf7_recaptcha_response\" value=\"\" \/>\n<\/div>\n<p><label><span class=\"wpcf7-form-control-wrap\" data-name=\"your-name\"><input size=\"40\" class=\"wpcf7-form-control wpcf7-text wpcf7-validates-as-required\" autocomplete=\"name\" aria-required=\"true\" aria-invalid=\"false\" placeholder=\"Nom*\" value=\"\" type=\"text\" name=\"your-name\" \/><\/span><\/label>\n<\/p>\n<p><label><span class=\"wpcf7-form-control-wrap\" data-name=\"your-email\"><input size=\"40\" class=\"wpcf7-form-control wpcf7-email wpcf7-validates-as-required wpcf7-text wpcf7-validates-as-email\" autocomplete=\"email\" aria-required=\"true\" aria-invalid=\"false\" placeholder=\"Email*\" value=\"\" type=\"email\" name=\"your-email\" \/><\/span><\/label>\n<\/p>\n<p><label><span class=\"wpcf7-form-control-wrap\" data-name=\"your-subject\"><input size=\"40\" class=\"wpcf7-form-control wpcf7-tel wpcf7-validates-as-required wpcf7-text wpcf7-validates-as-tel\" aria-required=\"true\" aria-invalid=\"false\" placeholder=\"Tel\u00e8fon*\" value=\"\" type=\"tel\" name=\"your-subject\" \/><\/span><\/label>\n<\/p>\n<p><label><span class=\"wpcf7-form-control-wrap\" data-name=\"your-message\"><textarea cols=\"40\" rows=\"2\" class=\"wpcf7-form-control wpcf7-textarea\" aria-invalid=\"false\" placeholder=\"Missatge (opcional)\" name=\"your-message\"><\/textarea><\/span><\/label>\n<\/p>\n<p><span class=\"wpcf7-form-control-wrap\" data-name=\"checkbox-816\"><span class=\"wpcf7-form-control wpcf7-checkbox wpcf7-validates-as-required\"><span class=\"wpcf7-list-item first last\"><input type=\"checkbox\" name=\"checkbox-816[]\" value=\"He aceptado y he le\u00eddo la\" \/><span class=\"wpcf7-list-item-label\">He acceptat i he llegit la<\/span><\/span><\/span><\/span><a href=\"https:\/\/reciclajesmoa.com\/ca\/aviso-legal-politica-de-privacidad\/\"> pol\u00edtica de privadesa<\/a>.\n<\/p>\n<p><span class=\"wpcf7-form-control-wrap\" data-name=\"checkbox-817\"><span class=\"wpcf7-form-control wpcf7-checkbox wpcf7-validates-as-required\"><span class=\"wpcf7-list-item first last\"><input type=\"checkbox\" name=\"checkbox-817[]\" value=\"Acepto el env\u00edo de informaci\u00f3n.\" \/><span class=\"wpcf7-list-item-label\">Accepto l\u00b4enviament d\u00b4informaci\u00f3.<\/span><\/span><\/span><\/span>\n<\/p>\n<p><input class=\"wpcf7-form-control wpcf7-submit has-spinner\" type=\"submit\" value=\"Enviar\" \/>\n<\/p><div class=\"wpcf7-response-output\" aria-hidden=\"true\"><\/div>\n<input type=\"hidden\" name=\"trp-form-language\" value=\"ca\"\/><\/form>\n<\/div>\n<\/div><\/div><\/div><\/div><div class=\"vc_row wpb_row vc_row-fluid\"><div class=\"wpb_column vc_column_container vc_col-sm-12\"><div class=\"vc_column-inner\"><div class=\"wpb_wrapper\">\n\t<div class=\"wpb_raw_code wpb_content_element wpb_raw_html\" >\n\t\t<div class=\"wpb_wrapper\">\n\t\t\t<iframe loading=\"lazy\" width=\"100%\" height=\"620\" src=\"https:\/\/www.youtube.com\/embed\/5flGvRNiq44?si=pAADwdMr3avjEwv8\" title=\"YouTube v\u00eddeo player\" frameborder=\"0\" allow=\"accelerometer; autoplay; clipboard-write; encrypted-media; gyroscope; picture-in-picture; web-share\" referrerpolicy=\"strict-origin-when-cross-origin\" allowfullscreen><\/iframe>\n\t\t<\/div>\n\t<\/div>\n<\/div><\/div><\/div><\/div><div class=\"vc_row wpb_row vc_row-fluid\"><div class=\"wpb_column vc_column_container vc_col-sm-12\"><div class=\"vc_column-inner\"><div class=\"wpb_wrapper\"><div class=\"vc_empty_space\"   style=\"height: 32px\"><span class=\"vc_empty_space_inner\"><\/span><\/div><\/div><\/div><\/div><\/div>\n<\/div>","protected":false},"excerpt":{"rendered":"Venta Palets Castellar del Vall\u00e8s Venta Palets Castellar del Vall\u00e8s La mejor opci\u00f3n para adquirir palets en Castellar del Vall\u00e8s En nuestra empresa, nos especializamos en la venta palets Castellar del Vall\u00e8s, ofreciendo soluciones de almacenamiento y transporte que se adaptan a las necesidades de diversos sectores industriales y comerciales. Nos comprometemos a proporcionar productos<a href=\"https:\/\/reciclajesmoa.com\/ca\/palets\/venta-palets-castellar-del-valles\/\" class=\"\" rel=\"bookmark\">Llegiu m\u00e9s &raquo;<span class=\"screen-reader-text\">Venta Palets Castellar del Vall\u00e8s<\/span><\/a>","protected":false},"author":1,"featured_media":0,"parent":2097,"menu_order":0,"comment_status":"closed","ping_status":"closed","template":"","meta":{"neve_meta_sidebar":"","neve_meta_container":"","neve_meta_enable_content_width":"off","neve_meta_content_width":100,"neve_meta_title_alignment":"","neve_meta_author_avatar":"","neve_post_elements_order":"","neve_meta_disable_header":"","neve_meta_disable_footer":"","neve_meta_disable_title":"on","neve_meta_reading_time":"","footnotes":""},"class_list":["post-2168","page","type-page","status-publish","hentry"],"yoast_head":"<!-- This site is optimized with the Yoast SEO plugin v22.2 - https:\/\/yoast.com\/wordpress\/plugins\/seo\/ -->\n<title>Venta Palets Castellar del Vall\u00e8s - Reciclajes Moa - Palets Barcelona<\/title>\n<meta name=\"robots\" content=\"index, follow, max-snippet:-1, max-image-preview:large, max-video-preview:-1\" \/>\n<link rel=\"canonical\" href=\"https:\/\/reciclajesmoa.com\/ca\/palets\/venta-palets-castellar-del-valles\/\" \/>\n<meta property=\"og:locale\" content=\"ca_ES\" \/>\n<meta property=\"og:type\" content=\"article\" \/>\n<meta property=\"og:title\" content=\"Venta Palets Castellar del Vall\u00e8s - Reciclajes Moa - Palets Barcelona\" \/>\n<meta property=\"og:url\" content=\"https:\/\/reciclajesmoa.com\/ca\/palets\/venta-palets-castellar-del-valles\/\" \/>\n<meta property=\"og:site_name\" content=\"Reciclajes Moa - Palets Barcelona\" \/>\n<meta property=\"article:modified_time\" content=\"2024-06-04T06:19:35+00:00\" \/>\n<meta property=\"og:image\" content=\"https:\/\/reciclajesmoa.com\/wp-content\/uploads\/2024\/06\/venta-de-palets-3.png\" \/>\n<meta name=\"twitter:card\" content=\"summary_large_image\" \/>\n<meta name=\"twitter:label1\" content=\"Temps estimat de lectura\" \/>\n\t<meta name=\"twitter:data1\" content=\"3 minuts\" \/>\n<script type=\"application\/ld+json\" class=\"yoast-schema-graph\">{\"@context\":\"https:\/\/schema.org\",\"@graph\":[{\"@type\":\"WebPage\",\"@id\":\"https:\/\/reciclajesmoa.com\/palets\/venta-palets-castellar-del-valles\/\",\"url\":\"https:\/\/reciclajesmoa.com\/palets\/venta-palets-castellar-del-valles\/\",\"name\":\"Venta Palets Castellar del Vall\u00e8s - Reciclajes Moa - Palets Barcelona\",\"isPartOf\":{\"@id\":\"https:\/\/reciclajesmoa.com\/#website\"},\"primaryImageOfPage\":{\"@id\":\"https:\/\/reciclajesmoa.com\/palets\/venta-palets-castellar-del-valles\/#primaryimage\"},\"image\":{\"@id\":\"https:\/\/reciclajesmoa.com\/palets\/venta-palets-castellar-del-valles\/#primaryimage\"},\"thumbnailUrl\":\"https:\/\/reciclajesmoa.com\/wp-content\/uploads\/2024\/06\/venta-de-palets-3.png\",\"datePublished\":\"2024-05-30T13:07:42+00:00\",\"dateModified\":\"2024-06-04T06:19:35+00:00\",\"breadcrumb\":{\"@id\":\"https:\/\/reciclajesmoa.com\/palets\/venta-palets-castellar-del-valles\/#breadcrumb\"},\"inLanguage\":\"ca\",\"potentialAction\":[{\"@type\":\"ReadAction\",\"target\":[\"https:\/\/reciclajesmoa.com\/palets\/venta-palets-castellar-del-valles\/\"]}]},{\"@type\":\"ImageObject\",\"inLanguage\":\"ca\",\"@id\":\"https:\/\/reciclajesmoa.com\/palets\/venta-palets-castellar-del-valles\/#primaryimage\",\"url\":\"https:\/\/reciclajesmoa.com\/wp-content\/uploads\/2024\/06\/venta-de-palets-3.png\",\"contentUrl\":\"https:\/\/reciclajesmoa.com\/wp-content\/uploads\/2024\/06\/venta-de-palets-3.png\",\"width\":2000,\"height\":1414,\"caption\":\"palets de madera\"},{\"@type\":\"BreadcrumbList\",\"@id\":\"https:\/\/reciclajesmoa.com\/palets\/venta-palets-castellar-del-valles\/#breadcrumb\",\"itemListElement\":[{\"@type\":\"ListItem\",\"position\":1,\"name\":\"Portada\",\"item\":\"https:\/\/reciclajesmoa.com\/\"},{\"@type\":\"ListItem\",\"position\":2,\"name\":\"Venta de palets Barcelona\",\"item\":\"https:\/\/reciclajesmoa.com\/palets\/\"},{\"@type\":\"ListItem\",\"position\":3,\"name\":\"Venta Palets Castellar del Vall\u00e8s\"}]},{\"@type\":\"WebSite\",\"@id\":\"https:\/\/reciclajesmoa.com\/#website\",\"url\":\"https:\/\/reciclajesmoa.com\/\",\"name\":\"Reciclajes Moa - Palets Barcelona\",\"description\":\"\",\"potentialAction\":[{\"@type\":\"SearchAction\",\"target\":{\"@type\":\"EntryPoint\",\"urlTemplate\":\"https:\/\/reciclajesmoa.com\/?s={search_term_string}\"},\"query-input\":\"required name=search_term_string\"}],\"inLanguage\":\"ca\"}]}<\/script>\n<!-- \/ Yoast SEO plugin. -->","yoast_head_json":{"title":"Venta Palets Castellar del Vall\u00e8s - Reciclajes Moa - Palets Barcelona","robots":{"index":"index","follow":"follow","max-snippet":"max-snippet:-1","max-image-preview":"max-image-preview:large","max-video-preview":"max-video-preview:-1"},"canonical":"https:\/\/reciclajesmoa.com\/ca\/palets\/venta-palets-castellar-del-valles\/","og_locale":"ca_ES","og_type":"article","og_title":"Venta Palets Castellar del Vall\u00e8s - Reciclajes Moa - Palets Barcelona","og_url":"https:\/\/reciclajesmoa.com\/ca\/palets\/venta-palets-castellar-del-valles\/","og_site_name":"Reciclajes Moa - Palets Barcelona","article_modified_time":"2024-06-04T06:19:35+00:00","og_image":[{"url":"https:\/\/reciclajesmoa.com\/wp-content\/uploads\/2024\/06\/venta-de-palets-3.png"}],"twitter_card":"summary_large_image","twitter_misc":{"Temps estimat de lectura":"3 minuts"},"schema":{"@context":"https:\/\/schema.org","@graph":[{"@type":"WebPage","@id":"https:\/\/reciclajesmoa.com\/palets\/venta-palets-castellar-del-valles\/","url":"https:\/\/reciclajesmoa.com\/palets\/venta-palets-castellar-del-valles\/","name":"Venta Palets Castellar del Vall\u00e8s - Reciclajes Moa - Palets Barcelona","isPartOf":{"@id":"https:\/\/reciclajesmoa.com\/#website"},"primaryImageOfPage":{"@id":"https:\/\/reciclajesmoa.com\/palets\/venta-palets-castellar-del-valles\/#primaryimage"},"image":{"@id":"https:\/\/reciclajesmoa.com\/palets\/venta-palets-castellar-del-valles\/#primaryimage"},"thumbnailUrl":"https:\/\/reciclajesmoa.com\/wp-content\/uploads\/2024\/06\/venta-de-palets-3.png","datePublished":"2024-05-30T13:07:42+00:00","dateModified":"2024-06-04T06:19:35+00:00","breadcrumb":{"@id":"https:\/\/reciclajesmoa.com\/palets\/venta-palets-castellar-del-valles\/#breadcrumb"},"inLanguage":"ca","potentialAction":[{"@type":"ReadAction","target":["https:\/\/reciclajesmoa.com\/palets\/venta-palets-castellar-del-valles\/"]}]},{"@type":"ImageObject","inLanguage":"ca","@id":"https:\/\/reciclajesmoa.com\/palets\/venta-palets-castellar-del-valles\/#primaryimage","url":"https:\/\/reciclajesmoa.com\/wp-content\/uploads\/2024\/06\/venta-de-palets-3.png","contentUrl":"https:\/\/reciclajesmoa.com\/wp-content\/uploads\/2024\/06\/venta-de-palets-3.png","width":2000,"height":1414,"caption":"palets de madera"},{"@type":"BreadcrumbList","@id":"https:\/\/reciclajesmoa.com\/palets\/venta-palets-castellar-del-valles\/#breadcrumb","itemListElement":[{"@type":"ListItem","position":1,"name":"Portada","item":"https:\/\/reciclajesmoa.com\/"},{"@type":"ListItem","position":2,"name":"Venta de palets Barcelona","item":"https:\/\/reciclajesmoa.com\/palets\/"},{"@type":"ListItem","position":3,"name":"Venta Palets Castellar del Vall\u00e8s"}]},{"@type":"WebSite","@id":"https:\/\/reciclajesmoa.com\/#website","url":"https:\/\/reciclajesmoa.com\/","name":"Reciclajes Moa - Palets Barcelona","description":"","potentialAction":[{"@type":"SearchAction","target":{"@type":"EntryPoint","urlTemplate":"https:\/\/reciclajesmoa.com\/?s={search_term_string}"},"query-input":"required name=search_term_string"}],"inLanguage":"ca"}]}},"_links":{"self":[{"href":"https:\/\/reciclajesmoa.com\/ca\/wp-json\/wp\/v2\/pages\/2168","targetHints":{"allow":["GET"]}}],"collection":[{"href":"https:\/\/reciclajesmoa.com\/ca\/wp-json\/wp\/v2\/pages"}],"about":[{"href":"https:\/\/reciclajesmoa.com\/ca\/wp-json\/wp\/v2\/types\/page"}],"author":[{"embeddable":true,"href":"https:\/\/reciclajesmoa.com\/ca\/wp-json\/wp\/v2\/users\/1"}],"replies":[{"embeddable":true,"href":"https:\/\/reciclajesmoa.com\/ca\/wp-json\/wp\/v2\/comments?post=2168"}],"version-history":[{"count":4,"href":"https:\/\/reciclajesmoa.com\/ca\/wp-json\/wp\/v2\/pages\/2168\/revisions"}],"predecessor-version":[{"id":2214,"href":"https:\/\/reciclajesmoa.com\/ca\/wp-json\/wp\/v2\/pages\/2168\/revisions\/2214"}],"up":[{"embeddable":true,"href":"https:\/\/reciclajesmoa.com\/ca\/wp-json\/wp\/v2\/pages\/2097"}],"wp:attachment":[{"href":"https:\/\/reciclajesmoa.com\/ca\/wp-json\/wp\/v2\/media?parent=2168"}],"curies":[{"name":"wp","href":"https:\/\/api.w.org\/{rel}","templated":true}]}}