{"id":2454,"date":"2025-02-13T09:57:48","date_gmt":"2025-02-13T09:57:48","guid":{"rendered":"https:\/\/reciclajesmoa.com\/?page_id=2454"},"modified":"2025-02-13T09:57:48","modified_gmt":"2025-02-13T09:57:48","slug":"compra-venta-de-palets-en-cerdanyola","status":"publish","type":"page","link":"https:\/\/reciclajesmoa.com\/ca\/comprar-palets\/compra-venta-de-palets-en-cerdanyola\/","title":{"rendered":"Compra venta de palets en Cerdanyola"},"content":{"rendered":"<div class=\"wpb-content-wrapper\"><div data-vc-full-width=\"true\" data-vc-full-width-init=\"false\" data-vc-stretch-content=\"true\" data-vc-parallax=\"1.5\" data-vc-parallax-image=\"https:\/\/reciclajesmoa.com\/wp-content\/uploads\/2023\/02\/cabecera-reciclajes-moa.jpg\" class=\"vc_row wpb_row vc_row-fluid vc_row-has-fill vc_general vc_parallax vc_parallax-content-moving\"><div class=\"wpb_column vc_column_container vc_col-sm-12 vc_hidden-sm vc_hidden-xs vc_col-has-fill\"><div class=\"vc_column-inner vc_custom_1676279128938\"><div class=\"wpb_wrapper\"><div class=\"vc_empty_space\"   style=\"height: 150px\"><span class=\"vc_empty_space_inner\"><\/span><\/div>\n\t<div class=\"wpb_text_column wpb_content_element  vc_custom_1739440623521\" >\n\t\t<div class=\"wpb_wrapper\">\n\t\t\t<h1 data-start=\"41\" data-end=\"83\"><span style=\"color: #ffffff;\"><strong data-start=\"43\" data-end=\"83\">Compra venta de palets en Cerdanyola<\/strong><\/span><\/h1>\n\n\t\t<\/div>\n\t<\/div>\n<\/div><\/div><\/div><\/div><div class=\"vc_row-full-width vc_clearfix\"><\/div><div data-vc-full-width=\"true\" data-vc-full-width-init=\"false\" data-vc-stretch-content=\"true\" data-vc-parallax=\"1.5\" data-vc-parallax-image=\"https:\/\/reciclajesmoa.com\/wp-content\/uploads\/2023\/02\/cabecera-reciclajes-moa.jpg\" class=\"vc_row wpb_row vc_row-fluid vc_row-has-fill vc_general vc_parallax vc_parallax-content-moving\"><div class=\"wpb_column vc_column_container vc_col-sm-12 vc_hidden-lg vc_hidden-md vc_col-has-fill\"><div class=\"vc_column-inner vc_custom_1676279137834\"><div class=\"wpb_wrapper\"><div class=\"vc_empty_space\"   style=\"height: 120px\"><span class=\"vc_empty_space_inner\"><\/span><\/div>\n\t<div class=\"wpb_text_column wpb_content_element  vc_custom_1676279099784\" >\n\t\t<div class=\"wpb_wrapper\">\n\t\t\t<h1><span style=\"color: #ffffff;\">Comprar palets a Barcelona<\/span><\/h1>\n\n\t\t<\/div>\n\t<\/div>\n<\/div><\/div><\/div><\/div><div class=\"vc_row-full-width vc_clearfix\"><\/div><div class=\"vc_row wpb_row vc_row-fluid\"><div class=\"wpb_column vc_column_container vc_col-sm-12\"><div class=\"vc_column-inner\"><div class=\"wpb_wrapper\"><div class=\"vc_empty_space\"   style=\"height: 32px\"><span class=\"vc_empty_space_inner\"><\/span><\/div><\/div><\/div><\/div><\/div><div class=\"vc_row wpb_row vc_row-fluid vc_column-gap-35\"><div class=\"wpb_column vc_column_container vc_col-sm-6\"><div class=\"vc_column-inner\"><div class=\"wpb_wrapper\">\n\t<div class=\"wpb_text_column wpb_content_element\" >\n\t\t<div class=\"wpb_wrapper\">\n\t\t\t<div class=\"wpb_text_column wpb_content_element texto\">\n<div class=\"wpb_wrapper\">\n<p data-start=\"85\" data-end=\"394\">A <strong data-start=\"88\" data-end=\"106\">Reciclajes MOA<\/strong>, nos especializamos en la <strong data-start=\"133\" data-end=\"173\">compra venta de palets en Cerdanyola<\/strong>, ofreciendo soluciones eficientes y sostenibles para empresas que buscan optimizar su log\u00edstica. Nuestro objetivo es proporcionar palets de calidad, nuevos y reacondicionados, adaptados a las necesidades de cada cliente.<\/p>\n<\/div>\n<\/div>\n\n\t\t<\/div>\n\t<\/div>\n\n\t<div class=\"wpb_text_column wpb_content_element\" >\n\t\t<div class=\"wpb_wrapper\">\n\t\t\t<div class=\"wpb_text_column wpb_content_element texto\">\n<div class=\"wpb_wrapper\">\n<h2 data-start=\"396\" data-end=\"448\"><strong>Servicios de reciclaje y distribuci\u00f3n de palets<\/strong><\/h2>\n<p data-start=\"450\" data-end=\"803\">Nuestro servicio incluye la recuperaci\u00f3n, reparaci\u00f3n y distribuci\u00f3n de palets de madera, contribuyendo al cuidado del medio ambiente mediante un proceso de reciclaje eficiente. La reutilizaci\u00f3n de palets permite a las empresas reducir costes y minimizar el impacto ambiental, sin comprometer la resistencia y funcionalidad de sus operaciones log\u00edsticas.<\/p>\n<\/div>\n<\/div>\n\n\t\t<\/div>\n\t<\/div>\n<div class=\"vc_btn3-container vc_btn3-center\" ><a class=\"vc_general vc_btn3 vc_btn3-size-md vc_btn3-shape-rounded vc_btn3-style-modern vc_btn3-color-warning\" href=\"https:\/\/reciclajesmoa.com\/ca\/contacto\/\" title=\"\">CONTACTA AMB NOSALTRES<\/a><\/div>\n\t<div class=\"wpb_text_column wpb_content_element\" >\n\t\t<div class=\"wpb_wrapper\">\n\t\t\t<h2 data-start=\"805\" data-end=\"854\"><strong>Venta y suministro de palets de segunda mano<\/strong><\/h2>\n<p data-start=\"856\" data-end=\"1156\">Adem\u00e1s de la venta, en <strong data-start=\"879\" data-end=\"897\">Reciclajes MOA<\/strong> nos encargamos de la compra de palets usados, ofreciendo un proceso r\u00e1pido y eficiente. Evaluamos cada palet para asegurar que cumpla con los est\u00e1ndares necesarios antes de volver a ponerlo en circulaci\u00f3n, garantizando as\u00ed un servicio confiable y de calidad.<\/p>\n<p data-start=\"1158\" data-end=\"1416\">Si buscas un socio de confianza en la <strong data-start=\"1196\" data-end=\"1236\">compra venta de palets en Cerdanyola<\/strong>, conf\u00eda en <strong data-start=\"1248\" data-end=\"1266\">Reciclajes MOA<\/strong> para obtener productos duraderos, precios competitivos y un servicio comprometido con la sostenibilidad. \u00a1Cont\u00e1ctanos hoy mismo para m\u00e1s informaci\u00f3n!<\/p>\n\n\t\t<\/div>\n\t<\/div>\n<\/div><\/div><\/div><div class=\"wpb_column vc_column_container vc_col-sm-6\"><div class=\"vc_column-inner\"><div class=\"wpb_wrapper\">\n\t<div  class=\"wpb_single_image wpb_content_element vc_align_left\">\n\t\t\n\t\t<figure class=\"wpb_wrapper vc_figure\">\n\t\t\t<div class=\"vc_single_image-wrapper   vc_box_border_grey\"><img loading=\"lazy\" decoding=\"async\" width=\"900\" height=\"600\" src=\"https:\/\/reciclajesmoa.com\/wp-content\/uploads\/2024\/11\/venta-de-palets-1.jpg\" class=\"vc_single_image-img attachment-full\" alt=\"\" title=\"venta de palets (1)\" srcset=\"https:\/\/reciclajesmoa.com\/wp-content\/uploads\/2024\/11\/venta-de-palets-1.jpg 900w, https:\/\/reciclajesmoa.com\/wp-content\/uploads\/2024\/11\/venta-de-palets-1-300x200.jpg 300w, https:\/\/reciclajesmoa.com\/wp-content\/uploads\/2024\/11\/venta-de-palets-1-768x512.jpg 768w, https:\/\/reciclajesmoa.com\/wp-content\/uploads\/2024\/11\/venta-de-palets-1-18x12.jpg 18w, https:\/\/reciclajesmoa.com\/wp-content\/uploads\/2024\/11\/venta-de-palets-1-500x333.jpg 500w, https:\/\/reciclajesmoa.com\/wp-content\/uploads\/2024\/11\/venta-de-palets-1-800x533.jpg 800w\" sizes=\"auto, (max-width: 900px) 100vw, 900px\" \/><\/div>\n\t\t<\/figure>\n\t<\/div>\n\n\t<div class=\"wpb_text_column wpb_content_element\" >\n\t\t<div class=\"wpb_wrapper\">\n\t\t\t<h2>Contacta amb nosaltres<\/h2>\n\n\t\t<\/div>\n\t<\/div>\n\n\t<div class=\"wpb_text_column wpb_content_element\" >\n\t\t<div class=\"wpb_wrapper\">\n\t\t\t<blockquote>\n<h4><strong>Avinguda Torre d&#039;en Mateu, 86 <\/strong><br \/>\n<strong>08210 Barber\u00e0 del Vall\u00e8s<\/strong><\/h4>\n<h4><strong>937197971 <\/strong><br \/>\n<strong>info@reciclajesmoa.com<\/strong><\/h4>\n<\/blockquote>\n\n\t\t<\/div>\n\t<\/div>\n\n<div class=\"wpcf7 no-js\" id=\"wpcf7-f151-o1\" lang=\"es-ES\" dir=\"ltr\">\n<div class=\"screen-reader-response\"><p role=\"status\" aria-live=\"polite\" aria-atomic=\"true\"><\/p> <ul><\/ul><\/div>\n<form action=\"\/ca\/wp-json\/wp\/v2\/pages\/2454#wpcf7-f151-o1\" method=\"post\" class=\"wpcf7-form init\" aria-label=\"Formulario de contacto\" novalidate=\"novalidate\" data-status=\"init\" data-trp-original-action=\"\/ca\/wp-json\/wp\/v2\/pages\/2454#wpcf7-f151-o1\">\n<div style=\"display: none;\">\n<input type=\"hidden\" name=\"_wpcf7\" value=\"151\" \/>\n<input type=\"hidden\" name=\"_wpcf7_version\" value=\"5.9.2\" \/>\n<input type=\"hidden\" name=\"_wpcf7_locale\" value=\"es_ES\" \/>\n<input type=\"hidden\" name=\"_wpcf7_unit_tag\" value=\"wpcf7-f151-o1\" \/>\n<input type=\"hidden\" name=\"_wpcf7_container_post\" value=\"0\" \/>\n<input type=\"hidden\" name=\"_wpcf7_posted_data_hash\" value=\"\" \/>\n<input type=\"hidden\" name=\"_wpcf7_recaptcha_response\" value=\"\" \/>\n<\/div>\n<p><label><span class=\"wpcf7-form-control-wrap\" data-name=\"your-name\"><input size=\"40\" class=\"wpcf7-form-control wpcf7-text wpcf7-validates-as-required\" autocomplete=\"name\" aria-required=\"true\" aria-invalid=\"false\" placeholder=\"Nom*\" value=\"\" type=\"text\" name=\"your-name\" \/><\/span><\/label>\n<\/p>\n<p><label><span class=\"wpcf7-form-control-wrap\" data-name=\"your-email\"><input size=\"40\" class=\"wpcf7-form-control wpcf7-email wpcf7-validates-as-required wpcf7-text wpcf7-validates-as-email\" autocomplete=\"email\" aria-required=\"true\" aria-invalid=\"false\" placeholder=\"Email*\" value=\"\" type=\"email\" name=\"your-email\" \/><\/span><\/label>\n<\/p>\n<p><label><span class=\"wpcf7-form-control-wrap\" data-name=\"your-subject\"><input size=\"40\" class=\"wpcf7-form-control wpcf7-tel wpcf7-validates-as-required wpcf7-text wpcf7-validates-as-tel\" aria-required=\"true\" aria-invalid=\"false\" placeholder=\"Tel\u00e8fon*\" value=\"\" type=\"tel\" name=\"your-subject\" \/><\/span><\/label>\n<\/p>\n<p><label><span class=\"wpcf7-form-control-wrap\" data-name=\"your-message\"><textarea cols=\"40\" rows=\"2\" class=\"wpcf7-form-control wpcf7-textarea\" aria-invalid=\"false\" placeholder=\"Missatge (opcional)\" name=\"your-message\"><\/textarea><\/span><\/label>\n<\/p>\n<p><span class=\"wpcf7-form-control-wrap\" data-name=\"checkbox-816\"><span class=\"wpcf7-form-control wpcf7-checkbox wpcf7-validates-as-required\"><span class=\"wpcf7-list-item first last\"><input type=\"checkbox\" name=\"checkbox-816[]\" value=\"He aceptado y he le\u00eddo la\" \/><span class=\"wpcf7-list-item-label\">He acceptat i he llegit la<\/span><\/span><\/span><\/span><a href=\"https:\/\/reciclajesmoa.com\/ca\/aviso-legal-politica-de-privacidad\/\"> pol\u00edtica de privadesa<\/a>.\n<\/p>\n<p><span class=\"wpcf7-form-control-wrap\" data-name=\"checkbox-817\"><span class=\"wpcf7-form-control wpcf7-checkbox wpcf7-validates-as-required\"><span class=\"wpcf7-list-item first last\"><input type=\"checkbox\" name=\"checkbox-817[]\" value=\"Acepto el env\u00edo de informaci\u00f3n.\" \/><span class=\"wpcf7-list-item-label\">Accepto l\u00b4enviament d\u00b4informaci\u00f3.<\/span><\/span><\/span><\/span>\n<\/p>\n<p><input class=\"wpcf7-form-control wpcf7-submit has-spinner\" type=\"submit\" value=\"Enviar\" \/>\n<\/p><div class=\"wpcf7-response-output\" aria-hidden=\"true\"><\/div>\n<input type=\"hidden\" name=\"trp-form-language\" value=\"ca\"\/><\/form>\n<\/div>\n<\/div><\/div><\/div><\/div><div class=\"vc_row wpb_row vc_row-fluid\"><div class=\"wpb_column vc_column_container vc_col-sm-12\"><div class=\"vc_column-inner\"><div class=\"wpb_wrapper\"><div class=\"vc_empty_space\"   style=\"height: 32px\"><span class=\"vc_empty_space_inner\"><\/span><\/div><\/div><\/div><\/div><\/div>\n<\/div>","protected":false},"excerpt":{"rendered":"Compra venta de palets en Cerdanyola Comprar palets en Barcelona En Reciclajes MOA, nos especializamos en la compra venta de palets en Cerdanyola, ofreciendo soluciones eficientes y sostenibles para empresas que buscan optimizar su log\u00edstica. Nuestro objetivo es proporcionar palets de calidad, nuevos y reacondicionados, adaptados a las necesidades de cada cliente. Servicios de reciclaje<a href=\"https:\/\/reciclajesmoa.com\/ca\/comprar-palets\/compra-venta-de-palets-en-cerdanyola\/\" class=\"\" rel=\"bookmark\">Llegiu m\u00e9s &raquo;<span class=\"screen-reader-text\">Compra venta de palets en Cerdanyola<\/span><\/a>","protected":false},"author":1,"featured_media":0,"parent":369,"menu_order":0,"comment_status":"closed","ping_status":"closed","template":"","meta":{"neve_meta_sidebar":"","neve_meta_container":"","neve_meta_enable_content_width":"off","neve_meta_content_width":100,"neve_meta_title_alignment":"","neve_meta_author_avatar":"","neve_post_elements_order":"","neve_meta_disable_header":"","neve_meta_disable_footer":"","neve_meta_disable_title":"on","neve_meta_reading_time":"","footnotes":""},"class_list":["post-2454","page","type-page","status-publish","hentry"],"yoast_head":"<!-- This site is optimized with the Yoast SEO plugin v22.2 - https:\/\/yoast.com\/wordpress\/plugins\/seo\/ -->\n<title>Comprar palets Barcelona<\/title>\n<meta name=\"description\" content=\"Todos los conocimientos necesarios para ayudaros a la hora de comprar palets en Barcelona.\" \/>\n<meta name=\"robots\" content=\"index, follow, max-snippet:-1, max-image-preview:large, max-video-preview:-1\" \/>\n<link rel=\"canonical\" href=\"https:\/\/reciclajesmoa.com\/ca\/comprar-palets\/compra-venta-de-palets-en-cerdanyola\/\" \/>\n<meta property=\"og:locale\" content=\"ca_ES\" \/>\n<meta property=\"og:type\" content=\"article\" \/>\n<meta property=\"og:title\" content=\"Comprar palets Barcelona\" \/>\n<meta property=\"og:description\" content=\"Todos los conocimientos necesarios para ayudaros a la hora de comprar palets en Barcelona.\" \/>\n<meta property=\"og:url\" content=\"https:\/\/reciclajesmoa.com\/ca\/comprar-palets\/compra-venta-de-palets-en-cerdanyola\/\" \/>\n<meta property=\"og:site_name\" content=\"Reciclajes Moa - Palets Barcelona\" \/>\n<meta name=\"twitter:card\" content=\"summary_large_image\" \/>\n<meta name=\"twitter:label1\" content=\"Temps estimat de lectura\" \/>\n\t<meta name=\"twitter:data1\" content=\"2 minuts\" \/>\n<script type=\"application\/ld+json\" class=\"yoast-schema-graph\">{\"@context\":\"https:\/\/schema.org\",\"@graph\":[{\"@type\":\"WebPage\",\"@id\":\"https:\/\/reciclajesmoa.com\/comprar-palets\/compra-venta-de-palets-en-cerdanyola\/\",\"url\":\"https:\/\/reciclajesmoa.com\/comprar-palets\/compra-venta-de-palets-en-cerdanyola\/\",\"name\":\"Comprar palets Barcelona\",\"isPartOf\":{\"@id\":\"https:\/\/reciclajesmoa.com\/#website\"},\"datePublished\":\"2025-02-13T09:57:48+00:00\",\"dateModified\":\"2025-02-13T09:57:48+00:00\",\"description\":\"Todos los conocimientos necesarios para ayudaros a la hora de comprar palets en Barcelona.\",\"breadcrumb\":{\"@id\":\"https:\/\/reciclajesmoa.com\/comprar-palets\/compra-venta-de-palets-en-cerdanyola\/#breadcrumb\"},\"inLanguage\":\"ca\",\"potentialAction\":[{\"@type\":\"ReadAction\",\"target\":[\"https:\/\/reciclajesmoa.com\/comprar-palets\/compra-venta-de-palets-en-cerdanyola\/\"]}]},{\"@type\":\"BreadcrumbList\",\"@id\":\"https:\/\/reciclajesmoa.com\/comprar-palets\/compra-venta-de-palets-en-cerdanyola\/#breadcrumb\",\"itemListElement\":[{\"@type\":\"ListItem\",\"position\":1,\"name\":\"Portada\",\"item\":\"https:\/\/reciclajesmoa.com\/\"},{\"@type\":\"ListItem\",\"position\":2,\"name\":\"Comprar palets\",\"item\":\"https:\/\/reciclajesmoa.com\/comprar-palets\/\"},{\"@type\":\"ListItem\",\"position\":3,\"name\":\"Compra venta de palets en Cerdanyola\"}]},{\"@type\":\"WebSite\",\"@id\":\"https:\/\/reciclajesmoa.com\/#website\",\"url\":\"https:\/\/reciclajesmoa.com\/\",\"name\":\"Reciclajes Moa - Palets Barcelona\",\"description\":\"\",\"potentialAction\":[{\"@type\":\"SearchAction\",\"target\":{\"@type\":\"EntryPoint\",\"urlTemplate\":\"https:\/\/reciclajesmoa.com\/?s={search_term_string}\"},\"query-input\":\"required name=search_term_string\"}],\"inLanguage\":\"ca\"}]}<\/script>\n<!-- \/ Yoast SEO plugin. -->","yoast_head_json":{"title":"Comprar palets Barcelona","description":"Todos los conocimientos necesarios para ayudaros a la hora de comprar palets en Barcelona.","robots":{"index":"index","follow":"follow","max-snippet":"max-snippet:-1","max-image-preview":"max-image-preview:large","max-video-preview":"max-video-preview:-1"},"canonical":"https:\/\/reciclajesmoa.com\/ca\/comprar-palets\/compra-venta-de-palets-en-cerdanyola\/","og_locale":"ca_ES","og_type":"article","og_title":"Comprar palets Barcelona","og_description":"Todos los conocimientos necesarios para ayudaros a la hora de comprar palets en Barcelona.","og_url":"https:\/\/reciclajesmoa.com\/ca\/comprar-palets\/compra-venta-de-palets-en-cerdanyola\/","og_site_name":"Reciclajes Moa - Palets Barcelona","twitter_card":"summary_large_image","twitter_misc":{"Temps estimat de lectura":"2 minuts"},"schema":{"@context":"https:\/\/schema.org","@graph":[{"@type":"WebPage","@id":"https:\/\/reciclajesmoa.com\/comprar-palets\/compra-venta-de-palets-en-cerdanyola\/","url":"https:\/\/reciclajesmoa.com\/comprar-palets\/compra-venta-de-palets-en-cerdanyola\/","name":"Comprar palets Barcelona","isPartOf":{"@id":"https:\/\/reciclajesmoa.com\/#website"},"datePublished":"2025-02-13T09:57:48+00:00","dateModified":"2025-02-13T09:57:48+00:00","description":"Todos los conocimientos necesarios para ayudaros a la hora de comprar palets en Barcelona.","breadcrumb":{"@id":"https:\/\/reciclajesmoa.com\/comprar-palets\/compra-venta-de-palets-en-cerdanyola\/#breadcrumb"},"inLanguage":"ca","potentialAction":[{"@type":"ReadAction","target":["https:\/\/reciclajesmoa.com\/comprar-palets\/compra-venta-de-palets-en-cerdanyola\/"]}]},{"@type":"BreadcrumbList","@id":"https:\/\/reciclajesmoa.com\/comprar-palets\/compra-venta-de-palets-en-cerdanyola\/#breadcrumb","itemListElement":[{"@type":"ListItem","position":1,"name":"Portada","item":"https:\/\/reciclajesmoa.com\/"},{"@type":"ListItem","position":2,"name":"Comprar palets","item":"https:\/\/reciclajesmoa.com\/comprar-palets\/"},{"@type":"ListItem","position":3,"name":"Compra venta de palets en Cerdanyola"}]},{"@type":"WebSite","@id":"https:\/\/reciclajesmoa.com\/#website","url":"https:\/\/reciclajesmoa.com\/","name":"Reciclajes Moa - Palets Barcelona","description":"","potentialAction":[{"@type":"SearchAction","target":{"@type":"EntryPoint","urlTemplate":"https:\/\/reciclajesmoa.com\/?s={search_term_string}"},"query-input":"required name=search_term_string"}],"inLanguage":"ca"}]}},"_links":{"self":[{"href":"https:\/\/reciclajesmoa.com\/ca\/wp-json\/wp\/v2\/pages\/2454","targetHints":{"allow":["GET"]}}],"collection":[{"href":"https:\/\/reciclajesmoa.com\/ca\/wp-json\/wp\/v2\/pages"}],"about":[{"href":"https:\/\/reciclajesmoa.com\/ca\/wp-json\/wp\/v2\/types\/page"}],"author":[{"embeddable":true,"href":"https:\/\/reciclajesmoa.com\/ca\/wp-json\/wp\/v2\/users\/1"}],"replies":[{"embeddable":true,"href":"https:\/\/reciclajesmoa.com\/ca\/wp-json\/wp\/v2\/comments?post=2454"}],"version-history":[{"count":2,"href":"https:\/\/reciclajesmoa.com\/ca\/wp-json\/wp\/v2\/pages\/2454\/revisions"}],"predecessor-version":[{"id":2461,"href":"https:\/\/reciclajesmoa.com\/ca\/wp-json\/wp\/v2\/pages\/2454\/revisions\/2461"}],"up":[{"embeddable":true,"href":"https:\/\/reciclajesmoa.com\/ca\/wp-json\/wp\/v2\/pages\/369"}],"wp:attachment":[{"href":"https:\/\/reciclajesmoa.com\/ca\/wp-json\/wp\/v2\/media?parent=2454"}],"curies":[{"name":"wp","href":"https:\/\/api.w.org\/{rel}","templated":true}]}}