{"id":34,"date":"2023-02-10T11:47:44","date_gmt":"2023-02-10T11:47:44","guid":{"rendered":"https:\/\/reciclajesmoa.com\/?page_id=34"},"modified":"2024-09-03T08:42:40","modified_gmt":"2024-09-03T08:42:40","slug":"catalogo","status":"publish","type":"page","link":"https:\/\/reciclajesmoa.com\/ca\/catalogo\/","title":{"rendered":"Cat\u00e0leg"},"content":{"rendered":"<div class=\"wpb-content-wrapper\"><div data-vc-full-width=\"true\" data-vc-full-width-init=\"false\" data-vc-stretch-content=\"true\" class=\"vc_row wpb_row vc_row-fluid\"><div class=\"wpb_column vc_column_container vc_col-sm-12 vc_hidden-sm vc_hidden-xs vc_col-has-fill\"><div class=\"vc_column-inner vc_custom_1676279128938\"><div class=\"wpb_wrapper\"><div class=\"vc_empty_space\"   style=\"height: 320px\"><span class=\"vc_empty_space_inner\"><\/span><\/div>\n\t<div class=\"wpb_text_column wpb_content_element  wpb_animate_when_almost_visible wpb_fadeInUp fadeInUp vc_custom_1677498969606\" >\n\t\t<div class=\"wpb_wrapper\">\n\t\t\t<h1><span style=\"color: #ffffff;\">Cat\u00e0leg<\/span><\/h1>\n\n\t\t<\/div>\n\t<\/div>\n<\/div><\/div><\/div><\/div><div class=\"vc_row-full-width vc_clearfix\"><\/div><div class=\"nk-awb  nk-awb-after-vc_row\" ><div class=\"nk-awb-wrap\" data-awb-type=\"video\" data-awb-image-background-size=\"cover\" data-awb-image-background-position=\"50% 50%\" data-awb-video=\"mp4:https:\/\/reciclajesmoa.com\/wp-content\/uploads\/2023\/02\/CATALOGO-RECICLAJES-MOA-1.mp4\" data-awb-video-start-time=\"0\" data-awb-video-end-time=\"0\" data-awb-video-volume=\"0\" data-awb-video-mobile=\"false\"><div  class=\"nk-awb-inner\"><\/div><\/div><\/div><div data-vc-full-width=\"true\" data-vc-full-width-init=\"false\" data-vc-stretch-content=\"true\" data-vc-parallax=\"1.5\" data-vc-parallax-image=\"https:\/\/reciclajesmoa.com\/wp-content\/uploads\/2023\/02\/CATALOGO.jpg\" class=\"vc_row wpb_row vc_row-fluid vc_row-has-fill vc_general vc_parallax vc_parallax-content-moving\"><div class=\"wpb_column vc_column_container vc_col-sm-12 vc_hidden-lg vc_hidden-md vc_col-has-fill\"><div class=\"vc_column-inner vc_custom_1676279137834\"><div class=\"wpb_wrapper\"><div class=\"vc_empty_space\"   style=\"height: 220px\"><span class=\"vc_empty_space_inner\"><\/span><\/div>\n\t<div class=\"wpb_text_column wpb_content_element  wpb_animate_when_almost_visible wpb_fadeInUp fadeInUp vc_custom_1677498974207\" >\n\t\t<div class=\"wpb_wrapper\">\n\t\t\t<h1><span style=\"color: #ffffff;\">Cat\u00e0leg<\/span><\/h1>\n\n\t\t<\/div>\n\t<\/div>\n<\/div><\/div><\/div><\/div><div class=\"vc_row-full-width vc_clearfix\"><\/div><div class=\"nk-awb  nk-awb-after-vc_row\" ><div class=\"nk-awb-wrap\" data-awb-type=\"video\" data-awb-image-background-size=\"cover\" data-awb-image-background-position=\"50% 50%\" data-awb-video=\"mp4:https:\/\/reciclajesmoa.com\/wp-content\/uploads\/2023\/02\/CATALOGO-RECICLAJES-MOA-1.mp4\" data-awb-video-start-time=\"0\" data-awb-video-end-time=\"0\" data-awb-video-volume=\"0\" data-awb-video-mobile=\"1\"><div  class=\"nk-awb-inner\"><\/div><\/div><\/div><div class=\"vc_row wpb_row vc_row-fluid\"><div class=\"wpb_column vc_column_container vc_col-sm-12\"><div class=\"vc_column-inner\"><div class=\"wpb_wrapper\"><div class=\"vc_empty_space\"   style=\"height: 32px\"><span class=\"vc_empty_space_inner\"><\/span><\/div><\/div><\/div><\/div><\/div><div class=\"vc_row wpb_row vc_row-fluid\"><div class=\"wpb_column vc_column_container vc_col-sm-12\"><div class=\"vc_column-inner\"><div class=\"wpb_wrapper\">\n\t<div class=\"wpb_text_column wpb_content_element  wpb_animate_when_almost_visible wpb_fadeInUp fadeInUp\" >\n\t\t<div class=\"wpb_wrapper\">\n\t\t\t<h2>Descobreix el nostre cat\u00e0leg de palets<\/h2>\n\n\t\t<\/div>\n\t<\/div>\n<\/div><\/div><\/div><\/div><div class=\"vc_row wpb_row vc_row-fluid\"><div class=\"wpb_column vc_column_container vc_col-sm-12\"><div class=\"vc_column-inner\"><div class=\"wpb_wrapper\"><div class=\"vc_empty_space\"   style=\"height: 32px\"><span class=\"vc_empty_space_inner\"><\/span><\/div><\/div><\/div><\/div><\/div><div data-vc-full-width=\"true\" data-vc-full-width-init=\"false\" data-vc-stretch-content=\"true\" class=\"vc_row wpb_row vc_row-fluid wpb_animate_when_almost_visible wpb_fadeInUp fadeInUp vc_column-gap-10\"><div class=\"wpb_column vc_column_container vc_col-sm-3\"><div class=\"vc_column-inner\"><div class=\"wpb_wrapper\">\n\t<div  class=\"wpb_single_image wpb_content_element vc_align_center\">\n\t\t\n\t\t<figure class=\"wpb_wrapper vc_figure\">\n\t\t\t<div class=\"vc_single_image-wrapper   vc_box_border_grey\"><img loading=\"lazy\" decoding=\"async\" width=\"343\" height=\"153\" src=\"https:\/\/reciclajesmoa.com\/wp-content\/uploads\/2023\/02\/medio-palet-600x800-2_1069cd65.png\" class=\"vc_single_image-img attachment-full\" alt=\"medio-palet-600x800-2_1069cd65\" title=\"mitj\u00e0-palet-600x800-2_1069cd65\" srcset=\"https:\/\/reciclajesmoa.com\/wp-content\/uploads\/2023\/02\/medio-palet-600x800-2_1069cd65.png 343w, https:\/\/reciclajesmoa.com\/wp-content\/uploads\/2023\/02\/medio-palet-600x800-2_1069cd65-300x134.png 300w\" sizes=\"auto, (max-width: 343px) 100vw, 343px\" \/><\/div>\n\t\t<\/figure>\n\t<\/div>\n<\/div><\/div><\/div><div class=\"wpb_column vc_column_container vc_col-sm-3\"><div class=\"vc_column-inner\"><div class=\"wpb_wrapper\">\n\t<div  class=\"wpb_single_image wpb_content_element vc_align_center\">\n\t\t\n\t\t<figure class=\"wpb_wrapper vc_figure\">\n\t\t\t<div class=\"vc_single_image-wrapper   vc_box_border_grey\"><img loading=\"lazy\" decoding=\"async\" width=\"347\" height=\"153\" src=\"https:\/\/reciclajesmoa.com\/wp-content\/uploads\/2023\/02\/palet-americano-abierto2.png\" class=\"vc_single_image-img attachment-full\" alt=\"palet-americano-abierto2\" title=\"palet-americ\u00e0-obert2\" srcset=\"https:\/\/reciclajesmoa.com\/wp-content\/uploads\/2023\/02\/palet-americano-abierto2.png 347w, https:\/\/reciclajesmoa.com\/wp-content\/uploads\/2023\/02\/palet-americano-abierto2-300x132.png 300w\" sizes=\"auto, (max-width: 347px) 100vw, 347px\" \/><\/div>\n\t\t<\/figure>\n\t<\/div>\n<\/div><\/div><\/div><div class=\"wpb_column vc_column_container vc_col-sm-3\"><div class=\"vc_column-inner\"><div class=\"wpb_wrapper\">\n\t<div  class=\"wpb_single_image wpb_content_element vc_align_center\">\n\t\t\n\t\t<figure class=\"wpb_wrapper vc_figure\">\n\t\t\t<div class=\"vc_single_image-wrapper   vc_box_border_grey\"><img loading=\"lazy\" decoding=\"async\" width=\"344\" height=\"153\" src=\"https:\/\/reciclajesmoa.com\/wp-content\/uploads\/2023\/02\/palet-americano-perimetral2.png\" class=\"vc_single_image-img attachment-full\" alt=\"palet-americano-perimetral2\" title=\"palet-americ\u00e0-perimetral2\" srcset=\"https:\/\/reciclajesmoa.com\/wp-content\/uploads\/2023\/02\/palet-americano-perimetral2.png 344w, https:\/\/reciclajesmoa.com\/wp-content\/uploads\/2023\/02\/palet-americano-perimetral2-300x133.png 300w\" sizes=\"auto, (max-width: 344px) 100vw, 344px\" \/><\/div>\n\t\t<\/figure>\n\t<\/div>\n<\/div><\/div><\/div><div class=\"wpb_column vc_column_container vc_col-sm-3\"><div class=\"vc_column-inner\"><div class=\"wpb_wrapper\">\n\t<div  class=\"wpb_single_image wpb_content_element vc_align_center\">\n\t\t\n\t\t<figure class=\"wpb_wrapper vc_figure\">\n\t\t\t<div class=\"vc_single_image-wrapper   vc_box_border_grey\"><img loading=\"lazy\" decoding=\"async\" width=\"342\" height=\"154\" src=\"https:\/\/reciclajesmoa.com\/wp-content\/uploads\/2023\/02\/palet-cp1-2.png\" class=\"vc_single_image-img attachment-full\" alt=\"palet-cp1-2\" title=\"palet-cp1-2\" srcset=\"https:\/\/reciclajesmoa.com\/wp-content\/uploads\/2023\/02\/palet-cp1-2.png 342w, https:\/\/reciclajesmoa.com\/wp-content\/uploads\/2023\/02\/palet-cp1-2-300x135.png 300w\" sizes=\"auto, (max-width: 342px) 100vw, 342px\" \/><\/div>\n\t\t<\/figure>\n\t<\/div>\n<\/div><\/div><\/div><\/div><div class=\"vc_row-full-width vc_clearfix\"><\/div><div data-vc-full-width=\"true\" data-vc-full-width-init=\"false\" data-vc-stretch-content=\"true\" class=\"vc_row wpb_row vc_row-fluid wpb_animate_when_almost_visible wpb_fadeInUp fadeInUp vc_column-gap-10\"><div class=\"wpb_column vc_column_container vc_col-sm-3\"><div class=\"vc_column-inner\"><div class=\"wpb_wrapper\">\n\t<div  class=\"wpb_single_image wpb_content_element vc_align_center\">\n\t\t\n\t\t<figure class=\"wpb_wrapper vc_figure\">\n\t\t\t<div class=\"vc_single_image-wrapper   vc_box_border_grey\"><img loading=\"lazy\" decoding=\"async\" width=\"354\" height=\"153\" src=\"https:\/\/reciclajesmoa.com\/wp-content\/uploads\/2023\/02\/palet-cp3-2.png\" class=\"vc_single_image-img attachment-full\" alt=\"palet-cp3-2\" title=\"palet-cp3-2\" srcset=\"https:\/\/reciclajesmoa.com\/wp-content\/uploads\/2023\/02\/palet-cp3-2.png 354w, https:\/\/reciclajesmoa.com\/wp-content\/uploads\/2023\/02\/palet-cp3-2-300x130.png 300w\" sizes=\"auto, (max-width: 354px) 100vw, 354px\" \/><\/div>\n\t\t<\/figure>\n\t<\/div>\n<\/div><\/div><\/div><div class=\"wpb_column vc_column_container vc_col-sm-3\"><div class=\"vc_column-inner\"><div class=\"wpb_wrapper\">\n\t<div  class=\"wpb_single_image wpb_content_element vc_align_center\">\n\t\t\n\t\t<figure class=\"wpb_wrapper vc_figure\">\n\t\t\t<div class=\"vc_single_image-wrapper   vc_box_border_grey\"><img loading=\"lazy\" decoding=\"async\" width=\"343\" height=\"153\" src=\"https:\/\/reciclajesmoa.com\/wp-content\/uploads\/2023\/02\/palet-europeo-2-2.png\" class=\"vc_single_image-img attachment-full\" alt=\"palet-europeo-2-2\" title=\"palet-europeu-2-2\" srcset=\"https:\/\/reciclajesmoa.com\/wp-content\/uploads\/2023\/02\/palet-europeo-2-2.png 343w, https:\/\/reciclajesmoa.com\/wp-content\/uploads\/2023\/02\/palet-europeo-2-2-300x134.png 300w\" sizes=\"auto, (max-width: 343px) 100vw, 343px\" \/><\/div>\n\t\t<\/figure>\n\t<\/div>\n<\/div><\/div><\/div><div class=\"wpb_column vc_column_container vc_col-sm-3\"><div class=\"vc_column-inner\"><div class=\"wpb_wrapper\">\n\t<div  class=\"wpb_single_image wpb_content_element vc_align_center\">\n\t\t\n\t\t<figure class=\"wpb_wrapper vc_figure\">\n\t\t\t<div class=\"vc_single_image-wrapper   vc_box_border_grey\"><img loading=\"lazy\" decoding=\"async\" width=\"351\" height=\"152\" src=\"https:\/\/reciclajesmoa.com\/wp-content\/uploads\/2023\/02\/palet-europeo-3-2.png\" class=\"vc_single_image-img attachment-full\" alt=\"palet-europeo-3-2\" title=\"palet-europeu-3-2\" srcset=\"https:\/\/reciclajesmoa.com\/wp-content\/uploads\/2023\/02\/palet-europeo-3-2.png 351w, https:\/\/reciclajesmoa.com\/wp-content\/uploads\/2023\/02\/palet-europeo-3-2-300x130.png 300w\" sizes=\"auto, (max-width: 351px) 100vw, 351px\" \/><\/div>\n\t\t<\/figure>\n\t<\/div>\n<\/div><\/div><\/div><div class=\"wpb_column vc_column_container vc_col-sm-3\"><div class=\"vc_column-inner\"><div class=\"wpb_wrapper\">\n\t<div  class=\"wpb_single_image wpb_content_element vc_align_center\">\n\t\t\n\t\t<figure class=\"wpb_wrapper vc_figure\">\n\t\t\t<div class=\"vc_single_image-wrapper   vc_box_border_grey\"><img loading=\"lazy\" decoding=\"async\" width=\"349\" height=\"153\" src=\"https:\/\/reciclajesmoa.com\/wp-content\/uploads\/2023\/02\/palet-europeo-blanco2.png\" class=\"vc_single_image-img attachment-full\" alt=\"palet-europeo-blanco2\" title=\"palet-europeu-blanc2\" srcset=\"https:\/\/reciclajesmoa.com\/wp-content\/uploads\/2023\/02\/palet-europeo-blanco2.png 349w, https:\/\/reciclajesmoa.com\/wp-content\/uploads\/2023\/02\/palet-europeo-blanco2-300x132.png 300w\" sizes=\"auto, (max-width: 349px) 100vw, 349px\" \/><\/div>\n\t\t<\/figure>\n\t<\/div>\n<\/div><\/div><\/div><\/div><div class=\"vc_row-full-width vc_clearfix\"><\/div><div data-vc-full-width=\"true\" data-vc-full-width-init=\"false\" data-vc-stretch-content=\"true\" class=\"vc_row wpb_row vc_row-fluid wpb_animate_when_almost_visible wpb_fadeInUp fadeInUp vc_column-gap-10\"><div class=\"wpb_column vc_column_container vc_col-sm-3\"><div class=\"vc_column-inner\"><div class=\"wpb_wrapper\">\n\t<div  class=\"wpb_single_image wpb_content_element vc_align_center\">\n\t\t\n\t\t<figure class=\"wpb_wrapper vc_figure\">\n\t\t\t<div class=\"vc_single_image-wrapper   vc_box_border_grey\"><img loading=\"lazy\" decoding=\"async\" width=\"342\" height=\"154\" src=\"https:\/\/reciclajesmoa.com\/wp-content\/uploads\/2023\/02\/palet-fondo-perdido2.png\" class=\"vc_single_image-img attachment-full\" alt=\"palet-fondo-perdido2\" title=\"palet-fons-perdut2\" srcset=\"https:\/\/reciclajesmoa.com\/wp-content\/uploads\/2023\/02\/palet-fondo-perdido2.png 342w, https:\/\/reciclajesmoa.com\/wp-content\/uploads\/2023\/02\/palet-fondo-perdido2-300x135.png 300w\" sizes=\"auto, (max-width: 342px) 100vw, 342px\" \/><\/div>\n\t\t<\/figure>\n\t<\/div>\n<\/div><\/div><\/div><div class=\"wpb_column vc_column_container vc_col-sm-3\"><div class=\"vc_column-inner\"><div class=\"wpb_wrapper\">\n\t<div  class=\"wpb_single_image wpb_content_element vc_align_center\">\n\t\t\n\t\t<figure class=\"wpb_wrapper vc_figure\">\n\t\t\t<div class=\"vc_single_image-wrapper   vc_box_border_grey\"><img loading=\"lazy\" decoding=\"async\" width=\"348\" height=\"154\" src=\"https:\/\/reciclajesmoa.com\/wp-content\/uploads\/2024\/09\/Palet-Semi-Fuerte-1.png\" class=\"vc_single_image-img attachment-full\" alt=\"\" title=\"Palet Semi Fuerte\" srcset=\"https:\/\/reciclajesmoa.com\/wp-content\/uploads\/2024\/09\/Palet-Semi-Fuerte-1.png 348w, https:\/\/reciclajesmoa.com\/wp-content\/uploads\/2024\/09\/Palet-Semi-Fuerte-1-300x133.png 300w, https:\/\/reciclajesmoa.com\/wp-content\/uploads\/2024\/09\/Palet-Semi-Fuerte-1-18x8.png 18w\" sizes=\"auto, (max-width: 348px) 100vw, 348px\" \/><\/div>\n\t\t<\/figure>\n\t<\/div>\n<\/div><\/div><\/div><div class=\"wpb_column vc_column_container vc_col-sm-3\"><div class=\"vc_column-inner\"><div class=\"wpb_wrapper\"><\/div><\/div><\/div><div class=\"wpb_column vc_column_container vc_col-sm-3\"><div class=\"vc_column-inner\"><div class=\"wpb_wrapper\"><\/div><\/div><\/div><\/div><div class=\"vc_row-full-width vc_clearfix\"><\/div>\n<\/div>","protected":false},"excerpt":{"rendered":"Cat\u00e1logo Cat\u00e1logo Descubre nuestro cat\u00e1logo de palets","protected":false},"author":1,"featured_media":0,"parent":0,"menu_order":0,"comment_status":"closed","ping_status":"closed","template":"","meta":{"neve_meta_sidebar":"","neve_meta_container":"","neve_meta_enable_content_width":"off","neve_meta_content_width":100,"neve_meta_title_alignment":"","neve_meta_author_avatar":"","neve_post_elements_order":"","neve_meta_disable_header":"","neve_meta_disable_footer":"","neve_meta_disable_title":"on","neve_meta_reading_time":"","footnotes":""},"class_list":["post-34","page","type-page","status-publish","hentry"],"yoast_head":"<!-- This site is optimized with the Yoast SEO plugin v22.2 - https:\/\/yoast.com\/wordpress\/plugins\/seo\/ -->\n<title>Cat\u00e1logo - Reciclajes Moa - Palets Barcelona<\/title>\n<meta name=\"description\" content=\"Descubre nuestro cat\u00e1logo de palets.\" \/>\n<meta name=\"robots\" content=\"index, follow, max-snippet:-1, max-image-preview:large, max-video-preview:-1\" \/>\n<link rel=\"canonical\" href=\"https:\/\/reciclajesmoa.com\/ca\/catalogo\/\" \/>\n<meta property=\"og:locale\" content=\"ca_ES\" \/>\n<meta property=\"og:type\" content=\"article\" \/>\n<meta property=\"og:title\" content=\"Cat\u00e1logo - Reciclajes Moa - Palets Barcelona\" \/>\n<meta property=\"og:description\" content=\"Descubre nuestro cat\u00e1logo de palets.\" \/>\n<meta property=\"og:url\" content=\"https:\/\/reciclajesmoa.com\/ca\/catalogo\/\" \/>\n<meta property=\"og:site_name\" content=\"Reciclajes Moa - Palets Barcelona\" \/>\n<meta property=\"article:modified_time\" content=\"2024-09-03T08:42:40+00:00\" \/>\n<meta name=\"twitter:card\" content=\"summary_large_image\" \/>\n<meta name=\"twitter:label1\" content=\"Temps estimat de lectura\" \/>\n\t<meta name=\"twitter:data1\" content=\"3 minuts\" \/>\n<script type=\"application\/ld+json\" class=\"yoast-schema-graph\">{\"@context\":\"https:\/\/schema.org\",\"@graph\":[{\"@type\":\"WebPage\",\"@id\":\"https:\/\/reciclajesmoa.com\/catalogo\/\",\"url\":\"https:\/\/reciclajesmoa.com\/catalogo\/\",\"name\":\"Cat\u00e1logo - Reciclajes Moa - Palets Barcelona\",\"isPartOf\":{\"@id\":\"https:\/\/reciclajesmoa.com\/#website\"},\"datePublished\":\"2023-02-10T11:47:44+00:00\",\"dateModified\":\"2024-09-03T08:42:40+00:00\",\"description\":\"Descubre nuestro cat\u00e1logo de palets.\",\"breadcrumb\":{\"@id\":\"https:\/\/reciclajesmoa.com\/catalogo\/#breadcrumb\"},\"inLanguage\":\"ca\",\"potentialAction\":[{\"@type\":\"ReadAction\",\"target\":[\"https:\/\/reciclajesmoa.com\/catalogo\/\"]}]},{\"@type\":\"BreadcrumbList\",\"@id\":\"https:\/\/reciclajesmoa.com\/catalogo\/#breadcrumb\",\"itemListElement\":[{\"@type\":\"ListItem\",\"position\":1,\"name\":\"Portada\",\"item\":\"https:\/\/reciclajesmoa.com\/\"},{\"@type\":\"ListItem\",\"position\":2,\"name\":\"Cat\u00e1logo\"}]},{\"@type\":\"WebSite\",\"@id\":\"https:\/\/reciclajesmoa.com\/#website\",\"url\":\"https:\/\/reciclajesmoa.com\/\",\"name\":\"Reciclajes Moa - Palets Barcelona\",\"description\":\"\",\"potentialAction\":[{\"@type\":\"SearchAction\",\"target\":{\"@type\":\"EntryPoint\",\"urlTemplate\":\"https:\/\/reciclajesmoa.com\/?s={search_term_string}\"},\"query-input\":\"required name=search_term_string\"}],\"inLanguage\":\"ca\"}]}<\/script>\n<!-- \/ Yoast SEO plugin. -->","yoast_head_json":{"title":"Cat\u00e1logo - Reciclajes Moa - Palets Barcelona","description":"Descubre nuestro cat\u00e1logo de palets.","robots":{"index":"index","follow":"follow","max-snippet":"max-snippet:-1","max-image-preview":"max-image-preview:large","max-video-preview":"max-video-preview:-1"},"canonical":"https:\/\/reciclajesmoa.com\/ca\/catalogo\/","og_locale":"ca_ES","og_type":"article","og_title":"Cat\u00e1logo - Reciclajes Moa - Palets Barcelona","og_description":"Descubre nuestro cat\u00e1logo de palets.","og_url":"https:\/\/reciclajesmoa.com\/ca\/catalogo\/","og_site_name":"Reciclajes Moa - Palets Barcelona","article_modified_time":"2024-09-03T08:42:40+00:00","twitter_card":"summary_large_image","twitter_misc":{"Temps estimat de lectura":"3 minuts"},"schema":{"@context":"https:\/\/schema.org","@graph":[{"@type":"WebPage","@id":"https:\/\/reciclajesmoa.com\/catalogo\/","url":"https:\/\/reciclajesmoa.com\/catalogo\/","name":"Cat\u00e1logo - Reciclajes Moa - Palets Barcelona","isPartOf":{"@id":"https:\/\/reciclajesmoa.com\/#website"},"datePublished":"2023-02-10T11:47:44+00:00","dateModified":"2024-09-03T08:42:40+00:00","description":"Descubre nuestro cat\u00e1logo de palets.","breadcrumb":{"@id":"https:\/\/reciclajesmoa.com\/catalogo\/#breadcrumb"},"inLanguage":"ca","potentialAction":[{"@type":"ReadAction","target":["https:\/\/reciclajesmoa.com\/catalogo\/"]}]},{"@type":"BreadcrumbList","@id":"https:\/\/reciclajesmoa.com\/catalogo\/#breadcrumb","itemListElement":[{"@type":"ListItem","position":1,"name":"Portada","item":"https:\/\/reciclajesmoa.com\/"},{"@type":"ListItem","position":2,"name":"Cat\u00e1logo"}]},{"@type":"WebSite","@id":"https:\/\/reciclajesmoa.com\/#website","url":"https:\/\/reciclajesmoa.com\/","name":"Reciclajes Moa - Palets Barcelona","description":"","potentialAction":[{"@type":"SearchAction","target":{"@type":"EntryPoint","urlTemplate":"https:\/\/reciclajesmoa.com\/?s={search_term_string}"},"query-input":"required name=search_term_string"}],"inLanguage":"ca"}]}},"_links":{"self":[{"href":"https:\/\/reciclajesmoa.com\/ca\/wp-json\/wp\/v2\/pages\/34","targetHints":{"allow":["GET"]}}],"collection":[{"href":"https:\/\/reciclajesmoa.com\/ca\/wp-json\/wp\/v2\/pages"}],"about":[{"href":"https:\/\/reciclajesmoa.com\/ca\/wp-json\/wp\/v2\/types\/page"}],"author":[{"embeddable":true,"href":"https:\/\/reciclajesmoa.com\/ca\/wp-json\/wp\/v2\/users\/1"}],"replies":[{"embeddable":true,"href":"https:\/\/reciclajesmoa.com\/ca\/wp-json\/wp\/v2\/comments?post=34"}],"version-history":[{"count":5,"href":"https:\/\/reciclajesmoa.com\/ca\/wp-json\/wp\/v2\/pages\/34\/revisions"}],"predecessor-version":[{"id":2337,"href":"https:\/\/reciclajesmoa.com\/ca\/wp-json\/wp\/v2\/pages\/34\/revisions\/2337"}],"wp:attachment":[{"href":"https:\/\/reciclajesmoa.com\/ca\/wp-json\/wp\/v2\/media?parent=34"}],"curies":[{"name":"wp","href":"https:\/\/api.w.org\/{rel}","templated":true}]}}