{"id":359,"date":"2023-02-17T11:42:03","date_gmt":"2023-02-17T11:42:03","guid":{"rendered":"https:\/\/reciclajesmoa.com\/?page_id=359"},"modified":"2024-01-15T09:24:48","modified_gmt":"2024-01-15T09:24:48","slug":"compra-venta-de-palets-montcada","status":"publish","type":"page","link":"https:\/\/reciclajesmoa.com\/ca\/compra-venta-de-palets\/compra-venta-de-palets-montcada\/","title":{"rendered":"Compra venda de palets Montcada"},"content":{"rendered":"<div class=\"wpb-content-wrapper\"><div data-vc-full-width=\"true\" data-vc-full-width-init=\"false\" data-vc-stretch-content=\"true\" data-vc-parallax=\"1.5\" data-vc-parallax-image=\"https:\/\/reciclajesmoa.com\/wp-content\/uploads\/2023\/02\/cabecera-reciclajes-moa.jpg\" class=\"vc_row wpb_row vc_row-fluid vc_row-has-fill vc_general vc_parallax vc_parallax-content-moving\"><div class=\"wpb_column vc_column_container vc_col-sm-12 vc_hidden-sm vc_hidden-xs vc_col-has-fill\"><div class=\"vc_column-inner vc_custom_1676279128938\"><div class=\"wpb_wrapper\"><div class=\"vc_empty_space\"   style=\"height: 150px\"><span class=\"vc_empty_space_inner\"><\/span><\/div>\n\t<div class=\"wpb_text_column wpb_content_element  vc_custom_1676279099784\" >\n\t\t<div class=\"wpb_wrapper\">\n\t\t\t<h1><span style=\"color: #ffffff;\">Compra venda de palets Montcada<\/span><\/h1>\n\n\t\t<\/div>\n\t<\/div>\n<\/div><\/div><\/div><\/div><div class=\"vc_row-full-width vc_clearfix\"><\/div><div data-vc-full-width=\"true\" data-vc-full-width-init=\"false\" data-vc-stretch-content=\"true\" data-vc-parallax=\"1.5\" data-vc-parallax-image=\"https:\/\/reciclajesmoa.com\/wp-content\/uploads\/2023\/02\/cabecera-reciclajes-moa.jpg\" class=\"vc_row wpb_row vc_row-fluid vc_row-has-fill vc_general vc_parallax vc_parallax-content-moving\"><div class=\"wpb_column vc_column_container vc_col-sm-12 vc_hidden-lg vc_hidden-md vc_col-has-fill\"><div class=\"vc_column-inner vc_custom_1676279137834\"><div class=\"wpb_wrapper\"><div class=\"vc_empty_space\"   style=\"height: 120px\"><span class=\"vc_empty_space_inner\"><\/span><\/div>\n\t<div class=\"wpb_text_column wpb_content_element  vc_custom_1676279099784\" >\n\t\t<div class=\"wpb_wrapper\">\n\t\t\t<h1><span style=\"color: #ffffff;\">Compra venda de palets Montcada<\/span><\/h1>\n\n\t\t<\/div>\n\t<\/div>\n<\/div><\/div><\/div><\/div><div class=\"vc_row-full-width vc_clearfix\"><\/div><div class=\"vc_row wpb_row vc_row-fluid\"><div class=\"wpb_column vc_column_container vc_col-sm-12\"><div class=\"vc_column-inner\"><div class=\"wpb_wrapper\"><div class=\"vc_empty_space\"   style=\"height: 32px\"><span class=\"vc_empty_space_inner\"><\/span><\/div><\/div><\/div><\/div><\/div><div class=\"vc_row wpb_row vc_row-fluid vc_column-gap-35\"><div class=\"wpb_column vc_column_container vc_col-sm-6\"><div class=\"vc_column-inner\"><div class=\"wpb_wrapper\">\n\t<div class=\"wpb_text_column wpb_content_element\" >\n\t\t<div class=\"wpb_wrapper\">\n\t\t\t<div class=\"wpb_text_column wpb_content_element texto\">\n<div class=\"wpb_wrapper\">\n<p style=\"text-align: justify;\">Reciclatges Moa, som una gran empresa a la qual ens dediquem principalment a la\u00a0<strong>compra venda de palets a Montcada<\/strong>\u00a0i en moltes ciutats del voltant, encara que, tamb\u00e9 fabriquem nous palets i en fem una adequada gesti\u00f3 per tal que en un futur els puguem vendre novament i puguin ser reutilitzats. D&#039;aquesta manera, aconseguim que en comptes de convertir-se en residus contaminants i molt perjudicials per al medi ambient, es converteixin en un producte reciclat molt respectu\u00f3s amb all\u00f2 que ens envolta.<\/p>\n<p style=\"text-align: justify;\">Per\u00f2 com hem dit, un dels nostres serveis m\u00e9s reeixits s\u00f3n la\u00a0<strong>compra venda<\/strong>\u00a0<strong>de palets a Montcada<\/strong>, ja que, \u00e9s un servei molt \u00fatil, tant per a les persones i les empreses que tenen palets i ja no els necessiten com per a aquelles que necessiten palets nous.<\/p>\n<p style=\"text-align: justify;\">Per exemple, si una empresa vol renovar tots els palets, perqu\u00e8 ha fet reformes al magatzem i en necessita uns amb mides diferents, en comptes de llen\u00e7ar a les escombraries els antics, el que pot fer \u00e9s vendre&#039;ls i aix\u00ed treure&#039;s uns diners per comprar palets nous. El mateix passa amb la gent que els necessita, ja que si compren palets reciclats, estaran estalviant diners ia m\u00e9s col\u00b7laborant amb el medi ambient.<\/p>\n<\/div>\n<\/div>\n\n\t\t<\/div>\n\t<\/div>\n<div class=\"vc_btn3-container vc_btn3-center\" ><a class=\"vc_general vc_btn3 vc_btn3-size-md vc_btn3-shape-rounded vc_btn3-style-modern vc_btn3-color-warning\" href=\"https:\/\/reciclajesmoa.com\/ca\/contacto\/\" title=\"\">CONTACTA AMB NOSALTRES<\/a><\/div>\n\t<div class=\"wpb_text_column wpb_content_element\" >\n\t\t<div class=\"wpb_wrapper\">\n\t\t\t<p style=\"text-align: justify;\">Sense cap mena de dubte, com podreu comprovar, un dels valors que ens caracteritza i ens diferencia de les empreses similars a la nostra, \u00e9s el gran comprom\u00eds que tenim per la cura del medi ambient, ja que coneixem i som conscients del gran problema que existeix avui dia, i hem de posar-hi una soluci\u00f3 r\u00e0pidament, comen\u00e7ant per empreses com la nostra dedicada a la\u00a0<strong>compra venda de palets a Montcada<\/strong>.<\/p>\n<p style=\"text-align: justify;\">Per aquesta ra\u00f3, tamb\u00e9 posem a la disposici\u00f3 dels nostres clients un servei de contenidors, en els quals, poden dipositar qualsevol tipus de residu, que no ha de ser de fusta, sin\u00f3 qualsevol cosa que si la llencem al contenidor normal sense reciclar-la pugui arribar a ser contaminant i perjudicial per al medi ambient, per\u00f2 en canvi, si la dipositem en un dels nostres contenidors, nosaltres ens encarreguem de convertir-los en mat\u00e8ria primera i secund\u00e0ria d&#039;alta qualitat que es pugui reutilitzar per altres persones, fent aix\u00ed una gran feina per al m\u00f3n que ens envolta.<\/p>\n<p style=\"text-align: justify;\">Finalment, tamb\u00e9 volem destacar que a la nostra empresa, Reciclajes Moa, tenim com a principal objectiu la satisfacci\u00f3 de tots els nostres clients, per aquesta ra\u00f3 tots els serveis que oferim, com per exemple el de\u00a0<strong>compra venda de<\/strong>\u00a0<strong>palets a Montcada<\/strong>, estan pensats especialment per oferir el millor resultat, per aix\u00f2, tamb\u00e9 oferim palets totalment personalitzats per a cadascun dels nostres clients, ja que sabem que les necessitats de cadascun d&#039;ells s\u00f3n diferents.<\/p>\n\n\t\t<\/div>\n\t<\/div>\n<\/div><\/div><\/div><div class=\"wpb_column vc_column_container vc_col-sm-6\"><div class=\"vc_column-inner\"><div class=\"wpb_wrapper\">\n\t<div class=\"wpb_text_column wpb_content_element\" >\n\t\t<div class=\"wpb_wrapper\">\n\t\t\t<h2>Contacta amb nosaltres<\/h2>\n\n\t\t<\/div>\n\t<\/div>\n\n\t<div class=\"wpb_text_column wpb_content_element\" >\n\t\t<div class=\"wpb_wrapper\">\n\t\t\t<blockquote>\n<h4><strong>Avinguda Torre d&#039;en Mateu, 86 <\/strong><br \/>\n<strong>08210 Barber\u00e0 del Vall\u00e8s<\/strong><\/h4>\n<h4><strong>937197971 <\/strong><br \/>\n<strong>info@reciclajesmoa.com<\/strong><\/h4>\n<\/blockquote>\n\n\t\t<\/div>\n\t<\/div>\n\n<div class=\"wpcf7 no-js\" id=\"wpcf7-f151-o1\" lang=\"es-ES\" dir=\"ltr\">\n<div class=\"screen-reader-response\"><p role=\"status\" aria-live=\"polite\" aria-atomic=\"true\"><\/p> <ul><\/ul><\/div>\n<form action=\"\/ca\/wp-json\/wp\/v2\/pages\/359#wpcf7-f151-o1\" method=\"post\" class=\"wpcf7-form init\" aria-label=\"Formulario de contacto\" novalidate=\"novalidate\" data-status=\"init\" data-trp-original-action=\"\/ca\/wp-json\/wp\/v2\/pages\/359#wpcf7-f151-o1\">\n<div style=\"display: none;\">\n<input type=\"hidden\" name=\"_wpcf7\" value=\"151\" \/>\n<input type=\"hidden\" name=\"_wpcf7_version\" value=\"5.9.2\" \/>\n<input type=\"hidden\" name=\"_wpcf7_locale\" value=\"es_ES\" \/>\n<input type=\"hidden\" name=\"_wpcf7_unit_tag\" value=\"wpcf7-f151-o1\" \/>\n<input type=\"hidden\" name=\"_wpcf7_container_post\" value=\"0\" \/>\n<input type=\"hidden\" name=\"_wpcf7_posted_data_hash\" value=\"\" \/>\n<input type=\"hidden\" name=\"_wpcf7_recaptcha_response\" value=\"\" \/>\n<\/div>\n<p><label><span class=\"wpcf7-form-control-wrap\" data-name=\"your-name\"><input size=\"40\" class=\"wpcf7-form-control wpcf7-text wpcf7-validates-as-required\" autocomplete=\"name\" aria-required=\"true\" aria-invalid=\"false\" placeholder=\"Nom*\" value=\"\" type=\"text\" name=\"your-name\" \/><\/span><\/label>\n<\/p>\n<p><label><span class=\"wpcf7-form-control-wrap\" data-name=\"your-email\"><input size=\"40\" class=\"wpcf7-form-control wpcf7-email wpcf7-validates-as-required wpcf7-text wpcf7-validates-as-email\" autocomplete=\"email\" aria-required=\"true\" aria-invalid=\"false\" placeholder=\"Email*\" value=\"\" type=\"email\" name=\"your-email\" \/><\/span><\/label>\n<\/p>\n<p><label><span class=\"wpcf7-form-control-wrap\" data-name=\"your-subject\"><input size=\"40\" class=\"wpcf7-form-control wpcf7-tel wpcf7-validates-as-required wpcf7-text wpcf7-validates-as-tel\" aria-required=\"true\" aria-invalid=\"false\" placeholder=\"Tel\u00e8fon*\" value=\"\" type=\"tel\" name=\"your-subject\" \/><\/span><\/label>\n<\/p>\n<p><label><span class=\"wpcf7-form-control-wrap\" data-name=\"your-message\"><textarea cols=\"40\" rows=\"2\" class=\"wpcf7-form-control wpcf7-textarea\" aria-invalid=\"false\" placeholder=\"Missatge (opcional)\" name=\"your-message\"><\/textarea><\/span><\/label>\n<\/p>\n<p><span class=\"wpcf7-form-control-wrap\" data-name=\"checkbox-816\"><span class=\"wpcf7-form-control wpcf7-checkbox wpcf7-validates-as-required\"><span class=\"wpcf7-list-item first last\"><input type=\"checkbox\" name=\"checkbox-816[]\" value=\"He aceptado y he le\u00eddo la\" \/><span class=\"wpcf7-list-item-label\">He acceptat i he llegit la<\/span><\/span><\/span><\/span><a href=\"https:\/\/reciclajesmoa.com\/ca\/aviso-legal-politica-de-privacidad\/\"> pol\u00edtica de privadesa<\/a>.\n<\/p>\n<p><span class=\"wpcf7-form-control-wrap\" data-name=\"checkbox-817\"><span class=\"wpcf7-form-control wpcf7-checkbox wpcf7-validates-as-required\"><span class=\"wpcf7-list-item first last\"><input type=\"checkbox\" name=\"checkbox-817[]\" value=\"Acepto el env\u00edo de informaci\u00f3n.\" \/><span class=\"wpcf7-list-item-label\">Accepto l\u00b4enviament d\u00b4informaci\u00f3.<\/span><\/span><\/span><\/span>\n<\/p>\n<p><input class=\"wpcf7-form-control wpcf7-submit has-spinner\" type=\"submit\" value=\"Enviar\" \/>\n<\/p><div class=\"wpcf7-response-output\" aria-hidden=\"true\"><\/div>\n<input type=\"hidden\" name=\"trp-form-language\" value=\"ca\"\/><\/form>\n<\/div>\n<\/div><\/div><\/div><\/div><div class=\"vc_row wpb_row vc_row-fluid\"><div class=\"wpb_column vc_column_container vc_col-sm-12\"><div class=\"vc_column-inner\"><div class=\"wpb_wrapper\"><div class=\"vc_empty_space\"   style=\"height: 32px\"><span class=\"vc_empty_space_inner\"><\/span><\/div><\/div><\/div><\/div><\/div>\n<\/div>","protected":false},"excerpt":{"rendered":"Compra venta de palets Montcada Compra venta de palets Montcada Reciclajes Moa, somos una gran empresa en la cual nos dedicamos principalmente a la\u00a0compra venta de palets en Montcada\u00a0y en muchas ciudades de alrededor, aunque, tambi\u00e9n fabricamos nuevos palets y hacemos una adecuada gesti\u00f3n de ellos con tal de que en un futuro los podamos<a href=\"https:\/\/reciclajesmoa.com\/ca\/compra-venta-de-palets\/compra-venta-de-palets-montcada\/\" class=\"\" rel=\"bookmark\">Llegiu m\u00e9s &raquo;<span class=\"screen-reader-text\">Compra venda de palets Montcada<\/span><\/a>","protected":false},"author":1,"featured_media":0,"parent":355,"menu_order":0,"comment_status":"closed","ping_status":"closed","template":"","meta":{"neve_meta_sidebar":"","neve_meta_container":"","neve_meta_enable_content_width":"off","neve_meta_content_width":100,"neve_meta_title_alignment":"","neve_meta_author_avatar":"","neve_post_elements_order":"","neve_meta_disable_header":"","neve_meta_disable_footer":"","neve_meta_disable_title":"on","neve_meta_reading_time":"","footnotes":""},"class_list":["post-359","page","type-page","status-publish","hentry"],"yoast_head":"<!-- This site is optimized with the Yoast SEO plugin v22.2 - https:\/\/yoast.com\/wordpress\/plugins\/seo\/ -->\n<title>Compra venta de palets Montcada<\/title>\n<meta name=\"description\" content=\"Somos una gran empresa en la cual nos dedicamos principalmente a la compra venta de palets en Montcada.\" \/>\n<meta name=\"robots\" content=\"index, follow, max-snippet:-1, max-image-preview:large, max-video-preview:-1\" \/>\n<link rel=\"canonical\" href=\"https:\/\/reciclajesmoa.com\/ca\/compra-venta-de-palets\/compra-venta-de-palets-montcada\/\" \/>\n<meta property=\"og:locale\" content=\"ca_ES\" \/>\n<meta property=\"og:type\" content=\"article\" \/>\n<meta property=\"og:title\" content=\"Compra venta de palets Montcada\" \/>\n<meta property=\"og:description\" content=\"Somos una gran empresa en la cual nos dedicamos principalmente a la compra venta de palets en Montcada.\" \/>\n<meta property=\"og:url\" content=\"https:\/\/reciclajesmoa.com\/ca\/compra-venta-de-palets\/compra-venta-de-palets-montcada\/\" \/>\n<meta property=\"og:site_name\" content=\"Reciclajes Moa - Palets Barcelona\" \/>\n<meta property=\"article:modified_time\" content=\"2024-01-15T09:24:48+00:00\" \/>\n<meta name=\"twitter:card\" content=\"summary_large_image\" \/>\n<meta name=\"twitter:label1\" content=\"Temps estimat de lectura\" \/>\n\t<meta name=\"twitter:data1\" content=\"3 minuts\" \/>\n<script type=\"application\/ld+json\" class=\"yoast-schema-graph\">{\"@context\":\"https:\/\/schema.org\",\"@graph\":[{\"@type\":\"WebPage\",\"@id\":\"https:\/\/reciclajesmoa.com\/compra-venta-de-palets\/compra-venta-de-palets-montcada\/\",\"url\":\"https:\/\/reciclajesmoa.com\/compra-venta-de-palets\/compra-venta-de-palets-montcada\/\",\"name\":\"Compra venta de palets Montcada\",\"isPartOf\":{\"@id\":\"https:\/\/reciclajesmoa.com\/#website\"},\"datePublished\":\"2023-02-17T11:42:03+00:00\",\"dateModified\":\"2024-01-15T09:24:48+00:00\",\"description\":\"Somos una gran empresa en la cual nos dedicamos principalmente a la compra venta de palets en Montcada.\",\"breadcrumb\":{\"@id\":\"https:\/\/reciclajesmoa.com\/compra-venta-de-palets\/compra-venta-de-palets-montcada\/#breadcrumb\"},\"inLanguage\":\"ca\",\"potentialAction\":[{\"@type\":\"ReadAction\",\"target\":[\"https:\/\/reciclajesmoa.com\/compra-venta-de-palets\/compra-venta-de-palets-montcada\/\"]}]},{\"@type\":\"BreadcrumbList\",\"@id\":\"https:\/\/reciclajesmoa.com\/compra-venta-de-palets\/compra-venta-de-palets-montcada\/#breadcrumb\",\"itemListElement\":[{\"@type\":\"ListItem\",\"position\":1,\"name\":\"Portada\",\"item\":\"https:\/\/reciclajesmoa.com\/\"},{\"@type\":\"ListItem\",\"position\":2,\"name\":\"Compra venta de palets\",\"item\":\"https:\/\/reciclajesmoa.com\/compra-venta-de-palets\/\"},{\"@type\":\"ListItem\",\"position\":3,\"name\":\"Compra venta de palets Montcada\"}]},{\"@type\":\"WebSite\",\"@id\":\"https:\/\/reciclajesmoa.com\/#website\",\"url\":\"https:\/\/reciclajesmoa.com\/\",\"name\":\"Reciclajes Moa - Palets Barcelona\",\"description\":\"\",\"potentialAction\":[{\"@type\":\"SearchAction\",\"target\":{\"@type\":\"EntryPoint\",\"urlTemplate\":\"https:\/\/reciclajesmoa.com\/?s={search_term_string}\"},\"query-input\":\"required name=search_term_string\"}],\"inLanguage\":\"ca\"}]}<\/script>\n<!-- \/ Yoast SEO plugin. -->","yoast_head_json":{"title":"Compra venta de palets Montcada","description":"Somos una gran empresa en la cual nos dedicamos principalmente a la compra venta de palets en Montcada.","robots":{"index":"index","follow":"follow","max-snippet":"max-snippet:-1","max-image-preview":"max-image-preview:large","max-video-preview":"max-video-preview:-1"},"canonical":"https:\/\/reciclajesmoa.com\/ca\/compra-venta-de-palets\/compra-venta-de-palets-montcada\/","og_locale":"ca_ES","og_type":"article","og_title":"Compra venta de palets Montcada","og_description":"Somos una gran empresa en la cual nos dedicamos principalmente a la compra venta de palets en Montcada.","og_url":"https:\/\/reciclajesmoa.com\/ca\/compra-venta-de-palets\/compra-venta-de-palets-montcada\/","og_site_name":"Reciclajes Moa - Palets Barcelona","article_modified_time":"2024-01-15T09:24:48+00:00","twitter_card":"summary_large_image","twitter_misc":{"Temps estimat de lectura":"3 minuts"},"schema":{"@context":"https:\/\/schema.org","@graph":[{"@type":"WebPage","@id":"https:\/\/reciclajesmoa.com\/compra-venta-de-palets\/compra-venta-de-palets-montcada\/","url":"https:\/\/reciclajesmoa.com\/compra-venta-de-palets\/compra-venta-de-palets-montcada\/","name":"Compra venta de palets Montcada","isPartOf":{"@id":"https:\/\/reciclajesmoa.com\/#website"},"datePublished":"2023-02-17T11:42:03+00:00","dateModified":"2024-01-15T09:24:48+00:00","description":"Somos una gran empresa en la cual nos dedicamos principalmente a la compra venta de palets en Montcada.","breadcrumb":{"@id":"https:\/\/reciclajesmoa.com\/compra-venta-de-palets\/compra-venta-de-palets-montcada\/#breadcrumb"},"inLanguage":"ca","potentialAction":[{"@type":"ReadAction","target":["https:\/\/reciclajesmoa.com\/compra-venta-de-palets\/compra-venta-de-palets-montcada\/"]}]},{"@type":"BreadcrumbList","@id":"https:\/\/reciclajesmoa.com\/compra-venta-de-palets\/compra-venta-de-palets-montcada\/#breadcrumb","itemListElement":[{"@type":"ListItem","position":1,"name":"Portada","item":"https:\/\/reciclajesmoa.com\/"},{"@type":"ListItem","position":2,"name":"Compra venta de palets","item":"https:\/\/reciclajesmoa.com\/compra-venta-de-palets\/"},{"@type":"ListItem","position":3,"name":"Compra venta de palets Montcada"}]},{"@type":"WebSite","@id":"https:\/\/reciclajesmoa.com\/#website","url":"https:\/\/reciclajesmoa.com\/","name":"Reciclajes Moa - Palets Barcelona","description":"","potentialAction":[{"@type":"SearchAction","target":{"@type":"EntryPoint","urlTemplate":"https:\/\/reciclajesmoa.com\/?s={search_term_string}"},"query-input":"required name=search_term_string"}],"inLanguage":"ca"}]}},"_links":{"self":[{"href":"https:\/\/reciclajesmoa.com\/ca\/wp-json\/wp\/v2\/pages\/359","targetHints":{"allow":["GET"]}}],"collection":[{"href":"https:\/\/reciclajesmoa.com\/ca\/wp-json\/wp\/v2\/pages"}],"about":[{"href":"https:\/\/reciclajesmoa.com\/ca\/wp-json\/wp\/v2\/types\/page"}],"author":[{"embeddable":true,"href":"https:\/\/reciclajesmoa.com\/ca\/wp-json\/wp\/v2\/users\/1"}],"replies":[{"embeddable":true,"href":"https:\/\/reciclajesmoa.com\/ca\/wp-json\/wp\/v2\/comments?post=359"}],"version-history":[{"count":2,"href":"https:\/\/reciclajesmoa.com\/ca\/wp-json\/wp\/v2\/pages\/359\/revisions"}],"predecessor-version":[{"id":1869,"href":"https:\/\/reciclajesmoa.com\/ca\/wp-json\/wp\/v2\/pages\/359\/revisions\/1869"}],"up":[{"embeddable":true,"href":"https:\/\/reciclajesmoa.com\/ca\/wp-json\/wp\/v2\/pages\/355"}],"wp:attachment":[{"href":"https:\/\/reciclajesmoa.com\/ca\/wp-json\/wp\/v2\/media?parent=359"}],"curies":[{"name":"wp","href":"https:\/\/api.w.org\/{rel}","templated":true}]}}