{"id":363,"date":"2023-02-17T11:45:11","date_gmt":"2023-02-17T11:45:11","guid":{"rendered":"https:\/\/reciclajesmoa.com\/?page_id=363"},"modified":"2024-01-15T09:29:42","modified_gmt":"2024-01-15T09:29:42","slug":"compra-venta-de-palets-sabadell","status":"publish","type":"page","link":"https:\/\/reciclajesmoa.com\/ca\/compra-venta-de-palets\/compra-venta-de-palets-sabadell\/","title":{"rendered":"Compra venda de palets Sabadell"},"content":{"rendered":"<div class=\"wpb-content-wrapper\"><div data-vc-full-width=\"true\" data-vc-full-width-init=\"false\" data-vc-stretch-content=\"true\" data-vc-parallax=\"1.5\" data-vc-parallax-image=\"https:\/\/reciclajesmoa.com\/wp-content\/uploads\/2023\/02\/cabecera-reciclajes-moa.jpg\" class=\"vc_row wpb_row vc_row-fluid vc_row-has-fill vc_general vc_parallax vc_parallax-content-moving\"><div class=\"wpb_column vc_column_container vc_col-sm-12 vc_hidden-sm vc_hidden-xs vc_col-has-fill\"><div class=\"vc_column-inner vc_custom_1676279128938\"><div class=\"wpb_wrapper\"><div class=\"vc_empty_space\"   style=\"height: 150px\"><span class=\"vc_empty_space_inner\"><\/span><\/div>\n\t<div class=\"wpb_text_column wpb_content_element  vc_custom_1676279099784\" >\n\t\t<div class=\"wpb_wrapper\">\n\t\t\t<h1><span style=\"color: #ffffff;\">Compra venda de palets Sabadell<\/span><\/h1>\n\n\t\t<\/div>\n\t<\/div>\n<\/div><\/div><\/div><\/div><div class=\"vc_row-full-width vc_clearfix\"><\/div><div data-vc-full-width=\"true\" data-vc-full-width-init=\"false\" data-vc-stretch-content=\"true\" data-vc-parallax=\"1.5\" data-vc-parallax-image=\"https:\/\/reciclajesmoa.com\/wp-content\/uploads\/2023\/02\/cabecera-reciclajes-moa.jpg\" class=\"vc_row wpb_row vc_row-fluid vc_row-has-fill vc_general vc_parallax vc_parallax-content-moving\"><div class=\"wpb_column vc_column_container vc_col-sm-12 vc_hidden-lg vc_hidden-md vc_col-has-fill\"><div class=\"vc_column-inner vc_custom_1676279137834\"><div class=\"wpb_wrapper\"><div class=\"vc_empty_space\"   style=\"height: 120px\"><span class=\"vc_empty_space_inner\"><\/span><\/div>\n\t<div class=\"wpb_text_column wpb_content_element  vc_custom_1676279099784\" >\n\t\t<div class=\"wpb_wrapper\">\n\t\t\t<h1><span style=\"color: #ffffff;\">Compra venda de palets Sabadell<\/span><\/h1>\n\n\t\t<\/div>\n\t<\/div>\n<\/div><\/div><\/div><\/div><div class=\"vc_row-full-width vc_clearfix\"><\/div><div class=\"vc_row wpb_row vc_row-fluid\"><div class=\"wpb_column vc_column_container vc_col-sm-12\"><div class=\"vc_column-inner\"><div class=\"wpb_wrapper\"><div class=\"vc_empty_space\"   style=\"height: 32px\"><span class=\"vc_empty_space_inner\"><\/span><\/div><\/div><\/div><\/div><\/div><div class=\"vc_row wpb_row vc_row-fluid vc_column-gap-35\"><div class=\"wpb_column vc_column_container vc_col-sm-6\"><div class=\"vc_column-inner\"><div class=\"wpb_wrapper\">\n\t<div class=\"wpb_text_column wpb_content_element\" >\n\t\t<div class=\"wpb_wrapper\">\n\t\t\t<div class=\"wpb_text_column wpb_content_element texto\">\n<div class=\"wpb_wrapper\">\n<p style=\"text-align: justify;\">La\u00a0<strong>compra i venda de palets a Sabadell<\/strong>\u00a0ia les ciutats del voltant, encara que a primeres no ho pugui semblar, us assegurem que \u00e9s un sector molt ampli i complex, en el qual cal tenir certs coneixements si vols oferir un servei de qualitat, com el que oferim a la nostra empresa, Reciclatges Moa, i aix\u00ed posicionar-te com una empresa l\u00edder en el sector.<\/p>\n<p style=\"text-align: justify;\">A la nostra empresa de\u00a0<strong>compra venda de palets a Sabadell<\/strong>, tenim la gran sort de poder dir que som una daquestes empreses amb gran \u00e8xit, gr\u00e0cies a la gran quantitat de clients satisfets que tenim, per\u00f2 sabem que aix\u00f2 no ha estat gr\u00e0cies a la sort o latzar, sin\u00f3 que \u00e9s producte de lesfor\u00e7 diari de tots i cadascun dels treballadors de la nostra empresa, ja que, han estat seleccionats de forma estrat\u00e8gica, per tal que tinguin tots els coneixements i habilitats necess\u00e0ries, aix\u00ed com que comparteixin els nostres valors i objectius.<\/p>\n<p style=\"text-align: justify;\">Entre els nostres valors, una cosa que defensem \u00e9s la import\u00e0ncia d&#039;oferir una bona relaci\u00f3 qualitat-preu, perqu\u00e8 creiem que oferir una bona qualitat a uns preus coherents i competitius, \u00e9s de vital import\u00e0ncia per assolir l&#039;\u00e8xit, a m\u00e9s, som molt conscients de com \u00e9s d&#039;important la cura i la preservaci\u00f3 del medi ambient, per aquesta ra\u00f3, realitzem els nostres treballs de la manera m\u00e9s neta possible, a m\u00e9s comptem amb processos de gesti\u00f3 de residus.<\/p>\n<\/div>\n<\/div>\n\n\t\t<\/div>\n\t<\/div>\n<div class=\"vc_btn3-container vc_btn3-center\" ><a class=\"vc_general vc_btn3 vc_btn3-size-md vc_btn3-shape-rounded vc_btn3-style-modern vc_btn3-color-warning\" href=\"https:\/\/reciclajesmoa.com\/ca\/contacto\/\" title=\"\">CONTACTA AMB NOSALTRES<\/a><\/div>\n\t<div class=\"wpb_text_column wpb_content_element\" >\n\t\t<div class=\"wpb_wrapper\">\n\t\t\t<p style=\"text-align: justify;\">Sense cap dubte, vetllar per la preservaci\u00f3 del medi ambient, \u00e9s una de les coses que m\u00e9s diferencia la nostra empresa de\u00a0<strong>compra venda de palets a Sabadell<\/strong>, de la resta d&#039;empreses de la nostra compet\u00e8ncia, ja que nosaltres reutilitzem tot tipus de palets, fent-ne de nous que podem vendre a un preu m\u00e9s econ\u00f2mic per\u00f2 que tenen la mateixa qualitat que un palet totalment nou.<\/p>\n<p style=\"text-align: justify;\">A m\u00e9s, com a la nostra empresa de\u00a0<strong>compra venda de palets a Sabadell<\/strong>\u00a0constru\u00efm els palets nosaltres mateixos, a banda d&#039;oferir les mesures convencionals que existeixen avui dia al mercat, tamb\u00e9 en podem oferir alguns que s\u00f3n totalment personalitzats, ja que, pensem que tots i cadascun dels nostres clients, s\u00f3n persones i empreses \u00faniques i diferents entre elles pel que tenen les pr\u00f2pies necessitats, depenent del producte que ofereixin, el lloc on l&#039;emmagatzemen, si l&#039;han de transportar o no, i molts altres factors. Aquest servei no l&#039;ofereixen a totes les empreses, ja que, cal que utilitzem la maquin\u00e0ria m\u00e9s avan\u00e7ada i nova al mercat, aix\u00ed com materials de primera qualitat.<\/p>\n<p style=\"text-align: justify;\">Si voleu saber m\u00e9s sobre el nostre servei de\u00a0<strong>compra venda de palets a Sabadell<\/strong>, o sobre qualsevol dels serveis que oferim, no dubteu en posar-vos en contacte amb nosaltres, ja que estarem encantats de poder-vos ajudar.<\/p>\n\n\t\t<\/div>\n\t<\/div>\n<\/div><\/div><\/div><div class=\"wpb_column vc_column_container vc_col-sm-6\"><div class=\"vc_column-inner\"><div class=\"wpb_wrapper\">\n\t<div class=\"wpb_text_column wpb_content_element\" >\n\t\t<div class=\"wpb_wrapper\">\n\t\t\t<h2>Contacta amb nosaltres<\/h2>\n\n\t\t<\/div>\n\t<\/div>\n\n\t<div class=\"wpb_text_column wpb_content_element\" >\n\t\t<div class=\"wpb_wrapper\">\n\t\t\t<blockquote>\n<h4><strong>Avinguda Torre d&#039;en Mateu, 86 <\/strong><br \/>\n<strong>08210 Barber\u00e0 del Vall\u00e8s<\/strong><\/h4>\n<h4><strong>937197971 <\/strong><br \/>\n<strong>info@reciclajesmoa.com<\/strong><\/h4>\n<\/blockquote>\n\n\t\t<\/div>\n\t<\/div>\n\n<div class=\"wpcf7 no-js\" id=\"wpcf7-f151-o1\" lang=\"es-ES\" dir=\"ltr\">\n<div class=\"screen-reader-response\"><p role=\"status\" aria-live=\"polite\" aria-atomic=\"true\"><\/p> <ul><\/ul><\/div>\n<form action=\"\/ca\/wp-json\/wp\/v2\/pages\/363#wpcf7-f151-o1\" method=\"post\" class=\"wpcf7-form init\" aria-label=\"Formulario de contacto\" novalidate=\"novalidate\" data-status=\"init\" data-trp-original-action=\"\/ca\/wp-json\/wp\/v2\/pages\/363#wpcf7-f151-o1\">\n<div style=\"display: none;\">\n<input type=\"hidden\" name=\"_wpcf7\" value=\"151\" \/>\n<input type=\"hidden\" name=\"_wpcf7_version\" value=\"5.9.2\" \/>\n<input type=\"hidden\" name=\"_wpcf7_locale\" value=\"es_ES\" \/>\n<input type=\"hidden\" name=\"_wpcf7_unit_tag\" value=\"wpcf7-f151-o1\" \/>\n<input type=\"hidden\" name=\"_wpcf7_container_post\" value=\"0\" \/>\n<input type=\"hidden\" name=\"_wpcf7_posted_data_hash\" value=\"\" \/>\n<input type=\"hidden\" name=\"_wpcf7_recaptcha_response\" value=\"\" \/>\n<\/div>\n<p><label><span class=\"wpcf7-form-control-wrap\" data-name=\"your-name\"><input size=\"40\" class=\"wpcf7-form-control wpcf7-text wpcf7-validates-as-required\" autocomplete=\"name\" aria-required=\"true\" aria-invalid=\"false\" placeholder=\"Nom*\" value=\"\" type=\"text\" name=\"your-name\" \/><\/span><\/label>\n<\/p>\n<p><label><span class=\"wpcf7-form-control-wrap\" data-name=\"your-email\"><input size=\"40\" class=\"wpcf7-form-control wpcf7-email wpcf7-validates-as-required wpcf7-text wpcf7-validates-as-email\" autocomplete=\"email\" aria-required=\"true\" aria-invalid=\"false\" placeholder=\"Email*\" value=\"\" type=\"email\" name=\"your-email\" \/><\/span><\/label>\n<\/p>\n<p><label><span class=\"wpcf7-form-control-wrap\" data-name=\"your-subject\"><input size=\"40\" class=\"wpcf7-form-control wpcf7-tel wpcf7-validates-as-required wpcf7-text wpcf7-validates-as-tel\" aria-required=\"true\" aria-invalid=\"false\" placeholder=\"Tel\u00e8fon*\" value=\"\" type=\"tel\" name=\"your-subject\" \/><\/span><\/label>\n<\/p>\n<p><label><span class=\"wpcf7-form-control-wrap\" data-name=\"your-message\"><textarea cols=\"40\" rows=\"2\" class=\"wpcf7-form-control wpcf7-textarea\" aria-invalid=\"false\" placeholder=\"Missatge (opcional)\" name=\"your-message\"><\/textarea><\/span><\/label>\n<\/p>\n<p><span class=\"wpcf7-form-control-wrap\" data-name=\"checkbox-816\"><span class=\"wpcf7-form-control wpcf7-checkbox wpcf7-validates-as-required\"><span class=\"wpcf7-list-item first last\"><input type=\"checkbox\" name=\"checkbox-816[]\" value=\"He aceptado y he le\u00eddo la\" \/><span class=\"wpcf7-list-item-label\">He acceptat i he llegit la<\/span><\/span><\/span><\/span><a href=\"https:\/\/reciclajesmoa.com\/ca\/aviso-legal-politica-de-privacidad\/\"> pol\u00edtica de privadesa<\/a>.\n<\/p>\n<p><span class=\"wpcf7-form-control-wrap\" data-name=\"checkbox-817\"><span class=\"wpcf7-form-control wpcf7-checkbox wpcf7-validates-as-required\"><span class=\"wpcf7-list-item first last\"><input type=\"checkbox\" name=\"checkbox-817[]\" value=\"Acepto el env\u00edo de informaci\u00f3n.\" \/><span class=\"wpcf7-list-item-label\">Accepto l\u00b4enviament d\u00b4informaci\u00f3.<\/span><\/span><\/span><\/span>\n<\/p>\n<p><input class=\"wpcf7-form-control wpcf7-submit has-spinner\" type=\"submit\" value=\"Enviar\" \/>\n<\/p><div class=\"wpcf7-response-output\" aria-hidden=\"true\"><\/div>\n<input type=\"hidden\" name=\"trp-form-language\" value=\"ca\"\/><\/form>\n<\/div>\n<\/div><\/div><\/div><\/div><div class=\"vc_row wpb_row vc_row-fluid\"><div class=\"wpb_column vc_column_container vc_col-sm-12\"><div class=\"vc_column-inner\"><div class=\"wpb_wrapper\"><div class=\"vc_empty_space\"   style=\"height: 32px\"><span class=\"vc_empty_space_inner\"><\/span><\/div><\/div><\/div><\/div><\/div>\n<\/div>","protected":false},"excerpt":{"rendered":"Compra venta de palets Sabadell Compra venta de palets Sabadell La\u00a0compra y venta de palets en Sabadell\u00a0y en las ciudades de alrededor, aunque a primeras no lo pueda parecer, os aseguramos que es un sector muy amplio y complejo, en el cual hay que tener ciertos conocimientos si quieres ofrecer un servicio de calidad, como<a href=\"https:\/\/reciclajesmoa.com\/ca\/compra-venta-de-palets\/compra-venta-de-palets-sabadell\/\" class=\"\" rel=\"bookmark\">Llegiu m\u00e9s &raquo;<span class=\"screen-reader-text\">Compra venda de palets Sabadell<\/span><\/a>","protected":false},"author":1,"featured_media":0,"parent":355,"menu_order":0,"comment_status":"closed","ping_status":"closed","template":"","meta":{"neve_meta_sidebar":"","neve_meta_container":"","neve_meta_enable_content_width":"off","neve_meta_content_width":100,"neve_meta_title_alignment":"","neve_meta_author_avatar":"","neve_post_elements_order":"","neve_meta_disable_header":"","neve_meta_disable_footer":"","neve_meta_disable_title":"on","neve_meta_reading_time":"","footnotes":""},"class_list":["post-363","page","type-page","status-publish","hentry"],"yoast_head":"<!-- This site is optimized with the Yoast SEO plugin v22.2 - https:\/\/yoast.com\/wordpress\/plugins\/seo\/ -->\n<title>Compra venta de palets Sabadell<\/title>\n<meta name=\"description\" content=\"En nuestra empresa de compra venta de palets en Sabadell, somos una empresa con gran \u00e9xito.\" \/>\n<meta name=\"robots\" content=\"index, follow, max-snippet:-1, max-image-preview:large, max-video-preview:-1\" \/>\n<link rel=\"canonical\" href=\"https:\/\/reciclajesmoa.com\/ca\/compra-venta-de-palets\/compra-venta-de-palets-sabadell\/\" \/>\n<meta property=\"og:locale\" content=\"ca_ES\" \/>\n<meta property=\"og:type\" content=\"article\" \/>\n<meta property=\"og:title\" content=\"Compra venta de palets Sabadell\" \/>\n<meta property=\"og:description\" content=\"En nuestra empresa de compra venta de palets en Sabadell, somos una empresa con gran \u00e9xito.\" \/>\n<meta property=\"og:url\" content=\"https:\/\/reciclajesmoa.com\/ca\/compra-venta-de-palets\/compra-venta-de-palets-sabadell\/\" \/>\n<meta property=\"og:site_name\" content=\"Reciclajes Moa - Palets Barcelona\" \/>\n<meta property=\"article:modified_time\" content=\"2024-01-15T09:29:42+00:00\" \/>\n<meta name=\"twitter:card\" content=\"summary_large_image\" \/>\n<meta name=\"twitter:label1\" content=\"Temps estimat de lectura\" \/>\n\t<meta name=\"twitter:data1\" content=\"3 minuts\" \/>\n<script type=\"application\/ld+json\" class=\"yoast-schema-graph\">{\"@context\":\"https:\/\/schema.org\",\"@graph\":[{\"@type\":\"WebPage\",\"@id\":\"https:\/\/reciclajesmoa.com\/compra-venta-de-palets\/compra-venta-de-palets-sabadell\/\",\"url\":\"https:\/\/reciclajesmoa.com\/compra-venta-de-palets\/compra-venta-de-palets-sabadell\/\",\"name\":\"Compra venta de palets Sabadell\",\"isPartOf\":{\"@id\":\"https:\/\/reciclajesmoa.com\/#website\"},\"datePublished\":\"2023-02-17T11:45:11+00:00\",\"dateModified\":\"2024-01-15T09:29:42+00:00\",\"description\":\"En nuestra empresa de compra venta de palets en Sabadell, somos una empresa con gran \u00e9xito.\",\"breadcrumb\":{\"@id\":\"https:\/\/reciclajesmoa.com\/compra-venta-de-palets\/compra-venta-de-palets-sabadell\/#breadcrumb\"},\"inLanguage\":\"ca\",\"potentialAction\":[{\"@type\":\"ReadAction\",\"target\":[\"https:\/\/reciclajesmoa.com\/compra-venta-de-palets\/compra-venta-de-palets-sabadell\/\"]}]},{\"@type\":\"BreadcrumbList\",\"@id\":\"https:\/\/reciclajesmoa.com\/compra-venta-de-palets\/compra-venta-de-palets-sabadell\/#breadcrumb\",\"itemListElement\":[{\"@type\":\"ListItem\",\"position\":1,\"name\":\"Portada\",\"item\":\"https:\/\/reciclajesmoa.com\/\"},{\"@type\":\"ListItem\",\"position\":2,\"name\":\"Compra venta de palets\",\"item\":\"https:\/\/reciclajesmoa.com\/compra-venta-de-palets\/\"},{\"@type\":\"ListItem\",\"position\":3,\"name\":\"Compra venta de palets Sabadell\"}]},{\"@type\":\"WebSite\",\"@id\":\"https:\/\/reciclajesmoa.com\/#website\",\"url\":\"https:\/\/reciclajesmoa.com\/\",\"name\":\"Reciclajes Moa - Palets Barcelona\",\"description\":\"\",\"potentialAction\":[{\"@type\":\"SearchAction\",\"target\":{\"@type\":\"EntryPoint\",\"urlTemplate\":\"https:\/\/reciclajesmoa.com\/?s={search_term_string}\"},\"query-input\":\"required name=search_term_string\"}],\"inLanguage\":\"ca\"}]}<\/script>\n<!-- \/ Yoast SEO plugin. -->","yoast_head_json":{"title":"Compra venta de palets Sabadell","description":"En nuestra empresa de compra venta de palets en Sabadell, somos una empresa con gran \u00e9xito.","robots":{"index":"index","follow":"follow","max-snippet":"max-snippet:-1","max-image-preview":"max-image-preview:large","max-video-preview":"max-video-preview:-1"},"canonical":"https:\/\/reciclajesmoa.com\/ca\/compra-venta-de-palets\/compra-venta-de-palets-sabadell\/","og_locale":"ca_ES","og_type":"article","og_title":"Compra venta de palets Sabadell","og_description":"En nuestra empresa de compra venta de palets en Sabadell, somos una empresa con gran \u00e9xito.","og_url":"https:\/\/reciclajesmoa.com\/ca\/compra-venta-de-palets\/compra-venta-de-palets-sabadell\/","og_site_name":"Reciclajes Moa - Palets Barcelona","article_modified_time":"2024-01-15T09:29:42+00:00","twitter_card":"summary_large_image","twitter_misc":{"Temps estimat de lectura":"3 minuts"},"schema":{"@context":"https:\/\/schema.org","@graph":[{"@type":"WebPage","@id":"https:\/\/reciclajesmoa.com\/compra-venta-de-palets\/compra-venta-de-palets-sabadell\/","url":"https:\/\/reciclajesmoa.com\/compra-venta-de-palets\/compra-venta-de-palets-sabadell\/","name":"Compra venta de palets Sabadell","isPartOf":{"@id":"https:\/\/reciclajesmoa.com\/#website"},"datePublished":"2023-02-17T11:45:11+00:00","dateModified":"2024-01-15T09:29:42+00:00","description":"En nuestra empresa de compra venta de palets en Sabadell, somos una empresa con gran \u00e9xito.","breadcrumb":{"@id":"https:\/\/reciclajesmoa.com\/compra-venta-de-palets\/compra-venta-de-palets-sabadell\/#breadcrumb"},"inLanguage":"ca","potentialAction":[{"@type":"ReadAction","target":["https:\/\/reciclajesmoa.com\/compra-venta-de-palets\/compra-venta-de-palets-sabadell\/"]}]},{"@type":"BreadcrumbList","@id":"https:\/\/reciclajesmoa.com\/compra-venta-de-palets\/compra-venta-de-palets-sabadell\/#breadcrumb","itemListElement":[{"@type":"ListItem","position":1,"name":"Portada","item":"https:\/\/reciclajesmoa.com\/"},{"@type":"ListItem","position":2,"name":"Compra venta de palets","item":"https:\/\/reciclajesmoa.com\/compra-venta-de-palets\/"},{"@type":"ListItem","position":3,"name":"Compra venta de palets Sabadell"}]},{"@type":"WebSite","@id":"https:\/\/reciclajesmoa.com\/#website","url":"https:\/\/reciclajesmoa.com\/","name":"Reciclajes Moa - Palets Barcelona","description":"","potentialAction":[{"@type":"SearchAction","target":{"@type":"EntryPoint","urlTemplate":"https:\/\/reciclajesmoa.com\/?s={search_term_string}"},"query-input":"required name=search_term_string"}],"inLanguage":"ca"}]}},"_links":{"self":[{"href":"https:\/\/reciclajesmoa.com\/ca\/wp-json\/wp\/v2\/pages\/363","targetHints":{"allow":["GET"]}}],"collection":[{"href":"https:\/\/reciclajesmoa.com\/ca\/wp-json\/wp\/v2\/pages"}],"about":[{"href":"https:\/\/reciclajesmoa.com\/ca\/wp-json\/wp\/v2\/types\/page"}],"author":[{"embeddable":true,"href":"https:\/\/reciclajesmoa.com\/ca\/wp-json\/wp\/v2\/users\/1"}],"replies":[{"embeddable":true,"href":"https:\/\/reciclajesmoa.com\/ca\/wp-json\/wp\/v2\/comments?post=363"}],"version-history":[{"count":2,"href":"https:\/\/reciclajesmoa.com\/ca\/wp-json\/wp\/v2\/pages\/363\/revisions"}],"predecessor-version":[{"id":1871,"href":"https:\/\/reciclajesmoa.com\/ca\/wp-json\/wp\/v2\/pages\/363\/revisions\/1871"}],"up":[{"embeddable":true,"href":"https:\/\/reciclajesmoa.com\/ca\/wp-json\/wp\/v2\/pages\/355"}],"wp:attachment":[{"href":"https:\/\/reciclajesmoa.com\/ca\/wp-json\/wp\/v2\/media?parent=363"}],"curies":[{"name":"wp","href":"https:\/\/api.w.org\/{rel}","templated":true}]}}