{"id":371,"date":"2023-02-17T11:51:28","date_gmt":"2023-02-17T11:51:28","guid":{"rendered":"https:\/\/reciclajesmoa.com\/?page_id=371"},"modified":"2024-01-15T09:42:41","modified_gmt":"2024-01-15T09:42:41","slug":"comprar-palets-barcelona","status":"publish","type":"page","link":"https:\/\/reciclajesmoa.com\/ca\/comprar-palets\/comprar-palets-barcelona\/","title":{"rendered":"Comprar palets Barcelona"},"content":{"rendered":"<div class=\"wpb-content-wrapper\"><div data-vc-full-width=\"true\" data-vc-full-width-init=\"false\" data-vc-stretch-content=\"true\" data-vc-parallax=\"1.5\" data-vc-parallax-image=\"https:\/\/reciclajesmoa.com\/wp-content\/uploads\/2023\/02\/cabecera-reciclajes-moa.jpg\" class=\"vc_row wpb_row vc_row-fluid vc_row-has-fill vc_general vc_parallax vc_parallax-content-moving\"><div class=\"wpb_column vc_column_container vc_col-sm-12 vc_hidden-sm vc_hidden-xs vc_col-has-fill\"><div class=\"vc_column-inner vc_custom_1676279128938\"><div class=\"wpb_wrapper\"><div class=\"vc_empty_space\"   style=\"height: 150px\"><span class=\"vc_empty_space_inner\"><\/span><\/div>\n\t<div class=\"wpb_text_column wpb_content_element  vc_custom_1676279099784\" >\n\t\t<div class=\"wpb_wrapper\">\n\t\t\t<h1><span style=\"color: #ffffff;\">Comprar palets a Barcelona<\/span><\/h1>\n\n\t\t<\/div>\n\t<\/div>\n<\/div><\/div><\/div><\/div><div class=\"vc_row-full-width vc_clearfix\"><\/div><div data-vc-full-width=\"true\" data-vc-full-width-init=\"false\" data-vc-stretch-content=\"true\" data-vc-parallax=\"1.5\" data-vc-parallax-image=\"https:\/\/reciclajesmoa.com\/wp-content\/uploads\/2023\/02\/cabecera-reciclajes-moa.jpg\" class=\"vc_row wpb_row vc_row-fluid vc_row-has-fill vc_general vc_parallax vc_parallax-content-moving\"><div class=\"wpb_column vc_column_container vc_col-sm-12 vc_hidden-lg vc_hidden-md vc_col-has-fill\"><div class=\"vc_column-inner vc_custom_1676279137834\"><div class=\"wpb_wrapper\"><div class=\"vc_empty_space\"   style=\"height: 120px\"><span class=\"vc_empty_space_inner\"><\/span><\/div>\n\t<div class=\"wpb_text_column wpb_content_element  vc_custom_1676279099784\" >\n\t\t<div class=\"wpb_wrapper\">\n\t\t\t<h1><span style=\"color: #ffffff;\">Comprar palets a Barcelona<\/span><\/h1>\n\n\t\t<\/div>\n\t<\/div>\n<\/div><\/div><\/div><\/div><div class=\"vc_row-full-width vc_clearfix\"><\/div><div class=\"vc_row wpb_row vc_row-fluid\"><div class=\"wpb_column vc_column_container vc_col-sm-12\"><div class=\"vc_column-inner\"><div class=\"wpb_wrapper\"><div class=\"vc_empty_space\"   style=\"height: 32px\"><span class=\"vc_empty_space_inner\"><\/span><\/div><\/div><\/div><\/div><\/div><div class=\"vc_row wpb_row vc_row-fluid vc_column-gap-35\"><div class=\"wpb_column vc_column_container vc_col-sm-6\"><div class=\"vc_column-inner\"><div class=\"wpb_wrapper\">\n\t<div class=\"wpb_text_column wpb_content_element\" >\n\t\t<div class=\"wpb_wrapper\">\n\t\t\t<div class=\"wpb_text_column wpb_content_element texto\">\n<div class=\"wpb_wrapper\">\n<p style=\"text-align: justify;\">Tots els serveis que oferim a la nostra empresa de palets situada a la prov\u00edncia de Barcelona, giren al voltant d&#039;un objectiu molt clar, que \u00e9s aconseguir la m\u00e0xima satisfacci\u00f3 de tots i cadascun dels clients que acudeixen a la nostra empresa, per aquesta ra\u00f3, sempre garantim una feina amb una qualitat impecable, gr\u00e0cies a la utilitzaci\u00f3 dels millors materials de primera qualitat i gr\u00e0cies a que a la nostra empresa comptem amb un gran equip de professionals molt ben qualificats i amb tots els coneixements necessaris per ajudar-vos a l&#039;hora de\u00a0<strong>comprar palets a<\/strong>\u00a0<strong>Barcelona<\/strong>.<\/p>\n<p style=\"text-align: justify;\">A m\u00e9s de la qualitat, tamb\u00e9 creiem que \u00e9s imprescindible la relaci\u00f3 que hi ha entre aquesta qualitat i el preu, ja que no sempre un preu elevat \u00e9s sin\u00f2nim de bona qualitat, sin\u00f3 que cal trobar el punt just, en qu\u00e8 obtingueu un producte que s&#039;adapti a les vostres necessitats ia un preu molt competitiu adaptat a les necessitats del mercat.<\/p>\n<p style=\"text-align: justify;\">Adaptar-nos a les vostres necessitats, tamb\u00e9 \u00e9s una de les peces claus del nostre negoci, ja que sempre intentem con\u00e8ixer les necessitats dels clients que acudeixen a nosaltres a\u00a0<strong>comprar palets a Barcelona<\/strong>, i aix\u00ed podem fer un estudi i oferir-vos el millor producte adaptat a vosaltres, ja que a m\u00e9s de les mesures convencionals de palets, tamb\u00e9 fem palets a mitjana, un servei molt poc com\u00fa i molt \u00fatil per a l&#039;efici\u00e8ncia de les empreses que ho utilitzen, ja que podreu aprofitar millor lespai.<\/p>\n<\/div>\n<\/div>\n\n\t\t<\/div>\n\t<\/div>\n<div class=\"vc_btn3-container vc_btn3-center\" ><a class=\"vc_general vc_btn3 vc_btn3-size-md vc_btn3-shape-rounded vc_btn3-style-modern vc_btn3-color-warning\" href=\"https:\/\/reciclajesmoa.com\/ca\/contacto\/\" title=\"\">CONTACTA AMB NOSALTRES<\/a><\/div>\n\t<div class=\"wpb_text_column wpb_content_element\" >\n\t\t<div class=\"wpb_wrapper\">\n\t\t\t<p style=\"text-align: justify;\">Una altra cosa a destacar de la nostra filosofia, \u00e9s que estem molt compromesos amb la cura del medi ambient, per aix\u00f2 sempre fem tot el que est\u00e0 a les nostres mans per solucionar aquest gran problema que existeix avui dia. Per aix\u00f2, tots els treballs que realitzem, els fem de la forma m\u00e9s neta possible, reciclant totes aquelles parts de palets antics que encara estan en bones condicions, a m\u00e9s, tamb\u00e9 comptem amb diferents processos de gesti\u00f3 de residus, com per exemple uns contenidors que recullen els residus dels nostres clients que podrien ser molt contaminants i els convertim en mat\u00e8ria primera i secund\u00e0ria de primera qualitat. Aix\u00ed que si veniu a la nostra empresa a\u00a0<strong>comprar palets a<\/strong>\u00a0<strong>Barcelona<\/strong>, estareu contribuint a la cura del medi ambient.<\/p>\n<p style=\"text-align: justify;\">Tots aquests factors, ens ha fet convertim \u00e9s una de les empreses l\u00edders a l&#039;hora de\u00a0<strong>comprar palets a Barcelona<\/strong>, aix\u00ed que si creieu que els nostres serveis us poden ser d&#039;ajuda per al vostre negoci, no dubteu en posar-vos en contacte amb nosaltres, ja sigui visitant-nos a la nostra seu o per algun mitj\u00e0 digital com el mail o el tel\u00e8fon, ja que estarem encantats de poder-vos ajudar en tot all\u00f2 que estigui a les nostres mans.<\/p>\n\n\t\t<\/div>\n\t<\/div>\n<\/div><\/div><\/div><div class=\"wpb_column vc_column_container vc_col-sm-6\"><div class=\"vc_column-inner\"><div class=\"wpb_wrapper\">\n\t<div class=\"wpb_text_column wpb_content_element\" >\n\t\t<div class=\"wpb_wrapper\">\n\t\t\t<h2>Contacta amb nosaltres<\/h2>\n\n\t\t<\/div>\n\t<\/div>\n\n\t<div class=\"wpb_text_column wpb_content_element\" >\n\t\t<div class=\"wpb_wrapper\">\n\t\t\t<blockquote>\n<h4><strong>Avinguda Torre d&#039;en Mateu, 86 <\/strong><br \/>\n<strong>08210 Barber\u00e0 del Vall\u00e8s<\/strong><\/h4>\n<h4><strong>937197971 <\/strong><br \/>\n<strong>info@reciclajesmoa.com<\/strong><\/h4>\n<\/blockquote>\n\n\t\t<\/div>\n\t<\/div>\n\n<div class=\"wpcf7 no-js\" id=\"wpcf7-f151-o1\" lang=\"es-ES\" dir=\"ltr\">\n<div class=\"screen-reader-response\"><p role=\"status\" aria-live=\"polite\" aria-atomic=\"true\"><\/p> <ul><\/ul><\/div>\n<form action=\"\/ca\/wp-json\/wp\/v2\/pages\/371#wpcf7-f151-o1\" method=\"post\" class=\"wpcf7-form init\" aria-label=\"Formulario de contacto\" novalidate=\"novalidate\" data-status=\"init\" data-trp-original-action=\"\/ca\/wp-json\/wp\/v2\/pages\/371#wpcf7-f151-o1\">\n<div style=\"display: none;\">\n<input type=\"hidden\" name=\"_wpcf7\" value=\"151\" \/>\n<input type=\"hidden\" name=\"_wpcf7_version\" value=\"5.9.2\" \/>\n<input type=\"hidden\" name=\"_wpcf7_locale\" value=\"es_ES\" \/>\n<input type=\"hidden\" name=\"_wpcf7_unit_tag\" value=\"wpcf7-f151-o1\" \/>\n<input type=\"hidden\" name=\"_wpcf7_container_post\" value=\"0\" \/>\n<input type=\"hidden\" name=\"_wpcf7_posted_data_hash\" value=\"\" \/>\n<input type=\"hidden\" name=\"_wpcf7_recaptcha_response\" value=\"\" \/>\n<\/div>\n<p><label><span class=\"wpcf7-form-control-wrap\" data-name=\"your-name\"><input size=\"40\" class=\"wpcf7-form-control wpcf7-text wpcf7-validates-as-required\" autocomplete=\"name\" aria-required=\"true\" aria-invalid=\"false\" placeholder=\"Nom*\" value=\"\" type=\"text\" name=\"your-name\" \/><\/span><\/label>\n<\/p>\n<p><label><span class=\"wpcf7-form-control-wrap\" data-name=\"your-email\"><input size=\"40\" class=\"wpcf7-form-control wpcf7-email wpcf7-validates-as-required wpcf7-text wpcf7-validates-as-email\" autocomplete=\"email\" aria-required=\"true\" aria-invalid=\"false\" placeholder=\"Email*\" value=\"\" type=\"email\" name=\"your-email\" \/><\/span><\/label>\n<\/p>\n<p><label><span class=\"wpcf7-form-control-wrap\" data-name=\"your-subject\"><input size=\"40\" class=\"wpcf7-form-control wpcf7-tel wpcf7-validates-as-required wpcf7-text wpcf7-validates-as-tel\" aria-required=\"true\" aria-invalid=\"false\" placeholder=\"Tel\u00e8fon*\" value=\"\" type=\"tel\" name=\"your-subject\" \/><\/span><\/label>\n<\/p>\n<p><label><span class=\"wpcf7-form-control-wrap\" data-name=\"your-message\"><textarea cols=\"40\" rows=\"2\" class=\"wpcf7-form-control wpcf7-textarea\" aria-invalid=\"false\" placeholder=\"Missatge (opcional)\" name=\"your-message\"><\/textarea><\/span><\/label>\n<\/p>\n<p><span class=\"wpcf7-form-control-wrap\" data-name=\"checkbox-816\"><span class=\"wpcf7-form-control wpcf7-checkbox wpcf7-validates-as-required\"><span class=\"wpcf7-list-item first last\"><input type=\"checkbox\" name=\"checkbox-816[]\" value=\"He aceptado y he le\u00eddo la\" \/><span class=\"wpcf7-list-item-label\">He acceptat i he llegit la<\/span><\/span><\/span><\/span><a href=\"https:\/\/reciclajesmoa.com\/ca\/aviso-legal-politica-de-privacidad\/\"> pol\u00edtica de privadesa<\/a>.\n<\/p>\n<p><span class=\"wpcf7-form-control-wrap\" data-name=\"checkbox-817\"><span class=\"wpcf7-form-control wpcf7-checkbox wpcf7-validates-as-required\"><span class=\"wpcf7-list-item first last\"><input type=\"checkbox\" name=\"checkbox-817[]\" value=\"Acepto el env\u00edo de informaci\u00f3n.\" \/><span class=\"wpcf7-list-item-label\">Accepto l\u00b4enviament d\u00b4informaci\u00f3.<\/span><\/span><\/span><\/span>\n<\/p>\n<p><input class=\"wpcf7-form-control wpcf7-submit has-spinner\" type=\"submit\" value=\"Enviar\" \/>\n<\/p><div class=\"wpcf7-response-output\" aria-hidden=\"true\"><\/div>\n<input type=\"hidden\" name=\"trp-form-language\" value=\"ca\"\/><\/form>\n<\/div>\n<\/div><\/div><\/div><\/div><div class=\"vc_row wpb_row vc_row-fluid\"><div class=\"wpb_column vc_column_container vc_col-sm-12\"><div class=\"vc_column-inner\"><div class=\"wpb_wrapper\"><div class=\"vc_empty_space\"   style=\"height: 32px\"><span class=\"vc_empty_space_inner\"><\/span><\/div><\/div><\/div><\/div><\/div>\n<\/div>","protected":false},"excerpt":{"rendered":"Comprar palets en Barcelona Comprar palets en Barcelona Todos los servicios que ofrecemos en nuestra empresa de palets situada en la provincia de Barcelona, giran en torno a un objetivo muy claro, que es conseguir la m\u00e1xima satisfacci\u00f3n de todos y cada uno de los clientes que acuden a nuestra empresa, por esta raz\u00f3n, siempre<a href=\"https:\/\/reciclajesmoa.com\/ca\/comprar-palets\/comprar-palets-barcelona\/\" class=\"\" rel=\"bookmark\">Llegiu m\u00e9s &raquo;<span class=\"screen-reader-text\">Comprar palets Barcelona<\/span><\/a>","protected":false},"author":1,"featured_media":0,"parent":369,"menu_order":0,"comment_status":"closed","ping_status":"closed","template":"","meta":{"neve_meta_sidebar":"","neve_meta_container":"","neve_meta_enable_content_width":"off","neve_meta_content_width":100,"neve_meta_title_alignment":"","neve_meta_author_avatar":"","neve_post_elements_order":"","neve_meta_disable_header":"","neve_meta_disable_footer":"","neve_meta_disable_title":"on","neve_meta_reading_time":"","footnotes":""},"class_list":["post-371","page","type-page","status-publish","hentry"],"yoast_head":"<!-- This site is optimized with the Yoast SEO plugin v22.2 - https:\/\/yoast.com\/wordpress\/plugins\/seo\/ -->\n<title>Comprar palets Barcelona<\/title>\n<meta name=\"description\" content=\"Todos los conocimientos necesarios para ayudaros a la hora de comprar palets en Barcelona.\" \/>\n<meta name=\"robots\" content=\"index, follow, max-snippet:-1, max-image-preview:large, max-video-preview:-1\" \/>\n<link rel=\"canonical\" href=\"https:\/\/reciclajesmoa.com\/ca\/comprar-palets\/comprar-palets-barcelona\/\" \/>\n<meta property=\"og:locale\" content=\"ca_ES\" \/>\n<meta property=\"og:type\" content=\"article\" \/>\n<meta property=\"og:title\" content=\"Comprar palets Barcelona\" \/>\n<meta property=\"og:description\" content=\"Todos los conocimientos necesarios para ayudaros a la hora de comprar palets en Barcelona.\" \/>\n<meta property=\"og:url\" content=\"https:\/\/reciclajesmoa.com\/ca\/comprar-palets\/comprar-palets-barcelona\/\" \/>\n<meta property=\"og:site_name\" content=\"Reciclajes Moa - Palets Barcelona\" \/>\n<meta property=\"article:modified_time\" content=\"2024-01-15T09:42:41+00:00\" \/>\n<meta name=\"twitter:card\" content=\"summary_large_image\" \/>\n<meta name=\"twitter:label1\" content=\"Temps estimat de lectura\" \/>\n\t<meta name=\"twitter:data1\" content=\"3 minuts\" \/>\n<script type=\"application\/ld+json\" class=\"yoast-schema-graph\">{\"@context\":\"https:\/\/schema.org\",\"@graph\":[{\"@type\":\"WebPage\",\"@id\":\"https:\/\/reciclajesmoa.com\/comprar-palets\/comprar-palets-barcelona\/\",\"url\":\"https:\/\/reciclajesmoa.com\/comprar-palets\/comprar-palets-barcelona\/\",\"name\":\"Comprar palets Barcelona\",\"isPartOf\":{\"@id\":\"https:\/\/reciclajesmoa.com\/#website\"},\"datePublished\":\"2023-02-17T11:51:28+00:00\",\"dateModified\":\"2024-01-15T09:42:41+00:00\",\"description\":\"Todos los conocimientos necesarios para ayudaros a la hora de comprar palets en Barcelona.\",\"breadcrumb\":{\"@id\":\"https:\/\/reciclajesmoa.com\/comprar-palets\/comprar-palets-barcelona\/#breadcrumb\"},\"inLanguage\":\"ca\",\"potentialAction\":[{\"@type\":\"ReadAction\",\"target\":[\"https:\/\/reciclajesmoa.com\/comprar-palets\/comprar-palets-barcelona\/\"]}]},{\"@type\":\"BreadcrumbList\",\"@id\":\"https:\/\/reciclajesmoa.com\/comprar-palets\/comprar-palets-barcelona\/#breadcrumb\",\"itemListElement\":[{\"@type\":\"ListItem\",\"position\":1,\"name\":\"Portada\",\"item\":\"https:\/\/reciclajesmoa.com\/\"},{\"@type\":\"ListItem\",\"position\":2,\"name\":\"Comprar palets\",\"item\":\"https:\/\/reciclajesmoa.com\/comprar-palets\/\"},{\"@type\":\"ListItem\",\"position\":3,\"name\":\"Comprar palets Barcelona\"}]},{\"@type\":\"WebSite\",\"@id\":\"https:\/\/reciclajesmoa.com\/#website\",\"url\":\"https:\/\/reciclajesmoa.com\/\",\"name\":\"Reciclajes Moa - Palets Barcelona\",\"description\":\"\",\"potentialAction\":[{\"@type\":\"SearchAction\",\"target\":{\"@type\":\"EntryPoint\",\"urlTemplate\":\"https:\/\/reciclajesmoa.com\/?s={search_term_string}\"},\"query-input\":\"required name=search_term_string\"}],\"inLanguage\":\"ca\"}]}<\/script>\n<!-- \/ Yoast SEO plugin. -->","yoast_head_json":{"title":"Comprar palets Barcelona","description":"Todos los conocimientos necesarios para ayudaros a la hora de comprar palets en Barcelona.","robots":{"index":"index","follow":"follow","max-snippet":"max-snippet:-1","max-image-preview":"max-image-preview:large","max-video-preview":"max-video-preview:-1"},"canonical":"https:\/\/reciclajesmoa.com\/ca\/comprar-palets\/comprar-palets-barcelona\/","og_locale":"ca_ES","og_type":"article","og_title":"Comprar palets Barcelona","og_description":"Todos los conocimientos necesarios para ayudaros a la hora de comprar palets en Barcelona.","og_url":"https:\/\/reciclajesmoa.com\/ca\/comprar-palets\/comprar-palets-barcelona\/","og_site_name":"Reciclajes Moa - Palets Barcelona","article_modified_time":"2024-01-15T09:42:41+00:00","twitter_card":"summary_large_image","twitter_misc":{"Temps estimat de lectura":"3 minuts"},"schema":{"@context":"https:\/\/schema.org","@graph":[{"@type":"WebPage","@id":"https:\/\/reciclajesmoa.com\/comprar-palets\/comprar-palets-barcelona\/","url":"https:\/\/reciclajesmoa.com\/comprar-palets\/comprar-palets-barcelona\/","name":"Comprar palets Barcelona","isPartOf":{"@id":"https:\/\/reciclajesmoa.com\/#website"},"datePublished":"2023-02-17T11:51:28+00:00","dateModified":"2024-01-15T09:42:41+00:00","description":"Todos los conocimientos necesarios para ayudaros a la hora de comprar palets en Barcelona.","breadcrumb":{"@id":"https:\/\/reciclajesmoa.com\/comprar-palets\/comprar-palets-barcelona\/#breadcrumb"},"inLanguage":"ca","potentialAction":[{"@type":"ReadAction","target":["https:\/\/reciclajesmoa.com\/comprar-palets\/comprar-palets-barcelona\/"]}]},{"@type":"BreadcrumbList","@id":"https:\/\/reciclajesmoa.com\/comprar-palets\/comprar-palets-barcelona\/#breadcrumb","itemListElement":[{"@type":"ListItem","position":1,"name":"Portada","item":"https:\/\/reciclajesmoa.com\/"},{"@type":"ListItem","position":2,"name":"Comprar palets","item":"https:\/\/reciclajesmoa.com\/comprar-palets\/"},{"@type":"ListItem","position":3,"name":"Comprar palets Barcelona"}]},{"@type":"WebSite","@id":"https:\/\/reciclajesmoa.com\/#website","url":"https:\/\/reciclajesmoa.com\/","name":"Reciclajes Moa - Palets Barcelona","description":"","potentialAction":[{"@type":"SearchAction","target":{"@type":"EntryPoint","urlTemplate":"https:\/\/reciclajesmoa.com\/?s={search_term_string}"},"query-input":"required name=search_term_string"}],"inLanguage":"ca"}]}},"_links":{"self":[{"href":"https:\/\/reciclajesmoa.com\/ca\/wp-json\/wp\/v2\/pages\/371","targetHints":{"allow":["GET"]}}],"collection":[{"href":"https:\/\/reciclajesmoa.com\/ca\/wp-json\/wp\/v2\/pages"}],"about":[{"href":"https:\/\/reciclajesmoa.com\/ca\/wp-json\/wp\/v2\/types\/page"}],"author":[{"embeddable":true,"href":"https:\/\/reciclajesmoa.com\/ca\/wp-json\/wp\/v2\/users\/1"}],"replies":[{"embeddable":true,"href":"https:\/\/reciclajesmoa.com\/ca\/wp-json\/wp\/v2\/comments?post=371"}],"version-history":[{"count":2,"href":"https:\/\/reciclajesmoa.com\/ca\/wp-json\/wp\/v2\/pages\/371\/revisions"}],"predecessor-version":[{"id":1877,"href":"https:\/\/reciclajesmoa.com\/ca\/wp-json\/wp\/v2\/pages\/371\/revisions\/1877"}],"up":[{"embeddable":true,"href":"https:\/\/reciclajesmoa.com\/ca\/wp-json\/wp\/v2\/pages\/369"}],"wp:attachment":[{"href":"https:\/\/reciclajesmoa.com\/ca\/wp-json\/wp\/v2\/media?parent=371"}],"curies":[{"name":"wp","href":"https:\/\/api.w.org\/{rel}","templated":true}]}}