{"id":387,"date":"2023-02-20T08:08:27","date_gmt":"2023-02-20T08:08:27","guid":{"rendered":"https:\/\/reciclajesmoa.com\/?page_id=387"},"modified":"2023-02-21T08:38:32","modified_gmt":"2023-02-21T08:38:32","slug":"fabrica-de-palets-barcelona","status":"publish","type":"page","link":"https:\/\/reciclajesmoa.com\/ca\/fabrica-de-palets-barcelona\/","title":{"rendered":"F\u00e0brica de palets Barcelona"},"content":{"rendered":"<div class=\"wpb-content-wrapper\"><div data-vc-full-width=\"true\" data-vc-full-width-init=\"false\" data-vc-stretch-content=\"true\" data-vc-parallax=\"1.5\" data-vc-parallax-image=\"https:\/\/reciclajesmoa.com\/wp-content\/uploads\/2023\/02\/cabecera-reciclajes-moa.jpg\" class=\"vc_row wpb_row vc_row-fluid vc_row-has-fill vc_general vc_parallax vc_parallax-content-moving\"><div class=\"wpb_column vc_column_container vc_col-sm-12 vc_hidden-sm vc_hidden-xs vc_col-has-fill\"><div class=\"vc_column-inner vc_custom_1676279128938\"><div class=\"wpb_wrapper\"><div class=\"vc_empty_space\"   style=\"height: 150px\"><span class=\"vc_empty_space_inner\"><\/span><\/div>\n\t<div class=\"wpb_text_column wpb_content_element  vc_custom_1676279099784\" >\n\t\t<div class=\"wpb_wrapper\">\n\t\t\t<h1><span style=\"color: #ffffff;\">F\u00e0brica de palets Barcelona<\/span><\/h1>\n\n\t\t<\/div>\n\t<\/div>\n<\/div><\/div><\/div><\/div><div class=\"vc_row-full-width vc_clearfix\"><\/div><div data-vc-full-width=\"true\" data-vc-full-width-init=\"false\" data-vc-stretch-content=\"true\" data-vc-parallax=\"1.5\" data-vc-parallax-image=\"https:\/\/reciclajesmoa.com\/wp-content\/uploads\/2023\/02\/cabecera-reciclajes-moa.jpg\" class=\"vc_row wpb_row vc_row-fluid vc_row-has-fill vc_general vc_parallax vc_parallax-content-moving\"><div class=\"wpb_column vc_column_container vc_col-sm-12 vc_hidden-lg vc_hidden-md vc_col-has-fill\"><div class=\"vc_column-inner vc_custom_1676279137834\"><div class=\"wpb_wrapper\"><div class=\"vc_empty_space\"   style=\"height: 120px\"><span class=\"vc_empty_space_inner\"><\/span><\/div>\n\t<div class=\"wpb_text_column wpb_content_element  vc_custom_1676279099784\" >\n\t\t<div class=\"wpb_wrapper\">\n\t\t\t<h1><span style=\"color: #ffffff;\">F\u00e0brica de palets Barcelona<\/span><\/h1>\n\n\t\t<\/div>\n\t<\/div>\n<\/div><\/div><\/div><\/div><div class=\"vc_row-full-width vc_clearfix\"><\/div><div class=\"vc_row wpb_row vc_row-fluid\"><div class=\"wpb_column vc_column_container vc_col-sm-12\"><div class=\"vc_column-inner\"><div class=\"wpb_wrapper\"><div class=\"vc_empty_space\"   style=\"height: 32px\"><span class=\"vc_empty_space_inner\"><\/span><\/div><\/div><\/div><\/div><\/div><div class=\"vc_row wpb_row vc_row-fluid vc_column-gap-35\"><div class=\"wpb_column vc_column_container vc_col-sm-6\"><div class=\"vc_column-inner\"><div class=\"wpb_wrapper\">\n\t<div class=\"wpb_text_column wpb_content_element\" >\n\t\t<div class=\"wpb_wrapper\">\n\t\t\t<div class=\"wpb_text_column wpb_content_element texto\">\n<div class=\"wpb_wrapper\">\n<p style=\"text-align: justify;\">El sector industrial ha estat des de la seva eclosi\u00f3 un viver de canvi continu i evoluci\u00f3, en qu\u00e8 es fan palesos de manera evident la cont\u00ednua millora tecnol\u00f2gica, que provoca un augment del rendiment i les capacitats productives de les empreses i f\u00e0briques que en formen part sector.<\/p>\n<p style=\"text-align: justify;\">L&#039;automatitzaci\u00f3 i l&#039;arribada de m\u00e0quines cada cop m\u00e9s eficients per realitzar processos productius s\u00f3n una constant al sector, cosa que ha comportat una millora evident en els resultats, l&#039;homogene\u00eftat i la rapidesa de la producci\u00f3 de mercaderia i articles, alhora que ha suposat una millora en la seguretat i l&#039;aprofitament dels recursos, tant humans com materials que es fan servir en aquestes empreses.<\/p>\n<p style=\"text-align: justify;\">Aquesta modernitzaci\u00f3 ha comportat que molts dels sistemes que antigament es feien servir per a aquests processos productius hagin anat quedant relegats a un segon pla, o deixat d&#039;usar-se directament, com a conseq\u00fc\u00e8ncia l\u00f2gica de disposar d&#039;altres sistemes m\u00e9s \u00fatils, m\u00e9s eficients i menys costosos.<\/p>\n<p style=\"text-align: justify;\">Hi ha, tanmateix, sistemes i estris o artefactes que porten usant-se des de fa d\u00e8cades i que no obstant segueixen sent efica\u00e7os i oferint un rendiment tal que no s&#039;ha optat per substituir-los ni s&#039;ha contemplat la possibilitat de fer-ho en no existir la necessitat.<\/p>\n<p style=\"text-align: justify;\">\u00c9s el cas dels palets, un sistema d&#039;emmagatzematge i apilament realment senzill en la seva concepci\u00f3, basada en una estructura feta a base de taulons llisos de fusta col\u00b7locats sobre tres rails m\u00e9s amples i alts, tamb\u00e9 de fusta, que deixen al seu espai negatiu un buit amb qu\u00e8 els bous mec\u00e0nics i els traspals poden recollir-los i moure&#039;ls per la f\u00e0brica en q\u00fcesti\u00f3.<\/p>\n<p style=\"text-align: justify;\">La\u00a0<strong>f\u00e0brica de palets a Barcelona<\/strong>\u00a0permet que les empreses i les f\u00e0briques de la ciutat comtal disposin de palets de manera continuada i r\u00e0pida, beneficiant-se d&#039;aquesta estructura de fusta que permet apilar en al\u00e7ada i per tant aprofitar millor l&#039;espai.<\/p>\n<p style=\"text-align: justify;\">La\u00a0<strong>f\u00e0brica de palets a Barcelona<\/strong>\u00a0\u00e9s una necessitat per a aquestes empreses, ja que la quantitat de palets que s&#039;usen en aquest sector \u00e9s realment alt i en dep\u00e8n en bona part la capacitat d&#039;emmagatzematge de les empreses, de manera que \u00e9s important que puguin substituir amb rapidesa els palets trencats i inutilitzables.<\/p>\n<p style=\"text-align: justify;\">Aquests palets inutilitzables s\u00f3n absorbits per la\u00a0<strong>f\u00e0brica de palets a Barcelona<\/strong>, on s\u00f3n usats per fabricar nous palets, de manera que el seu reciclatge \u00e9s un punt m\u00e9s a favor seu.<\/p>\n<p style=\"text-align: justify;\">Per tant, ia causa de la gran efic\u00e0cia i rendiment dels palets al sector industrial i les f\u00e0briques que el conformen, la f\u00e0brica de palets a Barcelona continua gaudint d&#039;una gran import\u00e0ncia a la ciutat comtal.<\/p>\n<\/div>\n<\/div>\n\n\t\t<\/div>\n\t<\/div>\n<\/div><\/div><\/div><div class=\"wpb_column vc_column_container vc_col-sm-6\"><div class=\"vc_column-inner\"><div class=\"wpb_wrapper\">\n\t<div class=\"wpb_text_column wpb_content_element\" >\n\t\t<div class=\"wpb_wrapper\">\n\t\t\t<h2>Contacta amb nosaltres<\/h2>\n\n\t\t<\/div>\n\t<\/div>\n\n\t<div class=\"wpb_text_column wpb_content_element\" >\n\t\t<div class=\"wpb_wrapper\">\n\t\t\t<blockquote>\n<h4><strong>Avinguda Torre d&#039;en Mateu, 86 <\/strong><br \/>\n<strong>08210 Barber\u00e0 del Vall\u00e8s<\/strong><\/h4>\n<h4><strong>937197971 <\/strong><br \/>\n<strong>info@reciclajesmoa.com<\/strong><\/h4>\n<\/blockquote>\n\n\t\t<\/div>\n\t<\/div>\n\n<div class=\"wpcf7 no-js\" id=\"wpcf7-f151-o1\" lang=\"es-ES\" dir=\"ltr\">\n<div class=\"screen-reader-response\"><p role=\"status\" aria-live=\"polite\" aria-atomic=\"true\"><\/p> <ul><\/ul><\/div>\n<form action=\"\/ca\/wp-json\/wp\/v2\/pages\/387#wpcf7-f151-o1\" method=\"post\" class=\"wpcf7-form init\" aria-label=\"Formulario de contacto\" novalidate=\"novalidate\" data-status=\"init\" data-trp-original-action=\"\/ca\/wp-json\/wp\/v2\/pages\/387#wpcf7-f151-o1\">\n<div style=\"display: none;\">\n<input type=\"hidden\" name=\"_wpcf7\" value=\"151\" \/>\n<input type=\"hidden\" name=\"_wpcf7_version\" value=\"5.9.2\" \/>\n<input type=\"hidden\" name=\"_wpcf7_locale\" value=\"es_ES\" \/>\n<input type=\"hidden\" name=\"_wpcf7_unit_tag\" value=\"wpcf7-f151-o1\" \/>\n<input type=\"hidden\" name=\"_wpcf7_container_post\" value=\"0\" \/>\n<input type=\"hidden\" name=\"_wpcf7_posted_data_hash\" value=\"\" \/>\n<input type=\"hidden\" name=\"_wpcf7_recaptcha_response\" value=\"\" \/>\n<\/div>\n<p><label><span class=\"wpcf7-form-control-wrap\" data-name=\"your-name\"><input size=\"40\" class=\"wpcf7-form-control wpcf7-text wpcf7-validates-as-required\" autocomplete=\"name\" aria-required=\"true\" aria-invalid=\"false\" placeholder=\"Nom*\" value=\"\" type=\"text\" name=\"your-name\" \/><\/span><\/label>\n<\/p>\n<p><label><span class=\"wpcf7-form-control-wrap\" data-name=\"your-email\"><input size=\"40\" class=\"wpcf7-form-control wpcf7-email wpcf7-validates-as-required wpcf7-text wpcf7-validates-as-email\" autocomplete=\"email\" aria-required=\"true\" aria-invalid=\"false\" placeholder=\"Email*\" value=\"\" type=\"email\" name=\"your-email\" \/><\/span><\/label>\n<\/p>\n<p><label><span class=\"wpcf7-form-control-wrap\" data-name=\"your-subject\"><input size=\"40\" class=\"wpcf7-form-control wpcf7-tel wpcf7-validates-as-required wpcf7-text wpcf7-validates-as-tel\" aria-required=\"true\" aria-invalid=\"false\" placeholder=\"Tel\u00e8fon*\" value=\"\" type=\"tel\" name=\"your-subject\" \/><\/span><\/label>\n<\/p>\n<p><label><span class=\"wpcf7-form-control-wrap\" data-name=\"your-message\"><textarea cols=\"40\" rows=\"2\" class=\"wpcf7-form-control wpcf7-textarea\" aria-invalid=\"false\" placeholder=\"Missatge (opcional)\" name=\"your-message\"><\/textarea><\/span><\/label>\n<\/p>\n<p><span class=\"wpcf7-form-control-wrap\" data-name=\"checkbox-816\"><span class=\"wpcf7-form-control wpcf7-checkbox wpcf7-validates-as-required\"><span class=\"wpcf7-list-item first last\"><input type=\"checkbox\" name=\"checkbox-816[]\" value=\"He aceptado y he le\u00eddo la\" \/><span class=\"wpcf7-list-item-label\">He acceptat i he llegit la<\/span><\/span><\/span><\/span><a href=\"https:\/\/reciclajesmoa.com\/ca\/aviso-legal-politica-de-privacidad\/\"> pol\u00edtica de privadesa<\/a>.\n<\/p>\n<p><span class=\"wpcf7-form-control-wrap\" data-name=\"checkbox-817\"><span class=\"wpcf7-form-control wpcf7-checkbox wpcf7-validates-as-required\"><span class=\"wpcf7-list-item first last\"><input type=\"checkbox\" name=\"checkbox-817[]\" value=\"Acepto el env\u00edo de informaci\u00f3n.\" \/><span class=\"wpcf7-list-item-label\">Accepto l\u00b4enviament d\u00b4informaci\u00f3.<\/span><\/span><\/span><\/span>\n<\/p>\n<p><input class=\"wpcf7-form-control wpcf7-submit has-spinner\" type=\"submit\" value=\"Enviar\" \/>\n<\/p><div class=\"wpcf7-response-output\" aria-hidden=\"true\"><\/div>\n<input type=\"hidden\" name=\"trp-form-language\" value=\"ca\"\/><\/form>\n<\/div>\n<\/div><\/div><\/div><\/div><div class=\"vc_row wpb_row vc_row-fluid\"><div class=\"wpb_column vc_column_container vc_col-sm-12\"><div class=\"vc_column-inner\"><div class=\"wpb_wrapper\"><div class=\"vc_empty_space\"   style=\"height: 32px\"><span class=\"vc_empty_space_inner\"><\/span><\/div><\/div><\/div><\/div><\/div>\n<\/div>","protected":false},"excerpt":{"rendered":"F\u00e1brica de palets Barcelona F\u00e1brica de palets Barcelona El sector industrial ha sido desde su eclosi\u00f3n un vivero de cambio continuo y evoluci\u00f3n, en el que se hacen patentes de manera evidente la continua mejora tecnol\u00f3gica, que provoca un aumento del rendimiento y las capacidades productivas de las empresas y f\u00e1bricas que forman parte de<a href=\"https:\/\/reciclajesmoa.com\/ca\/fabrica-de-palets-barcelona\/\" class=\"\" rel=\"bookmark\">Llegiu m\u00e9s &raquo;<span class=\"screen-reader-text\">F\u00e0brica de palets Barcelona<\/span><\/a>","protected":false},"author":1,"featured_media":0,"parent":0,"menu_order":0,"comment_status":"closed","ping_status":"closed","template":"","meta":{"neve_meta_sidebar":"","neve_meta_container":"","neve_meta_enable_content_width":"off","neve_meta_content_width":100,"neve_meta_title_alignment":"","neve_meta_author_avatar":"","neve_post_elements_order":"","neve_meta_disable_header":"","neve_meta_disable_footer":"","neve_meta_disable_title":"on","neve_meta_reading_time":"","footnotes":""},"class_list":["post-387","page","type-page","status-publish","hentry"],"yoast_head":"<!-- This site is optimized with the Yoast SEO plugin v22.2 - https:\/\/yoast.com\/wordpress\/plugins\/seo\/ -->\n<title>F\u00e1brica de palets Barcelona<\/title>\n<meta name=\"description\" content=\"La f\u00e1brica de palets en Barcelona permite que las empresas y f\u00e1bricas de la ciudad condal dispongan de palets de manera continuada y r\u00e1pida.\" \/>\n<meta name=\"robots\" content=\"index, follow, max-snippet:-1, max-image-preview:large, max-video-preview:-1\" \/>\n<link rel=\"canonical\" href=\"https:\/\/reciclajesmoa.com\/ca\/fabrica-de-palets-barcelona\/\" \/>\n<meta property=\"og:locale\" content=\"ca_ES\" \/>\n<meta property=\"og:type\" content=\"article\" \/>\n<meta property=\"og:title\" content=\"F\u00e1brica de palets Barcelona\" \/>\n<meta property=\"og:description\" content=\"La f\u00e1brica de palets en Barcelona permite que las empresas y f\u00e1bricas de la ciudad condal dispongan de palets de manera continuada y r\u00e1pida.\" \/>\n<meta property=\"og:url\" content=\"https:\/\/reciclajesmoa.com\/ca\/fabrica-de-palets-barcelona\/\" \/>\n<meta property=\"og:site_name\" content=\"Reciclajes Moa - Palets Barcelona\" \/>\n<meta property=\"article:modified_time\" content=\"2023-02-21T08:38:32+00:00\" \/>\n<meta name=\"twitter:card\" content=\"summary_large_image\" \/>\n<meta name=\"twitter:label1\" content=\"Temps estimat de lectura\" \/>\n\t<meta name=\"twitter:data1\" content=\"3 minuts\" \/>\n<script type=\"application\/ld+json\" class=\"yoast-schema-graph\">{\"@context\":\"https:\/\/schema.org\",\"@graph\":[{\"@type\":\"WebPage\",\"@id\":\"https:\/\/reciclajesmoa.com\/fabrica-de-palets-barcelona\/\",\"url\":\"https:\/\/reciclajesmoa.com\/fabrica-de-palets-barcelona\/\",\"name\":\"F\u00e1brica de palets Barcelona\",\"isPartOf\":{\"@id\":\"https:\/\/reciclajesmoa.com\/#website\"},\"datePublished\":\"2023-02-20T08:08:27+00:00\",\"dateModified\":\"2023-02-21T08:38:32+00:00\",\"description\":\"La f\u00e1brica de palets en Barcelona permite que las empresas y f\u00e1bricas de la ciudad condal dispongan de palets de manera continuada y r\u00e1pida.\",\"breadcrumb\":{\"@id\":\"https:\/\/reciclajesmoa.com\/fabrica-de-palets-barcelona\/#breadcrumb\"},\"inLanguage\":\"ca\",\"potentialAction\":[{\"@type\":\"ReadAction\",\"target\":[\"https:\/\/reciclajesmoa.com\/fabrica-de-palets-barcelona\/\"]}]},{\"@type\":\"BreadcrumbList\",\"@id\":\"https:\/\/reciclajesmoa.com\/fabrica-de-palets-barcelona\/#breadcrumb\",\"itemListElement\":[{\"@type\":\"ListItem\",\"position\":1,\"name\":\"Portada\",\"item\":\"https:\/\/reciclajesmoa.com\/\"},{\"@type\":\"ListItem\",\"position\":2,\"name\":\"F\u00e1brica de palets Barcelona\"}]},{\"@type\":\"WebSite\",\"@id\":\"https:\/\/reciclajesmoa.com\/#website\",\"url\":\"https:\/\/reciclajesmoa.com\/\",\"name\":\"Reciclajes Moa - Palets Barcelona\",\"description\":\"\",\"potentialAction\":[{\"@type\":\"SearchAction\",\"target\":{\"@type\":\"EntryPoint\",\"urlTemplate\":\"https:\/\/reciclajesmoa.com\/?s={search_term_string}\"},\"query-input\":\"required name=search_term_string\"}],\"inLanguage\":\"ca\"}]}<\/script>\n<!-- \/ Yoast SEO plugin. -->","yoast_head_json":{"title":"F\u00e1brica de palets Barcelona","description":"La f\u00e1brica de palets en Barcelona permite que las empresas y f\u00e1bricas de la ciudad condal dispongan de palets de manera continuada y r\u00e1pida.","robots":{"index":"index","follow":"follow","max-snippet":"max-snippet:-1","max-image-preview":"max-image-preview:large","max-video-preview":"max-video-preview:-1"},"canonical":"https:\/\/reciclajesmoa.com\/ca\/fabrica-de-palets-barcelona\/","og_locale":"ca_ES","og_type":"article","og_title":"F\u00e1brica de palets Barcelona","og_description":"La f\u00e1brica de palets en Barcelona permite que las empresas y f\u00e1bricas de la ciudad condal dispongan de palets de manera continuada y r\u00e1pida.","og_url":"https:\/\/reciclajesmoa.com\/ca\/fabrica-de-palets-barcelona\/","og_site_name":"Reciclajes Moa - Palets Barcelona","article_modified_time":"2023-02-21T08:38:32+00:00","twitter_card":"summary_large_image","twitter_misc":{"Temps estimat de lectura":"3 minuts"},"schema":{"@context":"https:\/\/schema.org","@graph":[{"@type":"WebPage","@id":"https:\/\/reciclajesmoa.com\/fabrica-de-palets-barcelona\/","url":"https:\/\/reciclajesmoa.com\/fabrica-de-palets-barcelona\/","name":"F\u00e1brica de palets Barcelona","isPartOf":{"@id":"https:\/\/reciclajesmoa.com\/#website"},"datePublished":"2023-02-20T08:08:27+00:00","dateModified":"2023-02-21T08:38:32+00:00","description":"La f\u00e1brica de palets en Barcelona permite que las empresas y f\u00e1bricas de la ciudad condal dispongan de palets de manera continuada y r\u00e1pida.","breadcrumb":{"@id":"https:\/\/reciclajesmoa.com\/fabrica-de-palets-barcelona\/#breadcrumb"},"inLanguage":"ca","potentialAction":[{"@type":"ReadAction","target":["https:\/\/reciclajesmoa.com\/fabrica-de-palets-barcelona\/"]}]},{"@type":"BreadcrumbList","@id":"https:\/\/reciclajesmoa.com\/fabrica-de-palets-barcelona\/#breadcrumb","itemListElement":[{"@type":"ListItem","position":1,"name":"Portada","item":"https:\/\/reciclajesmoa.com\/"},{"@type":"ListItem","position":2,"name":"F\u00e1brica de palets Barcelona"}]},{"@type":"WebSite","@id":"https:\/\/reciclajesmoa.com\/#website","url":"https:\/\/reciclajesmoa.com\/","name":"Reciclajes Moa - Palets Barcelona","description":"","potentialAction":[{"@type":"SearchAction","target":{"@type":"EntryPoint","urlTemplate":"https:\/\/reciclajesmoa.com\/?s={search_term_string}"},"query-input":"required name=search_term_string"}],"inLanguage":"ca"}]}},"_links":{"self":[{"href":"https:\/\/reciclajesmoa.com\/ca\/wp-json\/wp\/v2\/pages\/387","targetHints":{"allow":["GET"]}}],"collection":[{"href":"https:\/\/reciclajesmoa.com\/ca\/wp-json\/wp\/v2\/pages"}],"about":[{"href":"https:\/\/reciclajesmoa.com\/ca\/wp-json\/wp\/v2\/types\/page"}],"author":[{"embeddable":true,"href":"https:\/\/reciclajesmoa.com\/ca\/wp-json\/wp\/v2\/users\/1"}],"replies":[{"embeddable":true,"href":"https:\/\/reciclajesmoa.com\/ca\/wp-json\/wp\/v2\/comments?post=387"}],"version-history":[{"count":0,"href":"https:\/\/reciclajesmoa.com\/ca\/wp-json\/wp\/v2\/pages\/387\/revisions"}],"wp:attachment":[{"href":"https:\/\/reciclajesmoa.com\/ca\/wp-json\/wp\/v2\/media?parent=387"}],"curies":[{"name":"wp","href":"https:\/\/api.w.org\/{rel}","templated":true}]}}