{"id":398,"date":"2023-02-20T08:16:24","date_gmt":"2023-02-20T08:16:24","guid":{"rendered":"https:\/\/reciclajesmoa.com\/?page_id=398"},"modified":"2024-01-15T10:56:31","modified_gmt":"2024-01-15T10:56:31","slug":"fabrica-de-palets-sabadell","status":"publish","type":"page","link":"https:\/\/reciclajesmoa.com\/ca\/fabrica-de-palets-sabadell\/","title":{"rendered":"F\u00e0brica de palets Sabadell"},"content":{"rendered":"<div class=\"wpb-content-wrapper\"><div data-vc-full-width=\"true\" data-vc-full-width-init=\"false\" data-vc-stretch-content=\"true\" data-vc-parallax=\"1.5\" data-vc-parallax-image=\"https:\/\/reciclajesmoa.com\/wp-content\/uploads\/2023\/02\/cabecera-reciclajes-moa.jpg\" class=\"vc_row wpb_row vc_row-fluid vc_row-has-fill vc_general vc_parallax vc_parallax-content-moving\"><div class=\"wpb_column vc_column_container vc_col-sm-12 vc_hidden-sm vc_hidden-xs vc_col-has-fill\"><div class=\"vc_column-inner vc_custom_1676279128938\"><div class=\"wpb_wrapper\"><div class=\"vc_empty_space\"   style=\"height: 150px\"><span class=\"vc_empty_space_inner\"><\/span><\/div>\n\t<div class=\"wpb_text_column wpb_content_element  vc_custom_1676279099784\" >\n\t\t<div class=\"wpb_wrapper\">\n\t\t\t<h1><span style=\"color: #ffffff;\">F\u00e0brica de palets Sabadell<\/span><\/h1>\n\n\t\t<\/div>\n\t<\/div>\n<\/div><\/div><\/div><\/div><div class=\"vc_row-full-width vc_clearfix\"><\/div><div data-vc-full-width=\"true\" data-vc-full-width-init=\"false\" data-vc-stretch-content=\"true\" data-vc-parallax=\"1.5\" data-vc-parallax-image=\"https:\/\/reciclajesmoa.com\/wp-content\/uploads\/2023\/02\/cabecera-reciclajes-moa.jpg\" class=\"vc_row wpb_row vc_row-fluid vc_row-has-fill vc_general vc_parallax vc_parallax-content-moving\"><div class=\"wpb_column vc_column_container vc_col-sm-12 vc_hidden-lg vc_hidden-md vc_col-has-fill\"><div class=\"vc_column-inner vc_custom_1676279137834\"><div class=\"wpb_wrapper\"><div class=\"vc_empty_space\"   style=\"height: 120px\"><span class=\"vc_empty_space_inner\"><\/span><\/div>\n\t<div class=\"wpb_text_column wpb_content_element  vc_custom_1676279099784\" >\n\t\t<div class=\"wpb_wrapper\">\n\t\t\t<h1><span style=\"color: #ffffff;\">F\u00e0brica de palets Sabadell<\/span><\/h1>\n\n\t\t<\/div>\n\t<\/div>\n<\/div><\/div><\/div><\/div><div class=\"vc_row-full-width vc_clearfix\"><\/div><div class=\"vc_row wpb_row vc_row-fluid\"><div class=\"wpb_column vc_column_container vc_col-sm-12\"><div class=\"vc_column-inner\"><div class=\"wpb_wrapper\"><div class=\"vc_empty_space\"   style=\"height: 32px\"><span class=\"vc_empty_space_inner\"><\/span><\/div><\/div><\/div><\/div><\/div><div class=\"vc_row wpb_row vc_row-fluid vc_column-gap-35\"><div class=\"wpb_column vc_column_container vc_col-sm-6\"><div class=\"vc_column-inner\"><div class=\"wpb_wrapper\">\n\t<div class=\"wpb_text_column wpb_content_element\" >\n\t\t<div class=\"wpb_wrapper\">\n\t\t\t<div class=\"wpb_text_column wpb_content_element texto\">\n<div class=\"wpb_wrapper\">\n<p style=\"text-align: justify;\">En escollir la\u00a0<strong>f\u00e0brica de palets Sabadell<\/strong>, caldr\u00e0 tenir en compte la gran varietat de diferents materials que hi ha al mercat, per poder escollir el que millor s&#039;adapti a les teves necessitats.<\/p>\n<p style=\"text-align: justify;\">Els palets de fusta s\u00f3n els millors valorats del mercat, tenint un \u00fas de gaireb\u00e9 el 90% del total del mercat. Per\u00f2 materials com, pl\u00e0stic, acer o PVC estan agafant cada cop m\u00e9s for\u00e7a al mercat per a usos m\u00e9s especialitzats.<\/p>\n<p style=\"text-align: justify;\">Palets s\u00f3n l&#039;objecte per excel\u00b7l\u00e8ncia a la cadena de subministraments, aqu\u00ed a Europa hi ha m\u00e9s de tres milions de palets nom\u00e9s de fusta.<\/p>\n<p style=\"text-align: justify;\">Cada cop m\u00e9s ind\u00fastries s&#039;estan passant a palets de metall o de pl\u00e0stic, per exemple, els processadors d&#039;aliments. \u00daltimament es fan servir m\u00e9s els de pl\u00e0stic, sent una soluci\u00f3 m\u00e9s sostenible i higi\u00e8nica.<\/p>\n<p style=\"text-align: justify;\">A l&#039;hora d&#039;escollir palets a tu<strong>\u00a0f\u00e0brica de palets de Sabadell<\/strong>\u00a0de confian\u00e7a, cal tenir en compte tamb\u00e9 la mida. \u00c9s superimportant ja que si escollim una mida err\u00f2nia pot fer que el sistema no funcioni i provocar un greu problema.<\/p>\n<p style=\"text-align: justify;\">Produir palets no \u00e9s una tasca f\u00e0cil. \u00c9s molt important escollir\u00a0<strong>una f\u00e0brica de palets a Sabadell<\/strong>\u00a0de confian\u00e7a, per assegurar tenir un producte de qualitat i sense problemes en els temps de lliurament. La qualitat del palet pot variar molt entre els fabricants. Per aix\u00f2, no es pot confiar en qualsevol\u00a0<strong>f\u00e0brica de palets a Sabadell<\/strong>, per contra, podria ser enganyat.<\/p>\n<\/div>\n<\/div>\n\n\t\t<\/div>\n\t<\/div>\n<div class=\"vc_btn3-container vc_btn3-center\" ><a class=\"vc_general vc_btn3 vc_btn3-size-md vc_btn3-shape-rounded vc_btn3-style-modern vc_btn3-color-warning\" href=\"https:\/\/reciclajesmoa.com\/ca\/contacto\/\" title=\"Contacte\">CONTACTA AMB NOSALTRES<\/a><\/div>\n\t<div class=\"wpb_text_column wpb_content_element\" >\n\t\t<div class=\"wpb_wrapper\">\n\t\t\t<p style=\"text-align: justify;\">Exemple com que el palet personalitzat no ho sigui tant. Quan necessites un palet de mida m\u00e9s gran al convencional, a molts llocs el que fan \u00e9s afegir blocs addicionals i encara que sigui de la mida esperada la seva qualitat ser\u00e0 p\u00e8ssima, no estem molt segurs que aguant\u00e9s el pes que necessites que t&#039;aguanti.<\/p>\n<p style=\"text-align: justify;\">Moltes empreses de venda de palets usats els revenen sense confirmar la qualitat del producte i sense revisar que pugui estar danyat, venent-te un producte en mal estat que et pot fer tenir moltes perdudes per culpa seva.<\/p>\n<p style=\"text-align: justify;\">Per assegurar la qualitat del producte, cal comen\u00e7ar des de triar una bona qualitat per a les mat\u00e8ries primeres que necessites per crear-lo. Depenent l&#039;empresa pot escollir diferents tipus de fusta, des de tova, dura o una combinaci\u00f3 de totes dues. Cal estar segurs que la nostra f\u00e0brica de palets a Sabadell \u00e9s de confian\u00e7a i utilitza materials de bona qualitat, per aconseguir l&#039;acabat esperat i que no puguin causar problemes a la feina, per a la qual els hem comprat.<\/p>\n<p style=\"text-align: justify;\">Cada cop m\u00e9s la gent els compra per fabricar mobles elegants a trav\u00e9s de palets. La gent est\u00e0 comen\u00e7ant a veure el potencial que t\u00e9 per aix\u00f2 gr\u00e0cies al seu senzill estil que fa quedar b\u00e9 en diferents estils de llars.<\/p>\n\n\t\t<\/div>\n\t<\/div>\n<\/div><\/div><\/div><div class=\"wpb_column vc_column_container vc_col-sm-6\"><div class=\"vc_column-inner\"><div class=\"wpb_wrapper\">\n\t<div class=\"wpb_text_column wpb_content_element\" >\n\t\t<div class=\"wpb_wrapper\">\n\t\t\t<h2>Contacta amb nosaltres<\/h2>\n\n\t\t<\/div>\n\t<\/div>\n\n\t<div class=\"wpb_text_column wpb_content_element\" >\n\t\t<div class=\"wpb_wrapper\">\n\t\t\t<blockquote>\n<h4><strong>Avinguda Torre d&#039;en Mateu, 86 <\/strong><br \/>\n<strong>08210 Barber\u00e0 del Vall\u00e8s<\/strong><\/h4>\n<h4><strong>937197971 <\/strong><br \/>\n<strong>info@reciclajesmoa.com<\/strong><\/h4>\n<\/blockquote>\n\n\t\t<\/div>\n\t<\/div>\n\n<div class=\"wpcf7 no-js\" id=\"wpcf7-f151-o1\" lang=\"es-ES\" dir=\"ltr\">\n<div class=\"screen-reader-response\"><p role=\"status\" aria-live=\"polite\" aria-atomic=\"true\"><\/p> <ul><\/ul><\/div>\n<form action=\"\/ca\/wp-json\/wp\/v2\/pages\/398#wpcf7-f151-o1\" method=\"post\" class=\"wpcf7-form init\" aria-label=\"Formulario de contacto\" novalidate=\"novalidate\" data-status=\"init\" data-trp-original-action=\"\/ca\/wp-json\/wp\/v2\/pages\/398#wpcf7-f151-o1\">\n<div style=\"display: none;\">\n<input type=\"hidden\" name=\"_wpcf7\" value=\"151\" \/>\n<input type=\"hidden\" name=\"_wpcf7_version\" value=\"5.9.2\" \/>\n<input type=\"hidden\" name=\"_wpcf7_locale\" value=\"es_ES\" \/>\n<input type=\"hidden\" name=\"_wpcf7_unit_tag\" value=\"wpcf7-f151-o1\" \/>\n<input type=\"hidden\" name=\"_wpcf7_container_post\" value=\"0\" \/>\n<input type=\"hidden\" name=\"_wpcf7_posted_data_hash\" value=\"\" \/>\n<input type=\"hidden\" name=\"_wpcf7_recaptcha_response\" value=\"\" \/>\n<\/div>\n<p><label><span class=\"wpcf7-form-control-wrap\" data-name=\"your-name\"><input size=\"40\" class=\"wpcf7-form-control wpcf7-text wpcf7-validates-as-required\" autocomplete=\"name\" aria-required=\"true\" aria-invalid=\"false\" placeholder=\"Nom*\" value=\"\" type=\"text\" name=\"your-name\" \/><\/span><\/label>\n<\/p>\n<p><label><span class=\"wpcf7-form-control-wrap\" data-name=\"your-email\"><input size=\"40\" class=\"wpcf7-form-control wpcf7-email wpcf7-validates-as-required wpcf7-text wpcf7-validates-as-email\" autocomplete=\"email\" aria-required=\"true\" aria-invalid=\"false\" placeholder=\"Email*\" value=\"\" type=\"email\" name=\"your-email\" \/><\/span><\/label>\n<\/p>\n<p><label><span class=\"wpcf7-form-control-wrap\" data-name=\"your-subject\"><input size=\"40\" class=\"wpcf7-form-control wpcf7-tel wpcf7-validates-as-required wpcf7-text wpcf7-validates-as-tel\" aria-required=\"true\" aria-invalid=\"false\" placeholder=\"Tel\u00e8fon*\" value=\"\" type=\"tel\" name=\"your-subject\" \/><\/span><\/label>\n<\/p>\n<p><label><span class=\"wpcf7-form-control-wrap\" data-name=\"your-message\"><textarea cols=\"40\" rows=\"2\" class=\"wpcf7-form-control wpcf7-textarea\" aria-invalid=\"false\" placeholder=\"Missatge (opcional)\" name=\"your-message\"><\/textarea><\/span><\/label>\n<\/p>\n<p><span class=\"wpcf7-form-control-wrap\" data-name=\"checkbox-816\"><span class=\"wpcf7-form-control wpcf7-checkbox wpcf7-validates-as-required\"><span class=\"wpcf7-list-item first last\"><input type=\"checkbox\" name=\"checkbox-816[]\" value=\"He aceptado y he le\u00eddo la\" \/><span class=\"wpcf7-list-item-label\">He acceptat i he llegit la<\/span><\/span><\/span><\/span><a href=\"https:\/\/reciclajesmoa.com\/ca\/aviso-legal-politica-de-privacidad\/\"> pol\u00edtica de privadesa<\/a>.\n<\/p>\n<p><span class=\"wpcf7-form-control-wrap\" data-name=\"checkbox-817\"><span class=\"wpcf7-form-control wpcf7-checkbox wpcf7-validates-as-required\"><span class=\"wpcf7-list-item first last\"><input type=\"checkbox\" name=\"checkbox-817[]\" value=\"Acepto el env\u00edo de informaci\u00f3n.\" \/><span class=\"wpcf7-list-item-label\">Accepto l\u00b4enviament d\u00b4informaci\u00f3.<\/span><\/span><\/span><\/span>\n<\/p>\n<p><input class=\"wpcf7-form-control wpcf7-submit has-spinner\" type=\"submit\" value=\"Enviar\" \/>\n<\/p><div class=\"wpcf7-response-output\" aria-hidden=\"true\"><\/div>\n<input type=\"hidden\" name=\"trp-form-language\" value=\"ca\"\/><\/form>\n<\/div>\n<\/div><\/div><\/div><\/div><div class=\"vc_row wpb_row vc_row-fluid\"><div class=\"wpb_column vc_column_container vc_col-sm-12\"><div class=\"vc_column-inner\"><div class=\"wpb_wrapper\"><div class=\"vc_empty_space\"   style=\"height: 32px\"><span class=\"vc_empty_space_inner\"><\/span><\/div><\/div><\/div><\/div><\/div>\n<\/div>","protected":false},"excerpt":{"rendered":"F\u00e1brica de palets Sabadell F\u00e1brica de palets Sabadell Al escoger la\u00a0f\u00e1brica de palets Sabadell, habr\u00e1 que tener en cuenta la gran variedad de diferentes materiales que hay en el mercado, para poder escoger el que mejor se adapte a tus necesidades. Los palets de madera son los mejores valorados del mercado, teniendo un uso de<a href=\"https:\/\/reciclajesmoa.com\/ca\/fabrica-de-palets-sabadell\/\" class=\"\" rel=\"bookmark\">Llegiu m\u00e9s &raquo;<span class=\"screen-reader-text\">F\u00e0brica de palets Sabadell<\/span><\/a>","protected":false},"author":1,"featured_media":0,"parent":0,"menu_order":0,"comment_status":"closed","ping_status":"closed","template":"","meta":{"neve_meta_sidebar":"","neve_meta_container":"","neve_meta_enable_content_width":"off","neve_meta_content_width":100,"neve_meta_title_alignment":"","neve_meta_author_avatar":"","neve_post_elements_order":"","neve_meta_disable_header":"","neve_meta_disable_footer":"","neve_meta_disable_title":"on","neve_meta_reading_time":"","footnotes":""},"class_list":["post-398","page","type-page","status-publish","hentry"],"yoast_head":"<!-- This site is optimized with the Yoast SEO plugin v22.2 - https:\/\/yoast.com\/wordpress\/plugins\/seo\/ -->\n<title>F\u00e1brica de palets Sabadell<\/title>\n<meta name=\"description\" content=\"Es muy importante escoger una f\u00e1brica de palets en Sabadell de confianza.\" \/>\n<meta name=\"robots\" content=\"index, follow, max-snippet:-1, max-image-preview:large, max-video-preview:-1\" \/>\n<link rel=\"canonical\" href=\"https:\/\/reciclajesmoa.com\/ca\/fabrica-de-palets-sabadell\/\" \/>\n<meta property=\"og:locale\" content=\"ca_ES\" \/>\n<meta property=\"og:type\" content=\"article\" \/>\n<meta property=\"og:title\" content=\"F\u00e1brica de palets Sabadell\" \/>\n<meta property=\"og:description\" content=\"Es muy importante escoger una f\u00e1brica de palets en Sabadell de confianza.\" \/>\n<meta property=\"og:url\" content=\"https:\/\/reciclajesmoa.com\/ca\/fabrica-de-palets-sabadell\/\" \/>\n<meta property=\"og:site_name\" content=\"Reciclajes Moa - Palets Barcelona\" \/>\n<meta property=\"article:modified_time\" content=\"2024-01-15T10:56:31+00:00\" \/>\n<meta name=\"twitter:card\" content=\"summary_large_image\" \/>\n<meta name=\"twitter:label1\" content=\"Temps estimat de lectura\" \/>\n\t<meta name=\"twitter:data1\" content=\"3 minuts\" \/>\n<script type=\"application\/ld+json\" class=\"yoast-schema-graph\">{\"@context\":\"https:\/\/schema.org\",\"@graph\":[{\"@type\":\"WebPage\",\"@id\":\"https:\/\/reciclajesmoa.com\/fabrica-de-palets-sabadell\/\",\"url\":\"https:\/\/reciclajesmoa.com\/fabrica-de-palets-sabadell\/\",\"name\":\"F\u00e1brica de palets Sabadell\",\"isPartOf\":{\"@id\":\"https:\/\/reciclajesmoa.com\/#website\"},\"datePublished\":\"2023-02-20T08:16:24+00:00\",\"dateModified\":\"2024-01-15T10:56:31+00:00\",\"description\":\"Es muy importante escoger una f\u00e1brica de palets en Sabadell de confianza.\",\"breadcrumb\":{\"@id\":\"https:\/\/reciclajesmoa.com\/fabrica-de-palets-sabadell\/#breadcrumb\"},\"inLanguage\":\"ca\",\"potentialAction\":[{\"@type\":\"ReadAction\",\"target\":[\"https:\/\/reciclajesmoa.com\/fabrica-de-palets-sabadell\/\"]}]},{\"@type\":\"BreadcrumbList\",\"@id\":\"https:\/\/reciclajesmoa.com\/fabrica-de-palets-sabadell\/#breadcrumb\",\"itemListElement\":[{\"@type\":\"ListItem\",\"position\":1,\"name\":\"Portada\",\"item\":\"https:\/\/reciclajesmoa.com\/\"},{\"@type\":\"ListItem\",\"position\":2,\"name\":\"F\u00e1brica de palets Sabadell\"}]},{\"@type\":\"WebSite\",\"@id\":\"https:\/\/reciclajesmoa.com\/#website\",\"url\":\"https:\/\/reciclajesmoa.com\/\",\"name\":\"Reciclajes Moa - Palets Barcelona\",\"description\":\"\",\"potentialAction\":[{\"@type\":\"SearchAction\",\"target\":{\"@type\":\"EntryPoint\",\"urlTemplate\":\"https:\/\/reciclajesmoa.com\/?s={search_term_string}\"},\"query-input\":\"required name=search_term_string\"}],\"inLanguage\":\"ca\"}]}<\/script>\n<!-- \/ Yoast SEO plugin. -->","yoast_head_json":{"title":"F\u00e1brica de palets Sabadell","description":"Es muy importante escoger una f\u00e1brica de palets en Sabadell de confianza.","robots":{"index":"index","follow":"follow","max-snippet":"max-snippet:-1","max-image-preview":"max-image-preview:large","max-video-preview":"max-video-preview:-1"},"canonical":"https:\/\/reciclajesmoa.com\/ca\/fabrica-de-palets-sabadell\/","og_locale":"ca_ES","og_type":"article","og_title":"F\u00e1brica de palets Sabadell","og_description":"Es muy importante escoger una f\u00e1brica de palets en Sabadell de confianza.","og_url":"https:\/\/reciclajesmoa.com\/ca\/fabrica-de-palets-sabadell\/","og_site_name":"Reciclajes Moa - Palets Barcelona","article_modified_time":"2024-01-15T10:56:31+00:00","twitter_card":"summary_large_image","twitter_misc":{"Temps estimat de lectura":"3 minuts"},"schema":{"@context":"https:\/\/schema.org","@graph":[{"@type":"WebPage","@id":"https:\/\/reciclajesmoa.com\/fabrica-de-palets-sabadell\/","url":"https:\/\/reciclajesmoa.com\/fabrica-de-palets-sabadell\/","name":"F\u00e1brica de palets Sabadell","isPartOf":{"@id":"https:\/\/reciclajesmoa.com\/#website"},"datePublished":"2023-02-20T08:16:24+00:00","dateModified":"2024-01-15T10:56:31+00:00","description":"Es muy importante escoger una f\u00e1brica de palets en Sabadell de confianza.","breadcrumb":{"@id":"https:\/\/reciclajesmoa.com\/fabrica-de-palets-sabadell\/#breadcrumb"},"inLanguage":"ca","potentialAction":[{"@type":"ReadAction","target":["https:\/\/reciclajesmoa.com\/fabrica-de-palets-sabadell\/"]}]},{"@type":"BreadcrumbList","@id":"https:\/\/reciclajesmoa.com\/fabrica-de-palets-sabadell\/#breadcrumb","itemListElement":[{"@type":"ListItem","position":1,"name":"Portada","item":"https:\/\/reciclajesmoa.com\/"},{"@type":"ListItem","position":2,"name":"F\u00e1brica de palets Sabadell"}]},{"@type":"WebSite","@id":"https:\/\/reciclajesmoa.com\/#website","url":"https:\/\/reciclajesmoa.com\/","name":"Reciclajes Moa - Palets Barcelona","description":"","potentialAction":[{"@type":"SearchAction","target":{"@type":"EntryPoint","urlTemplate":"https:\/\/reciclajesmoa.com\/?s={search_term_string}"},"query-input":"required name=search_term_string"}],"inLanguage":"ca"}]}},"_links":{"self":[{"href":"https:\/\/reciclajesmoa.com\/ca\/wp-json\/wp\/v2\/pages\/398","targetHints":{"allow":["GET"]}}],"collection":[{"href":"https:\/\/reciclajesmoa.com\/ca\/wp-json\/wp\/v2\/pages"}],"about":[{"href":"https:\/\/reciclajesmoa.com\/ca\/wp-json\/wp\/v2\/types\/page"}],"author":[{"embeddable":true,"href":"https:\/\/reciclajesmoa.com\/ca\/wp-json\/wp\/v2\/users\/1"}],"replies":[{"embeddable":true,"href":"https:\/\/reciclajesmoa.com\/ca\/wp-json\/wp\/v2\/comments?post=398"}],"version-history":[{"count":2,"href":"https:\/\/reciclajesmoa.com\/ca\/wp-json\/wp\/v2\/pages\/398\/revisions"}],"predecessor-version":[{"id":1891,"href":"https:\/\/reciclajesmoa.com\/ca\/wp-json\/wp\/v2\/pages\/398\/revisions\/1891"}],"wp:attachment":[{"href":"https:\/\/reciclajesmoa.com\/ca\/wp-json\/wp\/v2\/media?parent=398"}],"curies":[{"name":"wp","href":"https:\/\/api.w.org\/{rel}","templated":true}]}}