{"id":400,"date":"2023-02-20T08:22:40","date_gmt":"2023-02-20T08:22:40","guid":{"rendered":"https:\/\/reciclajesmoa.com\/?page_id=400"},"modified":"2024-01-15T11:03:30","modified_gmt":"2024-01-15T11:03:30","slug":"fabrica-palets-granollers","status":"publish","type":"page","link":"https:\/\/reciclajesmoa.com\/ca\/fabrica-palets-granollers\/","title":{"rendered":"F\u00e0brica palets Granollers"},"content":{"rendered":"<div class=\"wpb-content-wrapper\"><div data-vc-full-width=\"true\" data-vc-full-width-init=\"false\" data-vc-stretch-content=\"true\" data-vc-parallax=\"1.5\" data-vc-parallax-image=\"https:\/\/reciclajesmoa.com\/wp-content\/uploads\/2023\/02\/cabecera-reciclajes-moa.jpg\" class=\"vc_row wpb_row vc_row-fluid vc_row-has-fill vc_general vc_parallax vc_parallax-content-moving\"><div class=\"wpb_column vc_column_container vc_col-sm-12 vc_hidden-sm vc_hidden-xs vc_col-has-fill\"><div class=\"vc_column-inner vc_custom_1676279128938\"><div class=\"wpb_wrapper\"><div class=\"vc_empty_space\"   style=\"height: 150px\"><span class=\"vc_empty_space_inner\"><\/span><\/div>\n\t<div class=\"wpb_text_column wpb_content_element  vc_custom_1676279099784\" >\n\t\t<div class=\"wpb_wrapper\">\n\t\t\t<h1><span style=\"color: #ffffff;\">F\u00e0brica de palets Granollers<\/span><\/h1>\n\n\t\t<\/div>\n\t<\/div>\n<\/div><\/div><\/div><\/div><div class=\"vc_row-full-width vc_clearfix\"><\/div><div data-vc-full-width=\"true\" data-vc-full-width-init=\"false\" data-vc-stretch-content=\"true\" data-vc-parallax=\"1.5\" data-vc-parallax-image=\"https:\/\/reciclajesmoa.com\/wp-content\/uploads\/2023\/02\/cabecera-reciclajes-moa.jpg\" class=\"vc_row wpb_row vc_row-fluid vc_row-has-fill vc_general vc_parallax vc_parallax-content-moving\"><div class=\"wpb_column vc_column_container vc_col-sm-12 vc_hidden-lg vc_hidden-md vc_col-has-fill\"><div class=\"vc_column-inner vc_custom_1676279137834\"><div class=\"wpb_wrapper\"><div class=\"vc_empty_space\"   style=\"height: 120px\"><span class=\"vc_empty_space_inner\"><\/span><\/div>\n\t<div class=\"wpb_text_column wpb_content_element  vc_custom_1676279099784\" >\n\t\t<div class=\"wpb_wrapper\">\n\t\t\t<h1><span style=\"color: #ffffff;\">F\u00e0brica de palets Granollers<\/span><\/h1>\n\n\t\t<\/div>\n\t<\/div>\n<\/div><\/div><\/div><\/div><div class=\"vc_row-full-width vc_clearfix\"><\/div><div class=\"vc_row wpb_row vc_row-fluid\"><div class=\"wpb_column vc_column_container vc_col-sm-12\"><div class=\"vc_column-inner\"><div class=\"wpb_wrapper\"><div class=\"vc_empty_space\"   style=\"height: 32px\"><span class=\"vc_empty_space_inner\"><\/span><\/div><\/div><\/div><\/div><\/div><div class=\"vc_row wpb_row vc_row-fluid vc_column-gap-35\"><div class=\"wpb_column vc_column_container vc_col-sm-6\"><div class=\"vc_column-inner\"><div class=\"wpb_wrapper\">\n\t<div class=\"wpb_text_column wpb_content_element\" >\n\t\t<div class=\"wpb_wrapper\">\n\t\t\t<div class=\"wpb_text_column wpb_content_element texto\">\n<div class=\"wpb_wrapper\">\n<p style=\"text-align: justify;\">A Reciclatges Moa som una<strong>\u00a0f\u00e0brica de palets de Granollers<\/strong>\u00a0que disposem de palets de diferents caracter\u00edstiques, formes i mides per als nostres clients. Som una empresa especialitzada en el sector, i disposem d\u00b4un ampli cat\u00e0leg amb m\u00faltiples opcions de palets de fusta perqu\u00e8 aquells que ho necessitin trobin la millor soluci\u00f3. A m\u00e9s, oferim servei de palet a mida adaptant-nos al 100% a les necessitats del client.<\/p>\n<p style=\"text-align: justify;\">A la nostra<strong>\u00a0<span class=\"grammar correction\" title=\"Si \u00e9s adjectiu o nom, s&#039;escriu amb titlla.\" data-type=\"grammar\" data-suggestions=\"&#091;{&quot;value&quot;:&quot;f\u00e1brica&quot;}&#093;\" data-rule=\"DIACRITICS_VERB_N_ADJ\" data-word=\"fabrica\">f\u00e0brica<\/span>\u00a0de palets Granollers<\/strong>\u00a0treballem dia a dia per oferir un servei de qualitat i cuidem tots els \u00e0mbits que fan possible el nostre negoci. Lluitem per protegir el medi ambient i aquesta \u00e9s una de les qualitats que ens diferencia de la resta. I \u00e9s que fem palets a partir de material reciclat, cuidant cada m\u00ednim detall per allargar la vida dels materials del palet.<\/p>\n<\/div>\n<\/div>\n\n\t\t<\/div>\n\t<\/div>\n<div class=\"vc_btn3-container vc_btn3-center\" ><a class=\"vc_general vc_btn3 vc_btn3-size-md vc_btn3-shape-rounded vc_btn3-style-modern vc_btn3-color-warning\" href=\"https:\/\/reciclajesmoa.com\/ca\/contacto\/\" title=\"Contacte\">CONTACTA AMB NOSALTRES<\/a><\/div>\n\t<div class=\"wpb_text_column wpb_content_element\" >\n\t\t<div class=\"wpb_wrapper\">\n\t\t\t<p style=\"text-align: justify;\">Estem cont\u00ednuament buscant la manera de donar una segona vida a la mat\u00e8ria primera que fem servir. Som conscients que el millor palet per a cada client \u00e9s aquell que es crea \u00fanicament per a ell, seguint els seus\u00a0<span class=\"grammar correction\" title=\"Com a locuci\u00f3 causal, s&#039;escriu amb coma.\" data-type=\"grammar\" data-suggestions=\"&#091;{&quot;value&quot;:&quot;necesidades, ya que&quot;},{&quot;value&quot;:&quot;necesidades porque&quot;}&#093;\" data-rule=\"YA_QUE\" data-word=\"necesidades ya que\">necessitats, ja que<\/span>\u00a0d&#039;aquesta manera aconseguim que s&#039;adaptin perfectament a les mides de l&#039;espai on es col\u00b7locaran i aconseguim tenir un palet m\u00e9s\u00a0<span class=\"grammar correction\" title=\"Si \u00e9s substantiu o adjectiu, porta titlla. Correcte si \u00e9s del v. &#039;practicar&#039;.\" data-type=\"grammar\" data-suggestions=\"&#091;{&quot;value&quot;:&quot;pr\u00e1ctico&quot;}&#093;\" data-rule=\"DIACRITICS_OTHERS\" data-word=\"practico\">pr\u00e0ctic<\/span>\u00a0i funcional.<\/p>\n<p style=\"text-align: justify;\">A Reciclatges Moa disposem de totes les eines i serveis necessaris per poder adaptar-nos a les diferents possibilitats que desitgi el client, comptem amb un ampli ventall de palets de fusta que podr\u00e0s visualitzar a la nostra p\u00e0gina web. \u00c9s per aix\u00f2 que, si est\u00e0s buscant una f\u00e0brica de palets a Granollers, probablement siguem la teva soluci\u00f3.<\/p>\n<p style=\"text-align: justify;\">A la nostra p\u00e0gina web podr\u00e0s veure tota la informaci\u00f3 i tamb\u00e9 pots contactar amb nosaltres trucant al 937 197 971, enviant-nos un correu electr\u00f2nic a info@reciclajesmoa.com o b\u00e9 visitant-nos personalment a Avenida Torre d<span class=\"error grammar\" title=\"S\u00edmbol desaparellat: Sembla que falta un &#039;&#039;&#039;.\" data-type=\"grammar\" data-suggestions=\"&#091;&#093;\" data-rule=\"ES_UNPAIRED_BRACKETS\" data-word=\"\u2019\">&#039;<\/span>a\u00a0<span class=\"error misspelling\" title=\"S&#039;ha trobat un error ortogr\u00e0fic possible.\" data-type=\"misspelling\" data-suggestions=\"&#091;{&quot;value&quot;:&quot;Mateo&quot;},{&quot;value&quot;:&quot;Mate&quot;},{&quot;value&quot;:&quot;Mates&quot;},{&quot;value&quot;:&quot;Maten&quot;},{&quot;value&quot;:&quot;Mat\u00e9&quot;},{&quot;value&quot;:&quot;Matea&quot;},{&quot;value&quot;:&quot;Matet&quot;}&#093;\" data-rule=\"MORFOLOGIK_RULE_ES\" data-word=\"Mateu\">Mateu<\/span>, 86, a\u00a0<span class=\"error misspelling\" title=\"S&#039;ha trobat un error ortogr\u00e0fic possible.\" data-type=\"misspelling\" data-suggestions=\"&#091;{&quot;value&quot;:&quot;Barbera&quot;},{&quot;value&quot;:&quot;Barrera&quot;},{&quot;value&quot;:&quot;Barbero&quot;},{&quot;value&quot;:&quot;B\u00e1rbara&quot;},{&quot;value&quot;:&quot;Barber\u00eda&quot;},{&quot;value&quot;:&quot;Barbara&quot;},{&quot;value&quot;:&quot;Barbeta&quot;}&#093;\" data-rule=\"MORFOLOGIK_RULE_ES\" data-word=\"Barber\u00e0\">Barber\u00e0<\/span>\u00a0del Vall\u00e8s, Barcelona.<\/p>\n\n\t\t<\/div>\n\t<\/div>\n<\/div><\/div><\/div><div class=\"wpb_column vc_column_container vc_col-sm-6\"><div class=\"vc_column-inner\"><div class=\"wpb_wrapper\">\n\t<div class=\"wpb_text_column wpb_content_element\" >\n\t\t<div class=\"wpb_wrapper\">\n\t\t\t<h2>Contacta amb nosaltres<\/h2>\n\n\t\t<\/div>\n\t<\/div>\n\n\t<div class=\"wpb_text_column wpb_content_element\" >\n\t\t<div class=\"wpb_wrapper\">\n\t\t\t<blockquote>\n<h4><strong>Avinguda Torre d&#039;en Mateu, 86 <\/strong><br \/>\n<strong>08210 Barber\u00e0 del Vall\u00e8s<\/strong><\/h4>\n<h4><strong>937197971 <\/strong><br \/>\n<strong>info@reciclajesmoa.com<\/strong><\/h4>\n<\/blockquote>\n\n\t\t<\/div>\n\t<\/div>\n\n<div class=\"wpcf7 no-js\" id=\"wpcf7-f151-o1\" lang=\"es-ES\" dir=\"ltr\">\n<div class=\"screen-reader-response\"><p role=\"status\" aria-live=\"polite\" aria-atomic=\"true\"><\/p> <ul><\/ul><\/div>\n<form action=\"\/ca\/wp-json\/wp\/v2\/pages\/400#wpcf7-f151-o1\" method=\"post\" class=\"wpcf7-form init\" aria-label=\"Formulario de contacto\" novalidate=\"novalidate\" data-status=\"init\" data-trp-original-action=\"\/ca\/wp-json\/wp\/v2\/pages\/400#wpcf7-f151-o1\">\n<div style=\"display: none;\">\n<input type=\"hidden\" name=\"_wpcf7\" value=\"151\" \/>\n<input type=\"hidden\" name=\"_wpcf7_version\" value=\"5.9.2\" \/>\n<input type=\"hidden\" name=\"_wpcf7_locale\" value=\"es_ES\" \/>\n<input type=\"hidden\" name=\"_wpcf7_unit_tag\" value=\"wpcf7-f151-o1\" \/>\n<input type=\"hidden\" name=\"_wpcf7_container_post\" value=\"0\" \/>\n<input type=\"hidden\" name=\"_wpcf7_posted_data_hash\" value=\"\" \/>\n<input type=\"hidden\" name=\"_wpcf7_recaptcha_response\" value=\"\" \/>\n<\/div>\n<p><label><span class=\"wpcf7-form-control-wrap\" data-name=\"your-name\"><input size=\"40\" class=\"wpcf7-form-control wpcf7-text wpcf7-validates-as-required\" autocomplete=\"name\" aria-required=\"true\" aria-invalid=\"false\" placeholder=\"Nom*\" value=\"\" type=\"text\" name=\"your-name\" \/><\/span><\/label>\n<\/p>\n<p><label><span class=\"wpcf7-form-control-wrap\" data-name=\"your-email\"><input size=\"40\" class=\"wpcf7-form-control wpcf7-email wpcf7-validates-as-required wpcf7-text wpcf7-validates-as-email\" autocomplete=\"email\" aria-required=\"true\" aria-invalid=\"false\" placeholder=\"Email*\" value=\"\" type=\"email\" name=\"your-email\" \/><\/span><\/label>\n<\/p>\n<p><label><span class=\"wpcf7-form-control-wrap\" data-name=\"your-subject\"><input size=\"40\" class=\"wpcf7-form-control wpcf7-tel wpcf7-validates-as-required wpcf7-text wpcf7-validates-as-tel\" aria-required=\"true\" aria-invalid=\"false\" placeholder=\"Tel\u00e8fon*\" value=\"\" type=\"tel\" name=\"your-subject\" \/><\/span><\/label>\n<\/p>\n<p><label><span class=\"wpcf7-form-control-wrap\" data-name=\"your-message\"><textarea cols=\"40\" rows=\"2\" class=\"wpcf7-form-control wpcf7-textarea\" aria-invalid=\"false\" placeholder=\"Missatge (opcional)\" name=\"your-message\"><\/textarea><\/span><\/label>\n<\/p>\n<p><span class=\"wpcf7-form-control-wrap\" data-name=\"checkbox-816\"><span class=\"wpcf7-form-control wpcf7-checkbox wpcf7-validates-as-required\"><span class=\"wpcf7-list-item first last\"><input type=\"checkbox\" name=\"checkbox-816[]\" value=\"He aceptado y he le\u00eddo la\" \/><span class=\"wpcf7-list-item-label\">He acceptat i he llegit la<\/span><\/span><\/span><\/span><a href=\"https:\/\/reciclajesmoa.com\/ca\/aviso-legal-politica-de-privacidad\/\"> pol\u00edtica de privadesa<\/a>.\n<\/p>\n<p><span class=\"wpcf7-form-control-wrap\" data-name=\"checkbox-817\"><span class=\"wpcf7-form-control wpcf7-checkbox wpcf7-validates-as-required\"><span class=\"wpcf7-list-item first last\"><input type=\"checkbox\" name=\"checkbox-817[]\" value=\"Acepto el env\u00edo de informaci\u00f3n.\" \/><span class=\"wpcf7-list-item-label\">Accepto l\u00b4enviament d\u00b4informaci\u00f3.<\/span><\/span><\/span><\/span>\n<\/p>\n<p><input class=\"wpcf7-form-control wpcf7-submit has-spinner\" type=\"submit\" value=\"Enviar\" \/>\n<\/p><div class=\"wpcf7-response-output\" aria-hidden=\"true\"><\/div>\n<input type=\"hidden\" name=\"trp-form-language\" value=\"ca\"\/><\/form>\n<\/div>\n<\/div><\/div><\/div><\/div><div class=\"vc_row wpb_row vc_row-fluid\"><div class=\"wpb_column vc_column_container vc_col-sm-12\"><div class=\"vc_column-inner\"><div class=\"wpb_wrapper\"><div class=\"vc_empty_space\"   style=\"height: 32px\"><span class=\"vc_empty_space_inner\"><\/span><\/div><\/div><\/div><\/div><\/div>\n<\/div>","protected":false},"excerpt":{"rendered":"F\u00e1brica de palets Granollers F\u00e1brica de palets Granollers En Reciclajes Moa somos una\u00a0f\u00e1brica de palets de Granollers\u00a0que disponemos de palets de diferentes caracter\u00edsticas, formas y tama\u00f1os para nuestros clientes. Somos una empresa especializada en el sector, y disponemos de un amplio cat\u00e1logo con m\u00faltiples opciones de palets de madera para que aquellos que lo necesiten<a href=\"https:\/\/reciclajesmoa.com\/ca\/fabrica-palets-granollers\/\" class=\"\" rel=\"bookmark\">Llegiu m\u00e9s &raquo;<span class=\"screen-reader-text\">F\u00e0brica palets Granollers<\/span><\/a>","protected":false},"author":1,"featured_media":0,"parent":0,"menu_order":0,"comment_status":"closed","ping_status":"closed","template":"","meta":{"neve_meta_sidebar":"","neve_meta_container":"","neve_meta_enable_content_width":"off","neve_meta_content_width":100,"neve_meta_title_alignment":"","neve_meta_author_avatar":"","neve_post_elements_order":"","neve_meta_disable_header":"","neve_meta_disable_footer":"","neve_meta_disable_title":"on","neve_meta_reading_time":"","footnotes":""},"class_list":["post-400","page","type-page","status-publish","hentry"],"yoast_head":"<!-- This site is optimized with the Yoast SEO plugin v22.2 - https:\/\/yoast.com\/wordpress\/plugins\/seo\/ -->\n<title>F\u00e1brica palets Granollers<\/title>\n<meta name=\"description\" content=\"Somos una f\u00e1brica de palets de Granollers que disponemos de palets de diferentes caracter\u00edsticas, formas y tama\u00f1os para nuestros clientes.\" \/>\n<meta name=\"robots\" content=\"index, follow, max-snippet:-1, max-image-preview:large, max-video-preview:-1\" \/>\n<link rel=\"canonical\" href=\"https:\/\/reciclajesmoa.com\/ca\/fabrica-palets-granollers\/\" \/>\n<meta property=\"og:locale\" content=\"ca_ES\" \/>\n<meta property=\"og:type\" content=\"article\" \/>\n<meta property=\"og:title\" content=\"F\u00e1brica palets Granollers\" \/>\n<meta property=\"og:description\" content=\"Somos una f\u00e1brica de palets de Granollers que disponemos de palets de diferentes caracter\u00edsticas, formas y tama\u00f1os para nuestros clientes.\" \/>\n<meta property=\"og:url\" content=\"https:\/\/reciclajesmoa.com\/ca\/fabrica-palets-granollers\/\" \/>\n<meta property=\"og:site_name\" content=\"Reciclajes Moa - Palets Barcelona\" \/>\n<meta property=\"article:modified_time\" content=\"2024-01-15T11:03:30+00:00\" \/>\n<meta name=\"twitter:card\" content=\"summary_large_image\" \/>\n<meta name=\"twitter:label1\" content=\"Temps estimat de lectura\" \/>\n\t<meta name=\"twitter:data1\" content=\"3 minuts\" \/>\n<script type=\"application\/ld+json\" class=\"yoast-schema-graph\">{\"@context\":\"https:\/\/schema.org\",\"@graph\":[{\"@type\":\"WebPage\",\"@id\":\"https:\/\/reciclajesmoa.com\/fabrica-palets-granollers\/\",\"url\":\"https:\/\/reciclajesmoa.com\/fabrica-palets-granollers\/\",\"name\":\"F\u00e1brica palets Granollers\",\"isPartOf\":{\"@id\":\"https:\/\/reciclajesmoa.com\/#website\"},\"datePublished\":\"2023-02-20T08:22:40+00:00\",\"dateModified\":\"2024-01-15T11:03:30+00:00\",\"description\":\"Somos una f\u00e1brica de palets de Granollers que disponemos de palets de diferentes caracter\u00edsticas, formas y tama\u00f1os para nuestros clientes.\",\"breadcrumb\":{\"@id\":\"https:\/\/reciclajesmoa.com\/fabrica-palets-granollers\/#breadcrumb\"},\"inLanguage\":\"ca\",\"potentialAction\":[{\"@type\":\"ReadAction\",\"target\":[\"https:\/\/reciclajesmoa.com\/fabrica-palets-granollers\/\"]}]},{\"@type\":\"BreadcrumbList\",\"@id\":\"https:\/\/reciclajesmoa.com\/fabrica-palets-granollers\/#breadcrumb\",\"itemListElement\":[{\"@type\":\"ListItem\",\"position\":1,\"name\":\"Portada\",\"item\":\"https:\/\/reciclajesmoa.com\/\"},{\"@type\":\"ListItem\",\"position\":2,\"name\":\"F\u00e1brica palets Granollers\"}]},{\"@type\":\"WebSite\",\"@id\":\"https:\/\/reciclajesmoa.com\/#website\",\"url\":\"https:\/\/reciclajesmoa.com\/\",\"name\":\"Reciclajes Moa - Palets Barcelona\",\"description\":\"\",\"potentialAction\":[{\"@type\":\"SearchAction\",\"target\":{\"@type\":\"EntryPoint\",\"urlTemplate\":\"https:\/\/reciclajesmoa.com\/?s={search_term_string}\"},\"query-input\":\"required name=search_term_string\"}],\"inLanguage\":\"ca\"}]}<\/script>\n<!-- \/ Yoast SEO plugin. -->","yoast_head_json":{"title":"F\u00e1brica palets Granollers","description":"Somos una f\u00e1brica de palets de Granollers que disponemos de palets de diferentes caracter\u00edsticas, formas y tama\u00f1os para nuestros clientes.","robots":{"index":"index","follow":"follow","max-snippet":"max-snippet:-1","max-image-preview":"max-image-preview:large","max-video-preview":"max-video-preview:-1"},"canonical":"https:\/\/reciclajesmoa.com\/ca\/fabrica-palets-granollers\/","og_locale":"ca_ES","og_type":"article","og_title":"F\u00e1brica palets Granollers","og_description":"Somos una f\u00e1brica de palets de Granollers que disponemos de palets de diferentes caracter\u00edsticas, formas y tama\u00f1os para nuestros clientes.","og_url":"https:\/\/reciclajesmoa.com\/ca\/fabrica-palets-granollers\/","og_site_name":"Reciclajes Moa - Palets Barcelona","article_modified_time":"2024-01-15T11:03:30+00:00","twitter_card":"summary_large_image","twitter_misc":{"Temps estimat de lectura":"3 minuts"},"schema":{"@context":"https:\/\/schema.org","@graph":[{"@type":"WebPage","@id":"https:\/\/reciclajesmoa.com\/fabrica-palets-granollers\/","url":"https:\/\/reciclajesmoa.com\/fabrica-palets-granollers\/","name":"F\u00e1brica palets Granollers","isPartOf":{"@id":"https:\/\/reciclajesmoa.com\/#website"},"datePublished":"2023-02-20T08:22:40+00:00","dateModified":"2024-01-15T11:03:30+00:00","description":"Somos una f\u00e1brica de palets de Granollers que disponemos de palets de diferentes caracter\u00edsticas, formas y tama\u00f1os para nuestros clientes.","breadcrumb":{"@id":"https:\/\/reciclajesmoa.com\/fabrica-palets-granollers\/#breadcrumb"},"inLanguage":"ca","potentialAction":[{"@type":"ReadAction","target":["https:\/\/reciclajesmoa.com\/fabrica-palets-granollers\/"]}]},{"@type":"BreadcrumbList","@id":"https:\/\/reciclajesmoa.com\/fabrica-palets-granollers\/#breadcrumb","itemListElement":[{"@type":"ListItem","position":1,"name":"Portada","item":"https:\/\/reciclajesmoa.com\/"},{"@type":"ListItem","position":2,"name":"F\u00e1brica palets Granollers"}]},{"@type":"WebSite","@id":"https:\/\/reciclajesmoa.com\/#website","url":"https:\/\/reciclajesmoa.com\/","name":"Reciclajes Moa - Palets Barcelona","description":"","potentialAction":[{"@type":"SearchAction","target":{"@type":"EntryPoint","urlTemplate":"https:\/\/reciclajesmoa.com\/?s={search_term_string}"},"query-input":"required name=search_term_string"}],"inLanguage":"ca"}]}},"_links":{"self":[{"href":"https:\/\/reciclajesmoa.com\/ca\/wp-json\/wp\/v2\/pages\/400","targetHints":{"allow":["GET"]}}],"collection":[{"href":"https:\/\/reciclajesmoa.com\/ca\/wp-json\/wp\/v2\/pages"}],"about":[{"href":"https:\/\/reciclajesmoa.com\/ca\/wp-json\/wp\/v2\/types\/page"}],"author":[{"embeddable":true,"href":"https:\/\/reciclajesmoa.com\/ca\/wp-json\/wp\/v2\/users\/1"}],"replies":[{"embeddable":true,"href":"https:\/\/reciclajesmoa.com\/ca\/wp-json\/wp\/v2\/comments?post=400"}],"version-history":[{"count":2,"href":"https:\/\/reciclajesmoa.com\/ca\/wp-json\/wp\/v2\/pages\/400\/revisions"}],"predecessor-version":[{"id":1893,"href":"https:\/\/reciclajesmoa.com\/ca\/wp-json\/wp\/v2\/pages\/400\/revisions\/1893"}],"wp:attachment":[{"href":"https:\/\/reciclajesmoa.com\/ca\/wp-json\/wp\/v2\/media?parent=400"}],"curies":[{"name":"wp","href":"https:\/\/api.w.org\/{rel}","templated":true}]}}