{"id":413,"date":"2023-02-20T08:34:55","date_gmt":"2023-02-20T08:34:55","guid":{"rendered":"https:\/\/reciclajesmoa.com\/?page_id=413"},"modified":"2024-01-15T11:27:27","modified_gmt":"2024-01-15T11:27:27","slug":"palets-barbera-del-valles","status":"publish","type":"page","link":"https:\/\/reciclajesmoa.com\/ca\/palets-barbera-del-valles\/","title":{"rendered":"Palets Barber\u00e0 del Vall\u00e8s"},"content":{"rendered":"<div class=\"wpb-content-wrapper\"><div data-vc-full-width=\"true\" data-vc-full-width-init=\"false\" data-vc-stretch-content=\"true\" data-vc-parallax=\"1.5\" data-vc-parallax-image=\"https:\/\/reciclajesmoa.com\/wp-content\/uploads\/2023\/02\/cabecera-reciclajes-moa.jpg\" class=\"vc_row wpb_row vc_row-fluid vc_row-has-fill vc_general vc_parallax vc_parallax-content-moving\"><div class=\"wpb_column vc_column_container vc_col-sm-12 vc_hidden-sm vc_hidden-xs vc_col-has-fill\"><div class=\"vc_column-inner vc_custom_1676279128938\"><div class=\"wpb_wrapper\"><div class=\"vc_empty_space\"   style=\"height: 150px\"><span class=\"vc_empty_space_inner\"><\/span><\/div>\n\t<div class=\"wpb_text_column wpb_content_element  vc_custom_1676279099784\" >\n\t\t<div class=\"wpb_wrapper\">\n\t\t\t<h1><span style=\"color: #ffffff;\">Palets Barber\u00e0 del Vall\u00e8s<\/span><\/h1>\n\n\t\t<\/div>\n\t<\/div>\n<\/div><\/div><\/div><\/div><div class=\"vc_row-full-width vc_clearfix\"><\/div><div data-vc-full-width=\"true\" data-vc-full-width-init=\"false\" data-vc-stretch-content=\"true\" data-vc-parallax=\"1.5\" data-vc-parallax-image=\"https:\/\/reciclajesmoa.com\/wp-content\/uploads\/2023\/02\/cabecera-reciclajes-moa.jpg\" class=\"vc_row wpb_row vc_row-fluid vc_row-has-fill vc_general vc_parallax vc_parallax-content-moving\"><div class=\"wpb_column vc_column_container vc_col-sm-12 vc_hidden-lg vc_hidden-md vc_col-has-fill\"><div class=\"vc_column-inner vc_custom_1676279137834\"><div class=\"wpb_wrapper\"><div class=\"vc_empty_space\"   style=\"height: 120px\"><span class=\"vc_empty_space_inner\"><\/span><\/div>\n\t<div class=\"wpb_text_column wpb_content_element  vc_custom_1676279099784\" >\n\t\t<div class=\"wpb_wrapper\">\n\t\t\t<h1><span style=\"color: #ffffff;\">Palets Barber\u00e0 del Vall\u00e8s<\/span><\/h1>\n\n\t\t<\/div>\n\t<\/div>\n<\/div><\/div><\/div><\/div><div class=\"vc_row-full-width vc_clearfix\"><\/div><div class=\"vc_row wpb_row vc_row-fluid\"><div class=\"wpb_column vc_column_container vc_col-sm-12\"><div class=\"vc_column-inner\"><div class=\"wpb_wrapper\"><div class=\"vc_empty_space\"   style=\"height: 32px\"><span class=\"vc_empty_space_inner\"><\/span><\/div><\/div><\/div><\/div><\/div><div class=\"vc_row wpb_row vc_row-fluid vc_column-gap-35\"><div class=\"wpb_column vc_column_container vc_col-sm-6\"><div class=\"vc_column-inner\"><div class=\"wpb_wrapper\">\n\t<div class=\"wpb_text_column wpb_content_element\" >\n\t\t<div class=\"wpb_wrapper\">\n\t\t\t<div class=\"wpb_text_column wpb_content_element texto\">\n<div class=\"wpb_wrapper\">\n<p style=\"text-align: justify;\">Reciclatges Moa, som una empresa especialitzada en\u00a0<strong>Palets a Barber\u00e0 del Vall\u00e8s<\/strong>, en la qual podreu trobar un cat\u00e0leg molt ampli amb diferents models, els quals compten amb diferents caracter\u00edstiques t\u00e8cniques, \u00e9s a dir que cadascun t\u00e9 diferents formes, mides, mides, nombre d&#039;entrades, pes m\u00e0xim que pot suportar i tipus de c\u00e0rregues . Com veieu, hi ha molts palets diferents per tal de donar resposta a les necessitats de totes les empreses. Alguns dels\u00a0<strong>palets a Barber\u00e0 del Vall\u00e8s<\/strong>\u00a0que podreu trobar a la nostra empresa, s\u00f3n el palet semifort, el mig palet, el palet CP3, el palet americ\u00e0 obert i el palet europeu, entre d&#039;altres.<\/p>\n<p style=\"text-align: justify;\">Per\u00f2 sabem que per molts models de palets que existeixin, hi ha moltes m\u00e9s empreses, per la qual cosa segurament algunes no trobin el tipus perfecte per a elles, per aquesta ra\u00f3, a la nostra empresa oferim palets que estan fabricats totalment a mida, pensant en les necessitats exactes de cadascun dels nostres clients, per la qual cosa s&#039;ajusten a les particularitats de cada empresa, ja que fem un estudi previ de quines s\u00f3n les necessitats i de qu\u00e8 \u00e9s el que necessiten, aix\u00ed els magatzems es tornaran molt m\u00e9s funcionals. i rendibles, ja que podrem aprofitar fins al darrer mil\u00b7l\u00edmetre.<\/p>\n<\/div>\n<\/div>\n\n\t\t<\/div>\n\t<\/div>\n<div class=\"vc_btn3-container vc_btn3-center\" ><a class=\"vc_general vc_btn3 vc_btn3-size-md vc_btn3-shape-rounded vc_btn3-style-modern vc_btn3-color-warning\" href=\"https:\/\/reciclajesmoa.com\/ca\/contacto\/\" title=\"Contacte\">CONTACTA AMB NOSALTRES<\/a><\/div>\n\t<div class=\"wpb_text_column wpb_content_element\" >\n\t\t<div class=\"wpb_wrapper\">\n\t\t\t<p style=\"text-align: justify;\">A l&#039;hora de fabricar els palets que posteriorment posem a la vostra disposici\u00f3, ja siguin personalitzats o amb mides est\u00e0ndard, seguim un proc\u00e9s que es basa a reutilitzar i reciclar, \u00e9s a dir, que el que fem \u00e9s recopilar tots aquells palets que ja no s\u00f3n \u00fatils per a algunes empreses, els revisem per tal d&#039;extreure totes les peces que es puguin reutilitzar per fer palets nous, i les peces sobrants que no es puguin reutilitzar les dipositem en uns contenidors per poder-les reciclar i que no es converteixin en un material perjudicial per al medi ambient.<\/p>\n<p style=\"text-align: justify;\">A Reciclatges Moa sempre reciclem els nostres propis materials i fem tot el possible per allargar la seva vida \u00fatil, donant-los una nova vida, per\u00f2 a m\u00e9s d&#039;encarregar-nos de reutilitzar els\u00a0<strong>palets a Barber\u00e0 del Vall\u00e8s<\/strong>, a la nostra empresa tamb\u00e9 ens ocupem de la gesti\u00f3 dels residus que es creen dia a dia a les empreses, ja que si no es prenen les mesures necess\u00e0ries, es converteix en un gran perill per al planeta.<\/p>\n<p style=\"text-align: justify;\">D&#039;aquesta manera a la nostra empresa de\u00a0<strong>palets a Barber\u00e0 del Vall\u00e8s<\/strong>\u00a0col\u00b7laborem activament amb l&#039;economia circular, ja que sempre apostem per la protecci\u00f3 del medi ambient, la lluita contra el canvi clim\u00e0tic i la sostenibilitat en tots i cadascun dels productes que oferim i en tots els processos de producci\u00f3. converteix en un factor que ens diferencia de la resta d&#039;empreses del sector.<\/p>\n\n\t\t<\/div>\n\t<\/div>\n<\/div><\/div><\/div><div class=\"wpb_column vc_column_container vc_col-sm-6\"><div class=\"vc_column-inner\"><div class=\"wpb_wrapper\">\n\t<div class=\"wpb_text_column wpb_content_element\" >\n\t\t<div class=\"wpb_wrapper\">\n\t\t\t<h2>Contacta amb nosaltres<\/h2>\n\n\t\t<\/div>\n\t<\/div>\n\n\t<div class=\"wpb_text_column wpb_content_element\" >\n\t\t<div class=\"wpb_wrapper\">\n\t\t\t<blockquote>\n<h4><strong>Avinguda Torre d&#039;en Mateu, 86 <\/strong><br \/>\n<strong>08210 Barber\u00e0 del Vall\u00e8s<\/strong><\/h4>\n<h4><strong>937197971 <\/strong><br \/>\n<strong>info@reciclajesmoa.com<\/strong><\/h4>\n<\/blockquote>\n\n\t\t<\/div>\n\t<\/div>\n\n<div class=\"wpcf7 no-js\" id=\"wpcf7-f151-o1\" lang=\"es-ES\" dir=\"ltr\">\n<div class=\"screen-reader-response\"><p role=\"status\" aria-live=\"polite\" aria-atomic=\"true\"><\/p> <ul><\/ul><\/div>\n<form action=\"\/ca\/wp-json\/wp\/v2\/pages\/413#wpcf7-f151-o1\" method=\"post\" class=\"wpcf7-form init\" aria-label=\"Formulario de contacto\" novalidate=\"novalidate\" data-status=\"init\" data-trp-original-action=\"\/ca\/wp-json\/wp\/v2\/pages\/413#wpcf7-f151-o1\">\n<div style=\"display: none;\">\n<input type=\"hidden\" name=\"_wpcf7\" value=\"151\" \/>\n<input type=\"hidden\" name=\"_wpcf7_version\" value=\"5.9.2\" \/>\n<input type=\"hidden\" name=\"_wpcf7_locale\" value=\"es_ES\" \/>\n<input type=\"hidden\" name=\"_wpcf7_unit_tag\" value=\"wpcf7-f151-o1\" \/>\n<input type=\"hidden\" name=\"_wpcf7_container_post\" value=\"0\" \/>\n<input type=\"hidden\" name=\"_wpcf7_posted_data_hash\" value=\"\" \/>\n<input type=\"hidden\" name=\"_wpcf7_recaptcha_response\" value=\"\" \/>\n<\/div>\n<p><label><span class=\"wpcf7-form-control-wrap\" data-name=\"your-name\"><input size=\"40\" class=\"wpcf7-form-control wpcf7-text wpcf7-validates-as-required\" autocomplete=\"name\" aria-required=\"true\" aria-invalid=\"false\" placeholder=\"Nom*\" value=\"\" type=\"text\" name=\"your-name\" \/><\/span><\/label>\n<\/p>\n<p><label><span class=\"wpcf7-form-control-wrap\" data-name=\"your-email\"><input size=\"40\" class=\"wpcf7-form-control wpcf7-email wpcf7-validates-as-required wpcf7-text wpcf7-validates-as-email\" autocomplete=\"email\" aria-required=\"true\" aria-invalid=\"false\" placeholder=\"Email*\" value=\"\" type=\"email\" name=\"your-email\" \/><\/span><\/label>\n<\/p>\n<p><label><span class=\"wpcf7-form-control-wrap\" data-name=\"your-subject\"><input size=\"40\" class=\"wpcf7-form-control wpcf7-tel wpcf7-validates-as-required wpcf7-text wpcf7-validates-as-tel\" aria-required=\"true\" aria-invalid=\"false\" placeholder=\"Tel\u00e8fon*\" value=\"\" type=\"tel\" name=\"your-subject\" \/><\/span><\/label>\n<\/p>\n<p><label><span class=\"wpcf7-form-control-wrap\" data-name=\"your-message\"><textarea cols=\"40\" rows=\"2\" class=\"wpcf7-form-control wpcf7-textarea\" aria-invalid=\"false\" placeholder=\"Missatge (opcional)\" name=\"your-message\"><\/textarea><\/span><\/label>\n<\/p>\n<p><span class=\"wpcf7-form-control-wrap\" data-name=\"checkbox-816\"><span class=\"wpcf7-form-control wpcf7-checkbox wpcf7-validates-as-required\"><span class=\"wpcf7-list-item first last\"><input type=\"checkbox\" name=\"checkbox-816[]\" value=\"He aceptado y he le\u00eddo la\" \/><span class=\"wpcf7-list-item-label\">He acceptat i he llegit la<\/span><\/span><\/span><\/span><a href=\"https:\/\/reciclajesmoa.com\/ca\/aviso-legal-politica-de-privacidad\/\"> pol\u00edtica de privadesa<\/a>.\n<\/p>\n<p><span class=\"wpcf7-form-control-wrap\" data-name=\"checkbox-817\"><span class=\"wpcf7-form-control wpcf7-checkbox wpcf7-validates-as-required\"><span class=\"wpcf7-list-item first last\"><input type=\"checkbox\" name=\"checkbox-817[]\" value=\"Acepto el env\u00edo de informaci\u00f3n.\" \/><span class=\"wpcf7-list-item-label\">Accepto l\u00b4enviament d\u00b4informaci\u00f3.<\/span><\/span><\/span><\/span>\n<\/p>\n<p><input class=\"wpcf7-form-control wpcf7-submit has-spinner\" type=\"submit\" value=\"Enviar\" \/>\n<\/p><div class=\"wpcf7-response-output\" aria-hidden=\"true\"><\/div>\n<input type=\"hidden\" name=\"trp-form-language\" value=\"ca\"\/><\/form>\n<\/div>\n<\/div><\/div><\/div><\/div><div class=\"vc_row wpb_row vc_row-fluid\"><div class=\"wpb_column vc_column_container vc_col-sm-12\"><div class=\"vc_column-inner\"><div class=\"wpb_wrapper\"><div class=\"vc_empty_space\"   style=\"height: 32px\"><span class=\"vc_empty_space_inner\"><\/span><\/div><\/div><\/div><\/div><\/div>\n<\/div>","protected":false},"excerpt":{"rendered":"Palets Barber\u00e0 del Vall\u00e8s Palets Barber\u00e0 del Vall\u00e8s Reciclajes Moa, somos una empresa especializada en\u00a0Palets en Barber\u00e0 del Vall\u00e8s, en la cual podr\u00e9is encontrar un cat\u00e1logo muy amplio con diferentes modelos, los cuales cuentan con distintas caracter\u00edsticas t\u00e9cnicas, es decir que cada uno de ellos tiene diferentes formas, tama\u00f1os, medidas, numero de entradas, peso m\u00e1ximo<a href=\"https:\/\/reciclajesmoa.com\/ca\/palets-barbera-del-valles\/\" class=\"\" rel=\"bookmark\">Llegiu m\u00e9s &raquo;<span class=\"screen-reader-text\">Palets Barber\u00e0 del Vall\u00e8s<\/span><\/a>","protected":false},"author":1,"featured_media":0,"parent":0,"menu_order":0,"comment_status":"closed","ping_status":"closed","template":"","meta":{"neve_meta_sidebar":"","neve_meta_container":"","neve_meta_enable_content_width":"off","neve_meta_content_width":100,"neve_meta_title_alignment":"","neve_meta_author_avatar":"","neve_post_elements_order":"","neve_meta_disable_header":"","neve_meta_disable_footer":"","neve_meta_disable_title":"on","neve_meta_reading_time":"","footnotes":""},"class_list":["post-413","page","type-page","status-publish","hentry"],"yoast_head":"<!-- This site is optimized with the Yoast SEO plugin v22.2 - https:\/\/yoast.com\/wordpress\/plugins\/seo\/ -->\n<title>Palets Barber\u00e0 del Vall\u00e8s<\/title>\n<meta name=\"description\" content=\"Somos una empresa especializada en Palets en Barber\u00e0 del Vall\u00e8s, en la cual podr\u00e9is encontrar un cat\u00e1logo muy amplio.\" \/>\n<meta name=\"robots\" content=\"index, follow, max-snippet:-1, max-image-preview:large, max-video-preview:-1\" \/>\n<link rel=\"canonical\" href=\"https:\/\/reciclajesmoa.com\/ca\/palets-barbera-del-valles\/\" \/>\n<meta property=\"og:locale\" content=\"ca_ES\" \/>\n<meta property=\"og:type\" content=\"article\" \/>\n<meta property=\"og:title\" content=\"Palets Barber\u00e0 del Vall\u00e8s\" \/>\n<meta property=\"og:description\" content=\"Somos una empresa especializada en Palets en Barber\u00e0 del Vall\u00e8s, en la cual podr\u00e9is encontrar un cat\u00e1logo muy amplio.\" \/>\n<meta property=\"og:url\" content=\"https:\/\/reciclajesmoa.com\/ca\/palets-barbera-del-valles\/\" \/>\n<meta property=\"og:site_name\" content=\"Reciclajes Moa - Palets Barcelona\" \/>\n<meta property=\"article:modified_time\" content=\"2024-01-15T11:27:27+00:00\" \/>\n<meta name=\"twitter:card\" content=\"summary_large_image\" \/>\n<meta name=\"twitter:label1\" content=\"Temps estimat de lectura\" \/>\n\t<meta name=\"twitter:data1\" content=\"3 minuts\" \/>\n<script type=\"application\/ld+json\" class=\"yoast-schema-graph\">{\"@context\":\"https:\/\/schema.org\",\"@graph\":[{\"@type\":\"WebPage\",\"@id\":\"https:\/\/reciclajesmoa.com\/palets-barbera-del-valles\/\",\"url\":\"https:\/\/reciclajesmoa.com\/palets-barbera-del-valles\/\",\"name\":\"Palets Barber\u00e0 del Vall\u00e8s\",\"isPartOf\":{\"@id\":\"https:\/\/reciclajesmoa.com\/#website\"},\"datePublished\":\"2023-02-20T08:34:55+00:00\",\"dateModified\":\"2024-01-15T11:27:27+00:00\",\"description\":\"Somos una empresa especializada en Palets en Barber\u00e0 del Vall\u00e8s, en la cual podr\u00e9is encontrar un cat\u00e1logo muy amplio.\",\"breadcrumb\":{\"@id\":\"https:\/\/reciclajesmoa.com\/palets-barbera-del-valles\/#breadcrumb\"},\"inLanguage\":\"ca\",\"potentialAction\":[{\"@type\":\"ReadAction\",\"target\":[\"https:\/\/reciclajesmoa.com\/palets-barbera-del-valles\/\"]}]},{\"@type\":\"BreadcrumbList\",\"@id\":\"https:\/\/reciclajesmoa.com\/palets-barbera-del-valles\/#breadcrumb\",\"itemListElement\":[{\"@type\":\"ListItem\",\"position\":1,\"name\":\"Portada\",\"item\":\"https:\/\/reciclajesmoa.com\/\"},{\"@type\":\"ListItem\",\"position\":2,\"name\":\"Palets Barber\u00e0 del Vall\u00e8s\"}]},{\"@type\":\"WebSite\",\"@id\":\"https:\/\/reciclajesmoa.com\/#website\",\"url\":\"https:\/\/reciclajesmoa.com\/\",\"name\":\"Reciclajes Moa - Palets Barcelona\",\"description\":\"\",\"potentialAction\":[{\"@type\":\"SearchAction\",\"target\":{\"@type\":\"EntryPoint\",\"urlTemplate\":\"https:\/\/reciclajesmoa.com\/?s={search_term_string}\"},\"query-input\":\"required name=search_term_string\"}],\"inLanguage\":\"ca\"}]}<\/script>\n<!-- \/ Yoast SEO plugin. -->","yoast_head_json":{"title":"Palets Barber\u00e0 del Vall\u00e8s","description":"Somos una empresa especializada en Palets en Barber\u00e0 del Vall\u00e8s, en la cual podr\u00e9is encontrar un cat\u00e1logo muy amplio.","robots":{"index":"index","follow":"follow","max-snippet":"max-snippet:-1","max-image-preview":"max-image-preview:large","max-video-preview":"max-video-preview:-1"},"canonical":"https:\/\/reciclajesmoa.com\/ca\/palets-barbera-del-valles\/","og_locale":"ca_ES","og_type":"article","og_title":"Palets Barber\u00e0 del Vall\u00e8s","og_description":"Somos una empresa especializada en Palets en Barber\u00e0 del Vall\u00e8s, en la cual podr\u00e9is encontrar un cat\u00e1logo muy amplio.","og_url":"https:\/\/reciclajesmoa.com\/ca\/palets-barbera-del-valles\/","og_site_name":"Reciclajes Moa - Palets Barcelona","article_modified_time":"2024-01-15T11:27:27+00:00","twitter_card":"summary_large_image","twitter_misc":{"Temps estimat de lectura":"3 minuts"},"schema":{"@context":"https:\/\/schema.org","@graph":[{"@type":"WebPage","@id":"https:\/\/reciclajesmoa.com\/palets-barbera-del-valles\/","url":"https:\/\/reciclajesmoa.com\/palets-barbera-del-valles\/","name":"Palets Barber\u00e0 del Vall\u00e8s","isPartOf":{"@id":"https:\/\/reciclajesmoa.com\/#website"},"datePublished":"2023-02-20T08:34:55+00:00","dateModified":"2024-01-15T11:27:27+00:00","description":"Somos una empresa especializada en Palets en Barber\u00e0 del Vall\u00e8s, en la cual podr\u00e9is encontrar un cat\u00e1logo muy amplio.","breadcrumb":{"@id":"https:\/\/reciclajesmoa.com\/palets-barbera-del-valles\/#breadcrumb"},"inLanguage":"ca","potentialAction":[{"@type":"ReadAction","target":["https:\/\/reciclajesmoa.com\/palets-barbera-del-valles\/"]}]},{"@type":"BreadcrumbList","@id":"https:\/\/reciclajesmoa.com\/palets-barbera-del-valles\/#breadcrumb","itemListElement":[{"@type":"ListItem","position":1,"name":"Portada","item":"https:\/\/reciclajesmoa.com\/"},{"@type":"ListItem","position":2,"name":"Palets Barber\u00e0 del Vall\u00e8s"}]},{"@type":"WebSite","@id":"https:\/\/reciclajesmoa.com\/#website","url":"https:\/\/reciclajesmoa.com\/","name":"Reciclajes Moa - Palets Barcelona","description":"","potentialAction":[{"@type":"SearchAction","target":{"@type":"EntryPoint","urlTemplate":"https:\/\/reciclajesmoa.com\/?s={search_term_string}"},"query-input":"required name=search_term_string"}],"inLanguage":"ca"}]}},"_links":{"self":[{"href":"https:\/\/reciclajesmoa.com\/ca\/wp-json\/wp\/v2\/pages\/413","targetHints":{"allow":["GET"]}}],"collection":[{"href":"https:\/\/reciclajesmoa.com\/ca\/wp-json\/wp\/v2\/pages"}],"about":[{"href":"https:\/\/reciclajesmoa.com\/ca\/wp-json\/wp\/v2\/types\/page"}],"author":[{"embeddable":true,"href":"https:\/\/reciclajesmoa.com\/ca\/wp-json\/wp\/v2\/users\/1"}],"replies":[{"embeddable":true,"href":"https:\/\/reciclajesmoa.com\/ca\/wp-json\/wp\/v2\/comments?post=413"}],"version-history":[{"count":2,"href":"https:\/\/reciclajesmoa.com\/ca\/wp-json\/wp\/v2\/pages\/413\/revisions"}],"predecessor-version":[{"id":1901,"href":"https:\/\/reciclajesmoa.com\/ca\/wp-json\/wp\/v2\/pages\/413\/revisions\/1901"}],"wp:attachment":[{"href":"https:\/\/reciclajesmoa.com\/ca\/wp-json\/wp\/v2\/media?parent=413"}],"curies":[{"name":"wp","href":"https:\/\/api.w.org\/{rel}","templated":true}]}}