{"id":425,"date":"2023-02-20T08:47:01","date_gmt":"2023-02-20T08:47:01","guid":{"rendered":"https:\/\/reciclajesmoa.com\/?page_id=425"},"modified":"2024-01-16T08:28:54","modified_gmt":"2024-01-16T08:28:54","slug":"palets-granollers","status":"publish","type":"page","link":"https:\/\/reciclajesmoa.com\/ca\/palets-granollers\/","title":{"rendered":"Palets Granollers"},"content":{"rendered":"<div class=\"wpb-content-wrapper\"><div data-vc-full-width=\"true\" data-vc-full-width-init=\"false\" data-vc-stretch-content=\"true\" data-vc-parallax=\"1.5\" data-vc-parallax-image=\"https:\/\/reciclajesmoa.com\/wp-content\/uploads\/2023\/02\/cabecera-reciclajes-moa.jpg\" class=\"vc_row wpb_row vc_row-fluid vc_row-has-fill vc_general vc_parallax vc_parallax-content-moving\"><div class=\"wpb_column vc_column_container vc_col-sm-12 vc_hidden-sm vc_hidden-xs vc_col-has-fill\"><div class=\"vc_column-inner vc_custom_1676279128938\"><div class=\"wpb_wrapper\"><div class=\"vc_empty_space\"   style=\"height: 150px\"><span class=\"vc_empty_space_inner\"><\/span><\/div>\n\t<div class=\"wpb_text_column wpb_content_element  vc_custom_1676279099784\" >\n\t\t<div class=\"wpb_wrapper\">\n\t\t\t<h1><span style=\"color: #ffffff;\">Palets Granollers<\/span><\/h1>\n\n\t\t<\/div>\n\t<\/div>\n<\/div><\/div><\/div><\/div><div class=\"vc_row-full-width vc_clearfix\"><\/div><div data-vc-full-width=\"true\" data-vc-full-width-init=\"false\" data-vc-stretch-content=\"true\" data-vc-parallax=\"1.5\" data-vc-parallax-image=\"https:\/\/reciclajesmoa.com\/wp-content\/uploads\/2023\/02\/cabecera-reciclajes-moa.jpg\" class=\"vc_row wpb_row vc_row-fluid vc_row-has-fill vc_general vc_parallax vc_parallax-content-moving\"><div class=\"wpb_column vc_column_container vc_col-sm-12 vc_hidden-lg vc_hidden-md vc_col-has-fill\"><div class=\"vc_column-inner vc_custom_1676279137834\"><div class=\"wpb_wrapper\"><div class=\"vc_empty_space\"   style=\"height: 120px\"><span class=\"vc_empty_space_inner\"><\/span><\/div>\n\t<div class=\"wpb_text_column wpb_content_element  vc_custom_1676279099784\" >\n\t\t<div class=\"wpb_wrapper\">\n\t\t\t<h1><span style=\"color: #ffffff;\">Palets Granollers<\/span><\/h1>\n\n\t\t<\/div>\n\t<\/div>\n<\/div><\/div><\/div><\/div><div class=\"vc_row-full-width vc_clearfix\"><\/div><div class=\"vc_row wpb_row vc_row-fluid\"><div class=\"wpb_column vc_column_container vc_col-sm-12\"><div class=\"vc_column-inner\"><div class=\"wpb_wrapper\"><div class=\"vc_empty_space\"   style=\"height: 32px\"><span class=\"vc_empty_space_inner\"><\/span><\/div><\/div><\/div><\/div><\/div><div class=\"vc_row wpb_row vc_row-fluid vc_column-gap-35\"><div class=\"wpb_column vc_column_container vc_col-sm-6\"><div class=\"vc_column-inner\"><div class=\"wpb_wrapper\">\n\t<div class=\"wpb_text_column wpb_content_element\" >\n\t\t<div class=\"wpb_wrapper\">\n\t\t\t<div class=\"wpb_text_column wpb_content_element texto\">\n<div class=\"wpb_wrapper\">\n<p style=\"text-align: justify;\">Si tens una empresa i necessites aconseguir palets fets a mesura que cobreixin les necessitats reals de la teva empresa, haur\u00e0s de confiar en una empresa especialitzada com la nostra. Nosaltres, des de Reciclatges Moa, estem especialitzats en el disseny i la fabricaci\u00f3 de\u00a0<strong>palets<\/strong>\u00a0fets a mida a\u00a0<strong>Granollers<\/strong>, amb qu\u00e8 aconseguir\u00e0s els millors resultats. S\u00f3n palets de gran qualitat, eficients, duradors, reciclables i seguint un proc\u00e9s de producci\u00f3 sostenible.<\/p>\n<p style=\"text-align: justify;\">Els palets que t&#039;oferim s\u00f3n: Mitj\u00e0 Palet, Palet Americ\u00e0 Obert, Palet Americ\u00e0 Perimetral, Palet CP1, Palet CP3, Palet Europeu 2a, Palet Europeu 3a, Palet Europeu Blanc, Palet Fons Perdut i Palet Semi Fort. Productes pensats per adaptar-se a qualsevol empresa, que pensen en l&#039;efici\u00e8ncia de la funcionalitat i tamb\u00e9 en la protecci\u00f3 del medi ambient. Des de Reciclatges Moa presentem un model de productes i serveis sostenibles a trav\u00e9s del reciclatge. De fet comptem amb un servei, per ser contractat de forma externa per les empreses que aix\u00ed ho requereixin, per dur a terme la gesti\u00f3 dels residus de la manera m\u00e9s segura i sostenible possible. L&#039;economia circular representa per a nosaltres l&#039;\u00fanica opci\u00f3 per aconseguir models de negoci eficients.<\/p>\n<\/div>\n<\/div>\n\n\t\t<\/div>\n\t<\/div>\n<div class=\"vc_btn3-container vc_btn3-center\" ><a class=\"vc_general vc_btn3 vc_btn3-size-md vc_btn3-shape-rounded vc_btn3-style-modern vc_btn3-color-warning\" href=\"https:\/\/reciclajesmoa.com\/ca\/contacto\/\" title=\"Contacte\">CONTACTA AMB NOSALTRES<\/a><\/div>\n\t<div class=\"wpb_text_column wpb_content_element\" >\n\t\t<div class=\"wpb_wrapper\">\n\t\t\t<p style=\"text-align: justify;\">A Reciclatges Moa presentem serveis basats en la fabricaci\u00f3, el reciclatge i la venda de\u00a0<strong>palets<\/strong>\u00a0a\u00a0<strong>Granollers<\/strong>. Oferim un ampli i variat estoc de tot tipus de palets i un servei de compra de palets, on els recuperem i restaurem per allargar la seva vida \u00fatil. Tamb\u00e9 fabriquem\u00a0<strong>palets<\/strong>\u00a0a\u00a0<strong>Granollers<\/strong>\u00a0de tota mena de mesures que s&#039;ajusten a les particularitats de cada empresa i duem a terme la gesti\u00f3 de residus d&#039;aquelles empreses que compten amb comprom\u00eds ambiental i aposten per preservar el medi ambient, tal com fem nosaltres. Des de Reciclatges Moa estem segurs que tot residu \u00e9s aprofitable i, per aix\u00f2, comptem amb un servei de contenidors que s&#039;ocupa de recollir tots els residus dels nostres clients, per convertir-los novament en mat\u00e8ria primera i secund\u00e0ria 100% funcional i d&#039;alta qualitat. D&#039;aquesta manera transformem els residus de nou en recursos, allargant-ne el cicle de vida i evitant generar residus al planeta.<\/p>\n<p style=\"text-align: justify;\">A la nostra p\u00e0gina web podr\u00e0s con\u00e8ixer tot el que vulguis sobre la nostra empresa, cat\u00e0leg de productes, serveis, blocs o contactar amb nosaltres. Al nostre blog presentem not\u00edcies i informacions relacionades amb el sector, perqu\u00e8 obtinguis consells pr\u00e0ctics i s\u00e0pigues tots els avantatges que et poden oferir els nostres\u00a0<strong>palets<\/strong>\u00a0a\u00a0<strong>Granollers<\/strong>, aix\u00ed com el nostre servei de reciclatge. Pots contactar amb nosaltres omplint el formulari de la nostra web, enviant un correu electr\u00f2nic a\u00a0<a href=\"mailto:info@reciclajesmoa.com\">info@reciclajesmoa.com<\/a>, trucant al 937 197 971 o visitant-nos personalment a les nostres oficines de Barcelona, a Torre d&#039;en Mateu, 86, a Barber\u00e0 del Vall\u00e8s. Estarem encantats d&#039;escoltar-te i de dissenyar, juntament amb tu, solucions personalitzades a trav\u00e9s de la fabricaci\u00f3 de\u00a0<strong>palets<\/strong>\u00a0a\u00a0<strong>Granollers<\/strong>\u00a0fets a mida.<\/p>\n\n\t\t<\/div>\n\t<\/div>\n<\/div><\/div><\/div><div class=\"wpb_column vc_column_container vc_col-sm-6\"><div class=\"vc_column-inner\"><div class=\"wpb_wrapper\">\n\t<div class=\"wpb_text_column wpb_content_element\" >\n\t\t<div class=\"wpb_wrapper\">\n\t\t\t<h2>Contacta amb nosaltres<\/h2>\n\n\t\t<\/div>\n\t<\/div>\n\n\t<div class=\"wpb_text_column wpb_content_element\" >\n\t\t<div class=\"wpb_wrapper\">\n\t\t\t<blockquote>\n<h4><strong>Avinguda Torre d&#039;en Mateu, 86 <\/strong><br \/>\n<strong>08210 Barber\u00e0 del Vall\u00e8s<\/strong><\/h4>\n<h4><strong>937197971 <\/strong><br \/>\n<strong>info@reciclajesmoa.com<\/strong><\/h4>\n<\/blockquote>\n\n\t\t<\/div>\n\t<\/div>\n\n<div class=\"wpcf7 no-js\" id=\"wpcf7-f151-o1\" lang=\"es-ES\" dir=\"ltr\">\n<div class=\"screen-reader-response\"><p role=\"status\" aria-live=\"polite\" aria-atomic=\"true\"><\/p> <ul><\/ul><\/div>\n<form action=\"\/ca\/wp-json\/wp\/v2\/pages\/425#wpcf7-f151-o1\" method=\"post\" class=\"wpcf7-form init\" aria-label=\"Formulario de contacto\" novalidate=\"novalidate\" data-status=\"init\" data-trp-original-action=\"\/ca\/wp-json\/wp\/v2\/pages\/425#wpcf7-f151-o1\">\n<div style=\"display: none;\">\n<input type=\"hidden\" name=\"_wpcf7\" value=\"151\" \/>\n<input type=\"hidden\" name=\"_wpcf7_version\" value=\"5.9.2\" \/>\n<input type=\"hidden\" name=\"_wpcf7_locale\" value=\"es_ES\" \/>\n<input type=\"hidden\" name=\"_wpcf7_unit_tag\" value=\"wpcf7-f151-o1\" \/>\n<input type=\"hidden\" name=\"_wpcf7_container_post\" value=\"0\" \/>\n<input type=\"hidden\" name=\"_wpcf7_posted_data_hash\" value=\"\" \/>\n<input type=\"hidden\" name=\"_wpcf7_recaptcha_response\" value=\"\" \/>\n<\/div>\n<p><label><span class=\"wpcf7-form-control-wrap\" data-name=\"your-name\"><input size=\"40\" class=\"wpcf7-form-control wpcf7-text wpcf7-validates-as-required\" autocomplete=\"name\" aria-required=\"true\" aria-invalid=\"false\" placeholder=\"Nom*\" value=\"\" type=\"text\" name=\"your-name\" \/><\/span><\/label>\n<\/p>\n<p><label><span class=\"wpcf7-form-control-wrap\" data-name=\"your-email\"><input size=\"40\" class=\"wpcf7-form-control wpcf7-email wpcf7-validates-as-required wpcf7-text wpcf7-validates-as-email\" autocomplete=\"email\" aria-required=\"true\" aria-invalid=\"false\" placeholder=\"Email*\" value=\"\" type=\"email\" name=\"your-email\" \/><\/span><\/label>\n<\/p>\n<p><label><span class=\"wpcf7-form-control-wrap\" data-name=\"your-subject\"><input size=\"40\" class=\"wpcf7-form-control wpcf7-tel wpcf7-validates-as-required wpcf7-text wpcf7-validates-as-tel\" aria-required=\"true\" aria-invalid=\"false\" placeholder=\"Tel\u00e8fon*\" value=\"\" type=\"tel\" name=\"your-subject\" \/><\/span><\/label>\n<\/p>\n<p><label><span class=\"wpcf7-form-control-wrap\" data-name=\"your-message\"><textarea cols=\"40\" rows=\"2\" class=\"wpcf7-form-control wpcf7-textarea\" aria-invalid=\"false\" placeholder=\"Missatge (opcional)\" name=\"your-message\"><\/textarea><\/span><\/label>\n<\/p>\n<p><span class=\"wpcf7-form-control-wrap\" data-name=\"checkbox-816\"><span class=\"wpcf7-form-control wpcf7-checkbox wpcf7-validates-as-required\"><span class=\"wpcf7-list-item first last\"><input type=\"checkbox\" name=\"checkbox-816[]\" value=\"He aceptado y he le\u00eddo la\" \/><span class=\"wpcf7-list-item-label\">He acceptat i he llegit la<\/span><\/span><\/span><\/span><a href=\"https:\/\/reciclajesmoa.com\/ca\/aviso-legal-politica-de-privacidad\/\"> pol\u00edtica de privadesa<\/a>.\n<\/p>\n<p><span class=\"wpcf7-form-control-wrap\" data-name=\"checkbox-817\"><span class=\"wpcf7-form-control wpcf7-checkbox wpcf7-validates-as-required\"><span class=\"wpcf7-list-item first last\"><input type=\"checkbox\" name=\"checkbox-817[]\" value=\"Acepto el env\u00edo de informaci\u00f3n.\" \/><span class=\"wpcf7-list-item-label\">Accepto l\u00b4enviament d\u00b4informaci\u00f3.<\/span><\/span><\/span><\/span>\n<\/p>\n<p><input class=\"wpcf7-form-control wpcf7-submit has-spinner\" type=\"submit\" value=\"Enviar\" \/>\n<\/p><div class=\"wpcf7-response-output\" aria-hidden=\"true\"><\/div>\n<input type=\"hidden\" name=\"trp-form-language\" value=\"ca\"\/><\/form>\n<\/div>\n<\/div><\/div><\/div><\/div><div class=\"vc_row wpb_row vc_row-fluid\"><div class=\"wpb_column vc_column_container vc_col-sm-12\"><div class=\"vc_column-inner\"><div class=\"wpb_wrapper\"><div class=\"vc_empty_space\"   style=\"height: 32px\"><span class=\"vc_empty_space_inner\"><\/span><\/div><\/div><\/div><\/div><\/div>\n<\/div>","protected":false},"excerpt":{"rendered":"Palets Granollers Palets Granollers Si tienes una empresa y necesitas conseguir palets hechos a medida que cubran las necesidades reales de tu empresa, deber\u00e1s confiar en una empresa especializada como la nuestra. Nosotros, desde Reciclajes Moa, estamos especializados en el dise\u00f1o y la fabricaci\u00f3n de\u00a0palets\u00a0hechos a medida en\u00a0Granollers, con los que conseguir\u00e1s los mejores resultados.<a href=\"https:\/\/reciclajesmoa.com\/ca\/palets-granollers\/\" class=\"\" rel=\"bookmark\">Llegiu m\u00e9s &raquo;<span class=\"screen-reader-text\">Palets Granollers<\/span><\/a>","protected":false},"author":1,"featured_media":0,"parent":0,"menu_order":0,"comment_status":"closed","ping_status":"closed","template":"","meta":{"neve_meta_sidebar":"","neve_meta_container":"","neve_meta_enable_content_width":"off","neve_meta_content_width":100,"neve_meta_title_alignment":"","neve_meta_author_avatar":"","neve_post_elements_order":"","neve_meta_disable_header":"","neve_meta_disable_footer":"","neve_meta_disable_title":"on","neve_meta_reading_time":"","footnotes":""},"class_list":["post-425","page","type-page","status-publish","hentry"],"yoast_head":"<!-- This site is optimized with the Yoast SEO plugin v22.2 - https:\/\/yoast.com\/wordpress\/plugins\/seo\/ -->\n<title>Palets Granollers<\/title>\n<meta name=\"description\" content=\"Estamos especializados en el dise\u00f1o y la fabricaci\u00f3n de palets hechos a medida en Granollers.\" \/>\n<meta name=\"robots\" content=\"index, follow, max-snippet:-1, max-image-preview:large, max-video-preview:-1\" \/>\n<link rel=\"canonical\" href=\"https:\/\/reciclajesmoa.com\/ca\/palets-granollers\/\" \/>\n<meta property=\"og:locale\" content=\"ca_ES\" \/>\n<meta property=\"og:type\" content=\"article\" \/>\n<meta property=\"og:title\" content=\"Palets Granollers\" \/>\n<meta property=\"og:description\" content=\"Estamos especializados en el dise\u00f1o y la fabricaci\u00f3n de palets hechos a medida en Granollers.\" \/>\n<meta property=\"og:url\" content=\"https:\/\/reciclajesmoa.com\/ca\/palets-granollers\/\" \/>\n<meta property=\"og:site_name\" content=\"Reciclajes Moa - Palets Barcelona\" \/>\n<meta property=\"article:modified_time\" content=\"2024-01-16T08:28:54+00:00\" \/>\n<meta name=\"twitter:card\" content=\"summary_large_image\" \/>\n<meta name=\"twitter:label1\" content=\"Temps estimat de lectura\" \/>\n\t<meta name=\"twitter:data1\" content=\"3 minuts\" \/>\n<script type=\"application\/ld+json\" class=\"yoast-schema-graph\">{\"@context\":\"https:\/\/schema.org\",\"@graph\":[{\"@type\":\"WebPage\",\"@id\":\"https:\/\/reciclajesmoa.com\/palets-granollers\/\",\"url\":\"https:\/\/reciclajesmoa.com\/palets-granollers\/\",\"name\":\"Palets Granollers\",\"isPartOf\":{\"@id\":\"https:\/\/reciclajesmoa.com\/#website\"},\"datePublished\":\"2023-02-20T08:47:01+00:00\",\"dateModified\":\"2024-01-16T08:28:54+00:00\",\"description\":\"Estamos especializados en el dise\u00f1o y la fabricaci\u00f3n de palets hechos a medida en Granollers.\",\"breadcrumb\":{\"@id\":\"https:\/\/reciclajesmoa.com\/palets-granollers\/#breadcrumb\"},\"inLanguage\":\"ca\",\"potentialAction\":[{\"@type\":\"ReadAction\",\"target\":[\"https:\/\/reciclajesmoa.com\/palets-granollers\/\"]}]},{\"@type\":\"BreadcrumbList\",\"@id\":\"https:\/\/reciclajesmoa.com\/palets-granollers\/#breadcrumb\",\"itemListElement\":[{\"@type\":\"ListItem\",\"position\":1,\"name\":\"Portada\",\"item\":\"https:\/\/reciclajesmoa.com\/\"},{\"@type\":\"ListItem\",\"position\":2,\"name\":\"Palets Granollers\"}]},{\"@type\":\"WebSite\",\"@id\":\"https:\/\/reciclajesmoa.com\/#website\",\"url\":\"https:\/\/reciclajesmoa.com\/\",\"name\":\"Reciclajes Moa - Palets Barcelona\",\"description\":\"\",\"potentialAction\":[{\"@type\":\"SearchAction\",\"target\":{\"@type\":\"EntryPoint\",\"urlTemplate\":\"https:\/\/reciclajesmoa.com\/?s={search_term_string}\"},\"query-input\":\"required name=search_term_string\"}],\"inLanguage\":\"ca\"}]}<\/script>\n<!-- \/ Yoast SEO plugin. -->","yoast_head_json":{"title":"Palets Granollers","description":"Estamos especializados en el dise\u00f1o y la fabricaci\u00f3n de palets hechos a medida en Granollers.","robots":{"index":"index","follow":"follow","max-snippet":"max-snippet:-1","max-image-preview":"max-image-preview:large","max-video-preview":"max-video-preview:-1"},"canonical":"https:\/\/reciclajesmoa.com\/ca\/palets-granollers\/","og_locale":"ca_ES","og_type":"article","og_title":"Palets Granollers","og_description":"Estamos especializados en el dise\u00f1o y la fabricaci\u00f3n de palets hechos a medida en Granollers.","og_url":"https:\/\/reciclajesmoa.com\/ca\/palets-granollers\/","og_site_name":"Reciclajes Moa - Palets Barcelona","article_modified_time":"2024-01-16T08:28:54+00:00","twitter_card":"summary_large_image","twitter_misc":{"Temps estimat de lectura":"3 minuts"},"schema":{"@context":"https:\/\/schema.org","@graph":[{"@type":"WebPage","@id":"https:\/\/reciclajesmoa.com\/palets-granollers\/","url":"https:\/\/reciclajesmoa.com\/palets-granollers\/","name":"Palets Granollers","isPartOf":{"@id":"https:\/\/reciclajesmoa.com\/#website"},"datePublished":"2023-02-20T08:47:01+00:00","dateModified":"2024-01-16T08:28:54+00:00","description":"Estamos especializados en el dise\u00f1o y la fabricaci\u00f3n de palets hechos a medida en Granollers.","breadcrumb":{"@id":"https:\/\/reciclajesmoa.com\/palets-granollers\/#breadcrumb"},"inLanguage":"ca","potentialAction":[{"@type":"ReadAction","target":["https:\/\/reciclajesmoa.com\/palets-granollers\/"]}]},{"@type":"BreadcrumbList","@id":"https:\/\/reciclajesmoa.com\/palets-granollers\/#breadcrumb","itemListElement":[{"@type":"ListItem","position":1,"name":"Portada","item":"https:\/\/reciclajesmoa.com\/"},{"@type":"ListItem","position":2,"name":"Palets Granollers"}]},{"@type":"WebSite","@id":"https:\/\/reciclajesmoa.com\/#website","url":"https:\/\/reciclajesmoa.com\/","name":"Reciclajes Moa - Palets Barcelona","description":"","potentialAction":[{"@type":"SearchAction","target":{"@type":"EntryPoint","urlTemplate":"https:\/\/reciclajesmoa.com\/?s={search_term_string}"},"query-input":"required name=search_term_string"}],"inLanguage":"ca"}]}},"_links":{"self":[{"href":"https:\/\/reciclajesmoa.com\/ca\/wp-json\/wp\/v2\/pages\/425","targetHints":{"allow":["GET"]}}],"collection":[{"href":"https:\/\/reciclajesmoa.com\/ca\/wp-json\/wp\/v2\/pages"}],"about":[{"href":"https:\/\/reciclajesmoa.com\/ca\/wp-json\/wp\/v2\/types\/page"}],"author":[{"embeddable":true,"href":"https:\/\/reciclajesmoa.com\/ca\/wp-json\/wp\/v2\/users\/1"}],"replies":[{"embeddable":true,"href":"https:\/\/reciclajesmoa.com\/ca\/wp-json\/wp\/v2\/comments?post=425"}],"version-history":[{"count":2,"href":"https:\/\/reciclajesmoa.com\/ca\/wp-json\/wp\/v2\/pages\/425\/revisions"}],"predecessor-version":[{"id":1909,"href":"https:\/\/reciclajesmoa.com\/ca\/wp-json\/wp\/v2\/pages\/425\/revisions\/1909"}],"wp:attachment":[{"href":"https:\/\/reciclajesmoa.com\/ca\/wp-json\/wp\/v2\/media?parent=425"}],"curies":[{"name":"wp","href":"https:\/\/api.w.org\/{rel}","templated":true}]}}