{"id":446,"date":"2023-02-20T09:19:30","date_gmt":"2023-02-20T09:19:30","guid":{"rendered":"https:\/\/reciclajesmoa.com\/?page_id=446"},"modified":"2024-01-16T08:52:57","modified_gmt":"2024-01-16T08:52:57","slug":"palets-terrassa","status":"publish","type":"page","link":"https:\/\/reciclajesmoa.com\/ca\/palets-terrassa\/","title":{"rendered":"Palets Terrassa"},"content":{"rendered":"<div class=\"wpb-content-wrapper\"><div data-vc-full-width=\"true\" data-vc-full-width-init=\"false\" data-vc-stretch-content=\"true\" data-vc-parallax=\"1.5\" data-vc-parallax-image=\"https:\/\/reciclajesmoa.com\/wp-content\/uploads\/2023\/02\/cabecera-reciclajes-moa.jpg\" class=\"vc_row wpb_row vc_row-fluid vc_row-has-fill vc_general vc_parallax vc_parallax-content-moving\"><div class=\"wpb_column vc_column_container vc_col-sm-12 vc_hidden-sm vc_hidden-xs vc_col-has-fill\"><div class=\"vc_column-inner vc_custom_1676279128938\"><div class=\"wpb_wrapper\"><div class=\"vc_empty_space\"   style=\"height: 150px\"><span class=\"vc_empty_space_inner\"><\/span><\/div>\n\t<div class=\"wpb_text_column wpb_content_element  vc_custom_1676279099784\" >\n\t\t<div class=\"wpb_wrapper\">\n\t\t\t<h1><span style=\"color: #ffffff;\">Palets Terrassa<\/span><\/h1>\n\n\t\t<\/div>\n\t<\/div>\n<\/div><\/div><\/div><\/div><div class=\"vc_row-full-width vc_clearfix\"><\/div><div data-vc-full-width=\"true\" data-vc-full-width-init=\"false\" data-vc-stretch-content=\"true\" data-vc-parallax=\"1.5\" data-vc-parallax-image=\"https:\/\/reciclajesmoa.com\/wp-content\/uploads\/2023\/02\/cabecera-reciclajes-moa.jpg\" class=\"vc_row wpb_row vc_row-fluid vc_row-has-fill vc_general vc_parallax vc_parallax-content-moving\"><div class=\"wpb_column vc_column_container vc_col-sm-12 vc_hidden-lg vc_hidden-md vc_col-has-fill\"><div class=\"vc_column-inner vc_custom_1676279137834\"><div class=\"wpb_wrapper\"><div class=\"vc_empty_space\"   style=\"height: 120px\"><span class=\"vc_empty_space_inner\"><\/span><\/div>\n\t<div class=\"wpb_text_column wpb_content_element  vc_custom_1676279099784\" >\n\t\t<div class=\"wpb_wrapper\">\n\t\t\t<h1><span style=\"color: #ffffff;\">Palets Terrassa<\/span><\/h1>\n\n\t\t<\/div>\n\t<\/div>\n<\/div><\/div><\/div><\/div><div class=\"vc_row-full-width vc_clearfix\"><\/div><div class=\"vc_row wpb_row vc_row-fluid\"><div class=\"wpb_column vc_column_container vc_col-sm-12\"><div class=\"vc_column-inner\"><div class=\"wpb_wrapper\"><div class=\"vc_empty_space\"   style=\"height: 32px\"><span class=\"vc_empty_space_inner\"><\/span><\/div><\/div><\/div><\/div><\/div><div class=\"vc_row wpb_row vc_row-fluid vc_column-gap-35\"><div class=\"wpb_column vc_column_container vc_col-sm-6\"><div class=\"vc_column-inner\"><div class=\"wpb_wrapper\">\n\t<div class=\"wpb_text_column wpb_content_element\" >\n\t\t<div class=\"wpb_wrapper\">\n\t\t\t<div class=\"wpb_text_column wpb_content_element texto\">\n<div class=\"wpb_wrapper\">\n<p style=\"text-align: justify;\">Palets fets a mida, gesti\u00f3 de residus per a empreses, materials de primera qualitat, equip especialitzat al sector i maquin\u00e0ria d&#039;\u00faltima generaci\u00f3 s\u00f3n algunes de les claus del nostre \u00e8xit. A Reciclatges Moa trobar\u00e0s la millor selecci\u00f3 de\u00a0<strong>palets<\/strong>\u00a0a\u00a0<strong>Terrassa<\/strong>, podent triar en un ampli i variat cat\u00e0leg de productes de totes les mides, mides, tipus i formes; Mitj\u00e0 Palet, Palet CP3, Palet Fons Perdut, Palet Americ\u00e0 Obert, Palet Europeu 2a, Palet Semi Fort, Palet Americ\u00e0 Perimetral, Palet Europeu 3a, Palet CP1 i Palet Europeu Blanc. Cadascun compta amb diferents caracter\u00edstiques t\u00e8cniques tenint en compte factors com el pes, la c\u00e0rrega din\u00e0mica, la c\u00e0rrega est\u00e0tica, les entrades, mesures, formes, etc.<\/p>\n<p style=\"text-align: justify;\">Ens adaptem completament a les necessitats de cada client ia les de la seva empresa, per aconseguir propostes fetes a mida per a cada situaci\u00f3. Treballem di\u00e0riament per obtenir solucions \u00f2ptimes i ajustables, amb qu\u00e8 el client pot gaudir d&#039;un producte fet per a ell. Estem especialitzats en el disseny i la fabricaci\u00f3 de\u00a0<strong>palets<\/strong>\u00a0a\u00a0<strong>Terrassa<\/strong>\u00a0i treballem nom\u00e9s amb elements de primera qualitat. A m\u00e9s, com a tret singular, a la nostra empresa reciclem els materials de la millor manera possible, \u00e9s a dir, allargant la seva vida \u00fatil i convertint els residus de nou en recursos.<\/p>\n<\/div>\n<\/div>\n\n\t\t<\/div>\n\t<\/div>\n<div class=\"vc_btn3-container vc_btn3-center\" ><a class=\"vc_general vc_btn3 vc_btn3-size-md vc_btn3-shape-rounded vc_btn3-style-modern vc_btn3-color-warning\" href=\"https:\/\/reciclajesmoa.com\/ca\/contacto\/\" title=\"Contacte\">CONTACTA AMB NOSALTRES<\/a><\/div>\n\t<div class=\"wpb_text_column wpb_content_element\" >\n\t\t<div class=\"wpb_wrapper\">\n\t\t\t<p style=\"text-align: justify;\">No nom\u00e9s aix\u00f2, sin\u00f3 que a Reciclajes Moa oferim un servei especialitzat en la gesti\u00f3 dels residus per a totes aquelles empreses que vulguin agilitzar aquest proc\u00e9s i estiguin compromeses amb el medi ambient. Nosaltres ens ocupem de dur a terme la gesti\u00f3 correcta dels residus, per aconseguir un proc\u00e9s m\u00e9s sostenible i coherent. Apostem per l&#039;economia circular, aquella que fomenta la durabilitat dels productes a trav\u00e9s del reciclatge, donant-los una segona vida i convertint els residus en recursos. El nostre major objectiu \u00e9s utilitzar el reciclatge per produir el menor residu possible al planeta.<\/p>\n<p style=\"text-align: justify;\">Descobreix tots els avantatges que et poden proporcionar els palets fets a mida a Reciclatges Moa i aconsegueix un servei de reciclatge especialitzat, amb el qual podr\u00e0s assegurar una gesti\u00f3 sostenible dels residus de la teva empresa. A Reciclatges Moa volem ser la teva empresa de confian\u00e7a, tant en la venda de\u00a0<strong>palets<\/strong>\u00a0a\u00a0<strong>Terrassa<\/strong>\u00a0com en la gesti\u00f3 del reciclatge de residus.<\/p>\n<p style=\"text-align: justify;\">A la nostra p\u00e0gina web podr\u00e0s trobar tota la informaci\u00f3 necess\u00e0ria dels nostres serveis, visitar el nostre cat\u00e0leg o seguir el nostre bloc per llegir totes les not\u00edcies i informacions que publiquem sobre\u00a0<strong>palets<\/strong>\u00a0a\u00a0<strong>Terrassa<\/strong>\u00a0i de tot all\u00f2 que engloba aquest sector. Contacta amb nosaltres enviant-nos un correu electr\u00f2nic a\u00a0<a href=\"mailto:info@reciclajesmoa.com\">info@reciclajesmoa.com<\/a>, omplint el formulari de contacte, trucant al 937 197 971 o venint personalment a les nostres oficines, a Torre d&#039;en Mateu, 86, a Barber\u00e0 del Vall\u00e8s (Barcelona). Estarem encantats de con\u00e8ixer-te!<\/p>\n\n\t\t<\/div>\n\t<\/div>\n<\/div><\/div><\/div><div class=\"wpb_column vc_column_container vc_col-sm-6\"><div class=\"vc_column-inner\"><div class=\"wpb_wrapper\">\n\t<div class=\"wpb_text_column wpb_content_element\" >\n\t\t<div class=\"wpb_wrapper\">\n\t\t\t<h2>Contacta amb nosaltres<\/h2>\n\n\t\t<\/div>\n\t<\/div>\n\n\t<div class=\"wpb_text_column wpb_content_element\" >\n\t\t<div class=\"wpb_wrapper\">\n\t\t\t<blockquote>\n<h4><strong>Avinguda Torre d&#039;en Mateu, 86 <\/strong><br \/>\n<strong>08210 Barber\u00e0 del Vall\u00e8s<\/strong><\/h4>\n<h4><strong>937197971 <\/strong><br \/>\n<strong>info@reciclajesmoa.com<\/strong><\/h4>\n<\/blockquote>\n\n\t\t<\/div>\n\t<\/div>\n\n<div class=\"wpcf7 no-js\" id=\"wpcf7-f151-o1\" lang=\"es-ES\" dir=\"ltr\">\n<div class=\"screen-reader-response\"><p role=\"status\" aria-live=\"polite\" aria-atomic=\"true\"><\/p> <ul><\/ul><\/div>\n<form action=\"\/ca\/wp-json\/wp\/v2\/pages\/446#wpcf7-f151-o1\" method=\"post\" class=\"wpcf7-form init\" aria-label=\"Formulario de contacto\" novalidate=\"novalidate\" data-status=\"init\" data-trp-original-action=\"\/ca\/wp-json\/wp\/v2\/pages\/446#wpcf7-f151-o1\">\n<div style=\"display: none;\">\n<input type=\"hidden\" name=\"_wpcf7\" value=\"151\" \/>\n<input type=\"hidden\" name=\"_wpcf7_version\" value=\"5.9.2\" \/>\n<input type=\"hidden\" name=\"_wpcf7_locale\" value=\"es_ES\" \/>\n<input type=\"hidden\" name=\"_wpcf7_unit_tag\" value=\"wpcf7-f151-o1\" \/>\n<input type=\"hidden\" name=\"_wpcf7_container_post\" value=\"0\" \/>\n<input type=\"hidden\" name=\"_wpcf7_posted_data_hash\" value=\"\" \/>\n<input type=\"hidden\" name=\"_wpcf7_recaptcha_response\" value=\"\" \/>\n<\/div>\n<p><label><span class=\"wpcf7-form-control-wrap\" data-name=\"your-name\"><input size=\"40\" class=\"wpcf7-form-control wpcf7-text wpcf7-validates-as-required\" autocomplete=\"name\" aria-required=\"true\" aria-invalid=\"false\" placeholder=\"Nom*\" value=\"\" type=\"text\" name=\"your-name\" \/><\/span><\/label>\n<\/p>\n<p><label><span class=\"wpcf7-form-control-wrap\" data-name=\"your-email\"><input size=\"40\" class=\"wpcf7-form-control wpcf7-email wpcf7-validates-as-required wpcf7-text wpcf7-validates-as-email\" autocomplete=\"email\" aria-required=\"true\" aria-invalid=\"false\" placeholder=\"Email*\" value=\"\" type=\"email\" name=\"your-email\" \/><\/span><\/label>\n<\/p>\n<p><label><span class=\"wpcf7-form-control-wrap\" data-name=\"your-subject\"><input size=\"40\" class=\"wpcf7-form-control wpcf7-tel wpcf7-validates-as-required wpcf7-text wpcf7-validates-as-tel\" aria-required=\"true\" aria-invalid=\"false\" placeholder=\"Tel\u00e8fon*\" value=\"\" type=\"tel\" name=\"your-subject\" \/><\/span><\/label>\n<\/p>\n<p><label><span class=\"wpcf7-form-control-wrap\" data-name=\"your-message\"><textarea cols=\"40\" rows=\"2\" class=\"wpcf7-form-control wpcf7-textarea\" aria-invalid=\"false\" placeholder=\"Missatge (opcional)\" name=\"your-message\"><\/textarea><\/span><\/label>\n<\/p>\n<p><span class=\"wpcf7-form-control-wrap\" data-name=\"checkbox-816\"><span class=\"wpcf7-form-control wpcf7-checkbox wpcf7-validates-as-required\"><span class=\"wpcf7-list-item first last\"><input type=\"checkbox\" name=\"checkbox-816[]\" value=\"He aceptado y he le\u00eddo la\" \/><span class=\"wpcf7-list-item-label\">He acceptat i he llegit la<\/span><\/span><\/span><\/span><a href=\"https:\/\/reciclajesmoa.com\/ca\/aviso-legal-politica-de-privacidad\/\"> pol\u00edtica de privadesa<\/a>.\n<\/p>\n<p><span class=\"wpcf7-form-control-wrap\" data-name=\"checkbox-817\"><span class=\"wpcf7-form-control wpcf7-checkbox wpcf7-validates-as-required\"><span class=\"wpcf7-list-item first last\"><input type=\"checkbox\" name=\"checkbox-817[]\" value=\"Acepto el env\u00edo de informaci\u00f3n.\" \/><span class=\"wpcf7-list-item-label\">Accepto l\u00b4enviament d\u00b4informaci\u00f3.<\/span><\/span><\/span><\/span>\n<\/p>\n<p><input class=\"wpcf7-form-control wpcf7-submit has-spinner\" type=\"submit\" value=\"Enviar\" \/>\n<\/p><div class=\"wpcf7-response-output\" aria-hidden=\"true\"><\/div>\n<input type=\"hidden\" name=\"trp-form-language\" value=\"ca\"\/><\/form>\n<\/div>\n<\/div><\/div><\/div><\/div><div class=\"vc_row wpb_row vc_row-fluid\"><div class=\"wpb_column vc_column_container vc_col-sm-12\"><div class=\"vc_column-inner\"><div class=\"wpb_wrapper\"><div class=\"vc_empty_space\"   style=\"height: 32px\"><span class=\"vc_empty_space_inner\"><\/span><\/div><\/div><\/div><\/div><\/div>\n<\/div>","protected":false},"excerpt":{"rendered":"Palets Terrassa Palets Terrassa Palets hechos a medida, gesti\u00f3n de residuos para empresas, materiales de primera calidad, equipo especializado en el sector y maquinaria de \u00faltima generaci\u00f3n son algunas de las claves de nuestro \u00e9xito. En Reciclajes Moa encontrar\u00e1s la mejor selecci\u00f3n de\u00a0palets\u00a0en\u00a0Terrassa, pudiendo elegir en un amplio y\u00a0 variado cat\u00e1logo de productos de todos<a href=\"https:\/\/reciclajesmoa.com\/ca\/palets-terrassa\/\" class=\"\" rel=\"bookmark\">Llegiu m\u00e9s &raquo;<span class=\"screen-reader-text\">Palets Terrassa<\/span><\/a>","protected":false},"author":1,"featured_media":0,"parent":0,"menu_order":0,"comment_status":"closed","ping_status":"closed","template":"","meta":{"neve_meta_sidebar":"","neve_meta_container":"","neve_meta_enable_content_width":"off","neve_meta_content_width":100,"neve_meta_title_alignment":"","neve_meta_author_avatar":"","neve_post_elements_order":"","neve_meta_disable_header":"","neve_meta_disable_footer":"","neve_meta_disable_title":"on","neve_meta_reading_time":"","footnotes":""},"class_list":["post-446","page","type-page","status-publish","hentry"],"yoast_head":"<!-- This site is optimized with the Yoast SEO plugin v22.2 - https:\/\/yoast.com\/wordpress\/plugins\/seo\/ -->\n<title>Palets Terrassa<\/title>\n<meta name=\"description\" content=\"La mejor selecci\u00f3n de palets en Terrassa, pudiendo elegir en un amplio y variado cat\u00e1logo de productos.\" \/>\n<meta name=\"robots\" content=\"index, follow, max-snippet:-1, max-image-preview:large, max-video-preview:-1\" \/>\n<link rel=\"canonical\" href=\"https:\/\/reciclajesmoa.com\/ca\/palets-terrassa\/\" \/>\n<meta property=\"og:locale\" content=\"ca_ES\" \/>\n<meta property=\"og:type\" content=\"article\" \/>\n<meta property=\"og:title\" content=\"Palets Terrassa\" \/>\n<meta property=\"og:description\" content=\"La mejor selecci\u00f3n de palets en Terrassa, pudiendo elegir en un amplio y variado cat\u00e1logo de productos.\" \/>\n<meta property=\"og:url\" content=\"https:\/\/reciclajesmoa.com\/ca\/palets-terrassa\/\" \/>\n<meta property=\"og:site_name\" content=\"Reciclajes Moa - Palets Barcelona\" \/>\n<meta property=\"article:modified_time\" content=\"2024-01-16T08:52:57+00:00\" \/>\n<meta name=\"twitter:card\" content=\"summary_large_image\" \/>\n<meta name=\"twitter:label1\" content=\"Temps estimat de lectura\" \/>\n\t<meta name=\"twitter:data1\" content=\"3 minuts\" \/>\n<script type=\"application\/ld+json\" class=\"yoast-schema-graph\">{\"@context\":\"https:\/\/schema.org\",\"@graph\":[{\"@type\":\"WebPage\",\"@id\":\"https:\/\/reciclajesmoa.com\/palets-terrassa\/\",\"url\":\"https:\/\/reciclajesmoa.com\/palets-terrassa\/\",\"name\":\"Palets Terrassa\",\"isPartOf\":{\"@id\":\"https:\/\/reciclajesmoa.com\/#website\"},\"datePublished\":\"2023-02-20T09:19:30+00:00\",\"dateModified\":\"2024-01-16T08:52:57+00:00\",\"description\":\"La mejor selecci\u00f3n de palets en Terrassa, pudiendo elegir en un amplio y variado cat\u00e1logo de productos.\",\"breadcrumb\":{\"@id\":\"https:\/\/reciclajesmoa.com\/palets-terrassa\/#breadcrumb\"},\"inLanguage\":\"ca\",\"potentialAction\":[{\"@type\":\"ReadAction\",\"target\":[\"https:\/\/reciclajesmoa.com\/palets-terrassa\/\"]}]},{\"@type\":\"BreadcrumbList\",\"@id\":\"https:\/\/reciclajesmoa.com\/palets-terrassa\/#breadcrumb\",\"itemListElement\":[{\"@type\":\"ListItem\",\"position\":1,\"name\":\"Portada\",\"item\":\"https:\/\/reciclajesmoa.com\/\"},{\"@type\":\"ListItem\",\"position\":2,\"name\":\"Palets Terrassa\"}]},{\"@type\":\"WebSite\",\"@id\":\"https:\/\/reciclajesmoa.com\/#website\",\"url\":\"https:\/\/reciclajesmoa.com\/\",\"name\":\"Reciclajes Moa - Palets Barcelona\",\"description\":\"\",\"potentialAction\":[{\"@type\":\"SearchAction\",\"target\":{\"@type\":\"EntryPoint\",\"urlTemplate\":\"https:\/\/reciclajesmoa.com\/?s={search_term_string}\"},\"query-input\":\"required name=search_term_string\"}],\"inLanguage\":\"ca\"}]}<\/script>\n<!-- \/ Yoast SEO plugin. -->","yoast_head_json":{"title":"Palets Terrassa","description":"La mejor selecci\u00f3n de palets en Terrassa, pudiendo elegir en un amplio y variado cat\u00e1logo de productos.","robots":{"index":"index","follow":"follow","max-snippet":"max-snippet:-1","max-image-preview":"max-image-preview:large","max-video-preview":"max-video-preview:-1"},"canonical":"https:\/\/reciclajesmoa.com\/ca\/palets-terrassa\/","og_locale":"ca_ES","og_type":"article","og_title":"Palets Terrassa","og_description":"La mejor selecci\u00f3n de palets en Terrassa, pudiendo elegir en un amplio y variado cat\u00e1logo de productos.","og_url":"https:\/\/reciclajesmoa.com\/ca\/palets-terrassa\/","og_site_name":"Reciclajes Moa - Palets Barcelona","article_modified_time":"2024-01-16T08:52:57+00:00","twitter_card":"summary_large_image","twitter_misc":{"Temps estimat de lectura":"3 minuts"},"schema":{"@context":"https:\/\/schema.org","@graph":[{"@type":"WebPage","@id":"https:\/\/reciclajesmoa.com\/palets-terrassa\/","url":"https:\/\/reciclajesmoa.com\/palets-terrassa\/","name":"Palets Terrassa","isPartOf":{"@id":"https:\/\/reciclajesmoa.com\/#website"},"datePublished":"2023-02-20T09:19:30+00:00","dateModified":"2024-01-16T08:52:57+00:00","description":"La mejor selecci\u00f3n de palets en Terrassa, pudiendo elegir en un amplio y variado cat\u00e1logo de productos.","breadcrumb":{"@id":"https:\/\/reciclajesmoa.com\/palets-terrassa\/#breadcrumb"},"inLanguage":"ca","potentialAction":[{"@type":"ReadAction","target":["https:\/\/reciclajesmoa.com\/palets-terrassa\/"]}]},{"@type":"BreadcrumbList","@id":"https:\/\/reciclajesmoa.com\/palets-terrassa\/#breadcrumb","itemListElement":[{"@type":"ListItem","position":1,"name":"Portada","item":"https:\/\/reciclajesmoa.com\/"},{"@type":"ListItem","position":2,"name":"Palets Terrassa"}]},{"@type":"WebSite","@id":"https:\/\/reciclajesmoa.com\/#website","url":"https:\/\/reciclajesmoa.com\/","name":"Reciclajes Moa - Palets Barcelona","description":"","potentialAction":[{"@type":"SearchAction","target":{"@type":"EntryPoint","urlTemplate":"https:\/\/reciclajesmoa.com\/?s={search_term_string}"},"query-input":"required name=search_term_string"}],"inLanguage":"ca"}]}},"_links":{"self":[{"href":"https:\/\/reciclajesmoa.com\/ca\/wp-json\/wp\/v2\/pages\/446","targetHints":{"allow":["GET"]}}],"collection":[{"href":"https:\/\/reciclajesmoa.com\/ca\/wp-json\/wp\/v2\/pages"}],"about":[{"href":"https:\/\/reciclajesmoa.com\/ca\/wp-json\/wp\/v2\/types\/page"}],"author":[{"embeddable":true,"href":"https:\/\/reciclajesmoa.com\/ca\/wp-json\/wp\/v2\/users\/1"}],"replies":[{"embeddable":true,"href":"https:\/\/reciclajesmoa.com\/ca\/wp-json\/wp\/v2\/comments?post=446"}],"version-history":[{"count":2,"href":"https:\/\/reciclajesmoa.com\/ca\/wp-json\/wp\/v2\/pages\/446\/revisions"}],"predecessor-version":[{"id":1931,"href":"https:\/\/reciclajesmoa.com\/ca\/wp-json\/wp\/v2\/pages\/446\/revisions\/1931"}],"wp:attachment":[{"href":"https:\/\/reciclajesmoa.com\/ca\/wp-json\/wp\/v2\/media?parent=446"}],"curies":[{"name":"wp","href":"https:\/\/api.w.org\/{rel}","templated":true}]}}