{"id":454,"date":"2023-02-20T09:23:24","date_gmt":"2023-02-20T09:23:24","guid":{"rendered":"https:\/\/reciclajesmoa.com\/?page_id=454"},"modified":"2024-01-16T09:00:42","modified_gmt":"2024-01-16T09:00:42","slug":"venta-de-palets-castellar-del-valles","status":"publish","type":"page","link":"https:\/\/reciclajesmoa.com\/ca\/venta-de-palets\/venta-de-palets-castellar-del-valles\/","title":{"rendered":"Venda de palets Castellar del Vall\u00e8s"},"content":{"rendered":"<div class=\"wpb-content-wrapper\"><div data-vc-full-width=\"true\" data-vc-full-width-init=\"false\" data-vc-stretch-content=\"true\" data-vc-parallax=\"1.5\" data-vc-parallax-image=\"https:\/\/reciclajesmoa.com\/wp-content\/uploads\/2023\/02\/cabecera-reciclajes-moa.jpg\" class=\"vc_row wpb_row vc_row-fluid vc_row-has-fill vc_general vc_parallax vc_parallax-content-moving\"><div class=\"wpb_column vc_column_container vc_col-sm-12 vc_hidden-sm vc_hidden-xs vc_col-has-fill\"><div class=\"vc_column-inner vc_custom_1676279128938\"><div class=\"wpb_wrapper\"><div class=\"vc_empty_space\"   style=\"height: 150px\"><span class=\"vc_empty_space_inner\"><\/span><\/div>\n\t<div class=\"wpb_text_column wpb_content_element  vc_custom_1676279099784\" >\n\t\t<div class=\"wpb_wrapper\">\n\t\t\t<h1><span style=\"color: #ffffff;\">Venda de palets Castellar del Vall\u00e8s<\/span><\/h1>\n\n\t\t<\/div>\n\t<\/div>\n<\/div><\/div><\/div><\/div><div class=\"vc_row-full-width vc_clearfix\"><\/div><div data-vc-full-width=\"true\" data-vc-full-width-init=\"false\" data-vc-stretch-content=\"true\" data-vc-parallax=\"1.5\" data-vc-parallax-image=\"https:\/\/reciclajesmoa.com\/wp-content\/uploads\/2023\/02\/cabecera-reciclajes-moa.jpg\" class=\"vc_row wpb_row vc_row-fluid vc_row-has-fill vc_general vc_parallax vc_parallax-content-moving\"><div class=\"wpb_column vc_column_container vc_col-sm-12 vc_hidden-lg vc_hidden-md vc_col-has-fill\"><div class=\"vc_column-inner vc_custom_1676279137834\"><div class=\"wpb_wrapper\"><div class=\"vc_empty_space\"   style=\"height: 120px\"><span class=\"vc_empty_space_inner\"><\/span><\/div>\n\t<div class=\"wpb_text_column wpb_content_element  vc_custom_1676279099784\" >\n\t\t<div class=\"wpb_wrapper\">\n\t\t\t<h1><span style=\"color: #ffffff;\">Venda de palets Castellar del Vall\u00e8s<\/span><\/h1>\n\n\t\t<\/div>\n\t<\/div>\n<\/div><\/div><\/div><\/div><div class=\"vc_row-full-width vc_clearfix\"><\/div><div class=\"vc_row wpb_row vc_row-fluid\"><div class=\"wpb_column vc_column_container vc_col-sm-12\"><div class=\"vc_column-inner\"><div class=\"wpb_wrapper\"><div class=\"vc_empty_space\"   style=\"height: 32px\"><span class=\"vc_empty_space_inner\"><\/span><\/div><\/div><\/div><\/div><\/div><div class=\"vc_row wpb_row vc_row-fluid vc_column-gap-35\"><div class=\"wpb_column vc_column_container vc_col-sm-6\"><div class=\"vc_column-inner\"><div class=\"wpb_wrapper\">\n\t<div class=\"wpb_text_column wpb_content_element\" >\n\t\t<div class=\"wpb_wrapper\">\n\t\t\t<div class=\"wpb_text_column wpb_content_element texto\">\n<div class=\"wpb_wrapper\">\n<p>La\u00a0<strong>venda de palets a Castellar del Vall\u00e8s<\/strong>\u00a0\u00e9s un dels serveis especialitzats que podem oferir-te en Reciclatges Moa i serveix per recuperar o restaurar els palets, per tal d&#039;allargar-ne la vida \u00fatil i, sempre que sigui possible, tornar-los al cicle productiu de nou. D&#039;aquesta manera, des de Reciclatges Moa fem que all\u00f2 que a priori sembla un residu, torni a convertir-se en un recurs.<\/p>\n<p>Algunes ind\u00fastries acudeixen a prove\u00efdors de palets, per\u00f2 no aconsegueixen un servei professional i especialitzat, de manera que \u00e9s important confiar en una empresa que tingui prou experi\u00e8ncia al sector, tal com podem garantir a Reciclatges Moa. Posem a la vostra disposici\u00f3 un equip especialitzat i comptem amb totes les eines necess\u00e0ries per oferir serveis a mida, com la\u00a0<strong>venda de palets Castellar del Vall\u00e8s<\/strong>.<\/p>\n<p>A m\u00e9s de la\u00a0<strong>venda de palets Castellar del Vall\u00e8s<\/strong>\u00a0tamb\u00e9 oferim la fabricaci\u00f3 de palets a mida, perqu\u00e8 el client trobi justament aquella estructura que est\u00e0 buscant i que pugui disposar d&#039;un servei professional per gestionar els seus residus, gr\u00e0cies a un servei \u00e0gil i comprom\u00e8s, perqu\u00e8 les ind\u00fastries puguin confiar el seu comprom\u00eds ambiental . Tamb\u00e9 presentem un servei de contenidors per dur a terme la recollida de residus i utilitzem contenidors de diferents tipus i mesures, que ubiquem a les instal\u00b7lacions de la mateixa empresa, perqu\u00e8 sigui tot m\u00e9s f\u00e0cil i c\u00f2mode per a aquesta.<\/p>\n<\/div>\n<\/div>\n\n\t\t<\/div>\n\t<\/div>\n<div class=\"vc_btn3-container vc_btn3-center\" ><a class=\"vc_general vc_btn3 vc_btn3-size-md vc_btn3-shape-rounded vc_btn3-style-modern vc_btn3-color-warning\" href=\"https:\/\/reciclajesmoa.com\/ca\/contacto\/\" title=\"Contacte\">CONTACTA AMB NOSALTRES<\/a><\/div>\n\t<div class=\"wpb_text_column wpb_content_element\" >\n\t\t<div class=\"wpb_wrapper\">\n\t\t\t<p>Som l\u00edders a la ind\u00fastria de palets a tota la prov\u00edncia de Barcelona i oferim el millor servei de compra i\u00a0<strong>venda de palets Castellar del Vall\u00e8s<\/strong>, aix\u00ed com de reciclatge, per fer una gesti\u00f3 correcta de tots els productes, evitant el m\u00e0xim impacte ambiental possible.<\/p>\n<p>A Reciclatges Moa pots trobar tot tipus de palets est\u00e0ndard, com el palet americ\u00e0 o el palet europeu, i tamb\u00e9 opcions a mida. Assegurem una feina de qualitat realitzada pels millors especialistes d&#039;aquest camp, ja que la nostra companyia t\u00e9 com a objectiu aconseguir que els clients puguin assolir els seus objectius. Oferim un servei integral per assegurar-nos que els palets no s\u00f3n abocats de qualsevol manera i s\u00f3n correctament tractats, per allargar la seva vida \u00fatil i seguir-ne gaudint sempre que sigui possible.<\/p>\n<p>A Reciclatges Moa som conscients que l&#039;important \u00e9s la preservaci\u00f3 del medi ambient i realitzem els nostres treballs de la manera m\u00e9s neta possible, a m\u00e9s de comptar amb processos espec\u00edfics de gesti\u00f3 de residus, tant els nostres com d&#039;altres companyies, per tal de reutilitzar al m\u00e0xim els productes.<\/p>\n<p>Som professionals en la mat\u00e8ria i podr\u00e0s trobar tot el que busques, des del reciclatge de palets a la fabricaci\u00f3 de palets a mida o la compra\u00a0<strong>venda de palets Castellar del Vall\u00e8s<\/strong>. Si vols saber m\u00e9s informaci\u00f3 sobre qualsevol dels nostres serveis, pots posar-te en contacte amb nosaltres trucant al 937 197 971, enviant un correu electr\u00f2nic a\u00a0<a href=\"mailto:info@reciclajesmoa.com\">info@reciclajesmoa.com<\/a>\u00a0o emplenant el formulari web amb les teves dades de contacte i el motiu de la teva consulta.<\/p>\n\n\t\t<\/div>\n\t<\/div>\n<\/div><\/div><\/div><div class=\"wpb_column vc_column_container vc_col-sm-6\"><div class=\"vc_column-inner\"><div class=\"wpb_wrapper\">\n\t<div class=\"wpb_text_column wpb_content_element\" >\n\t\t<div class=\"wpb_wrapper\">\n\t\t\t<h2>Contacta amb nosaltres<\/h2>\n\n\t\t<\/div>\n\t<\/div>\n\n\t<div class=\"wpb_text_column wpb_content_element\" >\n\t\t<div class=\"wpb_wrapper\">\n\t\t\t<blockquote>\n<h4><strong>Avinguda Torre d&#039;en Mateu, 86 <\/strong><br \/>\n<strong>08210 Barber\u00e0 del Vall\u00e8s<\/strong><\/h4>\n<h4><strong>937197971 <\/strong><br \/>\n<strong>info@reciclajesmoa.com<\/strong><\/h4>\n<\/blockquote>\n\n\t\t<\/div>\n\t<\/div>\n\n<div class=\"wpcf7 no-js\" id=\"wpcf7-f151-o1\" lang=\"es-ES\" dir=\"ltr\">\n<div class=\"screen-reader-response\"><p role=\"status\" aria-live=\"polite\" aria-atomic=\"true\"><\/p> <ul><\/ul><\/div>\n<form action=\"\/ca\/wp-json\/wp\/v2\/pages\/454#wpcf7-f151-o1\" method=\"post\" class=\"wpcf7-form init\" aria-label=\"Formulario de contacto\" novalidate=\"novalidate\" data-status=\"init\" data-trp-original-action=\"\/ca\/wp-json\/wp\/v2\/pages\/454#wpcf7-f151-o1\">\n<div style=\"display: none;\">\n<input type=\"hidden\" name=\"_wpcf7\" value=\"151\" \/>\n<input type=\"hidden\" name=\"_wpcf7_version\" value=\"5.9.2\" \/>\n<input type=\"hidden\" name=\"_wpcf7_locale\" value=\"es_ES\" \/>\n<input type=\"hidden\" name=\"_wpcf7_unit_tag\" value=\"wpcf7-f151-o1\" \/>\n<input type=\"hidden\" name=\"_wpcf7_container_post\" value=\"0\" \/>\n<input type=\"hidden\" name=\"_wpcf7_posted_data_hash\" value=\"\" \/>\n<input type=\"hidden\" name=\"_wpcf7_recaptcha_response\" value=\"\" \/>\n<\/div>\n<p><label><span class=\"wpcf7-form-control-wrap\" data-name=\"your-name\"><input size=\"40\" class=\"wpcf7-form-control wpcf7-text wpcf7-validates-as-required\" autocomplete=\"name\" aria-required=\"true\" aria-invalid=\"false\" placeholder=\"Nom*\" value=\"\" type=\"text\" name=\"your-name\" \/><\/span><\/label>\n<\/p>\n<p><label><span class=\"wpcf7-form-control-wrap\" data-name=\"your-email\"><input size=\"40\" class=\"wpcf7-form-control wpcf7-email wpcf7-validates-as-required wpcf7-text wpcf7-validates-as-email\" autocomplete=\"email\" aria-required=\"true\" aria-invalid=\"false\" placeholder=\"Email*\" value=\"\" type=\"email\" name=\"your-email\" \/><\/span><\/label>\n<\/p>\n<p><label><span class=\"wpcf7-form-control-wrap\" data-name=\"your-subject\"><input size=\"40\" class=\"wpcf7-form-control wpcf7-tel wpcf7-validates-as-required wpcf7-text wpcf7-validates-as-tel\" aria-required=\"true\" aria-invalid=\"false\" placeholder=\"Tel\u00e8fon*\" value=\"\" type=\"tel\" name=\"your-subject\" \/><\/span><\/label>\n<\/p>\n<p><label><span class=\"wpcf7-form-control-wrap\" data-name=\"your-message\"><textarea cols=\"40\" rows=\"2\" class=\"wpcf7-form-control wpcf7-textarea\" aria-invalid=\"false\" placeholder=\"Missatge (opcional)\" name=\"your-message\"><\/textarea><\/span><\/label>\n<\/p>\n<p><span class=\"wpcf7-form-control-wrap\" data-name=\"checkbox-816\"><span class=\"wpcf7-form-control wpcf7-checkbox wpcf7-validates-as-required\"><span class=\"wpcf7-list-item first last\"><input type=\"checkbox\" name=\"checkbox-816[]\" value=\"He aceptado y he le\u00eddo la\" \/><span class=\"wpcf7-list-item-label\">He acceptat i he llegit la<\/span><\/span><\/span><\/span><a href=\"https:\/\/reciclajesmoa.com\/ca\/aviso-legal-politica-de-privacidad\/\"> pol\u00edtica de privadesa<\/a>.\n<\/p>\n<p><span class=\"wpcf7-form-control-wrap\" data-name=\"checkbox-817\"><span class=\"wpcf7-form-control wpcf7-checkbox wpcf7-validates-as-required\"><span class=\"wpcf7-list-item first last\"><input type=\"checkbox\" name=\"checkbox-817[]\" value=\"Acepto el env\u00edo de informaci\u00f3n.\" \/><span class=\"wpcf7-list-item-label\">Accepto l\u00b4enviament d\u00b4informaci\u00f3.<\/span><\/span><\/span><\/span>\n<\/p>\n<p><input class=\"wpcf7-form-control wpcf7-submit has-spinner\" type=\"submit\" value=\"Enviar\" \/>\n<\/p><div class=\"wpcf7-response-output\" aria-hidden=\"true\"><\/div>\n<input type=\"hidden\" name=\"trp-form-language\" value=\"ca\"\/><\/form>\n<\/div>\n<\/div><\/div><\/div><\/div><div class=\"vc_row wpb_row vc_row-fluid\"><div class=\"wpb_column vc_column_container vc_col-sm-12\"><div class=\"vc_column-inner\"><div class=\"wpb_wrapper\"><div class=\"vc_empty_space\"   style=\"height: 32px\"><span class=\"vc_empty_space_inner\"><\/span><\/div><\/div><\/div><\/div><\/div>\n<\/div>","protected":false},"excerpt":{"rendered":"Venta de palets Castellar del Vall\u00e8s Venta de palets Castellar del Vall\u00e8s La\u00a0venta de palets en Castellar del Vall\u00e8s\u00a0es uno de los servicios especializados que podemos ofrecerte en Reciclajes Moa y sirve para recuperar o restaurar los palets, a fin de alargar su vida \u00fatil y, siempre que sea posible, devolverlos al ciclo productivo de<a href=\"https:\/\/reciclajesmoa.com\/ca\/venta-de-palets\/venta-de-palets-castellar-del-valles\/\" class=\"\" rel=\"bookmark\">Llegiu m\u00e9s &raquo;<span class=\"screen-reader-text\">Venda de palets Castellar del Vall\u00e8s<\/span><\/a>","protected":false},"author":1,"featured_media":0,"parent":448,"menu_order":0,"comment_status":"closed","ping_status":"closed","template":"","meta":{"neve_meta_sidebar":"","neve_meta_container":"","neve_meta_enable_content_width":"off","neve_meta_content_width":100,"neve_meta_title_alignment":"","neve_meta_author_avatar":"","neve_post_elements_order":"","neve_meta_disable_header":"","neve_meta_disable_footer":"","neve_meta_disable_title":"on","neve_meta_reading_time":"","footnotes":""},"class_list":["post-454","page","type-page","status-publish","hentry"],"yoast_head":"<!-- This site is optimized with the Yoast SEO plugin v22.2 - https:\/\/yoast.com\/wordpress\/plugins\/seo\/ -->\n<title>Venta de palets Castellar del Vall\u00e8s<\/title>\n<meta name=\"description\" content=\"La venta de palets en Castellar del Vall\u00e8s es uno de los servicios especializados que podemos ofrecerte en Reciclajes Moa.\" \/>\n<meta name=\"robots\" content=\"index, follow, max-snippet:-1, max-image-preview:large, max-video-preview:-1\" \/>\n<link rel=\"canonical\" href=\"https:\/\/reciclajesmoa.com\/ca\/venta-de-palets\/venta-de-palets-castellar-del-valles\/\" \/>\n<meta property=\"og:locale\" content=\"ca_ES\" \/>\n<meta property=\"og:type\" content=\"article\" \/>\n<meta property=\"og:title\" content=\"Venta de palets Castellar del Vall\u00e8s\" \/>\n<meta property=\"og:description\" content=\"La venta de palets en Castellar del Vall\u00e8s es uno de los servicios especializados que podemos ofrecerte en Reciclajes Moa.\" \/>\n<meta property=\"og:url\" content=\"https:\/\/reciclajesmoa.com\/ca\/venta-de-palets\/venta-de-palets-castellar-del-valles\/\" \/>\n<meta property=\"og:site_name\" content=\"Reciclajes Moa - Palets Barcelona\" \/>\n<meta property=\"article:modified_time\" content=\"2024-01-16T09:00:42+00:00\" \/>\n<meta name=\"twitter:card\" content=\"summary_large_image\" \/>\n<meta name=\"twitter:label1\" content=\"Temps estimat de lectura\" \/>\n\t<meta name=\"twitter:data1\" content=\"4 minuts\" \/>\n<script type=\"application\/ld+json\" class=\"yoast-schema-graph\">{\"@context\":\"https:\/\/schema.org\",\"@graph\":[{\"@type\":\"WebPage\",\"@id\":\"https:\/\/reciclajesmoa.com\/venta-de-palets\/venta-de-palets-castellar-del-valles\/\",\"url\":\"https:\/\/reciclajesmoa.com\/venta-de-palets\/venta-de-palets-castellar-del-valles\/\",\"name\":\"Venta de palets Castellar del Vall\u00e8s\",\"isPartOf\":{\"@id\":\"https:\/\/reciclajesmoa.com\/#website\"},\"datePublished\":\"2023-02-20T09:23:24+00:00\",\"dateModified\":\"2024-01-16T09:00:42+00:00\",\"description\":\"La venta de palets en Castellar del Vall\u00e8s es uno de los servicios especializados que podemos ofrecerte en Reciclajes Moa.\",\"breadcrumb\":{\"@id\":\"https:\/\/reciclajesmoa.com\/venta-de-palets\/venta-de-palets-castellar-del-valles\/#breadcrumb\"},\"inLanguage\":\"ca\",\"potentialAction\":[{\"@type\":\"ReadAction\",\"target\":[\"https:\/\/reciclajesmoa.com\/venta-de-palets\/venta-de-palets-castellar-del-valles\/\"]}]},{\"@type\":\"BreadcrumbList\",\"@id\":\"https:\/\/reciclajesmoa.com\/venta-de-palets\/venta-de-palets-castellar-del-valles\/#breadcrumb\",\"itemListElement\":[{\"@type\":\"ListItem\",\"position\":1,\"name\":\"Portada\",\"item\":\"https:\/\/reciclajesmoa.com\/\"},{\"@type\":\"ListItem\",\"position\":2,\"name\":\"Venta de palets\",\"item\":\"https:\/\/reciclajesmoa.com\/venta-de-palets\/\"},{\"@type\":\"ListItem\",\"position\":3,\"name\":\"Venta de palets Castellar del Vall\u00e8s\"}]},{\"@type\":\"WebSite\",\"@id\":\"https:\/\/reciclajesmoa.com\/#website\",\"url\":\"https:\/\/reciclajesmoa.com\/\",\"name\":\"Reciclajes Moa - Palets Barcelona\",\"description\":\"\",\"potentialAction\":[{\"@type\":\"SearchAction\",\"target\":{\"@type\":\"EntryPoint\",\"urlTemplate\":\"https:\/\/reciclajesmoa.com\/?s={search_term_string}\"},\"query-input\":\"required name=search_term_string\"}],\"inLanguage\":\"ca\"}]}<\/script>\n<!-- \/ Yoast SEO plugin. -->","yoast_head_json":{"title":"Venta de palets Castellar del Vall\u00e8s","description":"La venta de palets en Castellar del Vall\u00e8s es uno de los servicios especializados que podemos ofrecerte en Reciclajes Moa.","robots":{"index":"index","follow":"follow","max-snippet":"max-snippet:-1","max-image-preview":"max-image-preview:large","max-video-preview":"max-video-preview:-1"},"canonical":"https:\/\/reciclajesmoa.com\/ca\/venta-de-palets\/venta-de-palets-castellar-del-valles\/","og_locale":"ca_ES","og_type":"article","og_title":"Venta de palets Castellar del Vall\u00e8s","og_description":"La venta de palets en Castellar del Vall\u00e8s es uno de los servicios especializados que podemos ofrecerte en Reciclajes Moa.","og_url":"https:\/\/reciclajesmoa.com\/ca\/venta-de-palets\/venta-de-palets-castellar-del-valles\/","og_site_name":"Reciclajes Moa - Palets Barcelona","article_modified_time":"2024-01-16T09:00:42+00:00","twitter_card":"summary_large_image","twitter_misc":{"Temps estimat de lectura":"4 minuts"},"schema":{"@context":"https:\/\/schema.org","@graph":[{"@type":"WebPage","@id":"https:\/\/reciclajesmoa.com\/venta-de-palets\/venta-de-palets-castellar-del-valles\/","url":"https:\/\/reciclajesmoa.com\/venta-de-palets\/venta-de-palets-castellar-del-valles\/","name":"Venta de palets Castellar del Vall\u00e8s","isPartOf":{"@id":"https:\/\/reciclajesmoa.com\/#website"},"datePublished":"2023-02-20T09:23:24+00:00","dateModified":"2024-01-16T09:00:42+00:00","description":"La venta de palets en Castellar del Vall\u00e8s es uno de los servicios especializados que podemos ofrecerte en Reciclajes Moa.","breadcrumb":{"@id":"https:\/\/reciclajesmoa.com\/venta-de-palets\/venta-de-palets-castellar-del-valles\/#breadcrumb"},"inLanguage":"ca","potentialAction":[{"@type":"ReadAction","target":["https:\/\/reciclajesmoa.com\/venta-de-palets\/venta-de-palets-castellar-del-valles\/"]}]},{"@type":"BreadcrumbList","@id":"https:\/\/reciclajesmoa.com\/venta-de-palets\/venta-de-palets-castellar-del-valles\/#breadcrumb","itemListElement":[{"@type":"ListItem","position":1,"name":"Portada","item":"https:\/\/reciclajesmoa.com\/"},{"@type":"ListItem","position":2,"name":"Venta de palets","item":"https:\/\/reciclajesmoa.com\/venta-de-palets\/"},{"@type":"ListItem","position":3,"name":"Venta de palets Castellar del Vall\u00e8s"}]},{"@type":"WebSite","@id":"https:\/\/reciclajesmoa.com\/#website","url":"https:\/\/reciclajesmoa.com\/","name":"Reciclajes Moa - Palets Barcelona","description":"","potentialAction":[{"@type":"SearchAction","target":{"@type":"EntryPoint","urlTemplate":"https:\/\/reciclajesmoa.com\/?s={search_term_string}"},"query-input":"required name=search_term_string"}],"inLanguage":"ca"}]}},"_links":{"self":[{"href":"https:\/\/reciclajesmoa.com\/ca\/wp-json\/wp\/v2\/pages\/454","targetHints":{"allow":["GET"]}}],"collection":[{"href":"https:\/\/reciclajesmoa.com\/ca\/wp-json\/wp\/v2\/pages"}],"about":[{"href":"https:\/\/reciclajesmoa.com\/ca\/wp-json\/wp\/v2\/types\/page"}],"author":[{"embeddable":true,"href":"https:\/\/reciclajesmoa.com\/ca\/wp-json\/wp\/v2\/users\/1"}],"replies":[{"embeddable":true,"href":"https:\/\/reciclajesmoa.com\/ca\/wp-json\/wp\/v2\/comments?post=454"}],"version-history":[{"count":2,"href":"https:\/\/reciclajesmoa.com\/ca\/wp-json\/wp\/v2\/pages\/454\/revisions"}],"predecessor-version":[{"id":1937,"href":"https:\/\/reciclajesmoa.com\/ca\/wp-json\/wp\/v2\/pages\/454\/revisions\/1937"}],"up":[{"embeddable":true,"href":"https:\/\/reciclajesmoa.com\/ca\/wp-json\/wp\/v2\/pages\/448"}],"wp:attachment":[{"href":"https:\/\/reciclajesmoa.com\/ca\/wp-json\/wp\/v2\/media?parent=454"}],"curies":[{"name":"wp","href":"https:\/\/api.w.org\/{rel}","templated":true}]}}