{"id":464,"date":"2023-02-20T09:27:22","date_gmt":"2023-02-20T09:27:22","guid":{"rendered":"https:\/\/reciclajesmoa.com\/?page_id=464"},"modified":"2024-01-16T09:08:59","modified_gmt":"2024-01-16T09:08:59","slug":"venta-palets-cerdanyola","status":"publish","type":"page","link":"https:\/\/reciclajesmoa.com\/ca\/venta-de-palets\/venta-palets-cerdanyola\/","title":{"rendered":"Venda palets Cerdanyola"},"content":{"rendered":"<div class=\"wpb-content-wrapper\"><div data-vc-full-width=\"true\" data-vc-full-width-init=\"false\" data-vc-stretch-content=\"true\" data-vc-parallax=\"1.5\" data-vc-parallax-image=\"https:\/\/reciclajesmoa.com\/wp-content\/uploads\/2023\/02\/cabecera-reciclajes-moa.jpg\" class=\"vc_row wpb_row vc_row-fluid vc_row-has-fill vc_general vc_parallax vc_parallax-content-moving\"><div class=\"wpb_column vc_column_container vc_col-sm-12 vc_hidden-sm vc_hidden-xs vc_col-has-fill\"><div class=\"vc_column-inner vc_custom_1676279128938\"><div class=\"wpb_wrapper\"><div class=\"vc_empty_space\"   style=\"height: 150px\"><span class=\"vc_empty_space_inner\"><\/span><\/div>\n\t<div class=\"wpb_text_column wpb_content_element  vc_custom_1676279099784\" >\n\t\t<div class=\"wpb_wrapper\">\n\t\t\t<h1><span style=\"color: #ffffff;\">Venda palets Cerdanyola<\/span><\/h1>\n\n\t\t<\/div>\n\t<\/div>\n<\/div><\/div><\/div><\/div><div class=\"vc_row-full-width vc_clearfix\"><\/div><div data-vc-full-width=\"true\" data-vc-full-width-init=\"false\" data-vc-stretch-content=\"true\" data-vc-parallax=\"1.5\" data-vc-parallax-image=\"https:\/\/reciclajesmoa.com\/wp-content\/uploads\/2023\/02\/cabecera-reciclajes-moa.jpg\" class=\"vc_row wpb_row vc_row-fluid vc_row-has-fill vc_general vc_parallax vc_parallax-content-moving\"><div class=\"wpb_column vc_column_container vc_col-sm-12 vc_hidden-lg vc_hidden-md vc_col-has-fill\"><div class=\"vc_column-inner vc_custom_1676279137834\"><div class=\"wpb_wrapper\"><div class=\"vc_empty_space\"   style=\"height: 120px\"><span class=\"vc_empty_space_inner\"><\/span><\/div>\n\t<div class=\"wpb_text_column wpb_content_element  vc_custom_1676279099784\" >\n\t\t<div class=\"wpb_wrapper\">\n\t\t\t<h1><span style=\"color: #ffffff;\">Venda palets Cerdanyola<\/span><\/h1>\n\n\t\t<\/div>\n\t<\/div>\n<\/div><\/div><\/div><\/div><div class=\"vc_row-full-width vc_clearfix\"><\/div><div class=\"vc_row wpb_row vc_row-fluid\"><div class=\"wpb_column vc_column_container vc_col-sm-12\"><div class=\"vc_column-inner\"><div class=\"wpb_wrapper\"><div class=\"vc_empty_space\"   style=\"height: 32px\"><span class=\"vc_empty_space_inner\"><\/span><\/div><\/div><\/div><\/div><\/div><div class=\"vc_row wpb_row vc_row-fluid vc_column-gap-35\"><div class=\"wpb_column vc_column_container vc_col-sm-6\"><div class=\"vc_column-inner\"><div class=\"wpb_wrapper\">\n\t<div class=\"wpb_text_column wpb_content_element\" >\n\t\t<div class=\"wpb_wrapper\">\n\t\t\t<div class=\"wpb_text_column wpb_content_element texto\">\n<div class=\"wpb_wrapper\">\n<p style=\"text-align: justify;\">Som especialistes en la fabricaci\u00f3, reciclatge i\u00a0<strong>venda de palets\u00a0<\/strong>a<strong>\u00a0Cerdanyola<\/strong>\u00a0i et podem oferir serveis especialitzats, perqu\u00e8 puguis obtenir una resposta integral que s&#039;adapti a les teves necessitats.<\/p>\n<p style=\"text-align: justify;\">Pel que fa a la compra i\u00a0<strong>venda de palets\u00a0<\/strong>a<strong>\u00a0Cerdanyola<\/strong>, a Reciclatges Moa, oferim un gran i variat estoc de tot tipus de palets i un servei de compra, per recuperar i restaurar tots aquells palets que sigui possible i allargar la seva vida \u00fatil al m\u00e0xim. D&#039;altra banda, a Reciclajes Moa tamb\u00e9 duem a terme la fabricaci\u00f3 de palets a mida i la nostra cont\u00ednua innovaci\u00f3 fa possible fabricar palets de tot tipus de mides. Gr\u00e0cies a una maquin\u00e0ria innovadora i professional i un equip altament capacitat per dur a terme aquestes tasques, podem fabricar palets a mida en temps r\u00e8cord i amb els millors acabats.<\/p>\n<p style=\"text-align: justify;\">A m\u00e9s de la compra i\u00a0<strong>venda de palets\u00a0<\/strong>a<strong>\u00a0Cerdanyola<\/strong>\u00a0i la fabricaci\u00f3 de palets a mida, tamb\u00e9 duem a terme la gesti\u00f3 de residus, oferint un servei \u00e0gil a les ind\u00fastries que volen confiar el seu comprom\u00eds ambiental a una empresa especialitzada, experta i fiable com la nostra.<\/p>\n<\/div>\n<\/div>\n\n\t\t<\/div>\n\t<\/div>\n<div class=\"vc_btn3-container vc_btn3-center\" ><a class=\"vc_general vc_btn3 vc_btn3-size-md vc_btn3-shape-rounded vc_btn3-style-modern vc_btn3-color-warning\" href=\"https:\/\/reciclajesmoa.com\/ca\/contacto\/\" title=\"Contacte\">CONTACTA AMB NOSALTRES<\/a><\/div>\n\t<div class=\"wpb_text_column wpb_content_element\" >\n\t\t<div class=\"wpb_wrapper\">\n\t\t\t<p style=\"text-align: justify;\">A Reciclatges Moa creiem que qualsevol residu es pot aprofitar i per aix\u00f2 comptem amb un servei de contenidors que s&#039;encarrega de recollir tots els residus dels clients que a priori s\u00f3n contaminants i convertir-los en una nova mat\u00e8ria primera i secund\u00e0ria que sigui de gran qualitat i completament funcional.<\/p>\n<p style=\"text-align: justify;\">Pel que fa a la\u00a0<strong>venda de palets\u00a0<\/strong>a<strong>\u00a0Cerdanyola<\/strong>, comprem palets fets malb\u00e9 per recuperar-los donant-los m\u00e9s valor i deixar-los perfectes i duem a terme un tractament als palets seguint la normativa vigent NIMF 15, que consisteix a aplicar a la fusta dels pals un assecat artificial que fa possible exportar els productes a qualsevol pa\u00eds estranger.<\/p>\n<p style=\"text-align: justify;\">Si vols m\u00e9s informaci\u00f3 sobre la\u00a0<strong>venda de palets\u00a0<\/strong>a<strong>\u00a0Cerdanyola<\/strong>\u00a0que realitzem a Reciclatges Moa, no dubtis a posar-te en contacte amb nosaltres. T&#039;oferim un tracte personalitzat i ens adaptem completament a les teves necessitats, oferint-te un servei integral perqu\u00e8 obtinguis les respostes que necessites per al tractament, gesti\u00f3, compra o venda de palets.<\/p>\n<p style=\"text-align: justify;\">Som l\u00edders a la ind\u00fastria de palets a Barcelona i garantim un treball de qualitat realitzat pels millors especialistes de cada camp, essent el nostre objectiu aconseguir la satisfacci\u00f3 dels clients i que aquests deixin la menor empremta ambiental possible amb l&#039;\u00fas dels palets.<\/p>\n<p style=\"text-align: justify;\">A Reciclatges Moa comptem amb processos de gesti\u00f3 de residus per reutilitzar al m\u00e0xim tot all\u00f2 que ja s&#039;ha rebutjat en altres costats. Si vols comptar amb una empresa professional i especialitzada en la compra i\u00a0<strong>venda de palets\u00a0<\/strong>a<strong>\u00a0Cerdanyola<\/strong>, posa&#039;t en contacte amb nosaltres omplint el formulari de la nostra p\u00e0gina web.<\/p>\n\n\t\t<\/div>\n\t<\/div>\n<\/div><\/div><\/div><div class=\"wpb_column vc_column_container vc_col-sm-6\"><div class=\"vc_column-inner\"><div class=\"wpb_wrapper\">\n\t<div class=\"wpb_text_column wpb_content_element\" >\n\t\t<div class=\"wpb_wrapper\">\n\t\t\t<h2>Contacta amb nosaltres<\/h2>\n\n\t\t<\/div>\n\t<\/div>\n\n\t<div class=\"wpb_text_column wpb_content_element\" >\n\t\t<div class=\"wpb_wrapper\">\n\t\t\t<blockquote>\n<h4><strong>Avinguda Torre d&#039;en Mateu, 86 <\/strong><br \/>\n<strong>08210 Barber\u00e0 del Vall\u00e8s<\/strong><\/h4>\n<h4><strong>937197971 <\/strong><br \/>\n<strong>info@reciclajesmoa.com<\/strong><\/h4>\n<\/blockquote>\n\n\t\t<\/div>\n\t<\/div>\n\n<div class=\"wpcf7 no-js\" id=\"wpcf7-f151-o1\" lang=\"es-ES\" dir=\"ltr\">\n<div class=\"screen-reader-response\"><p role=\"status\" aria-live=\"polite\" aria-atomic=\"true\"><\/p> <ul><\/ul><\/div>\n<form action=\"\/ca\/wp-json\/wp\/v2\/pages\/464#wpcf7-f151-o1\" method=\"post\" class=\"wpcf7-form init\" aria-label=\"Formulario de contacto\" novalidate=\"novalidate\" data-status=\"init\" data-trp-original-action=\"\/ca\/wp-json\/wp\/v2\/pages\/464#wpcf7-f151-o1\">\n<div style=\"display: none;\">\n<input type=\"hidden\" name=\"_wpcf7\" value=\"151\" \/>\n<input type=\"hidden\" name=\"_wpcf7_version\" value=\"5.9.2\" \/>\n<input type=\"hidden\" name=\"_wpcf7_locale\" value=\"es_ES\" \/>\n<input type=\"hidden\" name=\"_wpcf7_unit_tag\" value=\"wpcf7-f151-o1\" \/>\n<input type=\"hidden\" name=\"_wpcf7_container_post\" value=\"0\" \/>\n<input type=\"hidden\" name=\"_wpcf7_posted_data_hash\" value=\"\" \/>\n<input type=\"hidden\" name=\"_wpcf7_recaptcha_response\" value=\"\" \/>\n<\/div>\n<p><label><span class=\"wpcf7-form-control-wrap\" data-name=\"your-name\"><input size=\"40\" class=\"wpcf7-form-control wpcf7-text wpcf7-validates-as-required\" autocomplete=\"name\" aria-required=\"true\" aria-invalid=\"false\" placeholder=\"Nom*\" value=\"\" type=\"text\" name=\"your-name\" \/><\/span><\/label>\n<\/p>\n<p><label><span class=\"wpcf7-form-control-wrap\" data-name=\"your-email\"><input size=\"40\" class=\"wpcf7-form-control wpcf7-email wpcf7-validates-as-required wpcf7-text wpcf7-validates-as-email\" autocomplete=\"email\" aria-required=\"true\" aria-invalid=\"false\" placeholder=\"Email*\" value=\"\" type=\"email\" name=\"your-email\" \/><\/span><\/label>\n<\/p>\n<p><label><span class=\"wpcf7-form-control-wrap\" data-name=\"your-subject\"><input size=\"40\" class=\"wpcf7-form-control wpcf7-tel wpcf7-validates-as-required wpcf7-text wpcf7-validates-as-tel\" aria-required=\"true\" aria-invalid=\"false\" placeholder=\"Tel\u00e8fon*\" value=\"\" type=\"tel\" name=\"your-subject\" \/><\/span><\/label>\n<\/p>\n<p><label><span class=\"wpcf7-form-control-wrap\" data-name=\"your-message\"><textarea cols=\"40\" rows=\"2\" class=\"wpcf7-form-control wpcf7-textarea\" aria-invalid=\"false\" placeholder=\"Missatge (opcional)\" name=\"your-message\"><\/textarea><\/span><\/label>\n<\/p>\n<p><span class=\"wpcf7-form-control-wrap\" data-name=\"checkbox-816\"><span class=\"wpcf7-form-control wpcf7-checkbox wpcf7-validates-as-required\"><span class=\"wpcf7-list-item first last\"><input type=\"checkbox\" name=\"checkbox-816[]\" value=\"He aceptado y he le\u00eddo la\" \/><span class=\"wpcf7-list-item-label\">He acceptat i he llegit la<\/span><\/span><\/span><\/span><a href=\"https:\/\/reciclajesmoa.com\/ca\/aviso-legal-politica-de-privacidad\/\"> pol\u00edtica de privadesa<\/a>.\n<\/p>\n<p><span class=\"wpcf7-form-control-wrap\" data-name=\"checkbox-817\"><span class=\"wpcf7-form-control wpcf7-checkbox wpcf7-validates-as-required\"><span class=\"wpcf7-list-item first last\"><input type=\"checkbox\" name=\"checkbox-817[]\" value=\"Acepto el env\u00edo de informaci\u00f3n.\" \/><span class=\"wpcf7-list-item-label\">Accepto l\u00b4enviament d\u00b4informaci\u00f3.<\/span><\/span><\/span><\/span>\n<\/p>\n<p><input class=\"wpcf7-form-control wpcf7-submit has-spinner\" type=\"submit\" value=\"Enviar\" \/>\n<\/p><div class=\"wpcf7-response-output\" aria-hidden=\"true\"><\/div>\n<input type=\"hidden\" name=\"trp-form-language\" value=\"ca\"\/><\/form>\n<\/div>\n<\/div><\/div><\/div><\/div><div class=\"vc_row wpb_row vc_row-fluid\"><div class=\"wpb_column vc_column_container vc_col-sm-12\"><div class=\"vc_column-inner\"><div class=\"wpb_wrapper\"><div class=\"vc_empty_space\"   style=\"height: 32px\"><span class=\"vc_empty_space_inner\"><\/span><\/div><\/div><\/div><\/div><\/div>\n<\/div>","protected":false},"excerpt":{"rendered":"Venta palets Cerdanyola Venta palets Cerdanyola Somos especialistas en la fabricaci\u00f3n, reciclaje y\u00a0venta de palets\u00a0en\u00a0Cerdanyola\u00a0y podemos ofrecerte servicios especializados, para que puedas obtener una respuesta integral que se adapte a tus necesidades. En cuanto a la compra y\u00a0venta de palets\u00a0en\u00a0Cerdanyola, en Reciclajes Moa, ofrecemos un gran y variado stock de todo tipo de palets y<a href=\"https:\/\/reciclajesmoa.com\/ca\/venta-de-palets\/venta-palets-cerdanyola\/\" class=\"\" rel=\"bookmark\">Llegiu m\u00e9s &raquo;<span class=\"screen-reader-text\">Venda palets Cerdanyola<\/span><\/a>","protected":false},"author":1,"featured_media":0,"parent":448,"menu_order":0,"comment_status":"closed","ping_status":"closed","template":"","meta":{"neve_meta_sidebar":"","neve_meta_container":"","neve_meta_enable_content_width":"off","neve_meta_content_width":100,"neve_meta_title_alignment":"","neve_meta_author_avatar":"","neve_post_elements_order":"","neve_meta_disable_header":"","neve_meta_disable_footer":"","neve_meta_disable_title":"on","neve_meta_reading_time":"","footnotes":""},"class_list":["post-464","page","type-page","status-publish","hentry"],"yoast_head":"<!-- This site is optimized with the Yoast SEO plugin v22.2 - https:\/\/yoast.com\/wordpress\/plugins\/seo\/ -->\n<title>Venta palets Cerdanyola<\/title>\n<meta name=\"description\" content=\"Somos especialistas en la fabricaci\u00f3n, reciclaje y venta de palets en Cerdanyola y podemos ofrecerte servicios especializados.\" \/>\n<meta name=\"robots\" content=\"index, follow, max-snippet:-1, max-image-preview:large, max-video-preview:-1\" \/>\n<link rel=\"canonical\" href=\"https:\/\/reciclajesmoa.com\/ca\/venta-de-palets\/venta-palets-cerdanyola\/\" \/>\n<meta property=\"og:locale\" content=\"ca_ES\" \/>\n<meta property=\"og:type\" content=\"article\" \/>\n<meta property=\"og:title\" content=\"Venta palets Cerdanyola\" \/>\n<meta property=\"og:description\" content=\"Somos especialistas en la fabricaci\u00f3n, reciclaje y venta de palets en Cerdanyola y podemos ofrecerte servicios especializados.\" \/>\n<meta property=\"og:url\" content=\"https:\/\/reciclajesmoa.com\/ca\/venta-de-palets\/venta-palets-cerdanyola\/\" \/>\n<meta property=\"og:site_name\" content=\"Reciclajes Moa - Palets Barcelona\" \/>\n<meta property=\"article:modified_time\" content=\"2024-01-16T09:08:59+00:00\" \/>\n<meta name=\"twitter:card\" content=\"summary_large_image\" \/>\n<meta name=\"twitter:label1\" content=\"Temps estimat de lectura\" \/>\n\t<meta name=\"twitter:data1\" content=\"3 minuts\" \/>\n<script type=\"application\/ld+json\" class=\"yoast-schema-graph\">{\"@context\":\"https:\/\/schema.org\",\"@graph\":[{\"@type\":\"WebPage\",\"@id\":\"https:\/\/reciclajesmoa.com\/venta-de-palets\/venta-palets-cerdanyola\/\",\"url\":\"https:\/\/reciclajesmoa.com\/venta-de-palets\/venta-palets-cerdanyola\/\",\"name\":\"Venta palets Cerdanyola\",\"isPartOf\":{\"@id\":\"https:\/\/reciclajesmoa.com\/#website\"},\"datePublished\":\"2023-02-20T09:27:22+00:00\",\"dateModified\":\"2024-01-16T09:08:59+00:00\",\"description\":\"Somos especialistas en la fabricaci\u00f3n, reciclaje y venta de palets en Cerdanyola y podemos ofrecerte servicios especializados.\",\"breadcrumb\":{\"@id\":\"https:\/\/reciclajesmoa.com\/venta-de-palets\/venta-palets-cerdanyola\/#breadcrumb\"},\"inLanguage\":\"ca\",\"potentialAction\":[{\"@type\":\"ReadAction\",\"target\":[\"https:\/\/reciclajesmoa.com\/venta-de-palets\/venta-palets-cerdanyola\/\"]}]},{\"@type\":\"BreadcrumbList\",\"@id\":\"https:\/\/reciclajesmoa.com\/venta-de-palets\/venta-palets-cerdanyola\/#breadcrumb\",\"itemListElement\":[{\"@type\":\"ListItem\",\"position\":1,\"name\":\"Portada\",\"item\":\"https:\/\/reciclajesmoa.com\/\"},{\"@type\":\"ListItem\",\"position\":2,\"name\":\"Venta de palets\",\"item\":\"https:\/\/reciclajesmoa.com\/venta-de-palets\/\"},{\"@type\":\"ListItem\",\"position\":3,\"name\":\"Venta palets Cerdanyola\"}]},{\"@type\":\"WebSite\",\"@id\":\"https:\/\/reciclajesmoa.com\/#website\",\"url\":\"https:\/\/reciclajesmoa.com\/\",\"name\":\"Reciclajes Moa - Palets Barcelona\",\"description\":\"\",\"potentialAction\":[{\"@type\":\"SearchAction\",\"target\":{\"@type\":\"EntryPoint\",\"urlTemplate\":\"https:\/\/reciclajesmoa.com\/?s={search_term_string}\"},\"query-input\":\"required name=search_term_string\"}],\"inLanguage\":\"ca\"}]}<\/script>\n<!-- \/ Yoast SEO plugin. -->","yoast_head_json":{"title":"Venta palets Cerdanyola","description":"Somos especialistas en la fabricaci\u00f3n, reciclaje y venta de palets en Cerdanyola y podemos ofrecerte servicios especializados.","robots":{"index":"index","follow":"follow","max-snippet":"max-snippet:-1","max-image-preview":"max-image-preview:large","max-video-preview":"max-video-preview:-1"},"canonical":"https:\/\/reciclajesmoa.com\/ca\/venta-de-palets\/venta-palets-cerdanyola\/","og_locale":"ca_ES","og_type":"article","og_title":"Venta palets Cerdanyola","og_description":"Somos especialistas en la fabricaci\u00f3n, reciclaje y venta de palets en Cerdanyola y podemos ofrecerte servicios especializados.","og_url":"https:\/\/reciclajesmoa.com\/ca\/venta-de-palets\/venta-palets-cerdanyola\/","og_site_name":"Reciclajes Moa - Palets Barcelona","article_modified_time":"2024-01-16T09:08:59+00:00","twitter_card":"summary_large_image","twitter_misc":{"Temps estimat de lectura":"3 minuts"},"schema":{"@context":"https:\/\/schema.org","@graph":[{"@type":"WebPage","@id":"https:\/\/reciclajesmoa.com\/venta-de-palets\/venta-palets-cerdanyola\/","url":"https:\/\/reciclajesmoa.com\/venta-de-palets\/venta-palets-cerdanyola\/","name":"Venta palets Cerdanyola","isPartOf":{"@id":"https:\/\/reciclajesmoa.com\/#website"},"datePublished":"2023-02-20T09:27:22+00:00","dateModified":"2024-01-16T09:08:59+00:00","description":"Somos especialistas en la fabricaci\u00f3n, reciclaje y venta de palets en Cerdanyola y podemos ofrecerte servicios especializados.","breadcrumb":{"@id":"https:\/\/reciclajesmoa.com\/venta-de-palets\/venta-palets-cerdanyola\/#breadcrumb"},"inLanguage":"ca","potentialAction":[{"@type":"ReadAction","target":["https:\/\/reciclajesmoa.com\/venta-de-palets\/venta-palets-cerdanyola\/"]}]},{"@type":"BreadcrumbList","@id":"https:\/\/reciclajesmoa.com\/venta-de-palets\/venta-palets-cerdanyola\/#breadcrumb","itemListElement":[{"@type":"ListItem","position":1,"name":"Portada","item":"https:\/\/reciclajesmoa.com\/"},{"@type":"ListItem","position":2,"name":"Venta de palets","item":"https:\/\/reciclajesmoa.com\/venta-de-palets\/"},{"@type":"ListItem","position":3,"name":"Venta palets Cerdanyola"}]},{"@type":"WebSite","@id":"https:\/\/reciclajesmoa.com\/#website","url":"https:\/\/reciclajesmoa.com\/","name":"Reciclajes Moa - Palets Barcelona","description":"","potentialAction":[{"@type":"SearchAction","target":{"@type":"EntryPoint","urlTemplate":"https:\/\/reciclajesmoa.com\/?s={search_term_string}"},"query-input":"required name=search_term_string"}],"inLanguage":"ca"}]}},"_links":{"self":[{"href":"https:\/\/reciclajesmoa.com\/ca\/wp-json\/wp\/v2\/pages\/464","targetHints":{"allow":["GET"]}}],"collection":[{"href":"https:\/\/reciclajesmoa.com\/ca\/wp-json\/wp\/v2\/pages"}],"about":[{"href":"https:\/\/reciclajesmoa.com\/ca\/wp-json\/wp\/v2\/types\/page"}],"author":[{"embeddable":true,"href":"https:\/\/reciclajesmoa.com\/ca\/wp-json\/wp\/v2\/users\/1"}],"replies":[{"embeddable":true,"href":"https:\/\/reciclajesmoa.com\/ca\/wp-json\/wp\/v2\/comments?post=464"}],"version-history":[{"count":2,"href":"https:\/\/reciclajesmoa.com\/ca\/wp-json\/wp\/v2\/pages\/464\/revisions"}],"predecessor-version":[{"id":1947,"href":"https:\/\/reciclajesmoa.com\/ca\/wp-json\/wp\/v2\/pages\/464\/revisions\/1947"}],"up":[{"embeddable":true,"href":"https:\/\/reciclajesmoa.com\/ca\/wp-json\/wp\/v2\/pages\/448"}],"wp:attachment":[{"href":"https:\/\/reciclajesmoa.com\/ca\/wp-json\/wp\/v2\/media?parent=464"}],"curies":[{"name":"wp","href":"https:\/\/api.w.org\/{rel}","templated":true}]}}