{"id":466,"date":"2023-02-20T09:28:10","date_gmt":"2023-02-20T09:28:10","guid":{"rendered":"https:\/\/reciclajesmoa.com\/?page_id=466"},"modified":"2024-01-16T09:11:16","modified_gmt":"2024-01-16T09:11:16","slug":"venta-palets-terrassa","status":"publish","type":"page","link":"https:\/\/reciclajesmoa.com\/ca\/venta-de-palets\/venta-palets-terrassa\/","title":{"rendered":"Venda palets Terrassa"},"content":{"rendered":"<div class=\"wpb-content-wrapper\"><div data-vc-full-width=\"true\" data-vc-full-width-init=\"false\" data-vc-stretch-content=\"true\" data-vc-parallax=\"1.5\" data-vc-parallax-image=\"https:\/\/reciclajesmoa.com\/wp-content\/uploads\/2023\/02\/cabecera-reciclajes-moa.jpg\" class=\"vc_row wpb_row vc_row-fluid vc_row-has-fill vc_general vc_parallax vc_parallax-content-moving\"><div class=\"wpb_column vc_column_container vc_col-sm-12 vc_hidden-sm vc_hidden-xs vc_col-has-fill\"><div class=\"vc_column-inner vc_custom_1676279128938\"><div class=\"wpb_wrapper\"><div class=\"vc_empty_space\"   style=\"height: 150px\"><span class=\"vc_empty_space_inner\"><\/span><\/div>\n\t<div class=\"wpb_text_column wpb_content_element  vc_custom_1676279099784\" >\n\t\t<div class=\"wpb_wrapper\">\n\t\t\t<h1><span style=\"color: #ffffff;\">Venda palets Terrassa<\/span><\/h1>\n\n\t\t<\/div>\n\t<\/div>\n<\/div><\/div><\/div><\/div><div class=\"vc_row-full-width vc_clearfix\"><\/div><div data-vc-full-width=\"true\" data-vc-full-width-init=\"false\" data-vc-stretch-content=\"true\" data-vc-parallax=\"1.5\" data-vc-parallax-image=\"https:\/\/reciclajesmoa.com\/wp-content\/uploads\/2023\/02\/cabecera-reciclajes-moa.jpg\" class=\"vc_row wpb_row vc_row-fluid vc_row-has-fill vc_general vc_parallax vc_parallax-content-moving\"><div class=\"wpb_column vc_column_container vc_col-sm-12 vc_hidden-lg vc_hidden-md vc_col-has-fill\"><div class=\"vc_column-inner vc_custom_1676279137834\"><div class=\"wpb_wrapper\"><div class=\"vc_empty_space\"   style=\"height: 120px\"><span class=\"vc_empty_space_inner\"><\/span><\/div>\n\t<div class=\"wpb_text_column wpb_content_element  vc_custom_1676279099784\" >\n\t\t<div class=\"wpb_wrapper\">\n\t\t\t<h1><span style=\"color: #ffffff;\">Venda palets Terrassa<\/span><\/h1>\n\n\t\t<\/div>\n\t<\/div>\n<\/div><\/div><\/div><\/div><div class=\"vc_row-full-width vc_clearfix\"><\/div><div class=\"vc_row wpb_row vc_row-fluid\"><div class=\"wpb_column vc_column_container vc_col-sm-12\"><div class=\"vc_column-inner\"><div class=\"wpb_wrapper\"><div class=\"vc_empty_space\"   style=\"height: 32px\"><span class=\"vc_empty_space_inner\"><\/span><\/div><\/div><\/div><\/div><\/div><div class=\"vc_row wpb_row vc_row-fluid vc_column-gap-35\"><div class=\"wpb_column vc_column_container vc_col-sm-6\"><div class=\"vc_column-inner\"><div class=\"wpb_wrapper\">\n\t<div class=\"wpb_text_column wpb_content_element\" >\n\t\t<div class=\"wpb_wrapper\">\n\t\t\t<div class=\"wpb_text_column wpb_content_element texto\">\n<div class=\"wpb_wrapper\">\n<p style=\"text-align: justify;\">En un m\u00f3n cada cop m\u00e9s globalitzat, la<strong>\u00a0venda de palets a Terrassa<\/strong>\u00a0mitjan\u00e7ant enviaments segurs i eficients ha cobrat m\u00e9s transcend\u00e8ncia que mai, ja que els clients i les empreses busquen la millor manera de traslladar els seus productes. Curiosament, l&#039;humil palet va demostrar tenir un paper important al panorama log\u00edstic modern i s&#039;ha configurat com el procediment m\u00e9s fiable per al transport de mercaderies.<\/p>\n<p style=\"text-align: justify;\"><span class=\"error grammar\" title=\"Aquesta frase t\u00e9 m\u00e9s de 50 paraules. Considereu la possibilitat de revisar-la.\" data-type=\"grammar\" data-suggestions=\"&#091;&#093;\" data-rule=\"TOO_LONG_SENTENCE\" data-word=\" Un palet es una plataforma horizontal, principalmente fijada a una superestructura y una plataforma inferior, que da la base para ensamblar, guardar, manipular y transportar materiales y productos, adem\u00e1s de brindar seguridad al producto que est\u00e1 encima de \u00e9l, es por ello que la venta de palets en Terrassa se ha popularizado en los \u00faltimos a\u00f1os.\">Un palet \u00e9s una plataforma horitzontal, principalment fixada a una superestructura i una plataforma inferior, que d\u00f3na la base per acoblar, guardar, manipular i transportar materials i productes, a m\u00e9s de brindar seguretat al producte que est\u00e0 a sobre seu, \u00e9s per aix\u00f2 que la\u00a0<strong>venda de palets a Terrassa<\/strong>\u00a0s&#039;ha popularitzat en els darrers anys.<\/span>\u00a0En altres paraules, \u00e9s un sistema que inclou la plataforma, les mercaderies apilades a sobre, aix\u00ed com l&#039;embolcall d&#039;estirament, el collaret de la plataforma i altres mitjans d&#039;estabilitzaci\u00f3 de la c\u00e0rrega. \u00c9s, per aix\u00f2, la base m\u00e9s est\u00e0ndard per a la c\u00e0rrega unit\u00e0ria.<\/p>\n<\/div>\n<\/div>\n\n\t\t<\/div>\n\t<\/div>\n<div class=\"vc_btn3-container vc_btn3-center\" ><a class=\"vc_general vc_btn3 vc_btn3-size-md vc_btn3-shape-rounded vc_btn3-style-modern vc_btn3-color-warning\" href=\"https:\/\/reciclajesmoa.com\/ca\/contacto\/\" title=\"Contacte\">CONTACTA AMB NOSALTRES<\/a><\/div>\n\t<div class=\"wpb_text_column wpb_content_element\" >\n\t\t<div class=\"wpb_wrapper\">\n\t\t\t<p style=\"text-align: justify;\">El\u00a0<span class=\"error misspelling\" title=\"S&#039;ha trobat un error ortogr\u00e0fic possible.\" data-type=\"misspelling\" data-suggestions=\"&#091;{&quot;value&quot;:&quot;euro palet&quot;}&#093;\" data-rule=\"MORFOLOGIK_RULE_ES\" data-word=\"europalet\">europalet<\/span>\u00a0\u00e9s el tipus de palet m\u00e9s usat i exclusiu quant a\u00a0<strong>venda de palets a Terrassa<\/strong>, i serveix per a tots els sistemes d&#039;emmagatzematge, sempre que els seus patins es connectin de forma perpendicular als pals de les prestatgeries, als carrils de suport o als carrils de rodets. Se li va lliurar aquest\u00a0<span class=\"grammar correction\" title=\"Com a locuci\u00f3 causal, s&#039;escriu amb coma.\" data-type=\"grammar\" data-suggestions=\"&#091;{&quot;value&quot;:&quot;nombre, ya que&quot;},{&quot;value&quot;:&quot;nombre porque&quot;}&#093;\" data-rule=\"YA_QUE\" data-word=\"nombre ya que\">nom, ja que<\/span>\u00a0compleix amb un sistema de construcci\u00f3 com\u00fa a tota la Uni\u00f3 Europea. La finalitat perseguida mitjan\u00e7ant la construcci\u00f3 d&#039;aquesta classe de plataformes era normalitzar o dur a terme un sistema de construcci\u00f3 dels palets amb l&#039;objectiu que les diverses ag\u00e8ncies de transport de mercaderies aconsegueixin homologar espais i costos.<\/p>\n<p style=\"text-align: justify;\">La fusta serrada \u00e9s sens dubte el material m\u00e9s utilitzat per a la fabricaci\u00f3 de palets de fusta seguit pels taulers derivats de la fusta, si b\u00e9 hi ha la probabilitat de trobar-los fabricats de metall, pl\u00e0stic i cartr\u00f3.<\/p>\n<p style=\"text-align: justify;\"><span class=\"error grammar\" title=\"\u00c9s preferible fer servir una altra expressi\u00f3.\" data-type=\"grammar\" data-suggestions=\"&#091;{&quot;value&quot;:&quot;En relaci\u00f3n con&quot;},{&quot;value&quot;:&quot;Con relaci\u00f3n a&quot;},{&quot;value&quot;:&quot;En lo que se refiere a&quot;},{&quot;value&quot;:&quot;Sobre&quot;}&#093;\" data-rule=\"EN_RELACION_A\" data-word=\"En relaci\u00f3n a\">En relaci\u00f3 amb<\/span>\u00a0les magnituds, els palets m\u00e9s\u00a0<span class=\"error grammar\" title=\"Aquesta paraula ja ha aparegut en una de les frases immediatament anteriors. Podeu utilitzar un sin\u00f2nim per fer m\u00e9s interessant el text, excepte si la repetici\u00f3 \u00e9s intencionada.\" data-type=\"grammar\" data-suggestions=\"&#091;{&quot;value&quot;:&quot;usados&quot;},{&quot;value&quot;:&quot;empleados&quot;}&#093;\" data-rule=\"ES_REPEATEDWORDS_UTILIZAR\" data-word=\"utilizados\">utilitzats<\/span>\u00a0al continent Europeu, denominats\u00a0<span class=\"error misspelling\" title=\"S&#039;ha trobat un error ortogr\u00e0fic possible.\" data-type=\"misspelling\" data-suggestions=\"&#091;{&quot;value&quot;:&quot;euro palets&quot;}&#093;\" data-rule=\"MORFOLOGIK_RULE_ES\" data-word=\"europalets\">europalets<\/span>, posseeixen una mida de 800 x 1.200 mm i 1.000 x 1.200 mm podent utilitzar cada palet per a diverses c\u00e0rregues i mercaderies. Tot i aix\u00f2, hi ha altres mesures que s&#039;adapten a qualsevol mercaderia.<\/p>\n<p style=\"text-align: justify;\"><span class=\"error grammar\" title=\"Aquesta frase t\u00e9 m\u00e9s de 50 paraules. Considereu la possibilitat de revisar-la.\" data-type=\"grammar\" data-suggestions=\"&#091;&#093;\" data-rule=\"TOO_LONG_SENTENCE\" data-word=\"Una empresa de venta de palets en Terrassa, tiene la posibilidad de ofrecerte servicios de comercializaci\u00f3n de palets de madera, la construcci\u00f3n de palets a medida para que puedas lograr un producto del todo exclusivo, o la administraci\u00f3n de residuos para que las industrias dispongan de un servicio \u00e1gil para fijar su compromiso medioambiental.\">Una empresa de\u00a0<strong>venda de palets a Terrassa<\/strong>, t\u00e9 la possibilitat d&#039;oferir-vos serveis de comercialitzaci\u00f3 de palets de fusta, la construcci\u00f3 de palets a mida perqu\u00e8 puguis aconseguir un producte del tot exclusiu, o l&#039;administraci\u00f3 de residus perqu\u00e8 les ind\u00fastries disposin d&#039;un servei \u00e0gil per fixar el seu comprom\u00eds mediambiental.<\/span><\/p>\n\n\t\t<\/div>\n\t<\/div>\n<\/div><\/div><\/div><div class=\"wpb_column vc_column_container vc_col-sm-6\"><div class=\"vc_column-inner\"><div class=\"wpb_wrapper\">\n\t<div class=\"wpb_text_column wpb_content_element\" >\n\t\t<div class=\"wpb_wrapper\">\n\t\t\t<h2>Contacta amb nosaltres<\/h2>\n\n\t\t<\/div>\n\t<\/div>\n\n\t<div class=\"wpb_text_column wpb_content_element\" >\n\t\t<div class=\"wpb_wrapper\">\n\t\t\t<blockquote>\n<h4><strong>Avinguda Torre d&#039;en Mateu, 86 <\/strong><br \/>\n<strong>08210 Barber\u00e0 del Vall\u00e8s<\/strong><\/h4>\n<h4><strong>937197971 <\/strong><br \/>\n<strong>info@reciclajesmoa.com<\/strong><\/h4>\n<\/blockquote>\n\n\t\t<\/div>\n\t<\/div>\n\n<div class=\"wpcf7 no-js\" id=\"wpcf7-f151-o1\" lang=\"es-ES\" dir=\"ltr\">\n<div class=\"screen-reader-response\"><p role=\"status\" aria-live=\"polite\" aria-atomic=\"true\"><\/p> <ul><\/ul><\/div>\n<form action=\"\/ca\/wp-json\/wp\/v2\/pages\/466#wpcf7-f151-o1\" method=\"post\" class=\"wpcf7-form init\" aria-label=\"Formulario de contacto\" novalidate=\"novalidate\" data-status=\"init\" data-trp-original-action=\"\/ca\/wp-json\/wp\/v2\/pages\/466#wpcf7-f151-o1\">\n<div style=\"display: none;\">\n<input type=\"hidden\" name=\"_wpcf7\" value=\"151\" \/>\n<input type=\"hidden\" name=\"_wpcf7_version\" value=\"5.9.2\" \/>\n<input type=\"hidden\" name=\"_wpcf7_locale\" value=\"es_ES\" \/>\n<input type=\"hidden\" name=\"_wpcf7_unit_tag\" value=\"wpcf7-f151-o1\" \/>\n<input type=\"hidden\" name=\"_wpcf7_container_post\" value=\"0\" \/>\n<input type=\"hidden\" name=\"_wpcf7_posted_data_hash\" value=\"\" \/>\n<input type=\"hidden\" name=\"_wpcf7_recaptcha_response\" value=\"\" \/>\n<\/div>\n<p><label><span class=\"wpcf7-form-control-wrap\" data-name=\"your-name\"><input size=\"40\" class=\"wpcf7-form-control wpcf7-text wpcf7-validates-as-required\" autocomplete=\"name\" aria-required=\"true\" aria-invalid=\"false\" placeholder=\"Nom*\" value=\"\" type=\"text\" name=\"your-name\" \/><\/span><\/label>\n<\/p>\n<p><label><span class=\"wpcf7-form-control-wrap\" data-name=\"your-email\"><input size=\"40\" class=\"wpcf7-form-control wpcf7-email wpcf7-validates-as-required wpcf7-text wpcf7-validates-as-email\" autocomplete=\"email\" aria-required=\"true\" aria-invalid=\"false\" placeholder=\"Email*\" value=\"\" type=\"email\" name=\"your-email\" \/><\/span><\/label>\n<\/p>\n<p><label><span class=\"wpcf7-form-control-wrap\" data-name=\"your-subject\"><input size=\"40\" class=\"wpcf7-form-control wpcf7-tel wpcf7-validates-as-required wpcf7-text wpcf7-validates-as-tel\" aria-required=\"true\" aria-invalid=\"false\" placeholder=\"Tel\u00e8fon*\" value=\"\" type=\"tel\" name=\"your-subject\" \/><\/span><\/label>\n<\/p>\n<p><label><span class=\"wpcf7-form-control-wrap\" data-name=\"your-message\"><textarea cols=\"40\" rows=\"2\" class=\"wpcf7-form-control wpcf7-textarea\" aria-invalid=\"false\" placeholder=\"Missatge (opcional)\" name=\"your-message\"><\/textarea><\/span><\/label>\n<\/p>\n<p><span class=\"wpcf7-form-control-wrap\" data-name=\"checkbox-816\"><span class=\"wpcf7-form-control wpcf7-checkbox wpcf7-validates-as-required\"><span class=\"wpcf7-list-item first last\"><input type=\"checkbox\" name=\"checkbox-816[]\" value=\"He aceptado y he le\u00eddo la\" \/><span class=\"wpcf7-list-item-label\">He acceptat i he llegit la<\/span><\/span><\/span><\/span><a href=\"https:\/\/reciclajesmoa.com\/ca\/aviso-legal-politica-de-privacidad\/\"> pol\u00edtica de privadesa<\/a>.\n<\/p>\n<p><span class=\"wpcf7-form-control-wrap\" data-name=\"checkbox-817\"><span class=\"wpcf7-form-control wpcf7-checkbox wpcf7-validates-as-required\"><span class=\"wpcf7-list-item first last\"><input type=\"checkbox\" name=\"checkbox-817[]\" value=\"Acepto el env\u00edo de informaci\u00f3n.\" \/><span class=\"wpcf7-list-item-label\">Accepto l\u00b4enviament d\u00b4informaci\u00f3.<\/span><\/span><\/span><\/span>\n<\/p>\n<p><input class=\"wpcf7-form-control wpcf7-submit has-spinner\" type=\"submit\" value=\"Enviar\" \/>\n<\/p><div class=\"wpcf7-response-output\" aria-hidden=\"true\"><\/div>\n<input type=\"hidden\" name=\"trp-form-language\" value=\"ca\"\/><\/form>\n<\/div>\n<\/div><\/div><\/div><\/div><div class=\"vc_row wpb_row vc_row-fluid\"><div class=\"wpb_column vc_column_container vc_col-sm-12\"><div class=\"vc_column-inner\"><div class=\"wpb_wrapper\"><div class=\"vc_empty_space\"   style=\"height: 32px\"><span class=\"vc_empty_space_inner\"><\/span><\/div><\/div><\/div><\/div><\/div>\n<\/div>","protected":false},"excerpt":{"rendered":"Venta palets Terrassa Venta palets Terrassa En un mundo cada vez m\u00e1s globalizado, la\u00a0venta de palets en Terrassa\u00a0mediante env\u00edos seguros y eficientes ha cobrado m\u00e1s trascendencia que nunca, debido a que los clientes y las empresas buscan la mejor forma de trasladar sus productos. Curiosamente, el humilde palet demostr\u00f3 tener un papel importante en el<a href=\"https:\/\/reciclajesmoa.com\/ca\/venta-de-palets\/venta-palets-terrassa\/\" class=\"\" rel=\"bookmark\">Llegiu m\u00e9s &raquo;<span class=\"screen-reader-text\">Venda palets Terrassa<\/span><\/a>","protected":false},"author":1,"featured_media":0,"parent":448,"menu_order":0,"comment_status":"closed","ping_status":"closed","template":"","meta":{"neve_meta_sidebar":"","neve_meta_container":"","neve_meta_enable_content_width":"off","neve_meta_content_width":100,"neve_meta_title_alignment":"","neve_meta_author_avatar":"","neve_post_elements_order":"","neve_meta_disable_header":"","neve_meta_disable_footer":"","neve_meta_disable_title":"on","neve_meta_reading_time":"","footnotes":""},"class_list":["post-466","page","type-page","status-publish","hentry"],"yoast_head":"<!-- This site is optimized with the Yoast SEO plugin v22.2 - https:\/\/yoast.com\/wordpress\/plugins\/seo\/ -->\n<title>Venta palets Terrassa<\/title>\n<meta name=\"description\" content=\"La venta de palets en Terrassa mediante env\u00edos seguros y eficientes ha cobrado m\u00e1s trascendencia que nunca.\" \/>\n<meta name=\"robots\" content=\"index, follow, max-snippet:-1, max-image-preview:large, max-video-preview:-1\" \/>\n<link rel=\"canonical\" href=\"https:\/\/reciclajesmoa.com\/ca\/venta-de-palets\/venta-palets-terrassa\/\" \/>\n<meta property=\"og:locale\" content=\"ca_ES\" \/>\n<meta property=\"og:type\" content=\"article\" \/>\n<meta property=\"og:title\" content=\"Venta palets Terrassa\" \/>\n<meta property=\"og:description\" content=\"La venta de palets en Terrassa mediante env\u00edos seguros y eficientes ha cobrado m\u00e1s trascendencia que nunca.\" \/>\n<meta property=\"og:url\" content=\"https:\/\/reciclajesmoa.com\/ca\/venta-de-palets\/venta-palets-terrassa\/\" \/>\n<meta property=\"og:site_name\" content=\"Reciclajes Moa - Palets Barcelona\" \/>\n<meta property=\"article:modified_time\" content=\"2024-01-16T09:11:16+00:00\" \/>\n<meta name=\"twitter:card\" content=\"summary_large_image\" \/>\n<meta name=\"twitter:label1\" content=\"Temps estimat de lectura\" \/>\n\t<meta name=\"twitter:data1\" content=\"3 minuts\" \/>\n<script type=\"application\/ld+json\" class=\"yoast-schema-graph\">{\"@context\":\"https:\/\/schema.org\",\"@graph\":[{\"@type\":\"WebPage\",\"@id\":\"https:\/\/reciclajesmoa.com\/venta-de-palets\/venta-palets-terrassa\/\",\"url\":\"https:\/\/reciclajesmoa.com\/venta-de-palets\/venta-palets-terrassa\/\",\"name\":\"Venta palets Terrassa\",\"isPartOf\":{\"@id\":\"https:\/\/reciclajesmoa.com\/#website\"},\"datePublished\":\"2023-02-20T09:28:10+00:00\",\"dateModified\":\"2024-01-16T09:11:16+00:00\",\"description\":\"La venta de palets en Terrassa mediante env\u00edos seguros y eficientes ha cobrado m\u00e1s trascendencia que nunca.\",\"breadcrumb\":{\"@id\":\"https:\/\/reciclajesmoa.com\/venta-de-palets\/venta-palets-terrassa\/#breadcrumb\"},\"inLanguage\":\"ca\",\"potentialAction\":[{\"@type\":\"ReadAction\",\"target\":[\"https:\/\/reciclajesmoa.com\/venta-de-palets\/venta-palets-terrassa\/\"]}]},{\"@type\":\"BreadcrumbList\",\"@id\":\"https:\/\/reciclajesmoa.com\/venta-de-palets\/venta-palets-terrassa\/#breadcrumb\",\"itemListElement\":[{\"@type\":\"ListItem\",\"position\":1,\"name\":\"Portada\",\"item\":\"https:\/\/reciclajesmoa.com\/\"},{\"@type\":\"ListItem\",\"position\":2,\"name\":\"Venta de palets\",\"item\":\"https:\/\/reciclajesmoa.com\/venta-de-palets\/\"},{\"@type\":\"ListItem\",\"position\":3,\"name\":\"Venta palets Terrassa\"}]},{\"@type\":\"WebSite\",\"@id\":\"https:\/\/reciclajesmoa.com\/#website\",\"url\":\"https:\/\/reciclajesmoa.com\/\",\"name\":\"Reciclajes Moa - Palets Barcelona\",\"description\":\"\",\"potentialAction\":[{\"@type\":\"SearchAction\",\"target\":{\"@type\":\"EntryPoint\",\"urlTemplate\":\"https:\/\/reciclajesmoa.com\/?s={search_term_string}\"},\"query-input\":\"required name=search_term_string\"}],\"inLanguage\":\"ca\"}]}<\/script>\n<!-- \/ Yoast SEO plugin. -->","yoast_head_json":{"title":"Venta palets Terrassa","description":"La venta de palets en Terrassa mediante env\u00edos seguros y eficientes ha cobrado m\u00e1s trascendencia que nunca.","robots":{"index":"index","follow":"follow","max-snippet":"max-snippet:-1","max-image-preview":"max-image-preview:large","max-video-preview":"max-video-preview:-1"},"canonical":"https:\/\/reciclajesmoa.com\/ca\/venta-de-palets\/venta-palets-terrassa\/","og_locale":"ca_ES","og_type":"article","og_title":"Venta palets Terrassa","og_description":"La venta de palets en Terrassa mediante env\u00edos seguros y eficientes ha cobrado m\u00e1s trascendencia que nunca.","og_url":"https:\/\/reciclajesmoa.com\/ca\/venta-de-palets\/venta-palets-terrassa\/","og_site_name":"Reciclajes Moa - Palets Barcelona","article_modified_time":"2024-01-16T09:11:16+00:00","twitter_card":"summary_large_image","twitter_misc":{"Temps estimat de lectura":"3 minuts"},"schema":{"@context":"https:\/\/schema.org","@graph":[{"@type":"WebPage","@id":"https:\/\/reciclajesmoa.com\/venta-de-palets\/venta-palets-terrassa\/","url":"https:\/\/reciclajesmoa.com\/venta-de-palets\/venta-palets-terrassa\/","name":"Venta palets Terrassa","isPartOf":{"@id":"https:\/\/reciclajesmoa.com\/#website"},"datePublished":"2023-02-20T09:28:10+00:00","dateModified":"2024-01-16T09:11:16+00:00","description":"La venta de palets en Terrassa mediante env\u00edos seguros y eficientes ha cobrado m\u00e1s trascendencia que nunca.","breadcrumb":{"@id":"https:\/\/reciclajesmoa.com\/venta-de-palets\/venta-palets-terrassa\/#breadcrumb"},"inLanguage":"ca","potentialAction":[{"@type":"ReadAction","target":["https:\/\/reciclajesmoa.com\/venta-de-palets\/venta-palets-terrassa\/"]}]},{"@type":"BreadcrumbList","@id":"https:\/\/reciclajesmoa.com\/venta-de-palets\/venta-palets-terrassa\/#breadcrumb","itemListElement":[{"@type":"ListItem","position":1,"name":"Portada","item":"https:\/\/reciclajesmoa.com\/"},{"@type":"ListItem","position":2,"name":"Venta de palets","item":"https:\/\/reciclajesmoa.com\/venta-de-palets\/"},{"@type":"ListItem","position":3,"name":"Venta palets Terrassa"}]},{"@type":"WebSite","@id":"https:\/\/reciclajesmoa.com\/#website","url":"https:\/\/reciclajesmoa.com\/","name":"Reciclajes Moa - Palets Barcelona","description":"","potentialAction":[{"@type":"SearchAction","target":{"@type":"EntryPoint","urlTemplate":"https:\/\/reciclajesmoa.com\/?s={search_term_string}"},"query-input":"required name=search_term_string"}],"inLanguage":"ca"}]}},"_links":{"self":[{"href":"https:\/\/reciclajesmoa.com\/ca\/wp-json\/wp\/v2\/pages\/466","targetHints":{"allow":["GET"]}}],"collection":[{"href":"https:\/\/reciclajesmoa.com\/ca\/wp-json\/wp\/v2\/pages"}],"about":[{"href":"https:\/\/reciclajesmoa.com\/ca\/wp-json\/wp\/v2\/types\/page"}],"author":[{"embeddable":true,"href":"https:\/\/reciclajesmoa.com\/ca\/wp-json\/wp\/v2\/users\/1"}],"replies":[{"embeddable":true,"href":"https:\/\/reciclajesmoa.com\/ca\/wp-json\/wp\/v2\/comments?post=466"}],"version-history":[{"count":2,"href":"https:\/\/reciclajesmoa.com\/ca\/wp-json\/wp\/v2\/pages\/466\/revisions"}],"predecessor-version":[{"id":1949,"href":"https:\/\/reciclajesmoa.com\/ca\/wp-json\/wp\/v2\/pages\/466\/revisions\/1949"}],"up":[{"embeddable":true,"href":"https:\/\/reciclajesmoa.com\/ca\/wp-json\/wp\/v2\/pages\/448"}],"wp:attachment":[{"href":"https:\/\/reciclajesmoa.com\/ca\/wp-json\/wp\/v2\/media?parent=466"}],"curies":[{"name":"wp","href":"https:\/\/api.w.org\/{rel}","templated":true}]}}