{"id":468,"date":"2023-02-20T09:29:00","date_gmt":"2023-02-20T09:29:00","guid":{"rendered":"https:\/\/reciclajesmoa.com\/?page_id=468"},"modified":"2024-01-16T09:12:50","modified_gmt":"2024-01-16T09:12:50","slug":"venta-de-palets-para-empresas","status":"publish","type":"page","link":"https:\/\/reciclajesmoa.com\/ca\/venta-de-palets-para-empresas\/","title":{"rendered":"Venda de palets per a empreses"},"content":{"rendered":"<div class=\"wpb-content-wrapper\"><div data-vc-full-width=\"true\" data-vc-full-width-init=\"false\" data-vc-stretch-content=\"true\" data-vc-parallax=\"1.5\" data-vc-parallax-image=\"https:\/\/reciclajesmoa.com\/wp-content\/uploads\/2023\/02\/cabecera-reciclajes-moa.jpg\" class=\"vc_row wpb_row vc_row-fluid vc_row-has-fill vc_general vc_parallax vc_parallax-content-moving\"><div class=\"wpb_column vc_column_container vc_col-sm-12 vc_hidden-sm vc_hidden-xs vc_col-has-fill\"><div class=\"vc_column-inner vc_custom_1676279128938\"><div class=\"wpb_wrapper\"><div class=\"vc_empty_space\"   style=\"height: 150px\"><span class=\"vc_empty_space_inner\"><\/span><\/div>\n\t<div class=\"wpb_text_column wpb_content_element  vc_custom_1676279099784\" >\n\t\t<div class=\"wpb_wrapper\">\n\t\t\t<h1><span style=\"color: #ffffff;\">Venda de palets per a empreses<\/span><\/h1>\n\n\t\t<\/div>\n\t<\/div>\n<\/div><\/div><\/div><\/div><div class=\"vc_row-full-width vc_clearfix\"><\/div><div data-vc-full-width=\"true\" data-vc-full-width-init=\"false\" data-vc-stretch-content=\"true\" data-vc-parallax=\"1.5\" data-vc-parallax-image=\"https:\/\/reciclajesmoa.com\/wp-content\/uploads\/2023\/02\/cabecera-reciclajes-moa.jpg\" class=\"vc_row wpb_row vc_row-fluid vc_row-has-fill vc_general vc_parallax vc_parallax-content-moving\"><div class=\"wpb_column vc_column_container vc_col-sm-12 vc_hidden-lg vc_hidden-md vc_col-has-fill\"><div class=\"vc_column-inner vc_custom_1676279137834\"><div class=\"wpb_wrapper\"><div class=\"vc_empty_space\"   style=\"height: 120px\"><span class=\"vc_empty_space_inner\"><\/span><\/div>\n\t<div class=\"wpb_text_column wpb_content_element  vc_custom_1676279099784\" >\n\t\t<div class=\"wpb_wrapper\">\n\t\t\t<h1><span style=\"color: #ffffff;\">Venda de palets per a empreses<\/span><\/h1>\n\n\t\t<\/div>\n\t<\/div>\n<\/div><\/div><\/div><\/div><div class=\"vc_row-full-width vc_clearfix\"><\/div><div class=\"vc_row wpb_row vc_row-fluid\"><div class=\"wpb_column vc_column_container vc_col-sm-12\"><div class=\"vc_column-inner\"><div class=\"wpb_wrapper\"><div class=\"vc_empty_space\"   style=\"height: 32px\"><span class=\"vc_empty_space_inner\"><\/span><\/div><\/div><\/div><\/div><\/div><div class=\"vc_row wpb_row vc_row-fluid vc_column-gap-35\"><div class=\"wpb_column vc_column_container vc_col-sm-6\"><div class=\"vc_column-inner\"><div class=\"wpb_wrapper\">\n\t<div class=\"wpb_text_column wpb_content_element\" >\n\t\t<div class=\"wpb_wrapper\">\n\t\t\t<div class=\"wpb_text_column wpb_content_element texto\">\n<div class=\"wpb_wrapper\">\n<p style=\"text-align: justify;\">En reciclatges Moa som una empresa que realitza la\u00a0<strong>venda de palets per a empreses<\/strong>, a banda d&#039;aix\u00f2, tamb\u00e9 els fabriquem i en duem a terme una gesti\u00f3 adequada perqu\u00e8 puguin ser reutilitzats, per aix\u00f2 no arriben a convertir-se en residus contaminants i perjudicials per al medi ambient, perqu\u00e8 \u00e9s un gran valor que caracteritza la nostra empresa. Ens comprometem amb el medi ambient i amb tenir cura del m\u00f3n on habitem. Per aix\u00f2 tamb\u00e9 oferim un servei de contenidors, en els quals, els clients poden posar qualsevol tipus de residu, fins i tot contaminant, posteriorment, ens encarreguem de transformar-lo en mat\u00e8ries de qualitat perqu\u00e8 es pugui reutilitzar per altres persones.<\/p>\n<p style=\"text-align: justify;\">Encara que com hem esmentat amb anterioritat, ens especialitzem en la\u00a0<strong>venda de palets per a empreses,\u00a0<\/strong>perqu\u00e8 a m\u00e9s de crear-los, tamb\u00e9 comprem palets fets malb\u00e9 i els processem per estendre la seva vida \u00fatil i donar-los m\u00e9s valor, d&#039;aquesta manera els deixem perfectes per al seu \u00fas i la seva venda. Pel que fa al procediment de recuperaci\u00f3, seguim sempre les indicacions de la norma vigent actual (NIMF \u2013 15). Aquesta normativa tracta d&#039;aplicar un assecat artificial a la fusta en qu\u00e8 es constitueixen els palets, aix\u00ed podem exportar els productes a qualsevol naci\u00f3 estrangera, oferint aix\u00ed, els nostres serveis a moltes ubicacions i aix\u00ed obtenim una gran quantitat de clients satisfets amb els nostres serveis.<\/p>\n<\/div>\n<\/div>\n\n\t\t<\/div>\n\t<\/div>\n<div class=\"vc_btn3-container vc_btn3-center\" ><a class=\"vc_general vc_btn3 vc_btn3-size-md vc_btn3-shape-rounded vc_btn3-style-modern vc_btn3-color-warning\" href=\"https:\/\/reciclajesmoa.com\/ca\/contacto\/\" title=\"Contacte\">CONTACTA AMB NOSALTRES<\/a><\/div>\n\t<div class=\"wpb_text_column wpb_content_element\" >\n\t\t<div class=\"wpb_wrapper\">\n\t\t\t<p style=\"text-align: justify;\">Cada cop augmenta el nombre de persones que comptes amb els nostres serveis, com el cas de la\u00a0<strong>venda de palets per a empreses<\/strong>, perqu\u00e8 a banda de comprometre&#039;ns amb el respecte del medi ambient i d&#039;oferir els productes de m\u00e0xima qualitat, tamb\u00e9 comptem amb la disponibilitat d&#039;un gran equip amb aptituds professionals, a m\u00e9s de comptar amb una formaci\u00f3 necess\u00e0ria, aix\u00ed poden satisfer les necessitats dels clients, oferint un servei familiar i personalitzat.<\/p>\n<p style=\"text-align: justify;\">Gr\u00e0cies al fet que comptem amb el nostre equip de primera qualitat i professional a la\u00a0<strong>venda de palets per a empreses\u00a0<\/strong>ja que emprem a la nostra activitat els m\u00e8todes m\u00e9s nous, som capa\u00e7os de crear molts tipus de palets, com els tradicionals fins totalment a mida, tractant que s&#039;adaptin perfectament a l&#039;activitat del client.<\/p>\n<p style=\"text-align: justify;\">Si est\u00e0s interessat sobre la\u00a0<strong>venda de palets per a empreses\u00a0<\/strong>o qualsevol altre tipus de servei que s&#039;ofereix a Reciclatges Moa, us animem a que ens contacteu, estarem encantats a ajudar-te en tot all\u00f2 que necessitis i estigui a les nostres mans per solucionar-ho. Sempre oferim un servei personalitzat que s&#039;adapta correctament a les necessitats essencials de cadascun dels clients, perqu\u00e8 som conscients que la situaci\u00f3 de cadasc\u00fa \u00e9s \u00fanica, per aix\u00f2 el nostre servei ha de ser \u00fanica. Pots omplir el formulari de contacte introduint les dades i requerits i el teu motiu de contacte, pots trucar al 937 197 971 o enviar un email a info@reciclajesmoa.com.<\/p>\n\n\t\t<\/div>\n\t<\/div>\n<\/div><\/div><\/div><div class=\"wpb_column vc_column_container vc_col-sm-6\"><div class=\"vc_column-inner\"><div class=\"wpb_wrapper\">\n\t<div class=\"wpb_text_column wpb_content_element\" >\n\t\t<div class=\"wpb_wrapper\">\n\t\t\t<h2>Contacta amb nosaltres<\/h2>\n\n\t\t<\/div>\n\t<\/div>\n\n\t<div class=\"wpb_text_column wpb_content_element\" >\n\t\t<div class=\"wpb_wrapper\">\n\t\t\t<blockquote>\n<h4><strong>Avinguda Torre d&#039;en Mateu, 86 <\/strong><br \/>\n<strong>08210 Barber\u00e0 del Vall\u00e8s<\/strong><\/h4>\n<h4><strong>937197971 <\/strong><br \/>\n<strong>info@reciclajesmoa.com<\/strong><\/h4>\n<\/blockquote>\n\n\t\t<\/div>\n\t<\/div>\n\n<div class=\"wpcf7 no-js\" id=\"wpcf7-f151-o1\" lang=\"es-ES\" dir=\"ltr\">\n<div class=\"screen-reader-response\"><p role=\"status\" aria-live=\"polite\" aria-atomic=\"true\"><\/p> <ul><\/ul><\/div>\n<form action=\"\/ca\/wp-json\/wp\/v2\/pages\/468#wpcf7-f151-o1\" method=\"post\" class=\"wpcf7-form init\" aria-label=\"Formulario de contacto\" novalidate=\"novalidate\" data-status=\"init\" data-trp-original-action=\"\/ca\/wp-json\/wp\/v2\/pages\/468#wpcf7-f151-o1\">\n<div style=\"display: none;\">\n<input type=\"hidden\" name=\"_wpcf7\" value=\"151\" \/>\n<input type=\"hidden\" name=\"_wpcf7_version\" value=\"5.9.2\" \/>\n<input type=\"hidden\" name=\"_wpcf7_locale\" value=\"es_ES\" \/>\n<input type=\"hidden\" name=\"_wpcf7_unit_tag\" value=\"wpcf7-f151-o1\" \/>\n<input type=\"hidden\" name=\"_wpcf7_container_post\" value=\"0\" \/>\n<input type=\"hidden\" name=\"_wpcf7_posted_data_hash\" value=\"\" \/>\n<input type=\"hidden\" name=\"_wpcf7_recaptcha_response\" value=\"\" \/>\n<\/div>\n<p><label><span class=\"wpcf7-form-control-wrap\" data-name=\"your-name\"><input size=\"40\" class=\"wpcf7-form-control wpcf7-text wpcf7-validates-as-required\" autocomplete=\"name\" aria-required=\"true\" aria-invalid=\"false\" placeholder=\"Nom*\" value=\"\" type=\"text\" name=\"your-name\" \/><\/span><\/label>\n<\/p>\n<p><label><span class=\"wpcf7-form-control-wrap\" data-name=\"your-email\"><input size=\"40\" class=\"wpcf7-form-control wpcf7-email wpcf7-validates-as-required wpcf7-text wpcf7-validates-as-email\" autocomplete=\"email\" aria-required=\"true\" aria-invalid=\"false\" placeholder=\"Email*\" value=\"\" type=\"email\" name=\"your-email\" \/><\/span><\/label>\n<\/p>\n<p><label><span class=\"wpcf7-form-control-wrap\" data-name=\"your-subject\"><input size=\"40\" class=\"wpcf7-form-control wpcf7-tel wpcf7-validates-as-required wpcf7-text wpcf7-validates-as-tel\" aria-required=\"true\" aria-invalid=\"false\" placeholder=\"Tel\u00e8fon*\" value=\"\" type=\"tel\" name=\"your-subject\" \/><\/span><\/label>\n<\/p>\n<p><label><span class=\"wpcf7-form-control-wrap\" data-name=\"your-message\"><textarea cols=\"40\" rows=\"2\" class=\"wpcf7-form-control wpcf7-textarea\" aria-invalid=\"false\" placeholder=\"Missatge (opcional)\" name=\"your-message\"><\/textarea><\/span><\/label>\n<\/p>\n<p><span class=\"wpcf7-form-control-wrap\" data-name=\"checkbox-816\"><span class=\"wpcf7-form-control wpcf7-checkbox wpcf7-validates-as-required\"><span class=\"wpcf7-list-item first last\"><input type=\"checkbox\" name=\"checkbox-816[]\" value=\"He aceptado y he le\u00eddo la\" \/><span class=\"wpcf7-list-item-label\">He acceptat i he llegit la<\/span><\/span><\/span><\/span><a href=\"https:\/\/reciclajesmoa.com\/ca\/aviso-legal-politica-de-privacidad\/\"> pol\u00edtica de privadesa<\/a>.\n<\/p>\n<p><span class=\"wpcf7-form-control-wrap\" data-name=\"checkbox-817\"><span class=\"wpcf7-form-control wpcf7-checkbox wpcf7-validates-as-required\"><span class=\"wpcf7-list-item first last\"><input type=\"checkbox\" name=\"checkbox-817[]\" value=\"Acepto el env\u00edo de informaci\u00f3n.\" \/><span class=\"wpcf7-list-item-label\">Accepto l\u00b4enviament d\u00b4informaci\u00f3.<\/span><\/span><\/span><\/span>\n<\/p>\n<p><input class=\"wpcf7-form-control wpcf7-submit has-spinner\" type=\"submit\" value=\"Enviar\" \/>\n<\/p><div class=\"wpcf7-response-output\" aria-hidden=\"true\"><\/div>\n<input type=\"hidden\" name=\"trp-form-language\" value=\"ca\"\/><\/form>\n<\/div>\n<\/div><\/div><\/div><\/div><div class=\"vc_row wpb_row vc_row-fluid\"><div class=\"wpb_column vc_column_container vc_col-sm-12\"><div class=\"vc_column-inner\"><div class=\"wpb_wrapper\"><div class=\"vc_empty_space\"   style=\"height: 32px\"><span class=\"vc_empty_space_inner\"><\/span><\/div><\/div><\/div><\/div><\/div>\n<\/div>","protected":false},"excerpt":{"rendered":"Venta de palets para empresas Venta de palets para empresas En reciclajes Moa somos una empresa que\u00a0 realiza la\u00a0venta de palets para empresas, aparte de eso, tambi\u00e9n los fabricamos y llevamos a cabo una gesti\u00f3n adecuada de estos para que puedan ser reutilizados, por eso no llegan a convertirse en residuos contaminantes\u00a0 y perjudiciales para<a href=\"https:\/\/reciclajesmoa.com\/ca\/venta-de-palets-para-empresas\/\" class=\"\" rel=\"bookmark\">Llegiu m\u00e9s &raquo;<span class=\"screen-reader-text\">Venda de palets per a empreses<\/span><\/a>","protected":false},"author":1,"featured_media":0,"parent":0,"menu_order":0,"comment_status":"closed","ping_status":"closed","template":"","meta":{"neve_meta_sidebar":"","neve_meta_container":"","neve_meta_enable_content_width":"off","neve_meta_content_width":100,"neve_meta_title_alignment":"","neve_meta_author_avatar":"","neve_post_elements_order":"","neve_meta_disable_header":"","neve_meta_disable_footer":"","neve_meta_disable_title":"on","neve_meta_reading_time":"","footnotes":""},"class_list":["post-468","page","type-page","status-publish","hentry"],"yoast_head":"<!-- This site is optimized with the Yoast SEO plugin v22.2 - https:\/\/yoast.com\/wordpress\/plugins\/seo\/ -->\n<title>Venta de palets para empresas<\/title>\n<meta name=\"description\" content=\"En reciclajes Moa somos una empresa que realiza la venta de palets para empresas.\" \/>\n<meta name=\"robots\" content=\"index, follow, max-snippet:-1, max-image-preview:large, max-video-preview:-1\" \/>\n<link rel=\"canonical\" href=\"https:\/\/reciclajesmoa.com\/ca\/venta-de-palets-para-empresas\/\" \/>\n<meta property=\"og:locale\" content=\"ca_ES\" \/>\n<meta property=\"og:type\" content=\"article\" \/>\n<meta property=\"og:title\" content=\"Venta de palets para empresas\" \/>\n<meta property=\"og:description\" content=\"En reciclajes Moa somos una empresa que realiza la venta de palets para empresas.\" \/>\n<meta property=\"og:url\" content=\"https:\/\/reciclajesmoa.com\/ca\/venta-de-palets-para-empresas\/\" \/>\n<meta property=\"og:site_name\" content=\"Reciclajes Moa - Palets Barcelona\" \/>\n<meta property=\"article:modified_time\" content=\"2024-01-16T09:12:50+00:00\" \/>\n<meta name=\"twitter:card\" content=\"summary_large_image\" \/>\n<meta name=\"twitter:label1\" content=\"Temps estimat de lectura\" \/>\n\t<meta name=\"twitter:data1\" content=\"3 minuts\" \/>\n<script type=\"application\/ld+json\" class=\"yoast-schema-graph\">{\"@context\":\"https:\/\/schema.org\",\"@graph\":[{\"@type\":\"WebPage\",\"@id\":\"https:\/\/reciclajesmoa.com\/venta-de-palets-para-empresas\/\",\"url\":\"https:\/\/reciclajesmoa.com\/venta-de-palets-para-empresas\/\",\"name\":\"Venta de palets para empresas\",\"isPartOf\":{\"@id\":\"https:\/\/reciclajesmoa.com\/#website\"},\"datePublished\":\"2023-02-20T09:29:00+00:00\",\"dateModified\":\"2024-01-16T09:12:50+00:00\",\"description\":\"En reciclajes Moa somos una empresa que realiza la venta de palets para empresas.\",\"breadcrumb\":{\"@id\":\"https:\/\/reciclajesmoa.com\/venta-de-palets-para-empresas\/#breadcrumb\"},\"inLanguage\":\"ca\",\"potentialAction\":[{\"@type\":\"ReadAction\",\"target\":[\"https:\/\/reciclajesmoa.com\/venta-de-palets-para-empresas\/\"]}]},{\"@type\":\"BreadcrumbList\",\"@id\":\"https:\/\/reciclajesmoa.com\/venta-de-palets-para-empresas\/#breadcrumb\",\"itemListElement\":[{\"@type\":\"ListItem\",\"position\":1,\"name\":\"Portada\",\"item\":\"https:\/\/reciclajesmoa.com\/\"},{\"@type\":\"ListItem\",\"position\":2,\"name\":\"Venta de palets para empresas\"}]},{\"@type\":\"WebSite\",\"@id\":\"https:\/\/reciclajesmoa.com\/#website\",\"url\":\"https:\/\/reciclajesmoa.com\/\",\"name\":\"Reciclajes Moa - Palets Barcelona\",\"description\":\"\",\"potentialAction\":[{\"@type\":\"SearchAction\",\"target\":{\"@type\":\"EntryPoint\",\"urlTemplate\":\"https:\/\/reciclajesmoa.com\/?s={search_term_string}\"},\"query-input\":\"required name=search_term_string\"}],\"inLanguage\":\"ca\"}]}<\/script>\n<!-- \/ Yoast SEO plugin. -->","yoast_head_json":{"title":"Venta de palets para empresas","description":"En reciclajes Moa somos una empresa que realiza la venta de palets para empresas.","robots":{"index":"index","follow":"follow","max-snippet":"max-snippet:-1","max-image-preview":"max-image-preview:large","max-video-preview":"max-video-preview:-1"},"canonical":"https:\/\/reciclajesmoa.com\/ca\/venta-de-palets-para-empresas\/","og_locale":"ca_ES","og_type":"article","og_title":"Venta de palets para empresas","og_description":"En reciclajes Moa somos una empresa que realiza la venta de palets para empresas.","og_url":"https:\/\/reciclajesmoa.com\/ca\/venta-de-palets-para-empresas\/","og_site_name":"Reciclajes Moa - Palets Barcelona","article_modified_time":"2024-01-16T09:12:50+00:00","twitter_card":"summary_large_image","twitter_misc":{"Temps estimat de lectura":"3 minuts"},"schema":{"@context":"https:\/\/schema.org","@graph":[{"@type":"WebPage","@id":"https:\/\/reciclajesmoa.com\/venta-de-palets-para-empresas\/","url":"https:\/\/reciclajesmoa.com\/venta-de-palets-para-empresas\/","name":"Venta de palets para empresas","isPartOf":{"@id":"https:\/\/reciclajesmoa.com\/#website"},"datePublished":"2023-02-20T09:29:00+00:00","dateModified":"2024-01-16T09:12:50+00:00","description":"En reciclajes Moa somos una empresa que realiza la venta de palets para empresas.","breadcrumb":{"@id":"https:\/\/reciclajesmoa.com\/venta-de-palets-para-empresas\/#breadcrumb"},"inLanguage":"ca","potentialAction":[{"@type":"ReadAction","target":["https:\/\/reciclajesmoa.com\/venta-de-palets-para-empresas\/"]}]},{"@type":"BreadcrumbList","@id":"https:\/\/reciclajesmoa.com\/venta-de-palets-para-empresas\/#breadcrumb","itemListElement":[{"@type":"ListItem","position":1,"name":"Portada","item":"https:\/\/reciclajesmoa.com\/"},{"@type":"ListItem","position":2,"name":"Venta de palets para empresas"}]},{"@type":"WebSite","@id":"https:\/\/reciclajesmoa.com\/#website","url":"https:\/\/reciclajesmoa.com\/","name":"Reciclajes Moa - Palets Barcelona","description":"","potentialAction":[{"@type":"SearchAction","target":{"@type":"EntryPoint","urlTemplate":"https:\/\/reciclajesmoa.com\/?s={search_term_string}"},"query-input":"required name=search_term_string"}],"inLanguage":"ca"}]}},"_links":{"self":[{"href":"https:\/\/reciclajesmoa.com\/ca\/wp-json\/wp\/v2\/pages\/468","targetHints":{"allow":["GET"]}}],"collection":[{"href":"https:\/\/reciclajesmoa.com\/ca\/wp-json\/wp\/v2\/pages"}],"about":[{"href":"https:\/\/reciclajesmoa.com\/ca\/wp-json\/wp\/v2\/types\/page"}],"author":[{"embeddable":true,"href":"https:\/\/reciclajesmoa.com\/ca\/wp-json\/wp\/v2\/users\/1"}],"replies":[{"embeddable":true,"href":"https:\/\/reciclajesmoa.com\/ca\/wp-json\/wp\/v2\/comments?post=468"}],"version-history":[{"count":2,"href":"https:\/\/reciclajesmoa.com\/ca\/wp-json\/wp\/v2\/pages\/468\/revisions"}],"predecessor-version":[{"id":1951,"href":"https:\/\/reciclajesmoa.com\/ca\/wp-json\/wp\/v2\/pages\/468\/revisions\/1951"}],"wp:attachment":[{"href":"https:\/\/reciclajesmoa.com\/ca\/wp-json\/wp\/v2\/media?parent=468"}],"curies":[{"name":"wp","href":"https:\/\/api.w.org\/{rel}","templated":true}]}}