{"id":1522,"date":"2023-02-20T12:02:08","date_gmt":"2023-02-20T12:02:08","guid":{"rendered":"https:\/\/reciclajesmoa.com\/?page_id=1522"},"modified":"2024-03-21T10:04:50","modified_gmt":"2024-03-21T10:04:50","slug":"politica-de-cookies","status":"publish","type":"page","link":"https:\/\/reciclajesmoa.com\/en\/politica-de-cookies\/","title":{"rendered":"Cookies policy"},"content":{"rendered":"<div class=\"wpb-content-wrapper\"><div class=\"vc_row wpb_row vc_row-fluid\"><div class=\"wpb_column vc_column_container vc_col-sm-12\"><div class=\"vc_column-inner\"><div class=\"wpb_wrapper\"><div class=\"vc_empty_space\"   style=\"height: 62px\"><span class=\"vc_empty_space_inner\"><\/span><\/div>\n\t<div class=\"wpb_text_column wpb_content_element\" >\n\t\t<div class=\"wpb_wrapper\">\n\t\t\t<div class=\"entry-content\">\n<div class=\"vc_row wpb_row vc_row-fluid\">\n<div class=\"wpb_column vc_column_container vc_col-sm-12\">\n<div class=\"vc_column-inner\">\n<div class=\"wpb_wrapper\">\n<div class=\"wpb_text_column wpb_content_element texto\">\n<div class=\"wpb_wrapper\">\n<h1>PARAGRAPH 1<\/h1>\n<p><strong>Cookies policy<\/strong><\/p>\n<p>A\u00a0<em>cookie<\/em>\u00a0is a small text file that is stored in your browser when you visit almost any web page. Its usefulness is for the website to be able to remember your visit when you browse that page again. The\u00a0<em>cookies<\/em>\u00a0They usually store information of a technical nature, personal preferences, content customization, usage statistics, links to social networks, access to user accounts, etc. The objective of the\u00a0<em>cookie<\/em>\u00a0is to adapt the content of the website to your profile and needs, without\u00a0<em>cookies<\/em>\u00a0The services offered by any page would be significantly reduced. If you would like more information about what the\u00a0<em>cookies<\/em>, what they store, how to delete them, deactivate them, etc.,\u00a0<strong><u>Please go to this link.<\/u>\u00a0\u00a0 \u00a0\u00a0\u00a0\u00a0<\/strong>(section 2)<\/p>\n<p><strong>\u00a0<\/strong><\/p>\n<p><strong>Cookies used on this website<\/strong><\/p>\n<p>Following the guidelines of the Spanish Data Protection Agency, we proceed to detail the use of\u00a0<em>cookies<\/em>\u00a0what this website does in order to inform you with the greatest possible accuracy.<\/p>\n<p>This website uses the following\u00a0<strong>own cookies<\/strong>:<\/p>\n<p>Session cookies, to ensure that users writing comments on the blog are human and not automated applications. In this way we combat\u00a0<em>spam<\/em>.<\/p>\n<p><img loading=\"lazy\" decoding=\"async\" class=\"aligncenter wp-image-47 size-full\" src=\"https:\/\/reciclajesmoa.mantenimiento-online.es\/wp-content\/uploads\/2019\/01\/politica-de-cookies-1.jpg\" sizes=\"auto, (max-width: 482px) 100vw, 482px\" srcset=\"https:\/\/reciclajesmoa.com\/wp-content\/uploads\/2019\/01\/politica-de-cookies-1.jpg 482w, https:\/\/reciclajesmoa.com\/wp-content\/uploads\/2019\/01\/politica-de-cookies-1-300x99.jpg 300w\" alt=\"\" width=\"482\" height=\"159\" \/><\/p>\n<p>This website uses the following\u00a0<strong>third party cookies<\/strong>:<\/p>\n<p>Google Analytics: Store\u00a0<em>cookies<\/em>\u00a0to be able to compile statistics on the traffic and volume of visits to this website. By using this website you consent to the processing of data about you by Google. Therefore, the exercise of any right in this regard must be done by communicating directly with Google.<\/p>\n<p>Social networks: Each social network uses its own\u00a0<em>cookies<\/em>\u00a0so that you can click on buttons like\u00a0<em>I like<\/em>\u00a0either\u00a0<em>Share<\/em>.<\/p>\n<ul>\n<li>Youtube<\/li>\n<li>Twitter<\/li>\n<li>Facebook<\/li>\n<\/ul>\n<p>Likewise, it is possible that when you visit a web page or when you open an email where an advertisement or promotion about our services or products is published, a cookie is installed in your browser that helps us to later show you advertising related to the search you have performed. develop control of our advertisements in relation, for example, to the number of times they are viewed, where they appear, at what time they are viewed, etc...<\/p>\n<p><strong>\u00a0<\/strong><\/p>\n<p><strong>Deactivation or deletion of cookies<\/strong><\/p>\n<p>At any time you may exercise your right to deactivate or delete cookies from this website. These actions are performed differently depending on the browser you are using.\u00a0<strong><u>Here is a quick guide to the most popular browsers.<\/u><\/strong><\/p>\n<p>(section 3)<\/p>\n<p><strong>Additional notes<\/strong><\/p>\n<p>Neither this website nor its legal representatives are responsible for the content or the veracity of the privacy policies that the third parties mentioned in this privacy policy may have.\u00a0<em>cookies<\/em>.<\/p>\n<p>Web browsers are the tools in charge of storing the\u00a0<em>cookies<\/em>\u00a0and from this place you must exercise your right to eliminate or deactivate them. Neither this website nor its legal representatives can guarantee the correct or incorrect handling of the information.\u00a0<em>cookies<\/em>\u00a0by the aforementioned browsers.<\/p>\n<p>In some cases it is necessary to install\u00a0<em>cookies<\/em>\u00a0so that the browser does not forget its decision not to accept them.<\/p>\n<p>In the case of the\u00a0<em>cookies<\/em>\u00a0of Google Analytics, this company stores the\u00a0<em>cookies<\/em>\u00a0on servers located in the United States and undertakes not to share it with third parties, except in cases where it is necessary for the operation of the system or when the law requires this purpose. Google Inc. is a company that meets the\u00a0<a href=\"https:\/\/www.privacyshield.gov\/list\">Privacy Shield<\/a>, which guarantees that all transferred data will be treated with a level of protection in accordance with European regulations. Detailed information in this regard can be found at\u00a0<a href=\"https:\/\/www.privacyshield.gov\/welcome\"><strong><u>this link<\/u><\/strong><\/a>\u00a0<strong>(1)<\/strong>. If you want information about the use that Google Analytics gives to cookies\u00a0<a href=\"https:\/\/developers.google.com\/analytics\/devguides\/collection\/analyticsjs\/cookie-usage?hl=es&amp;csw=1\">we attach\u00a0<strong><u>this other link<\/u><\/strong><\/a>\u00a0<strong>(2)<\/strong><\/p>\n<p>For any questions or queries about this policy\u00a0<em>cookies<\/em>\u00a0Feel free to contact us through the contact section.<\/p>\n<p>&nbsp;<\/p>\n<h1>SECTION 2<\/h1>\n<p><strong>More information about cookies<\/strong><\/p>\n<p><strong>What is a cookie?<\/strong><\/p>\n<p>A\u00a0<em>cookie<\/em>\u00a0is a harmless text file that is stored in your browser when you visit almost any web page. The usefulness of\u00a0<em>cookie<\/em>\u00a0is that the website is able to remember your visit when you browse that page again. Although many people do not know\u00a0<em>cookies<\/em>\u00a0They have been used for 20 years, when the first browsers for the World Wide Web appeared.<\/p>\n<p><strong>What IS NOT a cookie?<\/strong><\/p>\n<p>It is not a virus, nor a Trojan, nor a worm, nor spam, nor spyware, nor does it open pop-up windows.<\/p>\n<p><strong>What information does a\u00a0<em>cookie<\/em>?<\/strong><\/p>\n<p>The\u00a0<em>cookies<\/em>\u00a0They do not usually store sensitive information about you, such as credit cards or bank details, photographs, your ID or personal information, etc. The data they store is of a technical nature, personal preferences, content customization, etc.<\/p>\n<p>The web server does not associate you as a person but with your web browser. In fact, if you usually browse with Internet Explorer and try to browse the same website with Firefox or Chrome, you will see that the website does not realize that you are the same person because it is actually associating the browser, not the person.<\/p>\n<p><strong>What kind of\u00a0<em>cookies<\/em>\u00a0exist?<\/strong><\/p>\n<p><em>cookies<\/em>\u00a0techniques: They are the most basic and allow, among other things, to know when a human or an automated application is browsing, when an anonymous user and a registered user are browsing, basic tasks for the operation of any dynamic website.<\/p>\n<p><em>cookies<\/em>\u00a0analysis: They collect information about the type of browsing you are doing, the sections you use the most, products consulted, time slot of use, language, etc.<\/p>\n<p><em>cookies<\/em>\u00a0Advertising: They show advertising based on your browsing, your country of origin, language, etc.<\/p>\n<p><strong>What are the\u00a0<em>cookies<\/em>\u00a0own and those of third parties?<\/strong><\/p>\n<p>The\u00a0<em>own cookies<\/em>\u00a0are generated by the page you are visiting and the\u00a0<em>from third parties<\/em>\u00a0They are those generated by external services or providers such as Facebook, Twitter, Google, etc.<\/p>\n<p><strong>What happens if I disable\u00a0<em>cookies<\/em>?<\/strong><\/p>\n<p>So that you understand the impact that deactivating the\u00a0<em>cookies<\/em>\u00a0We show you some examples:<\/p>\n<p>You will not be able to share content from that website on Facebook, Twitter or any other social network.<\/p>\n<p>The website will not be able to adapt the content to your personal preferences, as is often the case in online stores.<\/p>\n<p>You will not be able to access the personal area of that website, such as\u00a0<em>My account<\/em>, either\u00a0<em>My profile<\/em>\u00a0either\u00a0<em>My orders<\/em>.<\/p>\n<p>Online stores: It will be impossible for you to make purchases online, they will have to be made by telephone or by visiting the physical store if you have one.<\/p>\n<p>It will not be possible to customize your geographic preferences such as time zone, currency or language.<\/p>\n<p>The website will not be able to perform web analytics on visitors and traffic on the website, which will make it difficult for the website to be competitive.<\/p>\n<p>You will not be able to write on the blog, you will not be able to upload photos, post comments, rate or rate content. The website will also not be able to know if you are a human or an automated application that publishes\u00a0<em>spam<\/em>.<\/p>\n<p>Sectorized advertising cannot be displayed, which will reduce the website&#039;s advertising revenue.<\/p>\n<p>All social networks use\u00a0<em>cookies<\/em>, if you deactivate them you will not be able to use any social network.<\/p>\n<p><strong>Can the\u00a0<em>cookies<\/em>?<\/strong><\/p>\n<p>Yes. Not only delete, but also block, in a general or particular way for a specific domain.<\/p>\n<p>To remove the\u00a0<em>cookies<\/em>\u00a0of a website you must go to the settings of your browser and there you can search for those associated with the domain in question and proceed to delete them.<\/p>\n<p>&nbsp;<\/p>\n<h1>SECTION 3<\/h1>\n<p><strong>Cookie settings for the most popular browsers<\/strong><\/p>\n<p>Here&#039;s how to access a\u00a0<em>cookie<\/em>\u00a0browser determined\u00a0<strong>Chrome<\/strong>. Note: These steps may vary depending on the browser version:<\/p>\n<p>Go to Settings or Preferences through the File menu or by clicking the personalization icon that appears at the top right.<\/p>\n<p>You will see different sections, click on the option\u00a0<em>Show advanced options<\/em>.<\/p>\n<p>Go to\u00a0<em>Privacy<\/em>,\u00a0<em>Content Settings<\/em>.<\/p>\n<p>Select\u00a0<em>All cookies and site data<\/em>.<\/p>\n<p>A list will appear with all the\u00a0<em>cookies<\/em>\u00a0sorted by domain. To make it easier for you to find the\u00a0<em>cookies<\/em>\u00a0of a certain domain, enter partially or completely the address in the field\u00a0<em>Search cookies<\/em>.<\/p>\n<p>After performing this filter, one or more lines will appear on the screen with the\u00a0<em>cookies<\/em>\u00a0of the requested website. Now you just have to select it and press the\u00a0<em>x<\/em>\u00a0to proceed with its elimination.<\/p>\n<p>To access the settings\u00a0<em>cookies<\/em>\u00a0from the browser\u00a0<strong>Internet Explorer<\/strong>\u00a0Follow these steps (they may vary depending on the browser version):<\/p>\n<p>Go to\u00a0<em>Tools<\/em>,\u00a0<em>Internet Options<\/em><\/p>\n<p>Click on\u00a0<em>Privacy<\/em>.<\/p>\n<p>Move the slider to adjust the privacy level you want.<\/p>\n<p>To access the settings\u00a0<em>cookies<\/em>\u00a0from the browser\u00a0<strong>Firefox\u00a0<\/strong>Follow these steps (they may vary depending on the browser version):<\/p>\n<p>Go to\u00a0<em>Options<\/em>\u00a0either\u00a0<em>preferences<\/em>\u00a0depending on your operating system.<\/p>\n<p>Click on\u00a0<em>Privacy<\/em>.<\/p>\n<p>In\u00a0<em>Record<\/em>\u00a0choose\u00a0<em>Use custom settings for history<\/em>.<\/p>\n<p>You will now see the option\u00a0<em>Accept cookies<\/em>, you can activate or deactivate it according to your preferences.<\/p>\n<p>To access the settings\u00a0<em>cookies<\/em>\u00a0from the browser\u00a0<strong>Safari for OSX<\/strong>\u00a0Follow these steps (they may vary depending on the browser version):<\/p>\n<p>Go to\u00a0<em>preferences<\/em>, then\u00a0<em>Privacy<\/em>.<\/p>\n<p>Here you will see the option\u00a0<em>Block cookies<\/em>\u00a0to set the type of blocking you want to perform.<\/p>\n<p>To access the settings\u00a0<em>cookies<\/em>\u00a0from the browser\u00a0<strong>Safari for iOS<\/strong>\u00a0Follow these steps (they may vary depending on the browser version):<\/p>\n<p>Go to\u00a0<em>Settings<\/em>, then\u00a0<em>Safari<\/em>.<\/p>\n<p>Go to\u00a0<em>Privacy &amp; Security<\/em>, you will see the option\u00a0<em>Block cookies<\/em>\u00a0to set the type of blocking you want to perform.<\/p>\n<p>To access the settings\u00a0<em>cookies<\/em>\u00a0browser for devices\u00a0<strong>Android<\/strong>\u00a0Follow these steps (they may vary depending on the browser version):<\/p>\n<p>Launch the browser and press the key\u00a0<em>Menu<\/em>, then\u00a0<em>Settings<\/em>.<\/p>\n<p>Go to\u00a0<em>Security and Privacy<\/em>, you will see the option\u00a0<em>Accept cookies<\/em>\u00a0to activate or deactivate the box.<\/p>\n<p>&nbsp;<\/p>\n<p>To access the settings\u00a0<em>cookies<\/em>\u00a0browser for devices\u00a0<strong>Windows Phone\u00a0<\/strong>Follow these steps (they may vary depending on the browser version):<\/p>\n<p>Open\u00a0<em>Internet Explorer<\/em>, then\u00a0<em>Further<\/em>, then\u00a0<em>Setting<\/em><\/p>\n<p>You can now check or uncheck the box\u00a0<em>Allow cookies<\/em>.<\/p>\n<\/div>\n<\/div>\n<\/div>\n<\/div>\n<\/div>\n<\/div>\n<\/div>\n\n\t\t<\/div>\n\t<\/div>\n<\/div><\/div><\/div><\/div><div class=\"vc_row wpb_row vc_row-fluid\"><div class=\"wpb_column vc_column_container vc_col-sm-12\"><div class=\"vc_column-inner\"><div class=\"wpb_wrapper\"><div class=\"vc_empty_space\"   style=\"height: 32px\"><span class=\"vc_empty_space_inner\"><\/span><\/div><\/div><\/div><\/div><\/div>\n<\/div>","protected":false},"excerpt":{"rendered":"APARTADO 1 Pol\u00edtica de cookies Una\u00a0cookie\u00a0es un peque\u00f1o fichero de texto que se almacena en su navegador cuando visita casi cualquier p\u00e1gina web. Su utilidad es que la web sea capaz de recordar su visita cuando vuelva a navegar por esa p\u00e1gina. Las\u00a0cookies\u00a0suelen almacenar informaci\u00f3n de car\u00e1cter t\u00e9cnico, preferencias personales, personalizaci\u00f3n de contenidos, estad\u00edsticas de<a href=\"https:\/\/reciclajesmoa.com\/en\/politica-de-cookies\/\" class=\"\" rel=\"bookmark\">Read More \u00bb<span class=\"screen-reader-text\">Cookies policy<\/span><\/a>","protected":false},"author":1,"featured_media":0,"parent":0,"menu_order":0,"comment_status":"closed","ping_status":"closed","template":"","meta":{"neve_meta_sidebar":"","neve_meta_container":"","neve_meta_enable_content_width":"off","neve_meta_content_width":100,"neve_meta_title_alignment":"","neve_meta_author_avatar":"","neve_post_elements_order":"","neve_meta_disable_header":"","neve_meta_disable_footer":"","neve_meta_disable_title":"","neve_meta_reading_time":"","footnotes":""},"class_list":["post-1522","page","type-page","status-publish","hentry"],"yoast_head":"<!-- This site is optimized with the Yoast SEO plugin v22.2 - https:\/\/yoast.com\/wordpress\/plugins\/seo\/ -->\n<title>Pol\u00edtica de cookies<\/title>\n<meta name=\"description\" content=\"Pol\u00edtica de cookies.\" \/>\n<meta name=\"robots\" content=\"index, follow, max-snippet:-1, max-image-preview:large, max-video-preview:-1\" \/>\n<link rel=\"canonical\" href=\"https:\/\/reciclajesmoa.com\/en\/politica-de-cookies\/\" \/>\n<meta property=\"og:locale\" content=\"en_US\" \/>\n<meta property=\"og:type\" content=\"article\" \/>\n<meta property=\"og:title\" content=\"Pol\u00edtica de cookies\" \/>\n<meta property=\"og:description\" content=\"Pol\u00edtica de cookies.\" \/>\n<meta property=\"og:url\" content=\"https:\/\/reciclajesmoa.com\/en\/politica-de-cookies\/\" \/>\n<meta property=\"og:site_name\" content=\"Reciclajes Moa - Palets Barcelona\" \/>\n<meta property=\"article:modified_time\" content=\"2024-03-21T10:04:50+00:00\" \/>\n<meta property=\"og:image\" content=\"https:\/\/reciclajesmoa.mantenimiento-online.es\/wp-content\/uploads\/2019\/01\/politica-de-cookies-1.jpg\" \/>\n<meta name=\"twitter:card\" content=\"summary_large_image\" \/>\n<meta name=\"twitter:label1\" content=\"Est. reading time\" \/>\n\t<meta name=\"twitter:data1\" content=\"8 minutes\" \/>\n<script type=\"application\/ld+json\" class=\"yoast-schema-graph\">{\"@context\":\"https:\/\/schema.org\",\"@graph\":[{\"@type\":\"WebPage\",\"@id\":\"https:\/\/reciclajesmoa.com\/politica-de-cookies\/\",\"url\":\"https:\/\/reciclajesmoa.com\/politica-de-cookies\/\",\"name\":\"Pol\u00edtica de cookies\",\"isPartOf\":{\"@id\":\"https:\/\/reciclajesmoa.com\/#website\"},\"primaryImageOfPage\":{\"@id\":\"https:\/\/reciclajesmoa.com\/politica-de-cookies\/#primaryimage\"},\"image\":{\"@id\":\"https:\/\/reciclajesmoa.com\/politica-de-cookies\/#primaryimage\"},\"thumbnailUrl\":\"https:\/\/reciclajesmoa.mantenimiento-online.es\/wp-content\/uploads\/2019\/01\/politica-de-cookies-1.jpg\",\"datePublished\":\"2023-02-20T12:02:08+00:00\",\"dateModified\":\"2024-03-21T10:04:50+00:00\",\"description\":\"Pol\u00edtica de cookies.\",\"breadcrumb\":{\"@id\":\"https:\/\/reciclajesmoa.com\/politica-de-cookies\/#breadcrumb\"},\"inLanguage\":\"en-US\",\"potentialAction\":[{\"@type\":\"ReadAction\",\"target\":[\"https:\/\/reciclajesmoa.com\/politica-de-cookies\/\"]}]},{\"@type\":\"ImageObject\",\"inLanguage\":\"en-US\",\"@id\":\"https:\/\/reciclajesmoa.com\/politica-de-cookies\/#primaryimage\",\"url\":\"https:\/\/reciclajesmoa.mantenimiento-online.es\/wp-content\/uploads\/2019\/01\/politica-de-cookies-1.jpg\",\"contentUrl\":\"https:\/\/reciclajesmoa.mantenimiento-online.es\/wp-content\/uploads\/2019\/01\/politica-de-cookies-1.jpg\"},{\"@type\":\"BreadcrumbList\",\"@id\":\"https:\/\/reciclajesmoa.com\/politica-de-cookies\/#breadcrumb\",\"itemListElement\":[{\"@type\":\"ListItem\",\"position\":1,\"name\":\"Portada\",\"item\":\"https:\/\/reciclajesmoa.com\/\"},{\"@type\":\"ListItem\",\"position\":2,\"name\":\"Pol\u00edtica de cookies\"}]},{\"@type\":\"WebSite\",\"@id\":\"https:\/\/reciclajesmoa.com\/#website\",\"url\":\"https:\/\/reciclajesmoa.com\/\",\"name\":\"Reciclajes Moa - Palets Barcelona\",\"description\":\"\",\"potentialAction\":[{\"@type\":\"SearchAction\",\"target\":{\"@type\":\"EntryPoint\",\"urlTemplate\":\"https:\/\/reciclajesmoa.com\/?s={search_term_string}\"},\"query-input\":\"required name=search_term_string\"}],\"inLanguage\":\"en-US\"}]}<\/script>\n<!-- \/ Yoast SEO plugin. -->","yoast_head_json":{"title":"Pol\u00edtica de cookies","description":"Pol\u00edtica de cookies.","robots":{"index":"index","follow":"follow","max-snippet":"max-snippet:-1","max-image-preview":"max-image-preview:large","max-video-preview":"max-video-preview:-1"},"canonical":"https:\/\/reciclajesmoa.com\/en\/politica-de-cookies\/","og_locale":"en_US","og_type":"article","og_title":"Pol\u00edtica de cookies","og_description":"Pol\u00edtica de cookies.","og_url":"https:\/\/reciclajesmoa.com\/en\/politica-de-cookies\/","og_site_name":"Reciclajes Moa - Palets Barcelona","article_modified_time":"2024-03-21T10:04:50+00:00","og_image":[{"url":"https:\/\/reciclajesmoa.mantenimiento-online.es\/wp-content\/uploads\/2019\/01\/politica-de-cookies-1.jpg"}],"twitter_card":"summary_large_image","twitter_misc":{"Est. reading time":"8 minutes"},"schema":{"@context":"https:\/\/schema.org","@graph":[{"@type":"WebPage","@id":"https:\/\/reciclajesmoa.com\/politica-de-cookies\/","url":"https:\/\/reciclajesmoa.com\/politica-de-cookies\/","name":"Pol\u00edtica de cookies","isPartOf":{"@id":"https:\/\/reciclajesmoa.com\/#website"},"primaryImageOfPage":{"@id":"https:\/\/reciclajesmoa.com\/politica-de-cookies\/#primaryimage"},"image":{"@id":"https:\/\/reciclajesmoa.com\/politica-de-cookies\/#primaryimage"},"thumbnailUrl":"https:\/\/reciclajesmoa.mantenimiento-online.es\/wp-content\/uploads\/2019\/01\/politica-de-cookies-1.jpg","datePublished":"2023-02-20T12:02:08+00:00","dateModified":"2024-03-21T10:04:50+00:00","description":"Pol\u00edtica de cookies.","breadcrumb":{"@id":"https:\/\/reciclajesmoa.com\/politica-de-cookies\/#breadcrumb"},"inLanguage":"en-US","potentialAction":[{"@type":"ReadAction","target":["https:\/\/reciclajesmoa.com\/politica-de-cookies\/"]}]},{"@type":"ImageObject","inLanguage":"en-US","@id":"https:\/\/reciclajesmoa.com\/politica-de-cookies\/#primaryimage","url":"https:\/\/reciclajesmoa.mantenimiento-online.es\/wp-content\/uploads\/2019\/01\/politica-de-cookies-1.jpg","contentUrl":"https:\/\/reciclajesmoa.mantenimiento-online.es\/wp-content\/uploads\/2019\/01\/politica-de-cookies-1.jpg"},{"@type":"BreadcrumbList","@id":"https:\/\/reciclajesmoa.com\/politica-de-cookies\/#breadcrumb","itemListElement":[{"@type":"ListItem","position":1,"name":"Portada","item":"https:\/\/reciclajesmoa.com\/"},{"@type":"ListItem","position":2,"name":"Pol\u00edtica de cookies"}]},{"@type":"WebSite","@id":"https:\/\/reciclajesmoa.com\/#website","url":"https:\/\/reciclajesmoa.com\/","name":"Reciclajes Moa - Palets Barcelona","description":"","potentialAction":[{"@type":"SearchAction","target":{"@type":"EntryPoint","urlTemplate":"https:\/\/reciclajesmoa.com\/?s={search_term_string}"},"query-input":"required name=search_term_string"}],"inLanguage":"en-US"}]}},"_links":{"self":[{"href":"https:\/\/reciclajesmoa.com\/en\/wp-json\/wp\/v2\/pages\/1522","targetHints":{"allow":["GET"]}}],"collection":[{"href":"https:\/\/reciclajesmoa.com\/en\/wp-json\/wp\/v2\/pages"}],"about":[{"href":"https:\/\/reciclajesmoa.com\/en\/wp-json\/wp\/v2\/types\/page"}],"author":[{"embeddable":true,"href":"https:\/\/reciclajesmoa.com\/en\/wp-json\/wp\/v2\/users\/1"}],"replies":[{"embeddable":true,"href":"https:\/\/reciclajesmoa.com\/en\/wp-json\/wp\/v2\/comments?post=1522"}],"version-history":[{"count":2,"href":"https:\/\/reciclajesmoa.com\/en\/wp-json\/wp\/v2\/pages\/1522\/revisions"}],"predecessor-version":[{"id":2046,"href":"https:\/\/reciclajesmoa.com\/en\/wp-json\/wp\/v2\/pages\/1522\/revisions\/2046"}],"wp:attachment":[{"href":"https:\/\/reciclajesmoa.com\/en\/wp-json\/wp\/v2\/media?parent=1522"}],"curies":[{"name":"wp","href":"https:\/\/api.w.org\/{rel}","templated":true}]}}