{"id":1594,"date":"2023-02-23T15:26:40","date_gmt":"2023-02-23T15:26:40","guid":{"rendered":"https:\/\/reciclajesmoa.com\/?page_id=1594"},"modified":"2024-03-21T10:04:09","modified_gmt":"2024-03-21T10:04:09","slug":"declaracion-de-accesibilidad","status":"publish","type":"page","link":"https:\/\/reciclajesmoa.com\/en\/declaracion-de-accesibilidad\/","title":{"rendered":"Accessibility statement"},"content":{"rendered":"<div class=\"wpb-content-wrapper\"><div class=\"vc_row wpb_row vc_row-fluid\"><div class=\"wpb_column vc_column_container vc_col-sm-12\"><div class=\"vc_column-inner\"><div class=\"wpb_wrapper\"><div class=\"vc_empty_space\"   style=\"height: 62px\"><span class=\"vc_empty_space_inner\"><\/span><\/div>\n\t<div class=\"wpb_text_column wpb_content_element\" >\n\t\t<div class=\"wpb_wrapper\">\n\t\t\t<div class=\"nv-content-wrap entry-content\">\n<p>RECICLATJES MOA SLU. has committed to making its website accessible, in accordance with Royal Decree 1112\/2018, of September 7, on accessibility of websites and applications for mobile devices in the public sector.<\/p>\n<p>This accessibility statement applies to the website <a href=\"https:\/\/reciclajesmoa.com\/en\/\">https:\/\/www.reciclajesmoa.com\/<\/a><\/p>\n<p><strong>Compliance status<\/strong><\/p>\n<p>This website is developed in accordance with RD 1112\/2018<\/p>\n<p><strong>Preparation for the next accessibility statement<\/strong><\/p>\n<p>This statement was prepared on January 2, 2023.<\/p>\n<p>The method used to prepare the declaration has been a self-assessment.<\/p>\n<p><strong>Observations and contact information<\/strong><\/p>\n<p>You can make communications about accessibility requirements (article 10.2.a of RD 1112\/2018) such as, for example:<\/p>\n<ul>\n<li>Report any possible breach by this website<\/li>\n<li>Transmit other content access difficulties<\/li>\n<li>Ask any other questions or suggestions for improvement regarding the accessibility of the website<\/li>\n<\/ul>\n<p>through the\u00a0<a href=\"https:\/\/reciclajesmoa.com\/en\/contacto\/\">Contact Form<\/a> from this website or through the telephone number (+34) <a href=\"tel: 34937197971\">+34 937 19 79 71<\/a>.<\/p>\n<p>You can present:<\/p>\n<ul>\n<li>Complaint regarding compliance with the requirements of RD 1112\/2018 or<\/li>\n<li>Request for accessible information related to:\n<ul>\n<li>Contents that are excluded from the scope of application of RD 1112\/2018 as established by article 3, section 4<\/li>\n<li>Content that is exempt from compliance with accessibility requirements because it imposes a disproportionate burden<\/li>\n<\/ul>\n<\/li>\n<\/ul>\n<p>In the Request for accessible information, the facts, reasons and request must be clearly specified that allow us to verify that it is a reasonable and legitimate request.<\/p>\n<p>Complaints and claims about accessible information will be made through the electronic headquarters (<a href=\"https:\/\/sede.red.gob.es\/procedimientos\/quejas-y-sugerencias\">https:\/\/sede.red.gob.es\/procedimientos\/quejas-y-sugerencias)<\/a>, and will be received and processed by the Information Systems area of Red.es.<\/p>\n<p><strong>Optional content<\/strong><\/p>\n<p>If you want to change the font size of the text in the main graphical browsers, use the following menus:<\/p>\n<ul>\n<li>Internet Explorer, Mozilla and Firefox: View &gt; Text Size<\/li>\n<li>Opera: View &gt; Zoom<\/li>\n<li>Safari: View &gt; Make text larger<\/li>\n<li>Chrome: Control current page &gt; Text size<\/li>\n<li>To resize everything on the page:\n<ul>\n<li>Ctrl + + to increase it<\/li>\n<li>Ctrl + \u2013 to decrease it<\/li>\n<li>Ctrl + 0 restores the original text size<\/li>\n<li>If what you want is to override the style sheet or modify the text color, you can consult the WAI&#039;s How to Change Text Size or Colors page, which can be read translated into Spanish in How to change the text size or colors?<\/li>\n<\/ul>\n<\/li>\n<\/ul>\n<\/div>\n\n\t\t<\/div>\n\t<\/div>\n<\/div><\/div><\/div><\/div>\n<\/div>","protected":false},"excerpt":{"rendered":"RECICLATJES MOA SLU. se ha comprometido a hacer accesible su sitio web, de conformidad con el Real Decreto 1112\/2018, de 7 de septiembre, sobre accesibilidad de los sitios web y aplicaciones para dispositivos m\u00f3viles del sector p\u00fablico. La presente declaraci\u00f3n de accesibilidad se aplica al sitio web https:\/\/www.reciclajesmoa.com\/ Situaci\u00f3n de cumplimiento Este sitio web se<a href=\"https:\/\/reciclajesmoa.com\/en\/declaracion-de-accesibilidad\/\" class=\"\" rel=\"bookmark\">Read More \u00bb<span class=\"screen-reader-text\">Accessibility statement<\/span><\/a>","protected":false},"author":1,"featured_media":0,"parent":0,"menu_order":0,"comment_status":"closed","ping_status":"closed","template":"","meta":{"neve_meta_sidebar":"","neve_meta_container":"","neve_meta_enable_content_width":"off","neve_meta_content_width":100,"neve_meta_title_alignment":"","neve_meta_author_avatar":"","neve_post_elements_order":"","neve_meta_disable_header":"","neve_meta_disable_footer":"","neve_meta_disable_title":"","neve_meta_reading_time":"","footnotes":""},"class_list":["post-1594","page","type-page","status-publish","hentry"],"yoast_head":"<!-- This site is optimized with the Yoast SEO plugin v22.2 - https:\/\/yoast.com\/wordpress\/plugins\/seo\/ -->\n<title>Declaraci\u00f3n de accesibilidad<\/title>\n<meta name=\"description\" content=\"RECICLATJES MOA SLU. se ha comprometido a hacer accesible su sitio web.\" \/>\n<meta name=\"robots\" content=\"index, follow, max-snippet:-1, max-image-preview:large, max-video-preview:-1\" \/>\n<link rel=\"canonical\" href=\"https:\/\/reciclajesmoa.com\/en\/declaracion-de-accesibilidad\/\" \/>\n<meta property=\"og:locale\" content=\"en_US\" \/>\n<meta property=\"og:type\" content=\"article\" \/>\n<meta property=\"og:title\" content=\"Declaraci\u00f3n de accesibilidad\" \/>\n<meta property=\"og:description\" content=\"RECICLATJES MOA SLU. se ha comprometido a hacer accesible su sitio web.\" \/>\n<meta property=\"og:url\" content=\"https:\/\/reciclajesmoa.com\/en\/declaracion-de-accesibilidad\/\" \/>\n<meta property=\"og:site_name\" content=\"Reciclajes Moa - Palets Barcelona\" \/>\n<meta property=\"article:modified_time\" content=\"2024-03-21T10:04:09+00:00\" \/>\n<meta name=\"twitter:card\" content=\"summary_large_image\" \/>\n<meta name=\"twitter:label1\" content=\"Est. reading time\" \/>\n\t<meta name=\"twitter:data1\" content=\"2 minutes\" \/>\n<script type=\"application\/ld+json\" class=\"yoast-schema-graph\">{\"@context\":\"https:\/\/schema.org\",\"@graph\":[{\"@type\":\"WebPage\",\"@id\":\"https:\/\/reciclajesmoa.com\/declaracion-de-accesibilidad\/\",\"url\":\"https:\/\/reciclajesmoa.com\/declaracion-de-accesibilidad\/\",\"name\":\"Declaraci\u00f3n de accesibilidad\",\"isPartOf\":{\"@id\":\"https:\/\/reciclajesmoa.com\/#website\"},\"datePublished\":\"2023-02-23T15:26:40+00:00\",\"dateModified\":\"2024-03-21T10:04:09+00:00\",\"description\":\"RECICLATJES MOA SLU. se ha comprometido a hacer accesible su sitio web.\",\"breadcrumb\":{\"@id\":\"https:\/\/reciclajesmoa.com\/declaracion-de-accesibilidad\/#breadcrumb\"},\"inLanguage\":\"en-US\",\"potentialAction\":[{\"@type\":\"ReadAction\",\"target\":[\"https:\/\/reciclajesmoa.com\/declaracion-de-accesibilidad\/\"]}]},{\"@type\":\"BreadcrumbList\",\"@id\":\"https:\/\/reciclajesmoa.com\/declaracion-de-accesibilidad\/#breadcrumb\",\"itemListElement\":[{\"@type\":\"ListItem\",\"position\":1,\"name\":\"Portada\",\"item\":\"https:\/\/reciclajesmoa.com\/\"},{\"@type\":\"ListItem\",\"position\":2,\"name\":\"Declaraci\u00f3n de accesibilidad\"}]},{\"@type\":\"WebSite\",\"@id\":\"https:\/\/reciclajesmoa.com\/#website\",\"url\":\"https:\/\/reciclajesmoa.com\/\",\"name\":\"Reciclajes Moa - Palets Barcelona\",\"description\":\"\",\"potentialAction\":[{\"@type\":\"SearchAction\",\"target\":{\"@type\":\"EntryPoint\",\"urlTemplate\":\"https:\/\/reciclajesmoa.com\/?s={search_term_string}\"},\"query-input\":\"required name=search_term_string\"}],\"inLanguage\":\"en-US\"}]}<\/script>\n<!-- \/ Yoast SEO plugin. -->","yoast_head_json":{"title":"Declaraci\u00f3n de accesibilidad","description":"RECICLATJES MOA SLU. se ha comprometido a hacer accesible su sitio web.","robots":{"index":"index","follow":"follow","max-snippet":"max-snippet:-1","max-image-preview":"max-image-preview:large","max-video-preview":"max-video-preview:-1"},"canonical":"https:\/\/reciclajesmoa.com\/en\/declaracion-de-accesibilidad\/","og_locale":"en_US","og_type":"article","og_title":"Declaraci\u00f3n de accesibilidad","og_description":"RECICLATJES MOA SLU. se ha comprometido a hacer accesible su sitio web.","og_url":"https:\/\/reciclajesmoa.com\/en\/declaracion-de-accesibilidad\/","og_site_name":"Reciclajes Moa - Palets Barcelona","article_modified_time":"2024-03-21T10:04:09+00:00","twitter_card":"summary_large_image","twitter_misc":{"Est. reading time":"2 minutes"},"schema":{"@context":"https:\/\/schema.org","@graph":[{"@type":"WebPage","@id":"https:\/\/reciclajesmoa.com\/declaracion-de-accesibilidad\/","url":"https:\/\/reciclajesmoa.com\/declaracion-de-accesibilidad\/","name":"Declaraci\u00f3n de accesibilidad","isPartOf":{"@id":"https:\/\/reciclajesmoa.com\/#website"},"datePublished":"2023-02-23T15:26:40+00:00","dateModified":"2024-03-21T10:04:09+00:00","description":"RECICLATJES MOA SLU. se ha comprometido a hacer accesible su sitio web.","breadcrumb":{"@id":"https:\/\/reciclajesmoa.com\/declaracion-de-accesibilidad\/#breadcrumb"},"inLanguage":"en-US","potentialAction":[{"@type":"ReadAction","target":["https:\/\/reciclajesmoa.com\/declaracion-de-accesibilidad\/"]}]},{"@type":"BreadcrumbList","@id":"https:\/\/reciclajesmoa.com\/declaracion-de-accesibilidad\/#breadcrumb","itemListElement":[{"@type":"ListItem","position":1,"name":"Portada","item":"https:\/\/reciclajesmoa.com\/"},{"@type":"ListItem","position":2,"name":"Declaraci\u00f3n de accesibilidad"}]},{"@type":"WebSite","@id":"https:\/\/reciclajesmoa.com\/#website","url":"https:\/\/reciclajesmoa.com\/","name":"Reciclajes Moa - Palets Barcelona","description":"","potentialAction":[{"@type":"SearchAction","target":{"@type":"EntryPoint","urlTemplate":"https:\/\/reciclajesmoa.com\/?s={search_term_string}"},"query-input":"required name=search_term_string"}],"inLanguage":"en-US"}]}},"_links":{"self":[{"href":"https:\/\/reciclajesmoa.com\/en\/wp-json\/wp\/v2\/pages\/1594","targetHints":{"allow":["GET"]}}],"collection":[{"href":"https:\/\/reciclajesmoa.com\/en\/wp-json\/wp\/v2\/pages"}],"about":[{"href":"https:\/\/reciclajesmoa.com\/en\/wp-json\/wp\/v2\/types\/page"}],"author":[{"embeddable":true,"href":"https:\/\/reciclajesmoa.com\/en\/wp-json\/wp\/v2\/users\/1"}],"replies":[{"embeddable":true,"href":"https:\/\/reciclajesmoa.com\/en\/wp-json\/wp\/v2\/comments?post=1594"}],"version-history":[{"count":1,"href":"https:\/\/reciclajesmoa.com\/en\/wp-json\/wp\/v2\/pages\/1594\/revisions"}],"predecessor-version":[{"id":2042,"href":"https:\/\/reciclajesmoa.com\/en\/wp-json\/wp\/v2\/pages\/1594\/revisions\/2042"}],"wp:attachment":[{"href":"https:\/\/reciclajesmoa.com\/en\/wp-json\/wp\/v2\/media?parent=1594"}],"curies":[{"name":"wp","href":"https:\/\/api.w.org\/{rel}","templated":true}]}}