{"id":2180,"date":"2024-05-30T13:15:32","date_gmt":"2024-05-30T13:15:32","guid":{"rendered":"https:\/\/reciclajesmoa.com\/?page_id=2180"},"modified":"2024-06-03T10:58:52","modified_gmt":"2024-06-03T10:58:52","slug":"venta-palets-caldes-de-montbui","status":"publish","type":"page","link":"https:\/\/reciclajesmoa.com\/en\/palets\/venta-palets-caldes-de-montbui\/","title":{"rendered":"Venta Palets Caldes de Montbui"},"content":{"rendered":"<div class=\"wpb-content-wrapper\"><div data-vc-full-width=\"true\" data-vc-full-width-init=\"false\" data-vc-stretch-content=\"true\" data-vc-parallax=\"1.5\" data-vc-parallax-image=\"https:\/\/reciclajesmoa.com\/wp-content\/uploads\/2023\/02\/cabecera-reciclajes-moa.jpg\" class=\"vc_row wpb_row vc_row-fluid vc_row-has-fill vc_general vc_parallax vc_parallax-content-moving\"><div class=\"wpb_column vc_column_container vc_col-sm-12 vc_hidden-sm vc_hidden-xs vc_col-has-fill\"><div class=\"vc_column-inner vc_custom_1676279128938\"><div class=\"wpb_wrapper\"><div class=\"vc_empty_space\"   style=\"height: 150px\"><span class=\"vc_empty_space_inner\"><\/span><\/div>\n\t<div class=\"wpb_text_column wpb_content_element  vc_custom_1716899272537\" >\n\t\t<div class=\"wpb_wrapper\">\n\t\t\t<h1><span style=\"color: #ffffff;\">Venta Palets Caldes de Montbui<\/span><\/h1>\n\n\t\t<\/div>\n\t<\/div>\n<\/div><\/div><\/div><\/div><div class=\"vc_row-full-width vc_clearfix\"><\/div><div data-vc-full-width=\"true\" data-vc-full-width-init=\"false\" data-vc-stretch-content=\"true\" data-vc-parallax=\"1.5\" data-vc-parallax-image=\"https:\/\/reciclajesmoa.com\/wp-content\/uploads\/2023\/02\/cabecera-reciclajes-moa.jpg\" class=\"vc_row wpb_row vc_row-fluid vc_row-has-fill vc_general vc_parallax vc_parallax-content-moving\"><div class=\"wpb_column vc_column_container vc_col-sm-12 vc_hidden-lg vc_hidden-md vc_col-has-fill\"><div class=\"vc_column-inner vc_custom_1676279137834\"><div class=\"wpb_wrapper\"><div class=\"vc_empty_space\"   style=\"height: 120px\"><span class=\"vc_empty_space_inner\"><\/span><\/div>\n\t<div class=\"wpb_text_column wpb_content_element  vc_custom_1716899279896\" >\n\t\t<div class=\"wpb_wrapper\">\n\t\t\t<h1><span style=\"color: #ffffff;\">Venta Palets Caldes de Montbui<\/span><\/h1>\n\n\t\t<\/div>\n\t<\/div>\n<\/div><\/div><\/div><\/div><div class=\"vc_row-full-width vc_clearfix\"><\/div><div class=\"vc_row wpb_row vc_row-fluid\"><div class=\"wpb_column vc_column_container vc_col-sm-12\"><div class=\"vc_column-inner\"><div class=\"wpb_wrapper\"><div class=\"vc_empty_space\"   style=\"height: 32px\"><span class=\"vc_empty_space_inner\"><\/span><\/div><\/div><\/div><\/div><\/div><div class=\"vc_row wpb_row vc_row-fluid vc_column-gap-35\"><div class=\"wpb_column vc_column_container vc_col-sm-6\"><div class=\"vc_column-inner\"><div class=\"wpb_wrapper\">\n\t<div class=\"wpb_text_column wpb_content_element\" >\n\t\t<div class=\"wpb_wrapper\">\n\t\t\t<div class=\"wpb_text_column wpb_content_element texto\">\n<div class=\"wpb_wrapper\">\n<h2>Soluciones de almacenamiento y transporte con venta palets en Caldes de Montbui<\/h2>\n<p>Nuestra empresa se especializa en la <strong>venta palets Caldes de Montbui<\/strong>, ofreciendo una amplia variedad de opciones para satisfacer las necesidades log\u00edsticas de empresas y particulares en la regi\u00f3n. Nos comprometemos a proporcionar palets de alta calidad que sean duraderos, vers\u00e1tiles y adaptados a diversos sectores industriales y comerciales.<\/p>\n<\/div>\n<div class=\"wpb_wrapper\">\n<h2><img loading=\"lazy\" decoding=\"async\" class=\"alignnone size-full wp-image-2204\" src=\"https:\/\/reciclajesmoa.com\/wp-content\/uploads\/2024\/06\/venta-de-palets-4.png\" alt=\"palets de madera apilados\" width=\"2000\" height=\"1414\" srcset=\"https:\/\/reciclajesmoa.com\/wp-content\/uploads\/2024\/06\/venta-de-palets-4.png 2000w, https:\/\/reciclajesmoa.com\/wp-content\/uploads\/2024\/06\/venta-de-palets-4-300x212.png 300w, https:\/\/reciclajesmoa.com\/wp-content\/uploads\/2024\/06\/venta-de-palets-4-1024x724.png 1024w, https:\/\/reciclajesmoa.com\/wp-content\/uploads\/2024\/06\/venta-de-palets-4-768x543.png 768w, https:\/\/reciclajesmoa.com\/wp-content\/uploads\/2024\/06\/venta-de-palets-4-1536x1086.png 1536w, https:\/\/reciclajesmoa.com\/wp-content\/uploads\/2024\/06\/venta-de-palets-4-18x12.png 18w, https:\/\/reciclajesmoa.com\/wp-content\/uploads\/2024\/06\/venta-de-palets-4-500x354.png 500w, https:\/\/reciclajesmoa.com\/wp-content\/uploads\/2024\/06\/venta-de-palets-4-800x566.png 800w, https:\/\/reciclajesmoa.com\/wp-content\/uploads\/2024\/06\/venta-de-palets-4-1280x905.png 1280w, https:\/\/reciclajesmoa.com\/wp-content\/uploads\/2024\/06\/venta-de-palets-4-1920x1357.png 1920w\" sizes=\"auto, (max-width: 2000px) 100vw, 2000px\" \/><\/h2>\n<h2>Variedad de palets disponibles<\/h2>\n<p>At our <strong>venta palets Caldes de Montbui<\/strong>, ofrecemos una diversidad de opciones para cubrir todas las necesidades:<\/p>\n<ul>\n<li><strong>wooden pallets<\/strong>: Conocidos por su resistencia y versatilidad, son ideales para el transporte y almacenamiento de una amplia variedad de productos.<\/li>\n<li><strong>Palets de pl\u00e1stico<\/strong>: Ligeros y resistentes, son perfectos para sectores que requieren condiciones higi\u00e9nicas y una mayor resistencia a la humedad.<\/li>\n<li><strong>Palets reciclados<\/strong>: Una opci\u00f3n sostenible que permite reutilizar materiales y reducir el impacto ambiental.<\/li>\n<\/ul>\n<h2><img loading=\"lazy\" decoding=\"async\" class=\"alignnone size-full wp-image-2201\" src=\"https:\/\/reciclajesmoa.com\/wp-content\/uploads\/2024\/06\/venta-de-palets-1.png\" alt=\"palets de madera apilados en nave industrial\" width=\"2000\" height=\"1414\" srcset=\"https:\/\/reciclajesmoa.com\/wp-content\/uploads\/2024\/06\/venta-de-palets-1.png 2000w, https:\/\/reciclajesmoa.com\/wp-content\/uploads\/2024\/06\/venta-de-palets-1-300x212.png 300w, https:\/\/reciclajesmoa.com\/wp-content\/uploads\/2024\/06\/venta-de-palets-1-1024x724.png 1024w, https:\/\/reciclajesmoa.com\/wp-content\/uploads\/2024\/06\/venta-de-palets-1-768x543.png 768w, https:\/\/reciclajesmoa.com\/wp-content\/uploads\/2024\/06\/venta-de-palets-1-1536x1086.png 1536w, https:\/\/reciclajesmoa.com\/wp-content\/uploads\/2024\/06\/venta-de-palets-1-18x12.png 18w, https:\/\/reciclajesmoa.com\/wp-content\/uploads\/2024\/06\/venta-de-palets-1-500x354.png 500w, https:\/\/reciclajesmoa.com\/wp-content\/uploads\/2024\/06\/venta-de-palets-1-800x566.png 800w, https:\/\/reciclajesmoa.com\/wp-content\/uploads\/2024\/06\/venta-de-palets-1-1280x905.png 1280w, https:\/\/reciclajesmoa.com\/wp-content\/uploads\/2024\/06\/venta-de-palets-1-1920x1357.png 1920w\" sizes=\"auto, (max-width: 2000px) 100vw, 2000px\" \/><\/h2>\n<h2>Ventajas de elegir nuestros palets<\/h2>\n<p>Optar por la <strong>venta palets Caldes de Montbui<\/strong> en nuestra empresa te garantiza una serie de ventajas significativas. Nuestros palets est\u00e1n fabricados con materiales de alta calidad y pasan por rigurosos controles de calidad para garantizar su durabilidad y resistencia. Adem\u00e1s, ofrecemos precios competitivos y un servicio al cliente excepcional, adapt\u00e1ndonos a las necesidades espec\u00edficas de cada cliente para proporcionar soluciones personalizadas.<\/p>\n<h2><img loading=\"lazy\" decoding=\"async\" class=\"alignnone size-full wp-image-2206\" src=\"https:\/\/reciclajesmoa.com\/wp-content\/uploads\/2024\/06\/venta-de-palets-6.png\" alt=\"palets de madera apilados\" width=\"2000\" height=\"1414\" srcset=\"https:\/\/reciclajesmoa.com\/wp-content\/uploads\/2024\/06\/venta-de-palets-6.png 2000w, https:\/\/reciclajesmoa.com\/wp-content\/uploads\/2024\/06\/venta-de-palets-6-300x212.png 300w, https:\/\/reciclajesmoa.com\/wp-content\/uploads\/2024\/06\/venta-de-palets-6-1024x724.png 1024w, https:\/\/reciclajesmoa.com\/wp-content\/uploads\/2024\/06\/venta-de-palets-6-768x543.png 768w, https:\/\/reciclajesmoa.com\/wp-content\/uploads\/2024\/06\/venta-de-palets-6-1536x1086.png 1536w, https:\/\/reciclajesmoa.com\/wp-content\/uploads\/2024\/06\/venta-de-palets-6-18x12.png 18w, https:\/\/reciclajesmoa.com\/wp-content\/uploads\/2024\/06\/venta-de-palets-6-500x354.png 500w, https:\/\/reciclajesmoa.com\/wp-content\/uploads\/2024\/06\/venta-de-palets-6-800x566.png 800w, https:\/\/reciclajesmoa.com\/wp-content\/uploads\/2024\/06\/venta-de-palets-6-1280x905.png 1280w, https:\/\/reciclajesmoa.com\/wp-content\/uploads\/2024\/06\/venta-de-palets-6-1920x1357.png 1920w\" sizes=\"auto, (max-width: 2000px) 100vw, 2000px\" \/><\/h2>\n<h2>Servicios adicionales que ofrecemos<\/h2>\n<p>Besides the <strong>venta palets Caldes de Montbui<\/strong>, proporcionamos una serie de servicios adicionales para satisfacer todas tus necesidades log\u00edsticas:<\/p>\n<ul>\n<li><strong>Reparaci\u00f3n de palets<\/strong>: Prolongamos la vida \u00fatil de tus palets mediante servicios de reparaci\u00f3n que mantienen su funcionalidad y rendimiento \u00f3ptimo.<\/li>\n<li><strong>Pallet recycling<\/strong>: Nos encargamos de recoger y reciclar tus palets usados, contribuyendo as\u00ed a la protecci\u00f3n del medio ambiente.<\/li>\n<li><strong>Entrega r\u00e1pida y eficiente<\/strong>: Garantizamos que tus palets lleguen a tu ubicaci\u00f3n de manera r\u00e1pida y segura, facilitando tus operaciones log\u00edsticas.<\/li>\n<\/ul>\n<h2><img loading=\"lazy\" decoding=\"async\" class=\"alignnone size-full wp-image-2203\" src=\"https:\/\/reciclajesmoa.com\/wp-content\/uploads\/2024\/06\/venta-de-palets-3.png\" alt=\"palets de madera\" width=\"2000\" height=\"1414\" srcset=\"https:\/\/reciclajesmoa.com\/wp-content\/uploads\/2024\/06\/venta-de-palets-3.png 2000w, https:\/\/reciclajesmoa.com\/wp-content\/uploads\/2024\/06\/venta-de-palets-3-300x212.png 300w, https:\/\/reciclajesmoa.com\/wp-content\/uploads\/2024\/06\/venta-de-palets-3-1024x724.png 1024w, https:\/\/reciclajesmoa.com\/wp-content\/uploads\/2024\/06\/venta-de-palets-3-768x543.png 768w, https:\/\/reciclajesmoa.com\/wp-content\/uploads\/2024\/06\/venta-de-palets-3-1536x1086.png 1536w, https:\/\/reciclajesmoa.com\/wp-content\/uploads\/2024\/06\/venta-de-palets-3-18x12.png 18w, https:\/\/reciclajesmoa.com\/wp-content\/uploads\/2024\/06\/venta-de-palets-3-500x354.png 500w, https:\/\/reciclajesmoa.com\/wp-content\/uploads\/2024\/06\/venta-de-palets-3-800x566.png 800w, https:\/\/reciclajesmoa.com\/wp-content\/uploads\/2024\/06\/venta-de-palets-3-1280x905.png 1280w, https:\/\/reciclajesmoa.com\/wp-content\/uploads\/2024\/06\/venta-de-palets-3-1920x1357.png 1920w\" sizes=\"auto, (max-width: 2000px) 100vw, 2000px\" \/><\/h2>\n<h2>Cont\u00e1ctanos para tu venta de palets en Caldes de Montbui<\/h2>\n<p>Si est\u00e1s interesado en nuestra <strong>venta palets Caldes de Montbui<\/strong>, no dudes en ponerte en contacto con nosotros. Nuestro equipo de profesionales est\u00e1 listo para asesorarte y ayudarte a encontrar la soluci\u00f3n perfecta para tus necesidades log\u00edsticas. Conf\u00eda en nosotros para obtener palets de alta calidad y un servicio excepcional que superar\u00e1 tus expectativas.<\/p>\n<p>En resumen, nuestra <strong>venta palets Caldes de Montbui<\/strong> es la mejor opci\u00f3n para quienes buscan palets de alta calidad a precios competitivos en la regi\u00f3n. Nos comprometemos a proporcionar productos duraderos y vers\u00e1tiles que se adapten a tus necesidades espec\u00edficas. No esperes m\u00e1s y cont\u00e1ctanos hoy mismo para descubrir c\u00f3mo podemos ayudarte a optimizar tus operaciones log\u00edsticas con nuestros palets de primera calidad.<\/p>\n<p><img loading=\"lazy\" decoding=\"async\" class=\"alignnone size-full wp-image-2202\" src=\"https:\/\/reciclajesmoa.com\/wp-content\/uploads\/2024\/06\/venta-de-palets-2.png\" alt=\"palets de madera apilados\" width=\"2000\" height=\"1414\" srcset=\"https:\/\/reciclajesmoa.com\/wp-content\/uploads\/2024\/06\/venta-de-palets-2.png 2000w, https:\/\/reciclajesmoa.com\/wp-content\/uploads\/2024\/06\/venta-de-palets-2-300x212.png 300w, https:\/\/reciclajesmoa.com\/wp-content\/uploads\/2024\/06\/venta-de-palets-2-1024x724.png 1024w, https:\/\/reciclajesmoa.com\/wp-content\/uploads\/2024\/06\/venta-de-palets-2-768x543.png 768w, https:\/\/reciclajesmoa.com\/wp-content\/uploads\/2024\/06\/venta-de-palets-2-1536x1086.png 1536w, https:\/\/reciclajesmoa.com\/wp-content\/uploads\/2024\/06\/venta-de-palets-2-18x12.png 18w, https:\/\/reciclajesmoa.com\/wp-content\/uploads\/2024\/06\/venta-de-palets-2-500x354.png 500w, https:\/\/reciclajesmoa.com\/wp-content\/uploads\/2024\/06\/venta-de-palets-2-800x566.png 800w, https:\/\/reciclajesmoa.com\/wp-content\/uploads\/2024\/06\/venta-de-palets-2-1280x905.png 1280w, https:\/\/reciclajesmoa.com\/wp-content\/uploads\/2024\/06\/venta-de-palets-2-1920x1357.png 1920w\" sizes=\"auto, (max-width: 2000px) 100vw, 2000px\" \/><\/p>\n<\/div>\n<\/div>\n\n\t\t<\/div>\n\t<\/div>\n<div class=\"vc_btn3-container vc_btn3-center\" ><a class=\"vc_general vc_btn3 vc_btn3-size-md vc_btn3-shape-rounded vc_btn3-style-modern vc_btn3-color-warning\" href=\"https:\/\/reciclajesmoa.com\/en\/contacto\/\" title=\"\">CONTACT US<\/a><\/div><\/div><\/div><\/div><div class=\"wpb_column vc_column_container vc_col-sm-6\"><div class=\"vc_column-inner\"><div class=\"wpb_wrapper\">\n\t<div class=\"wpb_text_column wpb_content_element\" >\n\t\t<div class=\"wpb_wrapper\">\n\t\t\t<h2>Contact us<\/h2>\n\n\t\t<\/div>\n\t<\/div>\n\n\t<div class=\"wpb_text_column wpb_content_element\" >\n\t\t<div class=\"wpb_wrapper\">\n\t\t\t<blockquote>\n<h4><strong>Avenida Torre d&#039;en Mateu, 86 <\/strong><br \/>\n<strong>08210 Barber\u00e0 del Vall\u00e8s<\/strong><\/h4>\n<h4><strong>937197971 <\/strong><br \/>\n<strong>info@reciclajesmoa.com<\/strong><\/h4>\n<\/blockquote>\n\n\t\t<\/div>\n\t<\/div>\n\n<div class=\"wpcf7 no-js\" id=\"wpcf7-f151-o1\" lang=\"es-ES\" dir=\"ltr\">\n<div class=\"screen-reader-response\"><p role=\"status\" aria-live=\"polite\" aria-atomic=\"true\"><\/p> <ul><\/ul><\/div>\n<form action=\"\/en\/wp-json\/wp\/v2\/pages\/2180#wpcf7-f151-o1\" method=\"post\" class=\"wpcf7-form init\" aria-label=\"Formulario de contacto\" novalidate=\"novalidate\" data-status=\"init\" data-trp-original-action=\"\/en\/wp-json\/wp\/v2\/pages\/2180#wpcf7-f151-o1\">\n<div style=\"display: none;\">\n<input type=\"hidden\" name=\"_wpcf7\" value=\"151\" \/>\n<input type=\"hidden\" name=\"_wpcf7_version\" value=\"5.9.2\" \/>\n<input type=\"hidden\" name=\"_wpcf7_locale\" value=\"es_ES\" \/>\n<input type=\"hidden\" name=\"_wpcf7_unit_tag\" value=\"wpcf7-f151-o1\" \/>\n<input type=\"hidden\" name=\"_wpcf7_container_post\" value=\"0\" \/>\n<input type=\"hidden\" name=\"_wpcf7_posted_data_hash\" value=\"\" \/>\n<input type=\"hidden\" name=\"_wpcf7_recaptcha_response\" value=\"\" \/>\n<\/div>\n<p><label><span class=\"wpcf7-form-control-wrap\" data-name=\"your-name\"><input size=\"40\" class=\"wpcf7-form-control wpcf7-text wpcf7-validates-as-required\" autocomplete=\"name\" aria-required=\"true\" aria-invalid=\"false\" placeholder=\"Name*\" value=\"\" type=\"text\" name=\"your-name\" \/><\/span><\/label>\n<\/p>\n<p><label><span class=\"wpcf7-form-control-wrap\" data-name=\"your-email\"><input size=\"40\" class=\"wpcf7-form-control wpcf7-email wpcf7-validates-as-required wpcf7-text wpcf7-validates-as-email\" autocomplete=\"email\" aria-required=\"true\" aria-invalid=\"false\" placeholder=\"E-mail*\" value=\"\" type=\"email\" name=\"your-email\" \/><\/span><\/label>\n<\/p>\n<p><label><span class=\"wpcf7-form-control-wrap\" data-name=\"your-subject\"><input size=\"40\" class=\"wpcf7-form-control wpcf7-tel wpcf7-validates-as-required wpcf7-text wpcf7-validates-as-tel\" aria-required=\"true\" aria-invalid=\"false\" placeholder=\"Phone*\" value=\"\" type=\"tel\" name=\"your-subject\" \/><\/span><\/label>\n<\/p>\n<p><label><span class=\"wpcf7-form-control-wrap\" data-name=\"your-message\"><textarea cols=\"40\" rows=\"2\" class=\"wpcf7-form-control wpcf7-textarea\" aria-invalid=\"false\" placeholder=\"Message (optional)\" name=\"your-message\"><\/textarea><\/span><\/label>\n<\/p>\n<p><span class=\"wpcf7-form-control-wrap\" data-name=\"checkbox-816\"><span class=\"wpcf7-form-control wpcf7-checkbox wpcf7-validates-as-required\"><span class=\"wpcf7-list-item first last\"><input type=\"checkbox\" name=\"checkbox-816[]\" value=\"He aceptado y he le\u00eddo la\" \/><span class=\"wpcf7-list-item-label\">I have accepted and read the<\/span><\/span><\/span><\/span><a href=\"https:\/\/reciclajesmoa.com\/en\/aviso-legal-politica-de-privacidad\/\"> Privacy Policy<\/a>.\n<\/p>\n<p><span class=\"wpcf7-form-control-wrap\" data-name=\"checkbox-817\"><span class=\"wpcf7-form-control wpcf7-checkbox wpcf7-validates-as-required\"><span class=\"wpcf7-list-item first last\"><input type=\"checkbox\" name=\"checkbox-817[]\" value=\"Acepto el env\u00edo de informaci\u00f3n.\" \/><span class=\"wpcf7-list-item-label\">I accept the sending of information.<\/span><\/span><\/span><\/span>\n<\/p>\n<p><input class=\"wpcf7-form-control wpcf7-submit has-spinner\" type=\"submit\" value=\"Send\" \/>\n<\/p><div class=\"wpcf7-response-output\" aria-hidden=\"true\"><\/div>\n<input type=\"hidden\" name=\"trp-form-language\" value=\"en\"\/><\/form>\n<\/div>\n<\/div><\/div><\/div><\/div><div class=\"vc_row wpb_row vc_row-fluid\"><div class=\"wpb_column vc_column_container vc_col-sm-12\"><div class=\"vc_column-inner\"><div class=\"wpb_wrapper\">\n\t<div class=\"wpb_raw_code wpb_content_element wpb_raw_html\" >\n\t\t<div class=\"wpb_wrapper\">\n\t\t\t<iframe loading=\"lazy\" width=\"100%\" height=\"620\" src=\"https:\/\/www.youtube.com\/embed\/5flGvRNiq44?si=pAADwdMr3avjEwv8\" title=\"YouTube video player\" frameborder=\"0\" allow=\"accelerometer; autoplay; clipboard-write; encrypted-media; gyroscope; picture-in-picture; web-share\" referrerpolicy=\"strict-origin-when-cross-origin\" allowfullscreen><\/iframe>\n\t\t<\/div>\n\t<\/div>\n<\/div><\/div><\/div><\/div><div class=\"vc_row wpb_row vc_row-fluid\"><div class=\"wpb_column vc_column_container vc_col-sm-12\"><div class=\"vc_column-inner\"><div class=\"wpb_wrapper\"><div class=\"vc_empty_space\"   style=\"height: 32px\"><span class=\"vc_empty_space_inner\"><\/span><\/div><\/div><\/div><\/div><\/div>\n<\/div>","protected":false},"excerpt":{"rendered":"Venta Palets Caldes de Montbui Venta Palets Caldes de Montbui Soluciones de almacenamiento y transporte con venta palets en Caldes de Montbui Nuestra empresa se especializa en la venta palets Caldes de Montbui, ofreciendo una amplia variedad de opciones para satisfacer las necesidades log\u00edsticas de empresas y particulares en la regi\u00f3n. Nos comprometemos a proporcionar<a href=\"https:\/\/reciclajesmoa.com\/en\/palets\/venta-palets-caldes-de-montbui\/\" class=\"\" rel=\"bookmark\">Read More \u00bb<span class=\"screen-reader-text\">Venta Palets Caldes de Montbui<\/span><\/a>","protected":false},"author":1,"featured_media":0,"parent":2097,"menu_order":0,"comment_status":"closed","ping_status":"closed","template":"","meta":{"neve_meta_sidebar":"","neve_meta_container":"","neve_meta_enable_content_width":"off","neve_meta_content_width":100,"neve_meta_title_alignment":"","neve_meta_author_avatar":"","neve_post_elements_order":"","neve_meta_disable_header":"","neve_meta_disable_footer":"","neve_meta_disable_title":"on","neve_meta_reading_time":"","footnotes":""},"class_list":["post-2180","page","type-page","status-publish","hentry"],"yoast_head":"<!-- This site is optimized with the Yoast SEO plugin v22.2 - https:\/\/yoast.com\/wordpress\/plugins\/seo\/ -->\n<title>Venta Palets Caldes de Montbui - Reciclajes Moa - Palets Barcelona<\/title>\n<meta name=\"robots\" content=\"index, follow, max-snippet:-1, max-image-preview:large, max-video-preview:-1\" \/>\n<link rel=\"canonical\" href=\"https:\/\/reciclajesmoa.com\/en\/palets\/venta-palets-caldes-de-montbui\/\" \/>\n<meta property=\"og:locale\" content=\"en_US\" \/>\n<meta property=\"og:type\" content=\"article\" \/>\n<meta property=\"og:title\" content=\"Venta Palets Caldes de Montbui - Reciclajes Moa - Palets Barcelona\" \/>\n<meta property=\"og:url\" content=\"https:\/\/reciclajesmoa.com\/en\/palets\/venta-palets-caldes-de-montbui\/\" \/>\n<meta property=\"og:site_name\" content=\"Reciclajes Moa - Palets Barcelona\" \/>\n<meta property=\"article:modified_time\" content=\"2024-06-03T10:58:52+00:00\" \/>\n<meta property=\"og:image\" content=\"https:\/\/reciclajesmoa.com\/wp-content\/uploads\/2024\/06\/venta-de-palets-4.png\" \/>\n<meta name=\"twitter:card\" content=\"summary_large_image\" \/>\n<meta name=\"twitter:label1\" content=\"Est. reading time\" \/>\n\t<meta name=\"twitter:data1\" content=\"4 minutes\" \/>\n<script type=\"application\/ld+json\" class=\"yoast-schema-graph\">{\"@context\":\"https:\/\/schema.org\",\"@graph\":[{\"@type\":\"WebPage\",\"@id\":\"https:\/\/reciclajesmoa.com\/palets\/venta-palets-caldes-de-montbui\/\",\"url\":\"https:\/\/reciclajesmoa.com\/palets\/venta-palets-caldes-de-montbui\/\",\"name\":\"Venta Palets Caldes de Montbui - Reciclajes Moa - Palets Barcelona\",\"isPartOf\":{\"@id\":\"https:\/\/reciclajesmoa.com\/#website\"},\"primaryImageOfPage\":{\"@id\":\"https:\/\/reciclajesmoa.com\/palets\/venta-palets-caldes-de-montbui\/#primaryimage\"},\"image\":{\"@id\":\"https:\/\/reciclajesmoa.com\/palets\/venta-palets-caldes-de-montbui\/#primaryimage\"},\"thumbnailUrl\":\"https:\/\/reciclajesmoa.com\/wp-content\/uploads\/2024\/06\/venta-de-palets-4.png\",\"datePublished\":\"2024-05-30T13:15:32+00:00\",\"dateModified\":\"2024-06-03T10:58:52+00:00\",\"breadcrumb\":{\"@id\":\"https:\/\/reciclajesmoa.com\/palets\/venta-palets-caldes-de-montbui\/#breadcrumb\"},\"inLanguage\":\"en-US\",\"potentialAction\":[{\"@type\":\"ReadAction\",\"target\":[\"https:\/\/reciclajesmoa.com\/palets\/venta-palets-caldes-de-montbui\/\"]}]},{\"@type\":\"ImageObject\",\"inLanguage\":\"en-US\",\"@id\":\"https:\/\/reciclajesmoa.com\/palets\/venta-palets-caldes-de-montbui\/#primaryimage\",\"url\":\"https:\/\/reciclajesmoa.com\/wp-content\/uploads\/2024\/06\/venta-de-palets-4.png\",\"contentUrl\":\"https:\/\/reciclajesmoa.com\/wp-content\/uploads\/2024\/06\/venta-de-palets-4.png\",\"width\":2000,\"height\":1414,\"caption\":\"palets de madera apilados\"},{\"@type\":\"BreadcrumbList\",\"@id\":\"https:\/\/reciclajesmoa.com\/palets\/venta-palets-caldes-de-montbui\/#breadcrumb\",\"itemListElement\":[{\"@type\":\"ListItem\",\"position\":1,\"name\":\"Portada\",\"item\":\"https:\/\/reciclajesmoa.com\/\"},{\"@type\":\"ListItem\",\"position\":2,\"name\":\"Venta de palets Barcelona\",\"item\":\"https:\/\/reciclajesmoa.com\/palets\/\"},{\"@type\":\"ListItem\",\"position\":3,\"name\":\"Venta Palets Caldes de Montbui\"}]},{\"@type\":\"WebSite\",\"@id\":\"https:\/\/reciclajesmoa.com\/#website\",\"url\":\"https:\/\/reciclajesmoa.com\/\",\"name\":\"Reciclajes Moa - Palets Barcelona\",\"description\":\"\",\"potentialAction\":[{\"@type\":\"SearchAction\",\"target\":{\"@type\":\"EntryPoint\",\"urlTemplate\":\"https:\/\/reciclajesmoa.com\/?s={search_term_string}\"},\"query-input\":\"required name=search_term_string\"}],\"inLanguage\":\"en-US\"}]}<\/script>\n<!-- \/ Yoast SEO plugin. -->","yoast_head_json":{"title":"Venta Palets Caldes de Montbui - Reciclajes Moa - Palets Barcelona","robots":{"index":"index","follow":"follow","max-snippet":"max-snippet:-1","max-image-preview":"max-image-preview:large","max-video-preview":"max-video-preview:-1"},"canonical":"https:\/\/reciclajesmoa.com\/en\/palets\/venta-palets-caldes-de-montbui\/","og_locale":"en_US","og_type":"article","og_title":"Venta Palets Caldes de Montbui - Reciclajes Moa - Palets Barcelona","og_url":"https:\/\/reciclajesmoa.com\/en\/palets\/venta-palets-caldes-de-montbui\/","og_site_name":"Reciclajes Moa - Palets Barcelona","article_modified_time":"2024-06-03T10:58:52+00:00","og_image":[{"url":"https:\/\/reciclajesmoa.com\/wp-content\/uploads\/2024\/06\/venta-de-palets-4.png"}],"twitter_card":"summary_large_image","twitter_misc":{"Est. reading time":"4 minutes"},"schema":{"@context":"https:\/\/schema.org","@graph":[{"@type":"WebPage","@id":"https:\/\/reciclajesmoa.com\/palets\/venta-palets-caldes-de-montbui\/","url":"https:\/\/reciclajesmoa.com\/palets\/venta-palets-caldes-de-montbui\/","name":"Venta Palets Caldes de Montbui - Reciclajes Moa - Palets Barcelona","isPartOf":{"@id":"https:\/\/reciclajesmoa.com\/#website"},"primaryImageOfPage":{"@id":"https:\/\/reciclajesmoa.com\/palets\/venta-palets-caldes-de-montbui\/#primaryimage"},"image":{"@id":"https:\/\/reciclajesmoa.com\/palets\/venta-palets-caldes-de-montbui\/#primaryimage"},"thumbnailUrl":"https:\/\/reciclajesmoa.com\/wp-content\/uploads\/2024\/06\/venta-de-palets-4.png","datePublished":"2024-05-30T13:15:32+00:00","dateModified":"2024-06-03T10:58:52+00:00","breadcrumb":{"@id":"https:\/\/reciclajesmoa.com\/palets\/venta-palets-caldes-de-montbui\/#breadcrumb"},"inLanguage":"en-US","potentialAction":[{"@type":"ReadAction","target":["https:\/\/reciclajesmoa.com\/palets\/venta-palets-caldes-de-montbui\/"]}]},{"@type":"ImageObject","inLanguage":"en-US","@id":"https:\/\/reciclajesmoa.com\/palets\/venta-palets-caldes-de-montbui\/#primaryimage","url":"https:\/\/reciclajesmoa.com\/wp-content\/uploads\/2024\/06\/venta-de-palets-4.png","contentUrl":"https:\/\/reciclajesmoa.com\/wp-content\/uploads\/2024\/06\/venta-de-palets-4.png","width":2000,"height":1414,"caption":"palets de madera apilados"},{"@type":"BreadcrumbList","@id":"https:\/\/reciclajesmoa.com\/palets\/venta-palets-caldes-de-montbui\/#breadcrumb","itemListElement":[{"@type":"ListItem","position":1,"name":"Portada","item":"https:\/\/reciclajesmoa.com\/"},{"@type":"ListItem","position":2,"name":"Venta de palets Barcelona","item":"https:\/\/reciclajesmoa.com\/palets\/"},{"@type":"ListItem","position":3,"name":"Venta Palets Caldes de Montbui"}]},{"@type":"WebSite","@id":"https:\/\/reciclajesmoa.com\/#website","url":"https:\/\/reciclajesmoa.com\/","name":"Reciclajes Moa - Palets Barcelona","description":"","potentialAction":[{"@type":"SearchAction","target":{"@type":"EntryPoint","urlTemplate":"https:\/\/reciclajesmoa.com\/?s={search_term_string}"},"query-input":"required name=search_term_string"}],"inLanguage":"en-US"}]}},"_links":{"self":[{"href":"https:\/\/reciclajesmoa.com\/en\/wp-json\/wp\/v2\/pages\/2180","targetHints":{"allow":["GET"]}}],"collection":[{"href":"https:\/\/reciclajesmoa.com\/en\/wp-json\/wp\/v2\/pages"}],"about":[{"href":"https:\/\/reciclajesmoa.com\/en\/wp-json\/wp\/v2\/types\/page"}],"author":[{"embeddable":true,"href":"https:\/\/reciclajesmoa.com\/en\/wp-json\/wp\/v2\/users\/1"}],"replies":[{"embeddable":true,"href":"https:\/\/reciclajesmoa.com\/en\/wp-json\/wp\/v2\/comments?post=2180"}],"version-history":[{"count":4,"href":"https:\/\/reciclajesmoa.com\/en\/wp-json\/wp\/v2\/pages\/2180\/revisions"}],"predecessor-version":[{"id":2211,"href":"https:\/\/reciclajesmoa.com\/en\/wp-json\/wp\/v2\/pages\/2180\/revisions\/2211"}],"up":[{"embeddable":true,"href":"https:\/\/reciclajesmoa.com\/en\/wp-json\/wp\/v2\/pages\/2097"}],"wp:attachment":[{"href":"https:\/\/reciclajesmoa.com\/en\/wp-json\/wp\/v2\/media?parent=2180"}],"curies":[{"name":"wp","href":"https:\/\/api.w.org\/{rel}","templated":true}]}}