{"id":2410,"date":"2024-12-10T16:28:06","date_gmt":"2024-12-10T16:28:06","guid":{"rendered":"https:\/\/reciclajesmoa.com\/?page_id=2410"},"modified":"2025-01-02T16:24:47","modified_gmt":"2025-01-02T16:24:47","slug":"comprar-palets-terrassa","status":"publish","type":"page","link":"https:\/\/reciclajesmoa.com\/en\/comprar-palets\/comprar-palets-terrassa\/","title":{"rendered":"Comprar palets Terrassa"},"content":{"rendered":"<div class=\"wpb-content-wrapper\"><div data-vc-full-width=\"true\" data-vc-full-width-init=\"false\" data-vc-stretch-content=\"true\" data-vc-parallax=\"1.5\" data-vc-parallax-image=\"https:\/\/reciclajesmoa.com\/wp-content\/uploads\/2023\/02\/cabecera-reciclajes-moa.jpg\" class=\"vc_row wpb_row vc_row-fluid vc_row-has-fill vc_general vc_parallax vc_parallax-content-moving\"><div class=\"wpb_column vc_column_container vc_col-sm-12 vc_hidden-sm vc_hidden-xs vc_col-has-fill\"><div class=\"vc_column-inner vc_custom_1676279128938\"><div class=\"wpb_wrapper\"><div class=\"vc_empty_space\"   style=\"height: 150px\"><span class=\"vc_empty_space_inner\"><\/span><\/div>\n\t<div class=\"wpb_text_column wpb_content_element  vc_custom_1733848002548\" >\n\t\t<div class=\"wpb_wrapper\">\n\t\t\t<h1><span style=\"color: #ffffff;\">Comprar palets Terrassa<\/span><\/h1>\n\n\t\t<\/div>\n\t<\/div>\n<\/div><\/div><\/div><\/div><div class=\"vc_row-full-width vc_clearfix\"><\/div><div data-vc-full-width=\"true\" data-vc-full-width-init=\"false\" data-vc-stretch-content=\"true\" data-vc-parallax=\"1.5\" data-vc-parallax-image=\"https:\/\/reciclajesmoa.com\/wp-content\/uploads\/2023\/02\/cabecera-reciclajes-moa.jpg\" class=\"vc_row wpb_row vc_row-fluid vc_row-has-fill vc_general vc_parallax vc_parallax-content-moving\"><div class=\"wpb_column vc_column_container vc_col-sm-12 vc_hidden-lg vc_hidden-md vc_col-has-fill\"><div class=\"vc_column-inner vc_custom_1676279137834\"><div class=\"wpb_wrapper\"><div class=\"vc_empty_space\"   style=\"height: 120px\"><span class=\"vc_empty_space_inner\"><\/span><\/div>\n\t<div class=\"wpb_text_column wpb_content_element  vc_custom_1676279099784\" >\n\t\t<div class=\"wpb_wrapper\">\n\t\t\t<h1><span style=\"color: #ffffff;\">Buy pallets in Barcelona<\/span><\/h1>\n\n\t\t<\/div>\n\t<\/div>\n<\/div><\/div><\/div><\/div><div class=\"vc_row-full-width vc_clearfix\"><\/div><div class=\"vc_row wpb_row vc_row-fluid\"><div class=\"wpb_column vc_column_container vc_col-sm-12\"><div class=\"vc_column-inner\"><div class=\"wpb_wrapper\"><div class=\"vc_empty_space\"   style=\"height: 32px\"><span class=\"vc_empty_space_inner\"><\/span><\/div><\/div><\/div><\/div><\/div><div class=\"vc_row wpb_row vc_row-fluid vc_column-gap-35\"><div class=\"wpb_column vc_column_container vc_col-sm-6\"><div class=\"vc_column-inner\"><div class=\"wpb_wrapper\">\n\t<div class=\"wpb_text_column wpb_content_element\" >\n\t\t<div class=\"wpb_wrapper\">\n\t\t\t<div class=\"wpb_text_column wpb_content_element texto\">\n<div class=\"wpb_wrapper\">\n<p>En Reciclajes MOA, somos l\u00edderes en soluciones log\u00edsticas sostenibles. Si est\u00e1s buscando <strong>comprar palets Terrassa<\/strong>, te ofrecemos una amplia variedad de opciones de alta calidad, adaptadas a tus necesidades empresariales y con un fuerte compromiso con el cuidado del medio ambiente.<\/p>\n<\/div>\n<\/div>\n\n\t\t<\/div>\n\t<\/div>\n\n\t<div class=\"wpb_text_column wpb_content_element\" >\n\t\t<div class=\"wpb_wrapper\">\n\t\t\t<div class=\"wpb_text_column wpb_content_element texto\">\n<div class=\"wpb_wrapper\">\n<h2><strong>Venta de estructuras de transporte recicladas en Terrassa<\/strong><\/h2>\n<p>Nuestra especialidad son los palets reciclados, una opci\u00f3n que combina econom\u00eda y sostenibilidad. Cada pieza pasa por rigurosos procesos de selecci\u00f3n, reparaci\u00f3n y acondicionamiento para garantizar su resistencia y funcionalidad. Al optar por nuestra <strong>venta de estructuras de transporte recicladas en Terrassa<\/strong>, contribuyes a reducir la huella de carbono al reutilizar recursos ya existentes.<\/p>\n<p>Disponemos de diferentes tama\u00f1os y tipos de palets, perfectos para el almacenamiento y transporte de mercanc\u00edas en m\u00faltiples industrias. Nos adaptamos a tus requerimientos espec\u00edficos para garantizar que encuentres la soluci\u00f3n ideal.<\/p>\n<\/div>\n<\/div>\n\n\t\t<\/div>\n\t<\/div>\n<div class=\"vc_btn3-container vc_btn3-center\" ><a class=\"vc_general vc_btn3 vc_btn3-size-md vc_btn3-shape-rounded vc_btn3-style-modern vc_btn3-color-warning\" href=\"https:\/\/reciclajesmoa.com\/en\/contacto\/\" title=\"\">CONTACT US<\/a><\/div>\n\t<div class=\"wpb_text_column wpb_content_element\" >\n\t\t<div class=\"wpb_wrapper\">\n\t\t\t<h2><strong>Plataformas log\u00edsticas fiables en Terrassa<\/strong><\/h2>\n<p>Adem\u00e1s de productos reciclados, en Reciclajes MOA ofrecemos palets nuevos fabricados con los m\u00e1s altos est\u00e1ndares de calidad. Estas plataformas log\u00edsticas son ideales para soportar cargas pesadas y optimizar tus procesos de transporte. Nuestra <strong>venta de plataformas log\u00edsticas fiables en Terrassa<\/strong> incluye un servicio de asesoramiento especializado para ayudarte a elegir la opci\u00f3n m\u00e1s adecuada a tus necesidades.<\/p>\n<p>Sea cual sea tu elecci\u00f3n, nuestros palets est\u00e1n dise\u00f1ados para garantizar seguridad, eficiencia y durabilidad en todas tus operaciones log\u00edsticas.<\/p>\n\n\t\t<\/div>\n\t<\/div>\n<\/div><\/div><\/div><div class=\"wpb_column vc_column_container vc_col-sm-6\"><div class=\"vc_column-inner\"><div class=\"wpb_wrapper\">\n\t<div  class=\"wpb_single_image wpb_content_element vc_align_left\">\n\t\t\n\t\t<figure class=\"wpb_wrapper vc_figure\">\n\t\t\t<div class=\"vc_single_image-wrapper   vc_box_border_grey\"><img loading=\"lazy\" decoding=\"async\" width=\"900\" height=\"600\" src=\"https:\/\/reciclajesmoa.com\/wp-content\/uploads\/2024\/11\/venta-de-palets-1.jpg\" class=\"vc_single_image-img attachment-full\" alt=\"\" title=\"venta de palets (1)\" srcset=\"https:\/\/reciclajesmoa.com\/wp-content\/uploads\/2024\/11\/venta-de-palets-1.jpg 900w, https:\/\/reciclajesmoa.com\/wp-content\/uploads\/2024\/11\/venta-de-palets-1-300x200.jpg 300w, https:\/\/reciclajesmoa.com\/wp-content\/uploads\/2024\/11\/venta-de-palets-1-768x512.jpg 768w, https:\/\/reciclajesmoa.com\/wp-content\/uploads\/2024\/11\/venta-de-palets-1-18x12.jpg 18w, https:\/\/reciclajesmoa.com\/wp-content\/uploads\/2024\/11\/venta-de-palets-1-500x333.jpg 500w, https:\/\/reciclajesmoa.com\/wp-content\/uploads\/2024\/11\/venta-de-palets-1-800x533.jpg 800w\" sizes=\"auto, (max-width: 900px) 100vw, 900px\" \/><\/div>\n\t\t<\/figure>\n\t<\/div>\n\n\t<div class=\"wpb_text_column wpb_content_element\" >\n\t\t<div class=\"wpb_wrapper\">\n\t\t\t<h2>Contact us<\/h2>\n\n\t\t<\/div>\n\t<\/div>\n\n\t<div class=\"wpb_text_column wpb_content_element\" >\n\t\t<div class=\"wpb_wrapper\">\n\t\t\t<blockquote>\n<h4><strong>Avenida Torre d&#039;en Mateu, 86 <\/strong><br \/>\n<strong>08210 Barber\u00e0 del Vall\u00e8s<\/strong><\/h4>\n<h4><strong>937197971 <\/strong><br \/>\n<strong>info@reciclajesmoa.com<\/strong><\/h4>\n<\/blockquote>\n\n\t\t<\/div>\n\t<\/div>\n\n<div class=\"wpcf7 no-js\" id=\"wpcf7-f151-o1\" lang=\"es-ES\" dir=\"ltr\">\n<div class=\"screen-reader-response\"><p role=\"status\" aria-live=\"polite\" aria-atomic=\"true\"><\/p> <ul><\/ul><\/div>\n<form action=\"\/en\/wp-json\/wp\/v2\/pages\/2410#wpcf7-f151-o1\" method=\"post\" class=\"wpcf7-form init\" aria-label=\"Formulario de contacto\" novalidate=\"novalidate\" data-status=\"init\" data-trp-original-action=\"\/en\/wp-json\/wp\/v2\/pages\/2410#wpcf7-f151-o1\">\n<div style=\"display: none;\">\n<input type=\"hidden\" name=\"_wpcf7\" value=\"151\" \/>\n<input type=\"hidden\" name=\"_wpcf7_version\" value=\"5.9.2\" \/>\n<input type=\"hidden\" name=\"_wpcf7_locale\" value=\"es_ES\" \/>\n<input type=\"hidden\" name=\"_wpcf7_unit_tag\" value=\"wpcf7-f151-o1\" \/>\n<input type=\"hidden\" name=\"_wpcf7_container_post\" value=\"0\" \/>\n<input type=\"hidden\" name=\"_wpcf7_posted_data_hash\" value=\"\" \/>\n<input type=\"hidden\" name=\"_wpcf7_recaptcha_response\" value=\"\" \/>\n<\/div>\n<p><label><span class=\"wpcf7-form-control-wrap\" data-name=\"your-name\"><input size=\"40\" class=\"wpcf7-form-control wpcf7-text wpcf7-validates-as-required\" autocomplete=\"name\" aria-required=\"true\" aria-invalid=\"false\" placeholder=\"Name*\" value=\"\" type=\"text\" name=\"your-name\" \/><\/span><\/label>\n<\/p>\n<p><label><span class=\"wpcf7-form-control-wrap\" data-name=\"your-email\"><input size=\"40\" class=\"wpcf7-form-control wpcf7-email wpcf7-validates-as-required wpcf7-text wpcf7-validates-as-email\" autocomplete=\"email\" aria-required=\"true\" aria-invalid=\"false\" placeholder=\"E-mail*\" value=\"\" type=\"email\" name=\"your-email\" \/><\/span><\/label>\n<\/p>\n<p><label><span class=\"wpcf7-form-control-wrap\" data-name=\"your-subject\"><input size=\"40\" class=\"wpcf7-form-control wpcf7-tel wpcf7-validates-as-required wpcf7-text wpcf7-validates-as-tel\" aria-required=\"true\" aria-invalid=\"false\" placeholder=\"Phone*\" value=\"\" type=\"tel\" name=\"your-subject\" \/><\/span><\/label>\n<\/p>\n<p><label><span class=\"wpcf7-form-control-wrap\" data-name=\"your-message\"><textarea cols=\"40\" rows=\"2\" class=\"wpcf7-form-control wpcf7-textarea\" aria-invalid=\"false\" placeholder=\"Message (optional)\" name=\"your-message\"><\/textarea><\/span><\/label>\n<\/p>\n<p><span class=\"wpcf7-form-control-wrap\" data-name=\"checkbox-816\"><span class=\"wpcf7-form-control wpcf7-checkbox wpcf7-validates-as-required\"><span class=\"wpcf7-list-item first last\"><input type=\"checkbox\" name=\"checkbox-816[]\" value=\"He aceptado y he le\u00eddo la\" \/><span class=\"wpcf7-list-item-label\">I have accepted and read the<\/span><\/span><\/span><\/span><a href=\"https:\/\/reciclajesmoa.com\/en\/aviso-legal-politica-de-privacidad\/\"> Privacy Policy<\/a>.\n<\/p>\n<p><span class=\"wpcf7-form-control-wrap\" data-name=\"checkbox-817\"><span class=\"wpcf7-form-control wpcf7-checkbox wpcf7-validates-as-required\"><span class=\"wpcf7-list-item first last\"><input type=\"checkbox\" name=\"checkbox-817[]\" value=\"Acepto el env\u00edo de informaci\u00f3n.\" \/><span class=\"wpcf7-list-item-label\">I accept the sending of information.<\/span><\/span><\/span><\/span>\n<\/p>\n<p><input class=\"wpcf7-form-control wpcf7-submit has-spinner\" type=\"submit\" value=\"Send\" \/>\n<\/p><div class=\"wpcf7-response-output\" aria-hidden=\"true\"><\/div>\n<input type=\"hidden\" name=\"trp-form-language\" value=\"en\"\/><\/form>\n<\/div>\n<\/div><\/div><\/div><\/div><div class=\"vc_row wpb_row vc_row-fluid\"><div class=\"wpb_column vc_column_container vc_col-sm-12\"><div class=\"vc_column-inner\"><div class=\"wpb_wrapper\"><div class=\"vc_empty_space\"   style=\"height: 32px\"><span class=\"vc_empty_space_inner\"><\/span><\/div><\/div><\/div><\/div><\/div>\n<\/div>","protected":false},"excerpt":{"rendered":"Comprar palets Terrassa Comprar palets en Barcelona En Reciclajes MOA, somos l\u00edderes en soluciones log\u00edsticas sostenibles. Si est\u00e1s buscando comprar palets Terrassa, te ofrecemos una amplia variedad de opciones de alta calidad, adaptadas a tus necesidades empresariales y con un fuerte compromiso con el cuidado del medio ambiente. Venta de estructuras de transporte recicladas en<a href=\"https:\/\/reciclajesmoa.com\/en\/comprar-palets\/comprar-palets-terrassa\/\" class=\"\" rel=\"bookmark\">Read More \u00bb<span class=\"screen-reader-text\">Comprar palets Terrassa<\/span><\/a>","protected":false},"author":1,"featured_media":0,"parent":369,"menu_order":0,"comment_status":"closed","ping_status":"closed","template":"","meta":{"neve_meta_sidebar":"","neve_meta_container":"","neve_meta_enable_content_width":"off","neve_meta_content_width":100,"neve_meta_title_alignment":"","neve_meta_author_avatar":"","neve_post_elements_order":"","neve_meta_disable_header":"","neve_meta_disable_footer":"","neve_meta_disable_title":"on","neve_meta_reading_time":"","footnotes":""},"class_list":["post-2410","page","type-page","status-publish","hentry"],"yoast_head":"<!-- This site is optimized with the Yoast SEO plugin v22.2 - https:\/\/yoast.com\/wordpress\/plugins\/seo\/ -->\n<title>Comprar palets Barcelona<\/title>\n<meta name=\"description\" content=\"Todos los conocimientos necesarios para ayudaros a la hora de comprar palets en Barcelona.\" \/>\n<meta name=\"robots\" content=\"index, follow, max-snippet:-1, max-image-preview:large, max-video-preview:-1\" \/>\n<link rel=\"canonical\" href=\"https:\/\/reciclajesmoa.com\/en\/comprar-palets\/comprar-palets-terrassa\/\" \/>\n<meta property=\"og:locale\" content=\"en_US\" \/>\n<meta property=\"og:type\" content=\"article\" \/>\n<meta property=\"og:title\" content=\"Comprar palets Barcelona\" \/>\n<meta property=\"og:description\" content=\"Todos los conocimientos necesarios para ayudaros a la hora de comprar palets en Barcelona.\" \/>\n<meta property=\"og:url\" content=\"https:\/\/reciclajesmoa.com\/en\/comprar-palets\/comprar-palets-terrassa\/\" \/>\n<meta property=\"og:site_name\" content=\"Reciclajes Moa - Palets Barcelona\" \/>\n<meta property=\"article:modified_time\" content=\"2025-01-02T16:24:47+00:00\" \/>\n<meta name=\"twitter:card\" content=\"summary_large_image\" \/>\n<meta name=\"twitter:label1\" content=\"Est. reading time\" \/>\n\t<meta name=\"twitter:data1\" content=\"2 minutes\" \/>\n<script type=\"application\/ld+json\" class=\"yoast-schema-graph\">{\"@context\":\"https:\/\/schema.org\",\"@graph\":[{\"@type\":\"WebPage\",\"@id\":\"https:\/\/reciclajesmoa.com\/comprar-palets\/comprar-palets-terrassa\/\",\"url\":\"https:\/\/reciclajesmoa.com\/comprar-palets\/comprar-palets-terrassa\/\",\"name\":\"Comprar palets Barcelona\",\"isPartOf\":{\"@id\":\"https:\/\/reciclajesmoa.com\/#website\"},\"datePublished\":\"2024-12-10T16:28:06+00:00\",\"dateModified\":\"2025-01-02T16:24:47+00:00\",\"description\":\"Todos los conocimientos necesarios para ayudaros a la hora de comprar palets en Barcelona.\",\"breadcrumb\":{\"@id\":\"https:\/\/reciclajesmoa.com\/comprar-palets\/comprar-palets-terrassa\/#breadcrumb\"},\"inLanguage\":\"en-US\",\"potentialAction\":[{\"@type\":\"ReadAction\",\"target\":[\"https:\/\/reciclajesmoa.com\/comprar-palets\/comprar-palets-terrassa\/\"]}]},{\"@type\":\"BreadcrumbList\",\"@id\":\"https:\/\/reciclajesmoa.com\/comprar-palets\/comprar-palets-terrassa\/#breadcrumb\",\"itemListElement\":[{\"@type\":\"ListItem\",\"position\":1,\"name\":\"Portada\",\"item\":\"https:\/\/reciclajesmoa.com\/\"},{\"@type\":\"ListItem\",\"position\":2,\"name\":\"Comprar palets\",\"item\":\"https:\/\/reciclajesmoa.com\/comprar-palets\/\"},{\"@type\":\"ListItem\",\"position\":3,\"name\":\"Comprar palets Terrassa\"}]},{\"@type\":\"WebSite\",\"@id\":\"https:\/\/reciclajesmoa.com\/#website\",\"url\":\"https:\/\/reciclajesmoa.com\/\",\"name\":\"Reciclajes Moa - Palets Barcelona\",\"description\":\"\",\"potentialAction\":[{\"@type\":\"SearchAction\",\"target\":{\"@type\":\"EntryPoint\",\"urlTemplate\":\"https:\/\/reciclajesmoa.com\/?s={search_term_string}\"},\"query-input\":\"required name=search_term_string\"}],\"inLanguage\":\"en-US\"}]}<\/script>\n<!-- \/ Yoast SEO plugin. -->","yoast_head_json":{"title":"Comprar palets Barcelona","description":"Todos los conocimientos necesarios para ayudaros a la hora de comprar palets en Barcelona.","robots":{"index":"index","follow":"follow","max-snippet":"max-snippet:-1","max-image-preview":"max-image-preview:large","max-video-preview":"max-video-preview:-1"},"canonical":"https:\/\/reciclajesmoa.com\/en\/comprar-palets\/comprar-palets-terrassa\/","og_locale":"en_US","og_type":"article","og_title":"Comprar palets Barcelona","og_description":"Todos los conocimientos necesarios para ayudaros a la hora de comprar palets en Barcelona.","og_url":"https:\/\/reciclajesmoa.com\/en\/comprar-palets\/comprar-palets-terrassa\/","og_site_name":"Reciclajes Moa - Palets Barcelona","article_modified_time":"2025-01-02T16:24:47+00:00","twitter_card":"summary_large_image","twitter_misc":{"Est. reading time":"2 minutes"},"schema":{"@context":"https:\/\/schema.org","@graph":[{"@type":"WebPage","@id":"https:\/\/reciclajesmoa.com\/comprar-palets\/comprar-palets-terrassa\/","url":"https:\/\/reciclajesmoa.com\/comprar-palets\/comprar-palets-terrassa\/","name":"Comprar palets Barcelona","isPartOf":{"@id":"https:\/\/reciclajesmoa.com\/#website"},"datePublished":"2024-12-10T16:28:06+00:00","dateModified":"2025-01-02T16:24:47+00:00","description":"Todos los conocimientos necesarios para ayudaros a la hora de comprar palets en Barcelona.","breadcrumb":{"@id":"https:\/\/reciclajesmoa.com\/comprar-palets\/comprar-palets-terrassa\/#breadcrumb"},"inLanguage":"en-US","potentialAction":[{"@type":"ReadAction","target":["https:\/\/reciclajesmoa.com\/comprar-palets\/comprar-palets-terrassa\/"]}]},{"@type":"BreadcrumbList","@id":"https:\/\/reciclajesmoa.com\/comprar-palets\/comprar-palets-terrassa\/#breadcrumb","itemListElement":[{"@type":"ListItem","position":1,"name":"Portada","item":"https:\/\/reciclajesmoa.com\/"},{"@type":"ListItem","position":2,"name":"Comprar palets","item":"https:\/\/reciclajesmoa.com\/comprar-palets\/"},{"@type":"ListItem","position":3,"name":"Comprar palets Terrassa"}]},{"@type":"WebSite","@id":"https:\/\/reciclajesmoa.com\/#website","url":"https:\/\/reciclajesmoa.com\/","name":"Reciclajes Moa - Palets Barcelona","description":"","potentialAction":[{"@type":"SearchAction","target":{"@type":"EntryPoint","urlTemplate":"https:\/\/reciclajesmoa.com\/?s={search_term_string}"},"query-input":"required name=search_term_string"}],"inLanguage":"en-US"}]}},"_links":{"self":[{"href":"https:\/\/reciclajesmoa.com\/en\/wp-json\/wp\/v2\/pages\/2410","targetHints":{"allow":["GET"]}}],"collection":[{"href":"https:\/\/reciclajesmoa.com\/en\/wp-json\/wp\/v2\/pages"}],"about":[{"href":"https:\/\/reciclajesmoa.com\/en\/wp-json\/wp\/v2\/types\/page"}],"author":[{"embeddable":true,"href":"https:\/\/reciclajesmoa.com\/en\/wp-json\/wp\/v2\/users\/1"}],"replies":[{"embeddable":true,"href":"https:\/\/reciclajesmoa.com\/en\/wp-json\/wp\/v2\/comments?post=2410"}],"version-history":[{"count":3,"href":"https:\/\/reciclajesmoa.com\/en\/wp-json\/wp\/v2\/pages\/2410\/revisions"}],"predecessor-version":[{"id":2439,"href":"https:\/\/reciclajesmoa.com\/en\/wp-json\/wp\/v2\/pages\/2410\/revisions\/2439"}],"up":[{"embeddable":true,"href":"https:\/\/reciclajesmoa.com\/en\/wp-json\/wp\/v2\/pages\/369"}],"wp:attachment":[{"href":"https:\/\/reciclajesmoa.com\/en\/wp-json\/wp\/v2\/media?parent=2410"}],"curies":[{"name":"wp","href":"https:\/\/api.w.org\/{rel}","templated":true}]}}