{"id":400,"date":"2023-02-20T08:22:40","date_gmt":"2023-02-20T08:22:40","guid":{"rendered":"https:\/\/reciclajesmoa.com\/?page_id=400"},"modified":"2024-01-15T11:03:30","modified_gmt":"2024-01-15T11:03:30","slug":"fabrica-palets-granollers","status":"publish","type":"page","link":"https:\/\/reciclajesmoa.com\/en\/fabrica-palets-granollers\/","title":{"rendered":"Granollers pallet factory"},"content":{"rendered":"<div class=\"wpb-content-wrapper\"><div data-vc-full-width=\"true\" data-vc-full-width-init=\"false\" data-vc-stretch-content=\"true\" data-vc-parallax=\"1.5\" data-vc-parallax-image=\"https:\/\/reciclajesmoa.com\/wp-content\/uploads\/2023\/02\/cabecera-reciclajes-moa.jpg\" class=\"vc_row wpb_row vc_row-fluid vc_row-has-fill vc_general vc_parallax vc_parallax-content-moving\"><div class=\"wpb_column vc_column_container vc_col-sm-12 vc_hidden-sm vc_hidden-xs vc_col-has-fill\"><div class=\"vc_column-inner vc_custom_1676279128938\"><div class=\"wpb_wrapper\"><div class=\"vc_empty_space\"   style=\"height: 150px\"><span class=\"vc_empty_space_inner\"><\/span><\/div>\n\t<div class=\"wpb_text_column wpb_content_element  vc_custom_1676279099784\" >\n\t\t<div class=\"wpb_wrapper\">\n\t\t\t<h1><span style=\"color: #ffffff;\">Granollers pallet factory<\/span><\/h1>\n\n\t\t<\/div>\n\t<\/div>\n<\/div><\/div><\/div><\/div><div class=\"vc_row-full-width vc_clearfix\"><\/div><div data-vc-full-width=\"true\" data-vc-full-width-init=\"false\" data-vc-stretch-content=\"true\" data-vc-parallax=\"1.5\" data-vc-parallax-image=\"https:\/\/reciclajesmoa.com\/wp-content\/uploads\/2023\/02\/cabecera-reciclajes-moa.jpg\" class=\"vc_row wpb_row vc_row-fluid vc_row-has-fill vc_general vc_parallax vc_parallax-content-moving\"><div class=\"wpb_column vc_column_container vc_col-sm-12 vc_hidden-lg vc_hidden-md vc_col-has-fill\"><div class=\"vc_column-inner vc_custom_1676279137834\"><div class=\"wpb_wrapper\"><div class=\"vc_empty_space\"   style=\"height: 120px\"><span class=\"vc_empty_space_inner\"><\/span><\/div>\n\t<div class=\"wpb_text_column wpb_content_element  vc_custom_1676279099784\" >\n\t\t<div class=\"wpb_wrapper\">\n\t\t\t<h1><span style=\"color: #ffffff;\">Granollers pallet factory<\/span><\/h1>\n\n\t\t<\/div>\n\t<\/div>\n<\/div><\/div><\/div><\/div><div class=\"vc_row-full-width vc_clearfix\"><\/div><div class=\"vc_row wpb_row vc_row-fluid\"><div class=\"wpb_column vc_column_container vc_col-sm-12\"><div class=\"vc_column-inner\"><div class=\"wpb_wrapper\"><div class=\"vc_empty_space\"   style=\"height: 32px\"><span class=\"vc_empty_space_inner\"><\/span><\/div><\/div><\/div><\/div><\/div><div class=\"vc_row wpb_row vc_row-fluid vc_column-gap-35\"><div class=\"wpb_column vc_column_container vc_col-sm-6\"><div class=\"vc_column-inner\"><div class=\"wpb_wrapper\">\n\t<div class=\"wpb_text_column wpb_content_element\" >\n\t\t<div class=\"wpb_wrapper\">\n\t\t\t<div class=\"wpb_text_column wpb_content_element texto\">\n<div class=\"wpb_wrapper\">\n<p style=\"text-align: justify;\">At Reciclajes Moa we are a<strong>\u00a0Granollers pallet factory<\/strong>\u00a0We have pallets of different characteristics, shapes and sizes for our clients. We are a company specialized in the sector, and we have a wide catalog with multiple options for wooden pallets so that those who need them can find the best solution. In addition, we offer a custom pallet service, adapting the 100% to the client&#039;s needs.<\/p>\n<p style=\"text-align: justify;\">At our<strong>\u00a0<span class=\"grammar correction\" title=\"If it is an adjective or noun, it is written with an accent.\" data-type=\"grammar\" data-suggestions=\"&#091;{&quot;value&quot;:&quot;f\u00e1brica&quot;}&#093;\" data-rule=\"DIACRITICS_VERB_N_ADJ\" data-word=\"fabrica\">factory<\/span>\u00a0of Granollers pallets<\/strong>\u00a0We work every day to offer a quality service and we take care of all the areas that make our business possible. We fight to protect the environment and that is one of the qualities that differentiates us from the rest. And we make pallets from recycled material, taking care of every little detail to extend the life of the pallet materials.<\/p>\n<\/div>\n<\/div>\n\n\t\t<\/div>\n\t<\/div>\n<div class=\"vc_btn3-container vc_btn3-center\" ><a class=\"vc_general vc_btn3 vc_btn3-size-md vc_btn3-shape-rounded vc_btn3-style-modern vc_btn3-color-warning\" href=\"https:\/\/reciclajesmoa.com\/en\/contacto\/\" title=\"Contact\">CONTACT US<\/a><\/div>\n\t<div class=\"wpb_text_column wpb_content_element\" >\n\t\t<div class=\"wpb_wrapper\">\n\t\t\t<p style=\"text-align: justify;\">We are continually looking for ways to give a second life to the raw materials we use. We are aware that the best pallet for each client is the one that is created solely for them, following their\u00a0<span class=\"grammar correction\" title=\"As a causal phrase, it is written with a comma.\" data-type=\"grammar\" data-suggestions=\"&#091;{&quot;value&quot;:&quot;necesidades, ya que&quot;},{&quot;value&quot;:&quot;necesidades porque&quot;}&#093;\" data-rule=\"YA_QUE\" data-word=\"necesidades ya que\">needs, since<\/span>\u00a0In this way we get them to adapt perfectly to the measurements of the space in which they are going to be placed and we get to have one more pallet.\u00a0<span class=\"grammar correction\" title=\"If it is a noun or adjective, it has an accent. Correct if it is from v. &#039;practice&#039;.\" data-type=\"grammar\" data-suggestions=\"&#091;{&quot;value&quot;:&quot;pr\u00e1ctico&quot;}&#093;\" data-rule=\"DIACRITICS_OTHERS\" data-word=\"practico\">practical<\/span>\u00a0and functional.<\/p>\n<p style=\"text-align: justify;\">At Reciclajes Moa we have all the necessary tools and services to be able to adapt to the different possibilities that the client desires, we have a wide range of wooden pallets that you can view on our website. This is why, if you are looking for a pallet factory in Granollers, we are probably your solution.<\/p>\n<p style=\"text-align: justify;\">On our website you can see all the information and you can also contact us by calling 937 197 971, sending us an email to info@reciclajesmoa.com or visiting us in person at Avenida Torre d<span class=\"error grammar\" title=\"Mismatched symbol: There appears to be a missing &#039;&#039;&#039;.\" data-type=\"grammar\" data-suggestions=\"&#091;&#093;\" data-rule=\"ES_UNPAIRED_BRACKETS\" data-word=\"\u2019\">&#039;<\/span>in\u00a0<span class=\"error misspelling\" title=\"A possible spelling error has been found.\" data-type=\"misspelling\" data-suggestions=\"&#091;{&quot;value&quot;:&quot;Mateo&quot;},{&quot;value&quot;:&quot;Mate&quot;},{&quot;value&quot;:&quot;Mates&quot;},{&quot;value&quot;:&quot;Maten&quot;},{&quot;value&quot;:&quot;Mat\u00e9&quot;},{&quot;value&quot;:&quot;Matea&quot;},{&quot;value&quot;:&quot;Matet&quot;}&#093;\" data-rule=\"MORFOLOGIK_RULE_ES\" data-word=\"Mateu\">Mateu<\/span>, 86, in\u00a0<span class=\"error misspelling\" title=\"A possible spelling error has been found.\" data-type=\"misspelling\" data-suggestions=\"&#091;{&quot;value&quot;:&quot;Barbera&quot;},{&quot;value&quot;:&quot;Barrera&quot;},{&quot;value&quot;:&quot;Barbero&quot;},{&quot;value&quot;:&quot;B\u00e1rbara&quot;},{&quot;value&quot;:&quot;Barber\u00eda&quot;},{&quot;value&quot;:&quot;Barbara&quot;},{&quot;value&quot;:&quot;Barbeta&quot;}&#093;\" data-rule=\"MORFOLOGIK_RULE_ES\" data-word=\"Barber\u00e0\">Barbera<\/span>\u00a0del Vall\u00e8s, Barcelona.<\/p>\n\n\t\t<\/div>\n\t<\/div>\n<\/div><\/div><\/div><div class=\"wpb_column vc_column_container vc_col-sm-6\"><div class=\"vc_column-inner\"><div class=\"wpb_wrapper\">\n\t<div class=\"wpb_text_column wpb_content_element\" >\n\t\t<div class=\"wpb_wrapper\">\n\t\t\t<h2>Contact us<\/h2>\n\n\t\t<\/div>\n\t<\/div>\n\n\t<div class=\"wpb_text_column wpb_content_element\" >\n\t\t<div class=\"wpb_wrapper\">\n\t\t\t<blockquote>\n<h4><strong>Avenida Torre d&#039;en Mateu, 86 <\/strong><br \/>\n<strong>08210 Barber\u00e0 del Vall\u00e8s<\/strong><\/h4>\n<h4><strong>937197971 <\/strong><br \/>\n<strong>info@reciclajesmoa.com<\/strong><\/h4>\n<\/blockquote>\n\n\t\t<\/div>\n\t<\/div>\n\n<div class=\"wpcf7 no-js\" id=\"wpcf7-f151-o1\" lang=\"es-ES\" dir=\"ltr\">\n<div class=\"screen-reader-response\"><p role=\"status\" aria-live=\"polite\" aria-atomic=\"true\"><\/p> <ul><\/ul><\/div>\n<form action=\"\/en\/wp-json\/wp\/v2\/pages\/400#wpcf7-f151-o1\" method=\"post\" class=\"wpcf7-form init\" aria-label=\"Formulario de contacto\" novalidate=\"novalidate\" data-status=\"init\" data-trp-original-action=\"\/en\/wp-json\/wp\/v2\/pages\/400#wpcf7-f151-o1\">\n<div style=\"display: none;\">\n<input type=\"hidden\" name=\"_wpcf7\" value=\"151\" \/>\n<input type=\"hidden\" name=\"_wpcf7_version\" value=\"5.9.2\" \/>\n<input type=\"hidden\" name=\"_wpcf7_locale\" value=\"es_ES\" \/>\n<input type=\"hidden\" name=\"_wpcf7_unit_tag\" value=\"wpcf7-f151-o1\" \/>\n<input type=\"hidden\" name=\"_wpcf7_container_post\" value=\"0\" \/>\n<input type=\"hidden\" name=\"_wpcf7_posted_data_hash\" value=\"\" \/>\n<input type=\"hidden\" name=\"_wpcf7_recaptcha_response\" value=\"\" \/>\n<\/div>\n<p><label><span class=\"wpcf7-form-control-wrap\" data-name=\"your-name\"><input size=\"40\" class=\"wpcf7-form-control wpcf7-text wpcf7-validates-as-required\" autocomplete=\"name\" aria-required=\"true\" aria-invalid=\"false\" placeholder=\"Name*\" value=\"\" type=\"text\" name=\"your-name\" \/><\/span><\/label>\n<\/p>\n<p><label><span class=\"wpcf7-form-control-wrap\" data-name=\"your-email\"><input size=\"40\" class=\"wpcf7-form-control wpcf7-email wpcf7-validates-as-required wpcf7-text wpcf7-validates-as-email\" autocomplete=\"email\" aria-required=\"true\" aria-invalid=\"false\" placeholder=\"E-mail*\" value=\"\" type=\"email\" name=\"your-email\" \/><\/span><\/label>\n<\/p>\n<p><label><span class=\"wpcf7-form-control-wrap\" data-name=\"your-subject\"><input size=\"40\" class=\"wpcf7-form-control wpcf7-tel wpcf7-validates-as-required wpcf7-text wpcf7-validates-as-tel\" aria-required=\"true\" aria-invalid=\"false\" placeholder=\"Phone*\" value=\"\" type=\"tel\" name=\"your-subject\" \/><\/span><\/label>\n<\/p>\n<p><label><span class=\"wpcf7-form-control-wrap\" data-name=\"your-message\"><textarea cols=\"40\" rows=\"2\" class=\"wpcf7-form-control wpcf7-textarea\" aria-invalid=\"false\" placeholder=\"Message (optional)\" name=\"your-message\"><\/textarea><\/span><\/label>\n<\/p>\n<p><span class=\"wpcf7-form-control-wrap\" data-name=\"checkbox-816\"><span class=\"wpcf7-form-control wpcf7-checkbox wpcf7-validates-as-required\"><span class=\"wpcf7-list-item first last\"><input type=\"checkbox\" name=\"checkbox-816[]\" value=\"He aceptado y he le\u00eddo la\" \/><span class=\"wpcf7-list-item-label\">I have accepted and read the<\/span><\/span><\/span><\/span><a href=\"https:\/\/reciclajesmoa.com\/en\/aviso-legal-politica-de-privacidad\/\"> Privacy Policy<\/a>.\n<\/p>\n<p><span class=\"wpcf7-form-control-wrap\" data-name=\"checkbox-817\"><span class=\"wpcf7-form-control wpcf7-checkbox wpcf7-validates-as-required\"><span class=\"wpcf7-list-item first last\"><input type=\"checkbox\" name=\"checkbox-817[]\" value=\"Acepto el env\u00edo de informaci\u00f3n.\" \/><span class=\"wpcf7-list-item-label\">I accept the sending of information.<\/span><\/span><\/span><\/span>\n<\/p>\n<p><input class=\"wpcf7-form-control wpcf7-submit has-spinner\" type=\"submit\" value=\"Send\" \/>\n<\/p><div class=\"wpcf7-response-output\" aria-hidden=\"true\"><\/div>\n<input type=\"hidden\" name=\"trp-form-language\" value=\"en\"\/><\/form>\n<\/div>\n<\/div><\/div><\/div><\/div><div class=\"vc_row wpb_row vc_row-fluid\"><div class=\"wpb_column vc_column_container vc_col-sm-12\"><div class=\"vc_column-inner\"><div class=\"wpb_wrapper\"><div class=\"vc_empty_space\"   style=\"height: 32px\"><span class=\"vc_empty_space_inner\"><\/span><\/div><\/div><\/div><\/div><\/div>\n<\/div>","protected":false},"excerpt":{"rendered":"F\u00e1brica de palets Granollers F\u00e1brica de palets Granollers En Reciclajes Moa somos una\u00a0f\u00e1brica de palets de Granollers\u00a0que disponemos de palets de diferentes caracter\u00edsticas, formas y tama\u00f1os para nuestros clientes. Somos una empresa especializada en el sector, y disponemos de un amplio cat\u00e1logo con m\u00faltiples opciones de palets de madera para que aquellos que lo necesiten<a href=\"https:\/\/reciclajesmoa.com\/en\/fabrica-palets-granollers\/\" class=\"\" rel=\"bookmark\">Read More \u00bb<span class=\"screen-reader-text\">Granollers pallet factory<\/span><\/a>","protected":false},"author":1,"featured_media":0,"parent":0,"menu_order":0,"comment_status":"closed","ping_status":"closed","template":"","meta":{"neve_meta_sidebar":"","neve_meta_container":"","neve_meta_enable_content_width":"off","neve_meta_content_width":100,"neve_meta_title_alignment":"","neve_meta_author_avatar":"","neve_post_elements_order":"","neve_meta_disable_header":"","neve_meta_disable_footer":"","neve_meta_disable_title":"on","neve_meta_reading_time":"","footnotes":""},"class_list":["post-400","page","type-page","status-publish","hentry"],"yoast_head":"<!-- This site is optimized with the Yoast SEO plugin v22.2 - https:\/\/yoast.com\/wordpress\/plugins\/seo\/ -->\n<title>F\u00e1brica palets Granollers<\/title>\n<meta name=\"description\" content=\"Somos una f\u00e1brica de palets de Granollers que disponemos de palets de diferentes caracter\u00edsticas, formas y tama\u00f1os para nuestros clientes.\" \/>\n<meta name=\"robots\" content=\"index, follow, max-snippet:-1, max-image-preview:large, max-video-preview:-1\" \/>\n<link rel=\"canonical\" href=\"https:\/\/reciclajesmoa.com\/en\/fabrica-palets-granollers\/\" \/>\n<meta property=\"og:locale\" content=\"en_US\" \/>\n<meta property=\"og:type\" content=\"article\" \/>\n<meta property=\"og:title\" content=\"F\u00e1brica palets Granollers\" \/>\n<meta property=\"og:description\" content=\"Somos una f\u00e1brica de palets de Granollers que disponemos de palets de diferentes caracter\u00edsticas, formas y tama\u00f1os para nuestros clientes.\" \/>\n<meta property=\"og:url\" content=\"https:\/\/reciclajesmoa.com\/en\/fabrica-palets-granollers\/\" \/>\n<meta property=\"og:site_name\" content=\"Reciclajes Moa - Palets Barcelona\" \/>\n<meta property=\"article:modified_time\" content=\"2024-01-15T11:03:30+00:00\" \/>\n<meta name=\"twitter:card\" content=\"summary_large_image\" \/>\n<meta name=\"twitter:label1\" content=\"Est. reading time\" \/>\n\t<meta name=\"twitter:data1\" content=\"3 minutes\" \/>\n<script type=\"application\/ld+json\" class=\"yoast-schema-graph\">{\"@context\":\"https:\/\/schema.org\",\"@graph\":[{\"@type\":\"WebPage\",\"@id\":\"https:\/\/reciclajesmoa.com\/fabrica-palets-granollers\/\",\"url\":\"https:\/\/reciclajesmoa.com\/fabrica-palets-granollers\/\",\"name\":\"F\u00e1brica palets Granollers\",\"isPartOf\":{\"@id\":\"https:\/\/reciclajesmoa.com\/#website\"},\"datePublished\":\"2023-02-20T08:22:40+00:00\",\"dateModified\":\"2024-01-15T11:03:30+00:00\",\"description\":\"Somos una f\u00e1brica de palets de Granollers que disponemos de palets de diferentes caracter\u00edsticas, formas y tama\u00f1os para nuestros clientes.\",\"breadcrumb\":{\"@id\":\"https:\/\/reciclajesmoa.com\/fabrica-palets-granollers\/#breadcrumb\"},\"inLanguage\":\"en-US\",\"potentialAction\":[{\"@type\":\"ReadAction\",\"target\":[\"https:\/\/reciclajesmoa.com\/fabrica-palets-granollers\/\"]}]},{\"@type\":\"BreadcrumbList\",\"@id\":\"https:\/\/reciclajesmoa.com\/fabrica-palets-granollers\/#breadcrumb\",\"itemListElement\":[{\"@type\":\"ListItem\",\"position\":1,\"name\":\"Portada\",\"item\":\"https:\/\/reciclajesmoa.com\/\"},{\"@type\":\"ListItem\",\"position\":2,\"name\":\"F\u00e1brica palets Granollers\"}]},{\"@type\":\"WebSite\",\"@id\":\"https:\/\/reciclajesmoa.com\/#website\",\"url\":\"https:\/\/reciclajesmoa.com\/\",\"name\":\"Reciclajes Moa - Palets Barcelona\",\"description\":\"\",\"potentialAction\":[{\"@type\":\"SearchAction\",\"target\":{\"@type\":\"EntryPoint\",\"urlTemplate\":\"https:\/\/reciclajesmoa.com\/?s={search_term_string}\"},\"query-input\":\"required name=search_term_string\"}],\"inLanguage\":\"en-US\"}]}<\/script>\n<!-- \/ Yoast SEO plugin. -->","yoast_head_json":{"title":"F\u00e1brica palets Granollers","description":"Somos una f\u00e1brica de palets de Granollers que disponemos de palets de diferentes caracter\u00edsticas, formas y tama\u00f1os para nuestros clientes.","robots":{"index":"index","follow":"follow","max-snippet":"max-snippet:-1","max-image-preview":"max-image-preview:large","max-video-preview":"max-video-preview:-1"},"canonical":"https:\/\/reciclajesmoa.com\/en\/fabrica-palets-granollers\/","og_locale":"en_US","og_type":"article","og_title":"F\u00e1brica palets Granollers","og_description":"Somos una f\u00e1brica de palets de Granollers que disponemos de palets de diferentes caracter\u00edsticas, formas y tama\u00f1os para nuestros clientes.","og_url":"https:\/\/reciclajesmoa.com\/en\/fabrica-palets-granollers\/","og_site_name":"Reciclajes Moa - Palets Barcelona","article_modified_time":"2024-01-15T11:03:30+00:00","twitter_card":"summary_large_image","twitter_misc":{"Est. reading time":"3 minutes"},"schema":{"@context":"https:\/\/schema.org","@graph":[{"@type":"WebPage","@id":"https:\/\/reciclajesmoa.com\/fabrica-palets-granollers\/","url":"https:\/\/reciclajesmoa.com\/fabrica-palets-granollers\/","name":"F\u00e1brica palets Granollers","isPartOf":{"@id":"https:\/\/reciclajesmoa.com\/#website"},"datePublished":"2023-02-20T08:22:40+00:00","dateModified":"2024-01-15T11:03:30+00:00","description":"Somos una f\u00e1brica de palets de Granollers que disponemos de palets de diferentes caracter\u00edsticas, formas y tama\u00f1os para nuestros clientes.","breadcrumb":{"@id":"https:\/\/reciclajesmoa.com\/fabrica-palets-granollers\/#breadcrumb"},"inLanguage":"en-US","potentialAction":[{"@type":"ReadAction","target":["https:\/\/reciclajesmoa.com\/fabrica-palets-granollers\/"]}]},{"@type":"BreadcrumbList","@id":"https:\/\/reciclajesmoa.com\/fabrica-palets-granollers\/#breadcrumb","itemListElement":[{"@type":"ListItem","position":1,"name":"Portada","item":"https:\/\/reciclajesmoa.com\/"},{"@type":"ListItem","position":2,"name":"F\u00e1brica palets Granollers"}]},{"@type":"WebSite","@id":"https:\/\/reciclajesmoa.com\/#website","url":"https:\/\/reciclajesmoa.com\/","name":"Reciclajes Moa - Palets Barcelona","description":"","potentialAction":[{"@type":"SearchAction","target":{"@type":"EntryPoint","urlTemplate":"https:\/\/reciclajesmoa.com\/?s={search_term_string}"},"query-input":"required name=search_term_string"}],"inLanguage":"en-US"}]}},"_links":{"self":[{"href":"https:\/\/reciclajesmoa.com\/en\/wp-json\/wp\/v2\/pages\/400","targetHints":{"allow":["GET"]}}],"collection":[{"href":"https:\/\/reciclajesmoa.com\/en\/wp-json\/wp\/v2\/pages"}],"about":[{"href":"https:\/\/reciclajesmoa.com\/en\/wp-json\/wp\/v2\/types\/page"}],"author":[{"embeddable":true,"href":"https:\/\/reciclajesmoa.com\/en\/wp-json\/wp\/v2\/users\/1"}],"replies":[{"embeddable":true,"href":"https:\/\/reciclajesmoa.com\/en\/wp-json\/wp\/v2\/comments?post=400"}],"version-history":[{"count":2,"href":"https:\/\/reciclajesmoa.com\/en\/wp-json\/wp\/v2\/pages\/400\/revisions"}],"predecessor-version":[{"id":1893,"href":"https:\/\/reciclajesmoa.com\/en\/wp-json\/wp\/v2\/pages\/400\/revisions\/1893"}],"wp:attachment":[{"href":"https:\/\/reciclajesmoa.com\/en\/wp-json\/wp\/v2\/media?parent=400"}],"curies":[{"name":"wp","href":"https:\/\/api.w.org\/{rel}","templated":true}]}}