{"id":466,"date":"2023-02-20T09:28:10","date_gmt":"2023-02-20T09:28:10","guid":{"rendered":"https:\/\/reciclajesmoa.com\/?page_id=466"},"modified":"2024-01-16T09:11:16","modified_gmt":"2024-01-16T09:11:16","slug":"venta-palets-terrassa","status":"publish","type":"page","link":"https:\/\/reciclajesmoa.com\/en\/venta-de-palets\/venta-palets-terrassa\/","title":{"rendered":"Sale of Terrassa pallets"},"content":{"rendered":"<div class=\"wpb-content-wrapper\"><div data-vc-full-width=\"true\" data-vc-full-width-init=\"false\" data-vc-stretch-content=\"true\" data-vc-parallax=\"1.5\" data-vc-parallax-image=\"https:\/\/reciclajesmoa.com\/wp-content\/uploads\/2023\/02\/cabecera-reciclajes-moa.jpg\" class=\"vc_row wpb_row vc_row-fluid vc_row-has-fill vc_general vc_parallax vc_parallax-content-moving\"><div class=\"wpb_column vc_column_container vc_col-sm-12 vc_hidden-sm vc_hidden-xs vc_col-has-fill\"><div class=\"vc_column-inner vc_custom_1676279128938\"><div class=\"wpb_wrapper\"><div class=\"vc_empty_space\"   style=\"height: 150px\"><span class=\"vc_empty_space_inner\"><\/span><\/div>\n\t<div class=\"wpb_text_column wpb_content_element  vc_custom_1676279099784\" >\n\t\t<div class=\"wpb_wrapper\">\n\t\t\t<h1><span style=\"color: #ffffff;\">Sale of Terrassa pallets<\/span><\/h1>\n\n\t\t<\/div>\n\t<\/div>\n<\/div><\/div><\/div><\/div><div class=\"vc_row-full-width vc_clearfix\"><\/div><div data-vc-full-width=\"true\" data-vc-full-width-init=\"false\" data-vc-stretch-content=\"true\" data-vc-parallax=\"1.5\" data-vc-parallax-image=\"https:\/\/reciclajesmoa.com\/wp-content\/uploads\/2023\/02\/cabecera-reciclajes-moa.jpg\" class=\"vc_row wpb_row vc_row-fluid vc_row-has-fill vc_general vc_parallax vc_parallax-content-moving\"><div class=\"wpb_column vc_column_container vc_col-sm-12 vc_hidden-lg vc_hidden-md vc_col-has-fill\"><div class=\"vc_column-inner vc_custom_1676279137834\"><div class=\"wpb_wrapper\"><div class=\"vc_empty_space\"   style=\"height: 120px\"><span class=\"vc_empty_space_inner\"><\/span><\/div>\n\t<div class=\"wpb_text_column wpb_content_element  vc_custom_1676279099784\" >\n\t\t<div class=\"wpb_wrapper\">\n\t\t\t<h1><span style=\"color: #ffffff;\">Sale of Terrassa pallets<\/span><\/h1>\n\n\t\t<\/div>\n\t<\/div>\n<\/div><\/div><\/div><\/div><div class=\"vc_row-full-width vc_clearfix\"><\/div><div class=\"vc_row wpb_row vc_row-fluid\"><div class=\"wpb_column vc_column_container vc_col-sm-12\"><div class=\"vc_column-inner\"><div class=\"wpb_wrapper\"><div class=\"vc_empty_space\"   style=\"height: 32px\"><span class=\"vc_empty_space_inner\"><\/span><\/div><\/div><\/div><\/div><\/div><div class=\"vc_row wpb_row vc_row-fluid vc_column-gap-35\"><div class=\"wpb_column vc_column_container vc_col-sm-6\"><div class=\"vc_column-inner\"><div class=\"wpb_wrapper\">\n\t<div class=\"wpb_text_column wpb_content_element\" >\n\t\t<div class=\"wpb_wrapper\">\n\t\t\t<div class=\"wpb_text_column wpb_content_element texto\">\n<div class=\"wpb_wrapper\">\n<p style=\"text-align: justify;\">In an increasingly globalized world, the<strong>\u00a0sale of pallets in Terrassa<\/strong>\u00a0through safe and efficient shipments has become more important than ever, because customers and companies are looking for the best way to transport their products. Curiously, the humble pallet has proven to play an important role in the modern logistics landscape and has become the most reliable procedure for transporting goods.<\/p>\n<p style=\"text-align: justify;\"><span class=\"error grammar\" title=\"This sentence is more than 50 words long. Consider reviewing it.\" data-type=\"grammar\" data-suggestions=\"&#091;&#093;\" data-rule=\"TOO_LONG_SENTENCE\" data-word=\" Un palet es una plataforma horizontal, principalmente fijada a una superestructura y una plataforma inferior, que da la base para ensamblar, guardar, manipular y transportar materiales y productos, adem\u00e1s de brindar seguridad al producto que est\u00e1 encima de \u00e9l, es por ello que la venta de palets en Terrassa se ha popularizado en los \u00faltimos a\u00f1os.\">A pallet is a horizontal platform, mainly fixed to a superstructure and a lower platform, which provides the basis for assembling, storing, handling and transporting materials and products, in addition to providing security to the product that is on top of it, which is why the\u00a0<strong>sale of pallets in Terrassa<\/strong>\u00a0has become popular in recent years.<\/span>\u00a0In other words, it is a system that includes the pallet, the goods stacked on top, as well as the stretch wrap, pallet collar and other means of load stabilization. It is, therefore, the most standard basis for the unit load.<\/p>\n<\/div>\n<\/div>\n\n\t\t<\/div>\n\t<\/div>\n<div class=\"vc_btn3-container vc_btn3-center\" ><a class=\"vc_general vc_btn3 vc_btn3-size-md vc_btn3-shape-rounded vc_btn3-style-modern vc_btn3-color-warning\" href=\"https:\/\/reciclajesmoa.com\/en\/contacto\/\" title=\"Contact\">CONTACT US<\/a><\/div>\n\t<div class=\"wpb_text_column wpb_content_element\" >\n\t\t<div class=\"wpb_wrapper\">\n\t\t\t<p style=\"text-align: justify;\">He\u00a0<span class=\"error misspelling\" title=\"A possible spelling error has been found.\" data-type=\"misspelling\" data-suggestions=\"&#091;{&quot;value&quot;:&quot;euro palet&quot;}&#093;\" data-rule=\"MORFOLOGIK_RULE_ES\" data-word=\"europalet\">europallet<\/span>\u00a0It is the most used and exclusive type of pallet in terms of\u00a0<strong>sale of pallets in Terrassa<\/strong>, and works for all storage systems, as long as its skids are connected perpendicular to the rack posts, support rails or roller rails. This was given to you\u00a0<span class=\"grammar correction\" title=\"As a causal phrase, it is written with a comma.\" data-type=\"grammar\" data-suggestions=\"&#091;{&quot;value&quot;:&quot;nombre, ya que&quot;},{&quot;value&quot;:&quot;nombre porque&quot;}&#093;\" data-rule=\"YA_QUE\" data-word=\"nombre ya que\">name, since<\/span>\u00a0complies with a common construction system throughout the European Union. The purpose pursued through the construction of this type of platforms was to standardize or carry out a pallet construction system with the objective that the various freight transport agencies can standardize spaces and costs.<\/p>\n<p style=\"text-align: justify;\">Sawn wood is without a doubt the most used material for the manufacture of wooden pallets, followed by boards derived from wood, although there is a probability of finding them made of metal, plastic and cardboard.<\/p>\n<p style=\"text-align: justify;\"><span class=\"error grammar\" title=\"It is preferable to use another expression.\" data-type=\"grammar\" data-suggestions=\"&#091;{&quot;value&quot;:&quot;En relaci\u00f3n con&quot;},{&quot;value&quot;:&quot;Con relaci\u00f3n a&quot;},{&quot;value&quot;:&quot;En lo que se refiere a&quot;},{&quot;value&quot;:&quot;Sobre&quot;}&#093;\" data-rule=\"EN_RELACION_A\" data-word=\"En relaci\u00f3n a\">Regarding<\/span>\u00a0the magnitudes, the pallets more\u00a0<span class=\"error grammar\" title=\"This word has already appeared in one of the immediately preceding sentences. You can use a synonym to make the text more interesting, unless the repetition is intentional.\" data-type=\"grammar\" data-suggestions=\"&#091;{&quot;value&quot;:&quot;usados&quot;},{&quot;value&quot;:&quot;empleados&quot;}&#093;\" data-rule=\"ES_REPEATEDWORDS_UTILIZAR\" data-word=\"utilizados\">used<\/span>\u00a0on the European continent, called\u00a0<span class=\"error misspelling\" title=\"A possible spelling error has been found.\" data-type=\"misspelling\" data-suggestions=\"&#091;{&quot;value&quot;:&quot;euro palets&quot;}&#093;\" data-rule=\"MORFOLOGIK_RULE_ES\" data-word=\"europalets\">euro pallets<\/span>, have a size of 800 x 1,200 mm and 1,000 x 1,200 mm and each pallet can be used for various loads and merchandise. However, there are other measures that adapt to any merchandise.<\/p>\n<p style=\"text-align: justify;\"><span class=\"error grammar\" title=\"This sentence is more than 50 words long. Consider reviewing it.\" data-type=\"grammar\" data-suggestions=\"&#091;&#093;\" data-rule=\"TOO_LONG_SENTENCE\" data-word=\"Una empresa de venta de palets en Terrassa, tiene la posibilidad de ofrecerte servicios de comercializaci\u00f3n de palets de madera, la construcci\u00f3n de palets a medida para que puedas lograr un producto del todo exclusivo, o la administraci\u00f3n de residuos para que las industrias dispongan de un servicio \u00e1gil para fijar su compromiso medioambiental.\">A company of\u00a0<strong>sale of pallets in Terrassa<\/strong>, has the possibility of offering you marketing services for wooden pallets, the construction of custom pallets so that you can achieve a completely exclusive product, or waste management so that industries have an agile service to establish their environmental commitment.<\/span><\/p>\n\n\t\t<\/div>\n\t<\/div>\n<\/div><\/div><\/div><div class=\"wpb_column vc_column_container vc_col-sm-6\"><div class=\"vc_column-inner\"><div class=\"wpb_wrapper\">\n\t<div class=\"wpb_text_column wpb_content_element\" >\n\t\t<div class=\"wpb_wrapper\">\n\t\t\t<h2>Contact us<\/h2>\n\n\t\t<\/div>\n\t<\/div>\n\n\t<div class=\"wpb_text_column wpb_content_element\" >\n\t\t<div class=\"wpb_wrapper\">\n\t\t\t<blockquote>\n<h4><strong>Avenida Torre d&#039;en Mateu, 86 <\/strong><br \/>\n<strong>08210 Barber\u00e0 del Vall\u00e8s<\/strong><\/h4>\n<h4><strong>937197971 <\/strong><br \/>\n<strong>info@reciclajesmoa.com<\/strong><\/h4>\n<\/blockquote>\n\n\t\t<\/div>\n\t<\/div>\n\n<div class=\"wpcf7 no-js\" id=\"wpcf7-f151-o1\" lang=\"es-ES\" dir=\"ltr\">\n<div class=\"screen-reader-response\"><p role=\"status\" aria-live=\"polite\" aria-atomic=\"true\"><\/p> <ul><\/ul><\/div>\n<form action=\"\/en\/wp-json\/wp\/v2\/pages\/466#wpcf7-f151-o1\" method=\"post\" class=\"wpcf7-form init\" aria-label=\"Formulario de contacto\" novalidate=\"novalidate\" data-status=\"init\" data-trp-original-action=\"\/en\/wp-json\/wp\/v2\/pages\/466#wpcf7-f151-o1\">\n<div style=\"display: none;\">\n<input type=\"hidden\" name=\"_wpcf7\" value=\"151\" \/>\n<input type=\"hidden\" name=\"_wpcf7_version\" value=\"5.9.2\" \/>\n<input type=\"hidden\" name=\"_wpcf7_locale\" value=\"es_ES\" \/>\n<input type=\"hidden\" name=\"_wpcf7_unit_tag\" value=\"wpcf7-f151-o1\" \/>\n<input type=\"hidden\" name=\"_wpcf7_container_post\" value=\"0\" \/>\n<input type=\"hidden\" name=\"_wpcf7_posted_data_hash\" value=\"\" \/>\n<input type=\"hidden\" name=\"_wpcf7_recaptcha_response\" value=\"\" \/>\n<\/div>\n<p><label><span class=\"wpcf7-form-control-wrap\" data-name=\"your-name\"><input size=\"40\" class=\"wpcf7-form-control wpcf7-text wpcf7-validates-as-required\" autocomplete=\"name\" aria-required=\"true\" aria-invalid=\"false\" placeholder=\"Name*\" value=\"\" type=\"text\" name=\"your-name\" \/><\/span><\/label>\n<\/p>\n<p><label><span class=\"wpcf7-form-control-wrap\" data-name=\"your-email\"><input size=\"40\" class=\"wpcf7-form-control wpcf7-email wpcf7-validates-as-required wpcf7-text wpcf7-validates-as-email\" autocomplete=\"email\" aria-required=\"true\" aria-invalid=\"false\" placeholder=\"E-mail*\" value=\"\" type=\"email\" name=\"your-email\" \/><\/span><\/label>\n<\/p>\n<p><label><span class=\"wpcf7-form-control-wrap\" data-name=\"your-subject\"><input size=\"40\" class=\"wpcf7-form-control wpcf7-tel wpcf7-validates-as-required wpcf7-text wpcf7-validates-as-tel\" aria-required=\"true\" aria-invalid=\"false\" placeholder=\"Phone*\" value=\"\" type=\"tel\" name=\"your-subject\" \/><\/span><\/label>\n<\/p>\n<p><label><span class=\"wpcf7-form-control-wrap\" data-name=\"your-message\"><textarea cols=\"40\" rows=\"2\" class=\"wpcf7-form-control wpcf7-textarea\" aria-invalid=\"false\" placeholder=\"Message (optional)\" name=\"your-message\"><\/textarea><\/span><\/label>\n<\/p>\n<p><span class=\"wpcf7-form-control-wrap\" data-name=\"checkbox-816\"><span class=\"wpcf7-form-control wpcf7-checkbox wpcf7-validates-as-required\"><span class=\"wpcf7-list-item first last\"><input type=\"checkbox\" name=\"checkbox-816[]\" value=\"He aceptado y he le\u00eddo la\" \/><span class=\"wpcf7-list-item-label\">I have accepted and read the<\/span><\/span><\/span><\/span><a href=\"https:\/\/reciclajesmoa.com\/en\/aviso-legal-politica-de-privacidad\/\"> Privacy Policy<\/a>.\n<\/p>\n<p><span class=\"wpcf7-form-control-wrap\" data-name=\"checkbox-817\"><span class=\"wpcf7-form-control wpcf7-checkbox wpcf7-validates-as-required\"><span class=\"wpcf7-list-item first last\"><input type=\"checkbox\" name=\"checkbox-817[]\" value=\"Acepto el env\u00edo de informaci\u00f3n.\" \/><span class=\"wpcf7-list-item-label\">I accept the sending of information.<\/span><\/span><\/span><\/span>\n<\/p>\n<p><input class=\"wpcf7-form-control wpcf7-submit has-spinner\" type=\"submit\" value=\"Send\" \/>\n<\/p><div class=\"wpcf7-response-output\" aria-hidden=\"true\"><\/div>\n<input type=\"hidden\" name=\"trp-form-language\" value=\"en\"\/><\/form>\n<\/div>\n<\/div><\/div><\/div><\/div><div class=\"vc_row wpb_row vc_row-fluid\"><div class=\"wpb_column vc_column_container vc_col-sm-12\"><div class=\"vc_column-inner\"><div class=\"wpb_wrapper\"><div class=\"vc_empty_space\"   style=\"height: 32px\"><span class=\"vc_empty_space_inner\"><\/span><\/div><\/div><\/div><\/div><\/div>\n<\/div>","protected":false},"excerpt":{"rendered":"Venta palets Terrassa Venta palets Terrassa En un mundo cada vez m\u00e1s globalizado, la\u00a0venta de palets en Terrassa\u00a0mediante env\u00edos seguros y eficientes ha cobrado m\u00e1s trascendencia que nunca, debido a que los clientes y las empresas buscan la mejor forma de trasladar sus productos. Curiosamente, el humilde palet demostr\u00f3 tener un papel importante en el<a href=\"https:\/\/reciclajesmoa.com\/en\/venta-de-palets\/venta-palets-terrassa\/\" class=\"\" rel=\"bookmark\">Read More \u00bb<span class=\"screen-reader-text\">Sale of Terrassa pallets<\/span><\/a>","protected":false},"author":1,"featured_media":0,"parent":448,"menu_order":0,"comment_status":"closed","ping_status":"closed","template":"","meta":{"neve_meta_sidebar":"","neve_meta_container":"","neve_meta_enable_content_width":"off","neve_meta_content_width":100,"neve_meta_title_alignment":"","neve_meta_author_avatar":"","neve_post_elements_order":"","neve_meta_disable_header":"","neve_meta_disable_footer":"","neve_meta_disable_title":"on","neve_meta_reading_time":"","footnotes":""},"class_list":["post-466","page","type-page","status-publish","hentry"],"yoast_head":"<!-- This site is optimized with the Yoast SEO plugin v22.2 - https:\/\/yoast.com\/wordpress\/plugins\/seo\/ -->\n<title>Venta palets Terrassa<\/title>\n<meta name=\"description\" content=\"La venta de palets en Terrassa mediante env\u00edos seguros y eficientes ha cobrado m\u00e1s trascendencia que nunca.\" \/>\n<meta name=\"robots\" content=\"index, follow, max-snippet:-1, max-image-preview:large, max-video-preview:-1\" \/>\n<link rel=\"canonical\" href=\"https:\/\/reciclajesmoa.com\/en\/venta-de-palets\/venta-palets-terrassa\/\" \/>\n<meta property=\"og:locale\" content=\"en_US\" \/>\n<meta property=\"og:type\" content=\"article\" \/>\n<meta property=\"og:title\" content=\"Venta palets Terrassa\" \/>\n<meta property=\"og:description\" content=\"La venta de palets en Terrassa mediante env\u00edos seguros y eficientes ha cobrado m\u00e1s trascendencia que nunca.\" \/>\n<meta property=\"og:url\" content=\"https:\/\/reciclajesmoa.com\/en\/venta-de-palets\/venta-palets-terrassa\/\" \/>\n<meta property=\"og:site_name\" content=\"Reciclajes Moa - Palets Barcelona\" \/>\n<meta property=\"article:modified_time\" content=\"2024-01-16T09:11:16+00:00\" \/>\n<meta name=\"twitter:card\" content=\"summary_large_image\" \/>\n<meta name=\"twitter:label1\" content=\"Est. reading time\" \/>\n\t<meta name=\"twitter:data1\" content=\"3 minutes\" \/>\n<script type=\"application\/ld+json\" class=\"yoast-schema-graph\">{\"@context\":\"https:\/\/schema.org\",\"@graph\":[{\"@type\":\"WebPage\",\"@id\":\"https:\/\/reciclajesmoa.com\/venta-de-palets\/venta-palets-terrassa\/\",\"url\":\"https:\/\/reciclajesmoa.com\/venta-de-palets\/venta-palets-terrassa\/\",\"name\":\"Venta palets Terrassa\",\"isPartOf\":{\"@id\":\"https:\/\/reciclajesmoa.com\/#website\"},\"datePublished\":\"2023-02-20T09:28:10+00:00\",\"dateModified\":\"2024-01-16T09:11:16+00:00\",\"description\":\"La venta de palets en Terrassa mediante env\u00edos seguros y eficientes ha cobrado m\u00e1s trascendencia que nunca.\",\"breadcrumb\":{\"@id\":\"https:\/\/reciclajesmoa.com\/venta-de-palets\/venta-palets-terrassa\/#breadcrumb\"},\"inLanguage\":\"en-US\",\"potentialAction\":[{\"@type\":\"ReadAction\",\"target\":[\"https:\/\/reciclajesmoa.com\/venta-de-palets\/venta-palets-terrassa\/\"]}]},{\"@type\":\"BreadcrumbList\",\"@id\":\"https:\/\/reciclajesmoa.com\/venta-de-palets\/venta-palets-terrassa\/#breadcrumb\",\"itemListElement\":[{\"@type\":\"ListItem\",\"position\":1,\"name\":\"Portada\",\"item\":\"https:\/\/reciclajesmoa.com\/\"},{\"@type\":\"ListItem\",\"position\":2,\"name\":\"Venta de palets\",\"item\":\"https:\/\/reciclajesmoa.com\/venta-de-palets\/\"},{\"@type\":\"ListItem\",\"position\":3,\"name\":\"Venta palets Terrassa\"}]},{\"@type\":\"WebSite\",\"@id\":\"https:\/\/reciclajesmoa.com\/#website\",\"url\":\"https:\/\/reciclajesmoa.com\/\",\"name\":\"Reciclajes Moa - Palets Barcelona\",\"description\":\"\",\"potentialAction\":[{\"@type\":\"SearchAction\",\"target\":{\"@type\":\"EntryPoint\",\"urlTemplate\":\"https:\/\/reciclajesmoa.com\/?s={search_term_string}\"},\"query-input\":\"required name=search_term_string\"}],\"inLanguage\":\"en-US\"}]}<\/script>\n<!-- \/ Yoast SEO plugin. -->","yoast_head_json":{"title":"Venta palets Terrassa","description":"La venta de palets en Terrassa mediante env\u00edos seguros y eficientes ha cobrado m\u00e1s trascendencia que nunca.","robots":{"index":"index","follow":"follow","max-snippet":"max-snippet:-1","max-image-preview":"max-image-preview:large","max-video-preview":"max-video-preview:-1"},"canonical":"https:\/\/reciclajesmoa.com\/en\/venta-de-palets\/venta-palets-terrassa\/","og_locale":"en_US","og_type":"article","og_title":"Venta palets Terrassa","og_description":"La venta de palets en Terrassa mediante env\u00edos seguros y eficientes ha cobrado m\u00e1s trascendencia que nunca.","og_url":"https:\/\/reciclajesmoa.com\/en\/venta-de-palets\/venta-palets-terrassa\/","og_site_name":"Reciclajes Moa - Palets Barcelona","article_modified_time":"2024-01-16T09:11:16+00:00","twitter_card":"summary_large_image","twitter_misc":{"Est. reading time":"3 minutes"},"schema":{"@context":"https:\/\/schema.org","@graph":[{"@type":"WebPage","@id":"https:\/\/reciclajesmoa.com\/venta-de-palets\/venta-palets-terrassa\/","url":"https:\/\/reciclajesmoa.com\/venta-de-palets\/venta-palets-terrassa\/","name":"Venta palets Terrassa","isPartOf":{"@id":"https:\/\/reciclajesmoa.com\/#website"},"datePublished":"2023-02-20T09:28:10+00:00","dateModified":"2024-01-16T09:11:16+00:00","description":"La venta de palets en Terrassa mediante env\u00edos seguros y eficientes ha cobrado m\u00e1s trascendencia que nunca.","breadcrumb":{"@id":"https:\/\/reciclajesmoa.com\/venta-de-palets\/venta-palets-terrassa\/#breadcrumb"},"inLanguage":"en-US","potentialAction":[{"@type":"ReadAction","target":["https:\/\/reciclajesmoa.com\/venta-de-palets\/venta-palets-terrassa\/"]}]},{"@type":"BreadcrumbList","@id":"https:\/\/reciclajesmoa.com\/venta-de-palets\/venta-palets-terrassa\/#breadcrumb","itemListElement":[{"@type":"ListItem","position":1,"name":"Portada","item":"https:\/\/reciclajesmoa.com\/"},{"@type":"ListItem","position":2,"name":"Venta de palets","item":"https:\/\/reciclajesmoa.com\/venta-de-palets\/"},{"@type":"ListItem","position":3,"name":"Venta palets Terrassa"}]},{"@type":"WebSite","@id":"https:\/\/reciclajesmoa.com\/#website","url":"https:\/\/reciclajesmoa.com\/","name":"Reciclajes Moa - Palets Barcelona","description":"","potentialAction":[{"@type":"SearchAction","target":{"@type":"EntryPoint","urlTemplate":"https:\/\/reciclajesmoa.com\/?s={search_term_string}"},"query-input":"required name=search_term_string"}],"inLanguage":"en-US"}]}},"_links":{"self":[{"href":"https:\/\/reciclajesmoa.com\/en\/wp-json\/wp\/v2\/pages\/466","targetHints":{"allow":["GET"]}}],"collection":[{"href":"https:\/\/reciclajesmoa.com\/en\/wp-json\/wp\/v2\/pages"}],"about":[{"href":"https:\/\/reciclajesmoa.com\/en\/wp-json\/wp\/v2\/types\/page"}],"author":[{"embeddable":true,"href":"https:\/\/reciclajesmoa.com\/en\/wp-json\/wp\/v2\/users\/1"}],"replies":[{"embeddable":true,"href":"https:\/\/reciclajesmoa.com\/en\/wp-json\/wp\/v2\/comments?post=466"}],"version-history":[{"count":2,"href":"https:\/\/reciclajesmoa.com\/en\/wp-json\/wp\/v2\/pages\/466\/revisions"}],"predecessor-version":[{"id":1949,"href":"https:\/\/reciclajesmoa.com\/en\/wp-json\/wp\/v2\/pages\/466\/revisions\/1949"}],"up":[{"embeddable":true,"href":"https:\/\/reciclajesmoa.com\/en\/wp-json\/wp\/v2\/pages\/448"}],"wp:attachment":[{"href":"https:\/\/reciclajesmoa.com\/en\/wp-json\/wp\/v2\/media?parent=466"}],"curies":[{"name":"wp","href":"https:\/\/api.w.org\/{rel}","templated":true}]}}